{"id":3255,"date":"2024-01-18T10:42:45","date_gmt":"2024-01-18T18:42:45","guid":{"rendered":"https:\/\/marylandefc.org\/?page_id=3255"},"modified":"2026-03-25T10:38:03","modified_gmt":"2026-03-25T17:38:03","slug":"policy","status":"publish","type":"page","link":"https:\/\/marylandefc.org\/fr\/policy\/","title":{"rendered":"D\u00e9cideurs politiques et d\u00e9fenseurs des droits"},"content":{"rendered":"<figure itemscope itemtype=\"https:\/\/schema.org\/ImageObject\">\n\t\t\t\t<img decoding=\"async\" src=\"https:\/\/marylandefc.org\/wp-content\/uploads\/2024\/01\/Maryland-statehouse-in-Annapolis-scaled.jpeg\" alt=\"Maryland state house in Annapolis\" height=\"1440\" width=\"2560\" title=\"Maison d&#039;\u00c9tat du Maryland \u00e0 Annapolis\" onerror=\"this.style.display='none'\" loading=\"lazy\" \/>\n\t<\/figure>\n\t<h1>D\u00c9CIDEURS POLITIQUES ET D\u00c9FENSEURS<\/h1>\n\t<h2>Les politiques ont un impact sur les familles<\/h2>\n<p>Maryland Essentials for Childhood (EFC) comprend que le travail politique est important. Les mesures l\u00e9gislatives et ex\u00e9cutives peuvent avoir un impact positif sur la vie des Marylandais et avoir des r\u00e9percussions g\u00e9n\u00e9rationnelles dans la lutte contre les traumatismes et leur pr\u00e9vention. En collaboration avec une large coalition d&#039;organisations, de d\u00e9fenseurs et de membres de la communaut\u00e9, EFC offre une perspective pr\u00e9cieuse aux membres de la l\u00e9gislature et du gouvernement de l&#039;\u00c9tat du Maryland. <\/p>\n\t\t\t<a href=\"\/fr\/policy\/policies-matter\/\"  target=\"_self\">\n\t\t\t\t\t\t\tPourquoi les politiques sont importantes\n\t\t\t\t\t<\/a>\n\t\t<h2><a href=\"\/fr\/policy\/legislative-action\/\" target=\"_self\">Ensemble, nous atteignons nos objectifs politiques<\/a><\/h2><p>Notre travail collaboratif avec des partenaires, des groupes communautaires et d&#039;autres coalitions a contribu\u00e9 \u00e0 plus d&#039;une douzaine de succ\u00e8s politiques pour le Maryland au cours des sept derni\u00e8res ann\u00e9es seulement. En voici quelques-uns :\u00a0<\/p>\n<ul>\n<li aria-level=\"1\">Directeur m\u00e9dical de la protection de l&#039;enfance<\/li>\n<li aria-level=\"1\">SESAME (Stop aux abus sexuels, aux mauvaises conduites et \u00e0 l&#039;exploitation des enseignants)<\/li>\n<li aria-level=\"1\">Cong\u00e9 familial pay\u00e9<\/li>\n<\/ul>\n\t\t\t<a href=\"\/fr\/policy\/legislative-action\/\"  target=\"_self\">\n\t\t\t\t\t\t\tVoir la chronologie l\u00e9gislative\n\t\t\t\t\t<\/a>\n<figure data-animation-delay=\"0\" data-animation-duration=\"1\" itemscope itemtype=\"https:\/\/schema.org\/ImageObject\">\n\t\t\t\t<img decoding=\"async\" src=\"https:\/\/marylandefc.org\/wp-content\/uploads\/2024\/01\/Together-We-reach-our-policy-goals-Essentials-for-Chilhood-maryland--scaled.jpg\" alt=\"Two people hugging\" height=\"1920\" width=\"2560\" title=\"Ensemble, nous atteignons nos objectifs politiques - Essentials for Childhood Maryland\" onerror=\"this.style.display='none'\" loading=\"lazy\" \/>\n\t<\/figure>\n<figure data-animation-delay=\"0\" data-animation-duration=\"1\" itemscope itemtype=\"https:\/\/schema.org\/ImageObject\">\n\t\t\t\t<img decoding=\"async\" src=\"https:\/\/marylandefc.org\/wp-content\/uploads\/2024\/02\/Communitymember-at-trauma-informed-event-Courtesy-Healing-City-Baltimore.jpg\" alt=\"Community member at trauma-informed event\" height=\"800\" width=\"1200\" title=\"Un membre de la communaut\u00e9 \u00e0 un \u00e9v\u00e9nement d&#039;information sur les traumatismes Courtesy-Healing-City-Baltimore\" onerror=\"this.style.display='none'\" loading=\"lazy\" \/>\n\t\t<figcaption>Avec l&#039;aimable autorisation de Healing City Baltimore<\/figcaption>\n\t<\/figure>\n\t\t<h2><a href=\"\/fr\/policy\/informing-policy\/\" target=\"_self\">Mener la conversation sur les soins tenant compte des traumatismes<\/a><\/h2><p>En tant que groupe d\u2019impact collectif \u00e0 l\u2019\u00e9chelle de l\u2019\u00c9tat, l\u2019EFC d\u00e9finit des programmes politiques avec des livres blancs provenant d\u2019experts de premier plan en mati\u00e8re de recherche et de politique tenant compte des traumatismes.<\/p>\n<p>Ce travail contribue \u00e0 fa\u00e7onner les politiques du Maryland qui favorisent un environnement propice \u00e0 l\u2019\u00e9panouissement des enfants et des familles. <\/p>\n\t\t\t<a href=\"\/fr\/policy\/informing-policy\/\"  target=\"_self\">\n\t\t\t\t\t\t\tLire les livres blancs de l&#039;EFC\n\t\t\t\t\t<\/a>\n\t\t<h2><a href=\"\/fr\/get-involved\/\" target=\"_self\">Agissez avec l&#039;EFC<\/a><\/h2><p>Share your email so we can work together on trauma-informed policies. We&#8217;ll also inform you of ways to bring ACE Interface trainings to your community and EFC events that bring together stakeholders for community dialgoue that promotes a brighter future for Maryland children and families. <\/p>\n\t\t\t<a href=\"\/fr\/get-involved\/\"  target=\"_self\">\n\t\t\t\t\t\t\tRejoignez l&#039;effort\n\t\t\t\t\t<\/a>\n<figure data-animation-delay=\"0\" data-animation-duration=\"1\" itemscope itemtype=\"https:\/\/schema.org\/ImageObject\">\n\t\t\t\t<img decoding=\"async\" src=\"https:\/\/marylandefc.org\/wp-content\/uploads\/2024\/02\/Maryland-Police-Officers-at-a-resilience-workshop.jpg\" alt=\"Maryland Police Officers at a resilience workshop\" height=\"800\" width=\"1200\" title=\"Des policiers du Maryland lors d&#039;un atelier sur la r\u00e9silience\" onerror=\"this.style.display='none'\" loading=\"lazy\" \/>\n\t<\/figure>\n<figure data-animation-delay=\"0\" data-animation-duration=\"1\" itemscope itemtype=\"https:\/\/schema.org\/ImageObject\">\n\t\t\t\t<img decoding=\"async\" src=\"https:\/\/marylandefc.org\/wp-content\/uploads\/2024\/02\/Teacher-talking-to-students-about-digging-deeper.jpg\" alt=\"Teacher talking to students about digging deeper\" height=\"800\" width=\"1200\" title=\"Un enseignant parle aux \u00e9l\u00e8ves de l&#039;importance d&#039;approfondir\" onerror=\"this.style.display='none'\" loading=\"lazy\" \/>\n\t<\/figure>\n\t\t<h2><a href=\"\/fr\/dive-deeper-policy-makers\/\" target=\"_self\">Plongez plus profond\u00e9ment<\/a><\/h2><p>Voir le <a href=\"https:\/\/marylandefc.org\/fr\/partners\/meetings-reports\/\">Rapports annuels du SCCAN<\/a> ou une liste organis\u00e9e de recherches, de politiques, de livres blancs et de podcasts et laissez-vous inspirer pour agir avec nous.<\/p>\n\t\t\t<a href=\"\/fr\/dive-deeper-policy-makers\/\"  target=\"_self\">\n\t\t\t\t\t\t\tInformez-vous\n\t\t\t\t\t<\/a>","protected":false},"excerpt":{"rendered":"<p>POLICY MAKERS &amp; ADVOCATES Policies Impact Families Maryland Essentials for Childhood (EFC) understands that policy work matters. Legislative and executive action can positively impact the lives of Marylanders and have generational impacts in addressing and preventing trauma. Together with a broad coalition of organizations, advocates and community members, EFC provides a valued perspective to members&hellip;<\/p>","protected":false},"author":1,"featured_media":26720,"parent":0,"menu_order":0,"comment_status":"closed","ping_status":"closed","template":"","meta":{"footnotes":""},"class_list":["post-3255","page","type-page","status-publish","has-post-thumbnail","hentry"],"_links":{"self":[{"href":"https:\/\/marylandefc.org\/fr\/wp-json\/wp\/v2\/pages\/3255","targetHints":{"allow":["GET"]}}],"collection":[{"href":"https:\/\/marylandefc.org\/fr\/wp-json\/wp\/v2\/pages"}],"about":[{"href":"https:\/\/marylandefc.org\/fr\/wp-json\/wp\/v2\/types\/page"}],"author":[{"embeddable":true,"href":"https:\/\/marylandefc.org\/fr\/wp-json\/wp\/v2\/users\/1"}],"replies":[{"embeddable":true,"href":"https:\/\/marylandefc.org\/fr\/wp-json\/wp\/v2\/comments?post=3255"}],"version-history":[{"count":0,"href":"https:\/\/marylandefc.org\/fr\/wp-json\/wp\/v2\/pages\/3255\/revisions"}],"wp:featuredmedia":[{"embeddable":true,"href":"https:\/\/marylandefc.org\/fr\/wp-json\/wp\/v2\/media\/26720"}],"wp:attachment":[{"href":"https:\/\/marylandefc.org\/fr\/wp-json\/wp\/v2\/media?parent=3255"}],"curies":[{"name":"wp","href":"https:\/\/api.w.org\/{rel}","templated":true}]}}