{"id":3272,"date":"2024-01-18T13:28:19","date_gmt":"2024-01-18T21:28:19","guid":{"rendered":"https:\/\/marylandefc.org\/?page_id=3272"},"modified":"2026-02-13T12:52:18","modified_gmt":"2026-02-13T20:52:18","slug":"how-we-started","status":"publish","type":"page","link":"https:\/\/marylandefc.org\/fr\/about\/how-we-started\/","title":{"rendered":"Comment nous avons commenc\u00e9"},"content":{"rendered":"<figure itemscope itemtype=\"https:\/\/schema.org\/ImageObject\">\n\t\t\t\t<img decoding=\"async\" src=\"https:\/\/marylandefc.org\/wp-content\/uploads\/2024\/02\/Vision-board-for-an-organization-on-how-it-starts-and-grows.jpg\" alt=\"Leaders at a vision board pointing to sticky notes\" height=\"800\" width=\"1200\" title=\"Tableau de vision pour une organisation sur la fa\u00e7on dont elle d\u00e9marre et se d\u00e9veloppe\" onerror=\"this.style.display='none'\" loading=\"lazy\" \/>\n\t<\/figure>\n\t<h1>COMMENT NOUS AVONS COMMENC\u00c9<\/h1>\n\t<h2>L\u00e0 o\u00f9 tout a commenc\u00e9<\/h2>\n<p>Le Maryland a une longue histoire de praticiens et d\u2019organisations qui se r\u00e9unissent pour travailler collectivement afin de donner la priorit\u00e9 \u00e0 la pr\u00e9vention.<\/p>\n<strong><a href=\"https:\/\/www.healthcarevaluehub.org\/advocate-resources\/what-are-backbone-organizations\" target=\"_blank\" rel=\"noopener\">&#8220;Backbone organizations<\/a> serve as coordinating bodies that bring together a diversity of stakeholders and lead a synchronized effort to achieve a common goal.&#8221;<br \/>\n<\/strong>\n<p><a href=\"https:\/\/www.healthcarevaluehub.org\/\" target=\"_blank\" rel=\"noopener\">~ Centre de valeur des soins de sant\u00e9<\/a><\/p>\n<h2>\n\t\t\tOrganisations de base\t<\/h2>\n\t<p>Our original backbone organizations, The Family Tree and Maryland State Council on Child Abuse and Neglect (SCCAN), have long understood the profound impact that child maltreatment and other Adverse Childhood Experiences (ACE&#8217;s) have on a child&#8217;s well-being. From short- and long-term health, behavior and developmental challenges to school success, future employment and earning potential, the data has been well documented.\u00a0<\/p>\n<figure data-animation-delay=\".2\" data-animation-duration=\"1\" itemscope itemtype=\"https:\/\/schema.org\/ImageObject\">\n\t\t\t\t<img decoding=\"async\" src=\"https:\/\/marylandefc.org\/wp-content\/uploads\/2024\/02\/EFC-Leadership-Pat-Cronin-in-crowd-listening.jpg\" alt=\"EFC Leadership Pat Cronin in crowd listening\" height=\"800\" width=\"1200\" title=\"Pat Cronin, dirigeant de l&#039;EFC, dans la foule\" onerror=\"this.style.display='none'\" loading=\"lazy\" \/>\n\t<\/figure>\n<figure data-animation-delay=\".4\" data-animation-duration=\"1\" itemscope itemtype=\"https:\/\/schema.org\/ImageObject\">\n\t\t\t\t<img decoding=\"async\" src=\"https:\/\/marylandefc.org\/wp-content\/uploads\/2024\/02\/ACE-Interface-Policy-Maker-Reception-Attendees.jpg\" alt=\"ACE Interface Policy Maker Reception Attendees\" height=\"800\" width=\"1200\" title=\"Groupe de r\u00e9ception des d\u00e9cideurs politiques de l&#039;interface ACE\" onerror=\"this.style.display='none'\" loading=\"lazy\" \/>\n\t<\/figure>\n\t<p>However, there is not a formal cross-sector statewide agency or strategy for promoting child well-being and both preventing Adverse Childhood Experiences (ACEs) and mitigating the impact of ACE&#8217;s to children and their families.\u00a0<\/p>\n<p>C&#039;est pour combler ce manque que nos partenaires ont cr\u00e9\u00e9 Maryland Essentials for Childhood. Les organisations fondatrices d&#039;origine, SCCAN et The Family Tree, et plus r\u00e9cemment le Maryland Information Network, soutiennent le travail collectif et la croissance de Maryland Essentials for Childhood en r\u00e9unissant les partenaires, en orientant la vision et la strat\u00e9gie, en \u00e9tablissant des indicateurs communs, en soutenant des activit\u00e9s harmonis\u00e9es, en renfor\u00e7ant la volont\u00e9 publique, en faisant progresser les politiques et en mobilisant des financements.<\/p>\n\t\t<h2>SCCAN | Maryland&#8217;s State Council on Child Abuse and Neglect<\/h2>\n\t\t<p>The Maryland State Council on Child Abuse and Neglect (SCCAN), established in 1999, is an advisory board to Maryland&#8217;s Governor and the Maryland General Assembly.\u00a0<\/p>\n<p>Le gouverneur nomme quinze citoyens au SCCAN qui ont une expertise ou une exp\u00e9rience v\u00e9cue en mati\u00e8re de maltraitance et de n\u00e9gligence envers les enfants : survivants, p\u00e9diatres, avocats, forces de l&#039;ordre, professionnels de la sant\u00e9 mentale, \u00e9ducateurs, chefs religieux et d\u00e9fenseurs.\u00a0<\/p>\n<p>Eight additional members are designated by the Maryland Senate, the Maryland House, the Maryland Judiciary and Maryland&#8217;s child and family serving agencies &#8212; Department of Human Services, Department of Health, Department of Education, Department of Juvenile Services and the State&#8217;s Attorneys&#8217; Association.\u00a0<\/p>\n<p>Le SCCAN rend compte chaque ann\u00e9e au gouverneur et \u00e0 l&#039;assembl\u00e9e g\u00e9n\u00e9rale de la pr\u00e9vention, de la d\u00e9tection, des poursuites et du traitement des cas de maltraitance et de n\u00e9gligence envers les enfants. Il organise des r\u00e9unions publiques pour sensibiliser le public et recueillir ses commentaires afin d&#039;\u00e9valuer l&#039;impact des politiques et pratiques actuelles sur les enfants et les familles de la communaut\u00e9.<\/p>\n\t\t\t<a href=\"\/fr\/partners\/meetings-reports\/\"  target=\"_self\">\n\t\t\t\t\t\tRapports \/ Partenaires \/ Groupes de travail du SCAAN\n\t\t\t\t\t<\/a>\n<figure itemscope itemtype=\"https:\/\/schema.org\/ImageObject\">\n\t\t\t\t<img decoding=\"async\" src=\"https:\/\/marylandefc.org\/wp-content\/uploads\/2019\/01\/SCCAN-LOGO-CLEAR.png\" alt=\"SCCAN logo\" height=\"333\" width=\"579\" title=\"LOGO SCCAN CLAIR\" onerror=\"this.style.display='none'\" loading=\"lazy\" \/>\n\t<\/figure>\n<figure itemscope itemtype=\"https:\/\/schema.org\/ImageObject\">\n\t\t\t\t<img decoding=\"async\" src=\"https:\/\/marylandefc.org\/wp-content\/uploads\/2019\/01\/cropped-LBH_TFT_VERT_logo_rgb.png\" alt=\"The Family Tree logo\" height=\"332\" width=\"1046\" title=\"logo_LBH_TFT_VERT_recadr\u00e9_rgb\" onerror=\"this.style.display='none'\" loading=\"lazy\" \/>\n\t<\/figure>\n\t\t<h2>L&#039;arbre g\u00e9n\u00e9alogique<\/h2>\n\t\t<p>The Family Tree, fond\u00e9 en 1997, est une organisation \u00e0 l&#039;\u00e9chelle de l&#039;\u00c9tat et une autorit\u00e9 de premier plan pour la pr\u00e9vention de la maltraitance et de la n\u00e9gligence envers les enfants.\u00a0<\/p>\n<p>The Family Tree est l&#039;association nationale affili\u00e9e \u00e0 Prevent Child Abuse America, Circle of Parents et Parents as Teachers. Sa vision est que tous les enfants grandissent dans des familles et des communaut\u00e9s s\u00fbres et solidaires. L&#039;association accomplit sa mission gr\u00e2ce \u00e0 des programmes \u00e9prouv\u00e9s et fond\u00e9s sur la recherche qui renforcent les familles et brisent le cycle de la maltraitance et de la n\u00e9gligence.\u00a0<\/p>\n\t\t\t<a href=\"https:\/\/www.familytreemd.org\/\" target=\"_self\" rel=\"noopener\">\n\t\t\t\t\t\tVisitez familytreemd.org\n\t\t\t\t\t<\/a>\n\t\t<h2>R\u00e9seau d&#039;information du Maryland<\/h2>\n\t\t<p>The Maryland Information Network is the state&#8217;s most comprehensive health and human services Information and Referral System. With over 7,500 resources, individuals with essential needs can get connected to local help 24\/7\/365.<\/p>\n<p>The\u00a0Maryland Information Network has been a nonprofit organization since 2010.<\/p>\n\t\t\t<a href=\"https:\/\/mdinfonet.org\/\" target=\"_self\" rel=\"noopener\">\n\t\t\t\t\t\tVisitez mdinfonet.org\n\t\t\t\t\t<\/a>\n<figure itemscope itemtype=\"https:\/\/schema.org\/ImageObject\">\n\t\t\t\t<img decoding=\"async\" src=\"https:\/\/marylandefc.org\/wp-content\/uploads\/2025\/05\/2022_MIN_Logo_RGB.svg\" alt=\"Maryland Information Network RGB Logo\" height=\"444\" width=\"1270\" title=\"2022_MIN_Logo_RGB\" onerror=\"this.style.display='none'\" loading=\"lazy\" \/>\n\t<\/figure>\n<h2>\n\t\t\tPartenaires de r\u00e9flexion\t<\/h2>\n\t<h3>Alors que Maryland Essentials for Childhood (EFC) continue d&#039;\u00e9voluer et de cro\u00eetre, nous continuons de reconna\u00eetre l&#039;importance des partenaires de r\u00e9flexion qui fa\u00e7onnent la science et aident \u00e0 mettre la science en action. <\/h3>\n<figure itemscope itemtype=\"https:\/\/schema.org\/ImageObject\">\n\t\t\t\t<img decoding=\"async\" src=\"https:\/\/marylandefc.org\/wp-content\/uploads\/2024\/01\/Essentials-for-Childhood-logo-cropped-e1705972680811.png\" alt=\"Essentials for Childhood logo\" height=\"151\" width=\"413\" title=\"Logo Essentiels pour l&#039;enfance recadr\u00e9\" onerror=\"this.style.display='none'\" loading=\"lazy\" \/>\n\t<\/figure>\n\t\t<h3>Proposition de strat\u00e9gies<\/h3>\n\t\t<p>Les Centres pour le contr\u00f4le et la pr\u00e9vention des maladies (CDC), Essentials for Childhood, proposent des strat\u00e9gies que les communaut\u00e9s peuvent envisager pour promouvoir les types de relations et d&#039;environnements qui aident les enfants \u00e0 grandir et \u00e0 devenir des citoyens sains et productifs afin qu&#039;ils puissent, \u00e0 leur tour, construire des familles et des communaut\u00e9s plus fortes et plus s\u00fbres pour leurs enfants.<\/p>\n<p>The CDC&#8217;s original state Essentials for Childhood initiative was intended for states committed to the positive development of children and families, and specifically to the prevention of all forms of child abuse and neglect. In 2023 the original program ended, and CDC refocused its efforts as Essentials for Childhood: Preventing Adverse Childhood Experiences through Data to Action.\u00a0<\/p>\n<p>Maryland Essentials for Childhood continue de recevoir une assistance technique et reconna\u00eet le soutien que nous recevons du CDC dans l&#039;\u00e9tablissement de nos objectifs communs.\u00a0<\/p>\n<p>L&#039;organisation Prevent Child Abuse America a pr\u00e9sent\u00e9 le programme Maryland Essentials for Childhood comme \u00e9tude de cas dans sa publication de janvier 2026. <em>Liens essentiels<\/em>. Le Maryland est un \u00c9tat autofinanc\u00e9, tandis que l&#039;autre \u00c9tat pr\u00e9sent\u00e9, la G\u00e9orgie, est un \u00c9tat financ\u00e9 par des fonds publics.<\/p>\n\t\t\t<a href=\"https:\/\/preventchildabuse.org\/wp-content\/uploads\/2025\/12\/EfC-Case-Study-Nov-2025.pdf\" target=\"_self\" rel=\"noopener\">\n\t\t\t\t\t\tLisez l&#039;\u00e9tude de cas\n\t\t\t\t\t<\/a>\n<figure itemscope itemtype=\"https:\/\/schema.org\/ImageObject\">\n\t\t\t\t<img decoding=\"async\" src=\"https:\/\/marylandefc.org\/wp-content\/uploads\/2024\/02\/ACE-Interface-Policy-Maker-Reception-Group-Photo.jpg\" alt=\"ACE Interface Policy Maker Reception\" height=\"800\" width=\"1200\" title=\"Photo de groupe de la r\u00e9ception des d\u00e9cideurs politiques de l&#039;interface ACE\" onerror=\"this.style.display='none'\" loading=\"lazy\" \/>\n\t<\/figure>\n<h2>\n\t\t\tAu fil des ann\u00e9es\t<\/h2>\n\t<p>Maryland Essentials for Childhood a \u00e9t\u00e9 cr\u00e9\u00e9 en 2014, mais les tremplins vers cette initiative d&#039;impact collectif ont commenc\u00e9 \u00e0 prendre forme des d\u00e9cennies plus t\u00f4t.<\/p>\n<p><a href=\"\/fr\/about\/timeline\/\">Consultez notre chronologie<\/a><\/p>","protected":false},"excerpt":{"rendered":"<p>HOW WE STARTED Where it all began Maryland has a long history of practitioners and organizations coming together to work collectively to prioritize prevention. &#8220;Backbone organizations serve as coordinating bodies that bring together a diversity of stakeholders and lead a synchronized effort to achieve a common goal.&#8221; ~ Health Care Value Hub Backbone Organizations Our&hellip;<\/p>","protected":false},"author":1,"featured_media":26978,"parent":25,"menu_order":0,"comment_status":"closed","ping_status":"closed","template":"","meta":{"footnotes":""},"class_list":["post-3272","page","type-page","status-publish","has-post-thumbnail","hentry"],"_links":{"self":[{"href":"https:\/\/marylandefc.org\/fr\/wp-json\/wp\/v2\/pages\/3272","targetHints":{"allow":["GET"]}}],"collection":[{"href":"https:\/\/marylandefc.org\/fr\/wp-json\/wp\/v2\/pages"}],"about":[{"href":"https:\/\/marylandefc.org\/fr\/wp-json\/wp\/v2\/types\/page"}],"author":[{"embeddable":true,"href":"https:\/\/marylandefc.org\/fr\/wp-json\/wp\/v2\/users\/1"}],"replies":[{"embeddable":true,"href":"https:\/\/marylandefc.org\/fr\/wp-json\/wp\/v2\/comments?post=3272"}],"version-history":[{"count":0,"href":"https:\/\/marylandefc.org\/fr\/wp-json\/wp\/v2\/pages\/3272\/revisions"}],"up":[{"embeddable":true,"href":"https:\/\/marylandefc.org\/fr\/wp-json\/wp\/v2\/pages\/25"}],"wp:featuredmedia":[{"embeddable":true,"href":"https:\/\/marylandefc.org\/fr\/wp-json\/wp\/v2\/media\/26978"}],"wp:attachment":[{"href":"https:\/\/marylandefc.org\/fr\/wp-json\/wp\/v2\/media?parent=3272"}],"curies":[{"name":"wp","href":"https:\/\/api.w.org\/{rel}","templated":true}]}}