{"id":3278,"date":"2024-01-18T13:30:27","date_gmt":"2024-01-18T21:30:27","guid":{"rendered":"https:\/\/marylandefc.org\/?page_id=3278"},"modified":"2026-03-03T05:57:18","modified_gmt":"2026-03-03T13:57:18","slug":"values","status":"publish","type":"page","link":"https:\/\/marylandefc.org\/fr\/about\/values\/","title":{"rendered":"Nos valeurs"},"content":{"rendered":"<figure itemscope=\"\" itemtype=\"https:\/\/schema.org\/ImageObject\">\n\t\t\t\t<img decoding=\"async\" src=\"https:\/\/marylandefc.org\/wp-content\/uploads\/2024\/02\/Community-members-holding-hands-united-in-the-same-values.jpg\" alt=\"Community members working together united in the same values\" height=\"800\" width=\"1200\" title=\"Les membres de la communaut\u00e9 se tenant la main, unis par les m\u00eames valeurs\" onerror=\"this.style.display='none'\" loading=\"lazy\">\n\t<\/figure>\n\t<h1>VALEURS<\/h1>\n\t<h2>Qu&#039;est-ce que nous valorisons ?<\/h2>\n<p>Maryland Essentials for Childhood (EFC) vise \u00e0 relier la science, les politiques et les citoyens, pour que les enfants s&#039;\u00e9panouissent. Pour concr\u00e9tiser cet objectif, il faut : <strong>transformer le Maryland en une communaut\u00e9 inform\u00e9e sur les traumatismes pour tous.<\/strong><\/p>\n\t<h2>Collaboration<\/h2>\n<p>L&#039;EFC s&#039;efforce de rassembler les personnes afin qu&#039;elles mettent \u00e0 profit leurs comp\u00e9tences, leur exp\u00e9rience et leur expertise pour r\u00e9aliser sa mission. Ce processus comprend l&#039;\u00e9laboration d&#039;un vaste programme commun et l&#039;adoption d&#039;une approche d&#039;impact collectif pour atteindre le succ\u00e8s.&nbsp;<\/p>\n<figure data-animation-delay=\"0\" data-animation-duration=\"1\" itemscope=\"\" itemtype=\"https:\/\/schema.org\/ImageObject\">\n\t\t\t\t<img decoding=\"async\" src=\"https:\/\/marylandefc.org\/wp-content\/uploads\/2024\/01\/MEC-Graphics_mid-orange-circle.svg\" alt=\"orange circle\" height=\"374\" width=\"374\" title=\"MEC-Graphics_mid cercle orange\" onerror=\"this.style.display='none'\" loading=\"lazy\">\n\t<\/figure>\n<figure itemscope=\"\" itemtype=\"https:\/\/schema.org\/ImageObject\">\n\t\t\t\t<img decoding=\"async\" src=\"https:\/\/marylandefc.org\/wp-content\/uploads\/2024\/02\/Trauma_Labeled_EFC_icons.svg\" alt=\"Trauma Informed process with icons\" height=\"429\" width=\"1291\" title=\"Ic\u00f4nes EFC \u00e9tiquet\u00e9es Trauma\" onerror=\"this.style.display='none'\" loading=\"lazy\">\n\t<\/figure>\n\t\t<h2>Processus tenant compte des traumatismes<\/h2>\n\t\t<p>L&#039;EFC reconna\u00eet qu&#039;il existe des \u00e9tapes \u00e0 franchir pour prendre conscience des traumatismes. Nous accompagnons les individus, les communaut\u00e9s, les organisations et les \u00e9lus dans ce processus, depuis\u00a0:<\/p>\n<ul>\n<li>Trauma Aware = Conscience<\/li>\n<li>Sensible aux traumatismes = Connaissances et comp\u00e9tences<\/li>\n<li>R\u00e9actif aux traumatismes = Changement et int\u00e9gration<\/li>\n<li>Tenant compte des traumatismes = Leadership<\/li>\n<\/ul>\n\t\t\t<a href=\"https:\/\/marylandefc.org\/wp-content\/uploads\/2024\/01\/FINAL-Toward-A-More-Prosperous-Maryland-ACEs-Legislative-Brief.pdf\" target=\"_self\">\n\t\t\t\t\t\tApprendre encore plus\n\t\t\t\t\t<\/a>\n\t\t<h2>Agenda commun<\/h2><h3>Les efforts de Maryland Essentials for Childhood suivent ces principes directeurs\u00a0:<\/h3>\n<figure data-animation-delay=\"0\" data-animation-duration=\"1\" itemscope=\"\" itemtype=\"https:\/\/schema.org\/ImageObject\">\n\t\t\t\t<img decoding=\"async\" src=\"https:\/\/marylandefc.org\/wp-content\/uploads\/2024\/01\/MEC-Graphics_rayeshalf-light-aqua.svg\" alt=\"aqua colored circle with speckled dots\" height=\"374\" width=\"374\" title=\"MEC-Graphics_rayes+aqua mi-clair\" onerror=\"this.style.display='none'\" loading=\"lazy\">\n\t<\/figure>\n\t\t<h3>1. Assurer des relations et des environnements s\u00fbrs, stables et enrichissants<\/h3><p>afin que tous les enfants et toutes les familles puissent r\u00e9aliser pleinement leur potentiel en tant que citoyens autonomes, engag\u00e9s socialement et productifs.<\/p>\n\t\t<h3>2. Maintenir une collaboration entre plusieurs secteurs<\/h3><p>de mener des activit\u00e9s strat\u00e9giques et mutuellement renfor\u00e7antes, align\u00e9es sur notre programme commun.<\/p>\n\t\t<h3>3. La r\u00e9alisation de nos objectifs n\u00e9cessite des changements dans de multiples syst\u00e8mes,<\/h3><p>en mettant l\u2019accent sur les grands d\u00e9terminants sociaux et \u00e9conomiques, l\u2019\u00e9volution des normes sociales et des politiques gouvernementales et institutionnelles.<\/p>\n\t\t<h3>4. Les syst\u00e8mes de mise \u00e0 la terre changent selon les meilleures preuves disponibles<\/h3><p>et s\u2019efforce continuellement d\u2019am\u00e9liorer la qualit\u00e9 des programmes, des services et des syst\u00e8mes.<\/p>\n\t\t<h3>5. Offrir des soins culturellement et linguistiquement adapt\u00e9s<\/h3><p>\u00e0 ceux qui sont servis dans le cadre des programmes, des services et des syst\u00e8mes.<\/p>\n\t\t<h3>6. Prendre des mesures pour r\u00e9duire les in\u00e9galit\u00e9s et les disparit\u00e9s<\/h3><p>qui sont \u00e9vitables, injustes et \u00e9vitables afin d\u2019am\u00e9liorer la sant\u00e9 et le bien-\u00eatre g\u00e9n\u00e9ral des enfants.<\/p>\n\t\t\t<a href=\"https:\/\/marylandefc.org\/wp-content\/uploads\/2025\/02\/EFC-Anti-Racist-Statement-FINAL-2025.pdf\" target=\"_blank\" rel=\"noopener\">\n\t\t\t\t\t\tLisez la d\u00e9claration antiraciste du Maryland EFC\n\t\t\t\t\t<\/a>\n\t\t<h3>En savoir plus sur l&#039;Agenda commun<\/h3>\n\t\t\t<a href=\"https:\/\/marylandefc.org\/wp-content\/uploads\/2024\/01\/Maryland-Common-Agenda-Document-10-3.docx.pdf\" target=\"_blank\" rel=\"noopener\">\n\t\t\t\t\t\tPlongez plus profond\u00e9ment\n\t\t\t\t\t<\/a>","protected":false},"excerpt":{"rendered":"<p>VALUES What do we value? Maryland Essentials for Childhood (EFC) serves to connect science, policy and people, so children thrive. Making that goal a reality means transforming Maryland into a trauma-informed community for everyone. Collaboration EFC strives to bring people together to leverage their skills, lived experience and expertise to achieve our mission. This process&hellip;<\/p>","protected":false},"author":1,"featured_media":27611,"parent":25,"menu_order":0,"comment_status":"closed","ping_status":"closed","template":"","meta":{"footnotes":""},"class_list":["post-3278","page","type-page","status-publish","has-post-thumbnail","hentry"],"_links":{"self":[{"href":"https:\/\/marylandefc.org\/fr\/wp-json\/wp\/v2\/pages\/3278","targetHints":{"allow":["GET"]}}],"collection":[{"href":"https:\/\/marylandefc.org\/fr\/wp-json\/wp\/v2\/pages"}],"about":[{"href":"https:\/\/marylandefc.org\/fr\/wp-json\/wp\/v2\/types\/page"}],"author":[{"embeddable":true,"href":"https:\/\/marylandefc.org\/fr\/wp-json\/wp\/v2\/users\/1"}],"replies":[{"embeddable":true,"href":"https:\/\/marylandefc.org\/fr\/wp-json\/wp\/v2\/comments?post=3278"}],"version-history":[{"count":0,"href":"https:\/\/marylandefc.org\/fr\/wp-json\/wp\/v2\/pages\/3278\/revisions"}],"up":[{"embeddable":true,"href":"https:\/\/marylandefc.org\/fr\/wp-json\/wp\/v2\/pages\/25"}],"wp:featuredmedia":[{"embeddable":true,"href":"https:\/\/marylandefc.org\/fr\/wp-json\/wp\/v2\/media\/27611"}],"wp:attachment":[{"href":"https:\/\/marylandefc.org\/fr\/wp-json\/wp\/v2\/media?parent=3278"}],"curies":[{"name":"wp","href":"https:\/\/api.w.org\/{rel}","templated":true}]}}