{"id":12,"date":"2018-10-28T20:35:06","date_gmt":"2018-10-28T20:35:06","guid":{"rendered":"https:\/\/marylandefc.org\/?page_id=12"},"modified":"2026-03-25T10:41:30","modified_gmt":"2026-03-25T17:41:30","slug":"home","status":"publish","type":"page","link":"https:\/\/marylandefc.org\/ht\/","title":{"rendered":"Lakay"},"content":{"rendered":"<h1>\n\t\t\tKonekte syans, politik, ak moun pou timoun yo pwospere.\t<\/h1>\n\t<p>Maryland Essentials for Childhood se yon inisyativ nan tout eta a pou enpak kolektif. <\/p>\n<p><strong>Chak timoun ranpli ak pwom\u00e8s f\u00f2midab,<\/strong> epi nou gen yon obligasyon pataje pou ankouraje potansy\u00e8l yo.<\/p>\n\t<h2>Patisipe!<\/h2>\n\t\t\t<a href=\"\/ht\/grownups\/\"  target=\"_self\">\n\t\t\t\t\t\t\tGranmoun\n\t\t\t\t\t<\/a>\n\t\t\t<a href=\"\/ht\/policy\/\"  target=\"_self\">\n\t\t\t\t\t\t\tMizisyen politik yo\n\t\t\t\t\t<\/a>\n\t\t\t<a href=\"\/ht\/partners\/\"  target=\"_self\">\n\t\t\t\t\t\t\tPatn\u00e8\n\t\t\t\t\t<\/a>\n<figure itemscope itemtype=\"https:\/\/schema.org\/ImageObject\">\n\t\t\t\t<img decoding=\"async\" src=\"https:\/\/marylandefc.org\/wp-content\/uploads\/2024\/02\/Maryland-community-members-holding-hands-coming-together-to-act.jpg\" alt=\"Maryland community members holding hands coming together to act\" height=\"800\" width=\"1200\" title=\"Ansanm nou ka aprann epi pataje resous\" onerror=\"this.style.display='none'\" loading=\"lazy\" \/>\n\t<\/figure>\n\t<h2>Ansanm, nou ka aprann, pataje resous ak enpak politik.<\/h2>\n<h3>Let&#8217;s get started!<\/h3>\n\t\t<figure itemscope itemtype=\"https:\/\/schema.org\/ImageObject\">\n\t\t\t\t<img decoding=\"async\" src=\"https:\/\/marylandefc.org\/wp-content\/uploads\/2024\/01\/MEC-Icons_brain.svg\" alt=\"Brain icon\" height=\"300\" width=\"300\" title=\"MEC-Icons_brain\" onerror=\"this.style.display='none'\" loading=\"lazy\" \/>\n\t<\/figure>\n<h3>Syans<\/h3><p>Science shows us that events early in life can shape a child&#8217;s development. The good news is that it&#8217;s never too late to make a positive impact. Find the tools you need to take the next step. <\/p>\n\t\t\t<a href=\"\/ht\/grownups\/early-years\/\"  target=\"_self\">\n\t\t\t\t\t\t\tGade Kit zouti pou bati s\u00e8vo\n\t\t\t\t\t<\/a>\n\t\t<figure itemscope itemtype=\"https:\/\/schema.org\/ImageObject\">\n\t\t\t\t<img decoding=\"async\" src=\"https:\/\/marylandefc.org\/wp-content\/uploads\/2024\/02\/LegislatureGovernment_EFC_icon.svg\" alt=\"Legislature Government icon\" height=\"376\" width=\"376\" title=\"LejislatiGouv\u00e8nman_EFC_icon\" onerror=\"this.style.display='none'\" loading=\"lazy\" \/>\n\t<\/figure>\n<h3>R\u00e8gleman<\/h3><p>Desizyon politik yo gen enpak sou nou tout. Chak politik nou tabli ta dwe ankouraje devlopman an sante epi redwi fado ki pa neses\u00e8 sou timoun ak granmoun yo nan lavi yo.<\/p>\n\t\t\t<a href=\"\/ht\/policy\/policies-matter\/\"  target=\"_self\">\n\t\t\t\t\t\t\tAprann plis\n\t\t\t\t\t<\/a>\n\t\t<figure itemscope itemtype=\"https:\/\/schema.org\/ImageObject\">\n\t\t\t\t<img decoding=\"async\" src=\"https:\/\/marylandefc.org\/wp-content\/uploads\/2024\/01\/MEC-Icons_people.svg\" alt=\"People icon\" height=\"300\" width=\"300\" title=\"MEC-Icons_people\" onerror=\"this.style.display='none'\" loading=\"lazy\" \/>\n\t<\/figure>\n<h3>Moun<\/h3><p>Rankontre patn\u00e8 nou yo atrav\u00e8 eta a k ap pataje syans ak moun Maryland yo epi f\u00e8 pwomosyon politik ki ede timoun nou yo pwospere.<\/p>\n\t\t\t<a href=\"\/ht\/partners\/meet-our-partners\/\"  target=\"_self\">\n\t\t\t\t\t\t\tRankontre Patn\u00e8 Nou yo\n\t\t\t\t\t<\/a>\n\t<h2>Pare pou pwochen etap la?<\/h2>\n<h3>Patisipe nan kominote w ak ak EFC.<\/h3>\n<figure data-animation-delay=\"0\" data-animation-duration=\"1\" itemscope itemtype=\"https:\/\/schema.org\/ImageObject\">\n\t\t\t\t<img decoding=\"async\" src=\"https:\/\/marylandefc.org\/wp-content\/uploads\/2024\/02\/Community-members-walking-together.jpg\" alt=\"Community members walking together\" height=\"800\" width=\"1200\" title=\"pare pou pwochen etap la\" onerror=\"this.style.display='none'\" loading=\"lazy\" \/>\n\t<\/figure>\n\t\t<figure itemscope itemtype=\"https:\/\/schema.org\/ImageObject\">\n\t\t\t\t<img decoding=\"async\" src=\"https:\/\/marylandefc.org\/wp-content\/uploads\/2024\/02\/MEC-Icons_v2_teach.svg\" alt=\"Teach skills icon with teacher at blackboard\" height=\"300\" width=\"300\" title=\"MEC-Icons_v2_teach\" onerror=\"this.style.display='none'\" loading=\"lazy\" \/>\n\t<\/figure>\n<h3>Patisipe<\/h3><p>Eksplore fason yo pran aksyon. Ou ka \u00f2ganize oswa patisipe nan yon f\u00f2masyon, pataje resous nan kominote w la, aprann sou politik ki enp\u00f2tan ak plis ank\u00f2.<\/p>\n\t\t\t<a href=\"\/ht\/get-involved\/\"  target=\"_self\">\n\t\t\t\t\t\t\tPatisipe\n\t\t\t\t\t<\/a>\n\t\t<figure itemscope itemtype=\"https:\/\/schema.org\/ImageObject\">\n\t\t\t\t<img decoding=\"async\" src=\"https:\/\/marylandefc.org\/wp-content\/uploads\/2024\/02\/MEC-Icons_v2_connect-to-adults-and-activities.svg\" alt=\"Connect youth to caring adults icon with two people holding hands\" height=\"300\" width=\"300\" title=\"MEC-Icons_v2_konekte ak granmoun ak aktivite\" onerror=\"this.style.display='none'\" loading=\"lazy\" \/>\n\t<\/figure>\n<h3>Antre nan Ef\u00f2 a<\/h3><p>Antre nan EFC k\u00f2m yon manm kominote a pou rete konekte epi montre sip\u00f2 ou pou travay nou an.<\/p>\n<p>Mande \u00f2ganizasyon san bi likratif yo nan z\u00f2n ou an si yo f\u00e8 pati EFC, epi ankouraje yo konekte.<\/p>\n<p>&nbsp;<\/p>\n\t\t\t<a href=\"\/ht\/partners\/\"  target=\"_self\">\n\t\t\t\t\t\t\tVin yon patn\u00e8\n\t\t\t\t\t<\/a>\n\t\t<figure itemscope itemtype=\"https:\/\/schema.org\/ImageObject\">\n\t\t\t\t<img decoding=\"async\" src=\"https:\/\/marylandefc.org\/wp-content\/uploads\/2024\/02\/MEC-Icons_v2_strong-start.svg\" alt=\"Ensure strong start icon with baby carriage and family\" height=\"300\" width=\"300\" title=\"MEC-Icons_v2_strong-start\" onerror=\"this.style.display='none'\" loading=\"lazy\" \/>\n\t<\/figure>\n<h3>Granmoun<\/h3><p>Aprann plis sou syans s\u00e8vo ak fason ou ka ede timoun yo pwospere.\u00a0<\/p>\n<p>Pataje enf\u00f2masyon sa yo sou devlopman an sante ak zanmi w ak vwazen w pou n ka sip\u00f2te tout timoun nan kominote nou yo.<\/p>\n\t\t\t<a href=\"\/ht\/grownups\/protective-factors\/\"  target=\"_self\">\n\t\t\t\t\t\t\tLi sou Bati s\u00e8vo\n\t\t\t\t\t<\/a>\n<figure itemscope itemtype=\"https:\/\/schema.org\/ImageObject\">\n\t\t\t\t<img decoding=\"async\" src=\"https:\/\/marylandefc.org\/wp-content\/uploads\/2024\/02\/Dad-parenting-son.jpg\" alt=\"Dad parenting son\" height=\"800\" width=\"1200\" title=\"jwenn sip\u00f2 nan kominote a\" onerror=\"this.style.display='none'\" loading=\"lazy\" \/>\n\t<\/figure>\n\t<h2>Jwenn Sip\u00f2 Kominot\u00e8 Pou Paran ak Moun kap bay swen yo<\/h2>\n<h3>Pran swen timoun se yon travay difisil!<\/h3>\n\t\t\t<a href=\"https:\/\/search.marylandefc.org\"  target=\"_blank\" rel=\"noopener\">\n\t\t\t\t\t\t\tCh\u00e8che s\u00e8vis\n\t\t\t\t\t<\/a>","protected":false},"excerpt":{"rendered":"<p>Connecting Science, Policy, and People so Children Thrive. Maryland Essentials for Childhood is a statewide initiative for collective impact. Every child is filled with tremendous promise, and we have a shared obligation to foster their potential. Get Involved! Grown-Ups Policy Makers Partners Together, we can learn, share resources and impact policy. Let&#8217;s get started! Science&hellip;<\/p>","protected":false},"author":1,"featured_media":28300,"parent":0,"menu_order":0,"comment_status":"closed","ping_status":"closed","template":"","meta":{"footnotes":""},"class_list":["post-12","page","type-page","status-publish","has-post-thumbnail","hentry"],"_links":{"self":[{"href":"https:\/\/marylandefc.org\/ht\/wp-json\/wp\/v2\/pages\/12","targetHints":{"allow":["GET"]}}],"collection":[{"href":"https:\/\/marylandefc.org\/ht\/wp-json\/wp\/v2\/pages"}],"about":[{"href":"https:\/\/marylandefc.org\/ht\/wp-json\/wp\/v2\/types\/page"}],"author":[{"embeddable":true,"href":"https:\/\/marylandefc.org\/ht\/wp-json\/wp\/v2\/users\/1"}],"replies":[{"embeddable":true,"href":"https:\/\/marylandefc.org\/ht\/wp-json\/wp\/v2\/comments?post=12"}],"version-history":[{"count":0,"href":"https:\/\/marylandefc.org\/ht\/wp-json\/wp\/v2\/pages\/12\/revisions"}],"wp:featuredmedia":[{"embeddable":true,"href":"https:\/\/marylandefc.org\/ht\/wp-json\/wp\/v2\/media\/28300"}],"wp:attachment":[{"href":"https:\/\/marylandefc.org\/ht\/wp-json\/wp\/v2\/media?parent=12"}],"curies":[{"name":"wp","href":"https:\/\/api.w.org\/{rel}","templated":true}]}}