{"id":25,"date":"2019-04-05T20:40:50","date_gmt":"2019-04-05T20:40:50","guid":{"rendered":"https:\/\/marylandefc.org\/?page_id=25"},"modified":"2026-02-13T15:17:14","modified_gmt":"2026-02-13T23:17:14","slug":"about","status":"publish","type":"page","link":"https:\/\/marylandefc.org\/ht\/about\/","title":{"rendered":"Kons\u00e8nan"},"content":{"rendered":"<figure itemscope itemtype=\"https:\/\/schema.org\/ImageObject\">\n\t\t\t\t<img decoding=\"async\" src=\"https:\/\/marylandefc.org\/wp-content\/uploads\/2024\/02\/Community-members-planting-a-tree.jpg\" alt=\"Community members planting a tree\" height=\"800\" width=\"1200\" title=\"Moun k ap plante yon pyebwa\" onerror=\"this.style.display='none'\" loading=\"lazy\" \/>\n\t<\/figure>\n\t<h1>SOU NOU<\/h1>\n\t<h2>Ki moun nou ye<\/h2>\n<p>Maryland Essentials for Childhood (EFC) se yon inisyativ enpak kolektif nan tout eta a pou anpeche eksperyans negatif timoun yo. <\/p>\n<p>Nou ankouraje <strong>yon apw\u00f2ch milti-jenerasyon ki ankouraje relasyon ak anviw\u00f2nman ki an sekirite, ki estab, ak ankourajan ki ede timoun yo grandi pou yo vin sitwayen an sante ak pwodiktif. <\/strong><\/p>\n<p>An vire, sitwayen sa yo ka bati fanmi ak kominote ki pi solid e ki pi an sekirite pou pitit yo.<\/p>\n\t<h3>Vizyon nou an<\/h3>\n<p>Tout timoun nan Maryland, j\u00e8n yo ak fanmi yo byen devlope nan relasyon ak anviw\u00f2nman ki an sekirite, ki estab ak ankourajan.<\/p>\n<figure data-animation-delay=\"0\" data-animation-duration=\"1\" itemscope itemtype=\"https:\/\/schema.org\/ImageObject\">\n\t\t\t\t<img decoding=\"async\" src=\"https:\/\/marylandefc.org\/wp-content\/uploads\/2024\/02\/Adolescents-with-skateboardsand-weighing-risks-and-rewards.jpg\" alt=\"Adolescents with skateboards weighing risks and rewards\" height=\"800\" width=\"1200\" title=\"Adolesan ak skateboard ap diskite sou risk ak rekonpans.\" onerror=\"this.style.display='none'\" loading=\"lazy\" \/>\n\t<\/figure>\n<figure data-animation-delay=\"0\" data-animation-duration=\"1\" itemscope itemtype=\"https:\/\/schema.org\/ImageObject\">\n\t\t\t\t<img decoding=\"async\" src=\"https:\/\/marylandefc.org\/wp-content\/uploads\/2024\/02\/Girls-on-a-mission-raking-leaves.jpg\" alt=\"Girls on a mission raking leaves\" height=\"800\" width=\"1200\" title=\"Ti fi k ap ranmase f\u00e8y\" onerror=\"this.style.display='none'\" loading=\"lazy\" \/>\n\t<\/figure>\n\t<h3>Misyon nou<\/h3>\n<p>Pou devlope yon ajanda komen atrav\u00e8 plizy\u00e8 ajans ak moun ki gen enter\u00e8 pou f\u00e8 aliman aktivite, pwogram, politik ak finansman pou tout timoun, j\u00e8n yo ak fanmi yo nan Maryland yo gen relasyon ak anviw\u00f2nman ki an sekirite, ki estab, ankourajan.<\/p>\n\t<h2>Objektif nou yo<\/h2>\n<p>EFC itilize prensip enpak kolektif ak rech\u00e8ch ki toujou ap evolye nan syans s\u00e8vo, epigenetik ak rezistans pou avanse objektif nou yo.<\/p>\n<p><strong>Nou reyalize sa pa:<\/strong><\/p>\n\t\t<figure itemscope itemtype=\"https:\/\/schema.org\/ImageObject\">\n\t\t\t\t<img decoding=\"async\" src=\"https:\/\/marylandefc.org\/wp-content\/uploads\/2024\/01\/MEC-Icons_brain.svg\" alt=\"Brain icon\" height=\"300\" width=\"300\" title=\"MEC-Icons_brain\" onerror=\"this.style.display='none'\" loading=\"lazy\" \/>\n\t<\/figure>\n<h3>Edike tout moun sou syans s\u00e8vo,<\/h3><p>Eksperyans Adverse Childhood (ACE) ak rezistans; yo nan l\u00f2d yo mete syans an aksyon pou redwi ACE yo epi kreye relasyon ak anviw\u00f2nman ki an sekirite, ki estab ak ankourajan pou tout timoun Maryland yo.<\/p>\n<p><strong><a href=\"\/ht\/grownups\/\">Aprann plis<\/a><\/strong><\/p>\n\t\t<figure itemscope itemtype=\"https:\/\/schema.org\/ImageObject\">\n\t\t\t\t<a href=\"\/ht\/partners\/meetings-reports\/\"  target=\"_self\" itemprop=\"url\">\n\t\t\t\t<img decoding=\"async\" src=\"https:\/\/marylandefc.org\/wp-content\/uploads\/2024\/01\/MEC-Icons_data.svg\" alt=\"Data icon\" height=\"300\" width=\"300\" title=\"MEC-Icons_data\" onerror=\"this.style.display='none'\" loading=\"lazy\" \/>\n\t\t\t\t<\/a>\n\t<\/figure>\n<h3><a href=\"\/ht\/partners\/meetings-reports\/\" target=\"_self\">Kolekte, evalye ak itilize done yo<\/a><\/h3><p>pou enf\u00f2me aksyon ak f\u00e8 rek\u00f2mandasyon pou amelyorasyon sist\u00e8m.<\/p>\n<a href=\"\/ht\/partners\/meetings-reports\/\"  target=\"_self\">Aprann plis<\/a>\t\n\t\t<figure itemscope itemtype=\"https:\/\/schema.org\/ImageObject\">\n\t\t\t\t<a href=\"\/ht\/partners\/\"  target=\"_self\" itemprop=\"url\">\n\t\t\t\t<img decoding=\"async\" src=\"https:\/\/marylandefc.org\/wp-content\/uploads\/2024\/01\/MEC-Icons_people.svg\" alt=\"People icon\" height=\"300\" width=\"300\" title=\"MEC-Icons_people\" onerror=\"this.style.display='none'\" loading=\"lazy\" \/>\n\t\t\t\t<\/a>\n\t<\/figure>\n<h3><a href=\"\/ht\/partners\/\" target=\"_self\">Travay kolektivman<\/a><\/h3><p>pou entegre syans Eksperyans Pozitif ak Adverse Childhood (PACEs) atrav\u00e8 sist\u00e8m, s\u00e8vis ak pwogram.<\/p>\n<a href=\"\/ht\/partners\/\"  target=\"_self\">Aprann plis<\/a>\t\n\t\t<figure itemscope itemtype=\"https:\/\/schema.org\/ImageObject\">\n\t\t\t\t<a href=\"\/ht\/policy\/\"  target=\"_self\" itemprop=\"url\">\n\t\t\t\t<img decoding=\"async\" src=\"https:\/\/marylandefc.org\/wp-content\/uploads\/2024\/02\/LegislatureGovernment_EFC_icon.svg\" alt=\"Legislature Government icon\" height=\"376\" width=\"376\" title=\"LejislatiGouv\u00e8nman_EFC_icon\" onerror=\"this.style.display='none'\" loading=\"lazy\" \/>\n\t\t\t\t<\/a>\n\t<\/figure>\n<h3><a href=\"\/ht\/policy\/\" target=\"_self\">Travay ak gouv\u00e8nman leta ak lokal yo<\/a><\/h3><p>pou entegre syans PACEs nan politik ak rek\u00f2mandasyon finansman.<\/p>\n<a href=\"\/ht\/policy\/\"  target=\"_self\">Aprann plis<\/a>","protected":false},"excerpt":{"rendered":"<p>SOU NOU Ki moun nou ye Maryland Essentials for Childhood (EFC) se yon inisyativ kolektif nan tout eta a pou anpeche eksperyans negatif nan anfans. Nou ankouraje yon apw\u00f2ch milti-jenerasyon ki pwomouvwa relasyon ak anviw\u00f2nman ki an sekirite, ki estab e ki nourisan ki ede timoun yo grandi pou yo vin sitwayen ki an sante e ki pwodiktif. An retou, sitwayen sa yo ka bati pi solid e ki pi an sekirite...<\/p>","protected":false},"author":1,"featured_media":27614,"parent":0,"menu_order":0,"comment_status":"closed","ping_status":"closed","template":"","meta":{"footnotes":""},"class_list":["post-25","page","type-page","status-publish","has-post-thumbnail","hentry"],"_links":{"self":[{"href":"https:\/\/marylandefc.org\/ht\/wp-json\/wp\/v2\/pages\/25","targetHints":{"allow":["GET"]}}],"collection":[{"href":"https:\/\/marylandefc.org\/ht\/wp-json\/wp\/v2\/pages"}],"about":[{"href":"https:\/\/marylandefc.org\/ht\/wp-json\/wp\/v2\/types\/page"}],"author":[{"embeddable":true,"href":"https:\/\/marylandefc.org\/ht\/wp-json\/wp\/v2\/users\/1"}],"replies":[{"embeddable":true,"href":"https:\/\/marylandefc.org\/ht\/wp-json\/wp\/v2\/comments?post=25"}],"version-history":[{"count":0,"href":"https:\/\/marylandefc.org\/ht\/wp-json\/wp\/v2\/pages\/25\/revisions"}],"wp:featuredmedia":[{"embeddable":true,"href":"https:\/\/marylandefc.org\/ht\/wp-json\/wp\/v2\/media\/27614"}],"wp:attachment":[{"href":"https:\/\/marylandefc.org\/ht\/wp-json\/wp\/v2\/media?parent=25"}],"curies":[{"name":"wp","href":"https:\/\/api.w.org\/{rel}","templated":true}]}}