{"id":26563,"date":"2024-01-18T14:45:10","date_gmt":"2024-01-18T22:45:10","guid":{"rendered":"https:\/\/marylandefc.org\/?page_id=26563"},"modified":"2026-02-12T15:15:49","modified_gmt":"2026-02-12T23:15:49","slug":"policies-matter","status":"publish","type":"page","link":"https:\/\/marylandefc.org\/ht\/policy\/policies-matter\/","title":{"rendered":"Poukisa Politik yo enp\u00f2tan"},"content":{"rendered":"<figure itemscope itemtype=\"https:\/\/schema.org\/ImageObject\">\n\t\t\t\t<img decoding=\"async\" src=\"https:\/\/marylandefc.org\/wp-content\/uploads\/2024\/02\/Time-to-Care-Act-legislation-with-Maryland-Governor.jpg\" alt=\"Time to Care Act legislators with Maryland Governor\" height=\"800\" width=\"1200\" title=\"Lejislasyon Lwa Tan pou Swen ak Gouv\u00e8n\u00e8 Maryland\" onerror=\"this.style.display='none'\" loading=\"lazy\" \/>\n\t<\/figure>\n\t<h1>POUKISA POLITIK ENPORTE<\/h1>\n\t<h2>Politik f\u00f2m anviw\u00f2nman<\/h2>\n<p>Timoun ak adolesan devlope nan yon anviwonman relasyon ak resous atrav\u00e8 kominote nou yo. Politik leta ak lokal nou yo f\u00f2me anviw\u00f2nman sa yo. Chak politik nou tabli ta dwe ankouraje devlopman an sante epi redwi fado ki pa neses\u00e8 sou timoun ak granmoun yo nan lavi yo.<\/p>\n<p>Maryland Essentials for Childhood konsantre sou sis dom\u00e8n politik ki gen yon ef\u00e8 pwouve, pwisan sou devlopman timoun ak adolesan. <\/p>\n<figure itemscope itemtype=\"https:\/\/schema.org\/ImageObject\">\n\t\t\t\t<img decoding=\"async\" src=\"https:\/\/marylandefc.org\/wp-content\/uploads\/2024\/02\/FinancialAssistance_EFC_icon.svg\" alt=\"Strengthen economic supports icon with hand and heart with money\" height=\"376\" width=\"376\" title=\"FinancialAssistance_EFC_icon\" onerror=\"this.style.display='none'\" loading=\"lazy\" \/>\n\t<\/figure>\n\t<h2>Ranf\u00f2se sip\u00f2 ekonomik pou fanmi yo.<\/h2>\n\t<p>Difikilte finansye se yon sous enp\u00f2tan nan estr\u00e8s, ki ka lak\u00f2z oswa konpoze depresyon, enkyetid ak defi nan relasyon yo. L\u00e8 fanmi yo ak moun k ap bay swen yo anba gwo estr\u00e8s, sa ka tw\u00f2 chaje kapasite yo pou bay timoun yo yon anviwonman ki an sekirite, ki estab ak ankourajan. <\/p>\n<p>Yon l\u00f2t b\u00f2, r\u00e8gleman ki ranf\u00f2se sekirite finansy\u00e8 fanmi yo epi ki ogmante revni fanmi an ka diminye str\u00e8s epi ogmante kapasite fanmi yo pou satisf\u00e8 bezwen timoun yo. <\/p>\n<figure data-animation-delay=\"0\" data-animation-duration=\"1\" itemscope itemtype=\"https:\/\/schema.org\/ImageObject\">\n\t\t\t\t<img decoding=\"async\" src=\"https:\/\/marylandefc.org\/wp-content\/uploads\/2024\/02\/Community-farm-workers.jpg\" alt=\"Community farm workers\" height=\"800\" width=\"1200\" title=\"Travay\u00e8 f\u00e8m kominot\u00e8 yo\" onerror=\"this.style.display='none'\" loading=\"lazy\" \/>\n\t<\/figure>\n<figure data-animation-delay=\"0\" data-animation-duration=\"1\" itemscope itemtype=\"https:\/\/schema.org\/ImageObject\">\n\t\t\t\t<img decoding=\"async\" src=\"https:\/\/marylandefc.org\/wp-content\/uploads\/2024\/02\/Child-care-teacher-ensuring-a-strong-start-for-children.jpg\" alt=\"Child care teacher working with young students at a table\" height=\"800\" width=\"1200\" title=\"Pwofes\u00e8 gadri pou timoun yo asire yon bon demaraj pou timoun yo\" onerror=\"this.style.display='none'\" loading=\"lazy\" \/>\n\t<\/figure>\n<figure itemscope itemtype=\"https:\/\/schema.org\/ImageObject\">\n\t\t\t\t<img decoding=\"async\" src=\"https:\/\/marylandefc.org\/wp-content\/uploads\/2024\/02\/MEC-Icons_v2_strong-start.svg\" alt=\"Ensure strong start icon with baby carriage and family\" height=\"300\" width=\"300\" title=\"MEC-Icons_v2_strong-start\" onerror=\"this.style.display='none'\" loading=\"lazy\" \/>\n\t<\/figure>\n\t<h2>Asire yon demaraj f\u00f2 pou timoun yo.<\/h2>\n\t<p>Depi nan premye etap lavi yo, s\u00e8vo timoun yo ap bati apati ent\u00e8raksyon ak anviw\u00f2nman kote yo grandi, aprann epi jwe. Moun ak relasyon yo f\u00e8 pati anviw\u00f2nman timoun yo, tankou paran, fr\u00e8 ak s\u00e8, fanmi elaji, moun k ap pran swen timoun, moun k ap bay swen medikal ak plis ank\u00f2. <\/p>\nAnsanm, eksperyans ak ekspozisyon sa yo f\u00f2me kalite s\u00e8vo a. <a href=\"\/ht\/grownups\/early-years\/\">achitekti<\/a> epi etabli swa yon fondasyon solid oswa yon fondasyon frajil pou tout aprantisaj, sante ak konp\u00f2tman ki swiv. Politik ak pwogram ki ankouraje achitekti s\u00e8vo ki solid ekipe timoun yo pou yo pwospere ak benefisye nou tout alont\u00e8m.<br \/>\n\n<figure itemscope itemtype=\"https:\/\/schema.org\/ImageObject\">\n\t\t\t\t<img decoding=\"async\" src=\"https:\/\/marylandefc.org\/wp-content\/uploads\/2024\/02\/MEC-Icons_v2_connect-to-adults-and-activities.svg\" alt=\"Connect youth to caring adults icon with two people holding hands\" height=\"300\" width=\"300\" title=\"MEC-Icons_v2_konekte ak granmoun ak aktivite\" onerror=\"this.style.display='none'\" loading=\"lazy\" \/>\n\t<\/figure>\n\t<h2>Konekte j\u00e8n yo ak granmoun k ap pran swen yo ak aktivite yo.<\/h2>\n\t<p>Koneksyon sere ak granmoun, tou pre kamarad yo ak kamarad yo ede j\u00e8n yo kiltive kapasite yo pou yo f\u00f2me pw\u00f2p lavi yo, bati det\u00e8minasyon ak pwospere. L\u00e8 j\u00e8n yo rankontre eksperyans oswa anviw\u00f2nman negatif, relasyon devlopman yo ka anpeche j\u00e8n moun yo kont ef\u00e8 negatif alont\u00e8m. <\/p>\nPolitik ak pwogram ki konekte j\u00e8n yo ak granmoun k ap pran swen yo ak aktivite ki gen objektif ede j\u00e8n yo dekouvri kiy\u00e8s yo ye, kiltive kapasite pou yo f\u00f2me pw\u00f2p lavi yo ak desten yo epi aprann kijan pou yo kontribiye pozitivman nan mond lan.<br \/>\n\n<figure data-animation-delay=\"0\" data-animation-duration=\"1\" itemscope itemtype=\"https:\/\/schema.org\/ImageObject\">\n\t\t\t\t<img decoding=\"async\" src=\"https:\/\/marylandefc.org\/wp-content\/uploads\/2024\/02\/Caring-adult-helping-a-child-with-ballet.jpg\" alt=\"Caring adult helping a child with ballet\" height=\"800\" width=\"1200\" title=\"Moun k ap pran swen granmoun k ap ede yon timoun ak bal\u00e8\" onerror=\"this.style.display='none'\" loading=\"lazy\" \/>\n\t<\/figure>\n<figure data-animation-delay=\"0\" data-animation-duration=\"1\" itemscope itemtype=\"https:\/\/schema.org\/ImageObject\">\n\t\t\t\t<img decoding=\"async\" src=\"https:\/\/marylandefc.org\/wp-content\/uploads\/2024\/02\/Doctor-talking-to-child-with-teddy-bear-helping-her-during-adversity.jpg\" alt=\"Doctor talking to child with teddy bear\" height=\"800\" width=\"1200\" title=\"Dokt\u00e8 ap pale ak timoun ak lous Teddy k ap ede l pandan difikilte\" onerror=\"this.style.display='none'\" loading=\"lazy\" \/>\n\t<\/figure>\n<figure itemscope itemtype=\"https:\/\/schema.org\/ImageObject\">\n\t\t\t\t<img decoding=\"async\" src=\"https:\/\/marylandefc.org\/wp-content\/uploads\/2024\/02\/MEC-Icons_v2_lessen-harm.svg\" alt=\"Lessen harm icon with heart on hand\" height=\"300\" width=\"300\" title=\"MEC-Icons_v2_diminye mal\" onerror=\"this.style.display='none'\" loading=\"lazy\" \/>\n\t<\/figure>\n\t<h2>Reponn responsab pou diminye mal.<\/h2>\n\t<p>L\u00e8 timoun ak j\u00e8n yo ap f\u00e8 fas ak gwo difikilte, nou gen yon responsablite pataje pou nou diminye enpak la. Gen anpil apw\u00f2ch pou f\u00e8 sa, men yo tout pati de lide debaz la ke ajoute sip\u00f2 pozitif ka konpanse pwa eksperyans negatif yo. Pandan ke li toujou pi bon pou anpeche difikilte rive depi nan k\u00f2mansman, nou pa ka toujou f\u00e8 sa. Se pout\u00e8t sa nou bezwen sist\u00e8m nou yo prepare pou reponn l\u00e8 ev\u00e8nman danjere rive. <\/p>\n<figure itemscope itemtype=\"https:\/\/schema.org\/ImageObject\">\n\t\t\t\t<img decoding=\"async\" src=\"https:\/\/marylandefc.org\/wp-content\/uploads\/2024\/02\/MEC-Icons_v3_protect.svg\" alt=\"Social norms icon with people and text messages\" height=\"281\" width=\"281\" title=\"MEC-Icons_v3_protect\" onerror=\"this.style.display='none'\" loading=\"lazy\" \/>\n\t<\/figure>\n\t<h2>Ankouraje n\u00f2m sosyal ki pwoteje j\u00e8n yo.<\/h2>\n<p>&nbsp;<\/p>\n\t<p>Temwen oswa sibi vyolans kapab patikily\u00e8man danjere pou j\u00e8n yo, epoutan li komen pou rankontre imaj ak atitid ki sijere ke se pa yon gwo pwobl\u00e8m. Li pa oblije konsa. Nou ka chanje n\u00f2m sosyal ki ekspoze timoun ak adolesan yo a vyolans, ostilite ak abi. <\/p>\n<p>Se pout\u00e8t sa nou sip\u00f2te apw\u00f2ch ki ankouraje bon lide sou relasyon ak pi bon fason pou rezoud konfli.<\/p>\n<figure data-animation-delay=\"0\" data-animation-duration=\"1\" itemscope itemtype=\"https:\/\/schema.org\/ImageObject\">\n\t\t\t\t<img decoding=\"async\" src=\"https:\/\/marylandefc.org\/wp-content\/uploads\/2024\/02\/Teens-taking-selfies-to-keep-up-with-social-norms.jpg\" alt=\"Teens taking selfies\" height=\"800\" width=\"1200\" title=\"Adolesan k ap pran selfie pou kenbe ak n\u00f2m sosyal yo\" onerror=\"this.style.display='none'\" loading=\"lazy\" \/>\n\t<\/figure>\n<figure data-animation-delay=\"0\" data-animation-duration=\"1\" itemscope itemtype=\"https:\/\/schema.org\/ImageObject\">\n\t\t\t\t<img decoding=\"async\" src=\"https:\/\/marylandefc.org\/wp-content\/uploads\/2024\/02\/Grandpa-teaching-his-child-mindfulness-skills.jpg\" alt=\"Grandpa teaching his grandchild mindfulness skills\" height=\"800\" width=\"1200\" title=\"Granpapa anseye pitit li konpetans atensyon\" onerror=\"this.style.display='none'\" loading=\"lazy\" \/>\n\t<\/figure>\n<figure itemscope itemtype=\"https:\/\/schema.org\/ImageObject\">\n\t\t\t\t<img decoding=\"async\" src=\"https:\/\/marylandefc.org\/wp-content\/uploads\/2024\/02\/MEC-Icons_v2_teach.svg\" alt=\"Teach skills icon with teacher at blackboard\" height=\"300\" width=\"300\" title=\"MEC-Icons_v2_teach\" onerror=\"this.style.display='none'\" loading=\"lazy\" \/>\n\t<\/figure>\n\t<h2>Anseye konpetans.<\/h2>\n\t<p>L\u00e8 timoun, adolesan ak paran yo aprann fason efikas pou jere estr\u00e8s, rezoud konfli ak jere emosyon yo ak konp\u00f2tman yo, yo pi byen ekipe pou jere sitiyasyon difisil yo nan fason ki an sekirite e ki an sante. <\/p>\n<p>Pwogram ki anseye konpetans sosyal ak emosyon\u00e8l yo te pwouve yo mennen nan mwens vyolans nan lek\u00f2l yo, pi gwo pwogr\u00e8 nan aprantisaj akademik ak pi estab, dinamik fanmi lap\u00e8.<\/p>","protected":false},"excerpt":{"rendered":"<p>POUKISA POLITIK YO ENP\u00d2TAN Politik yo f\u00f2me anviw\u00f2nman Timoun ak adolesan yo devlope nan yon anviw\u00f2nman ki gen relasyon ak resous nan tout kominote nou yo. R\u00e8gleman leta ak lokal nou yo f\u00f2me anviw\u00f2nman sa yo. Chak r\u00e8gleman nou etabli ta dwe ankouraje devlopman ki an sante epi diminye chay neses\u00e8 sou timoun yo ak granmoun ki nan lavi yo. Maryland Essentials for Childhood konsantre sou sis...<\/p>","protected":false},"author":1,"featured_media":27091,"parent":3255,"menu_order":0,"comment_status":"closed","ping_status":"closed","template":"","meta":{"footnotes":""},"class_list":["post-26563","page","type-page","status-publish","has-post-thumbnail","hentry"],"_links":{"self":[{"href":"https:\/\/marylandefc.org\/ht\/wp-json\/wp\/v2\/pages\/26563","targetHints":{"allow":["GET"]}}],"collection":[{"href":"https:\/\/marylandefc.org\/ht\/wp-json\/wp\/v2\/pages"}],"about":[{"href":"https:\/\/marylandefc.org\/ht\/wp-json\/wp\/v2\/types\/page"}],"author":[{"embeddable":true,"href":"https:\/\/marylandefc.org\/ht\/wp-json\/wp\/v2\/users\/1"}],"replies":[{"embeddable":true,"href":"https:\/\/marylandefc.org\/ht\/wp-json\/wp\/v2\/comments?post=26563"}],"version-history":[{"count":0,"href":"https:\/\/marylandefc.org\/ht\/wp-json\/wp\/v2\/pages\/26563\/revisions"}],"up":[{"embeddable":true,"href":"https:\/\/marylandefc.org\/ht\/wp-json\/wp\/v2\/pages\/3255"}],"wp:featuredmedia":[{"embeddable":true,"href":"https:\/\/marylandefc.org\/ht\/wp-json\/wp\/v2\/media\/27091"}],"wp:attachment":[{"href":"https:\/\/marylandefc.org\/ht\/wp-json\/wp\/v2\/media?parent=26563"}],"curies":[{"name":"wp","href":"https:\/\/api.w.org\/{rel}","templated":true}]}}