{"id":26565,"date":"2024-01-18T14:45:21","date_gmt":"2024-01-18T22:45:21","guid":{"rendered":"https:\/\/marylandefc.org\/?page_id=26565"},"modified":"2026-02-12T15:05:07","modified_gmt":"2026-02-12T23:05:07","slug":"timeline","status":"publish","type":"page","link":"https:\/\/marylandefc.org\/ht\/about\/timeline\/","title":{"rendered":"Timeline"},"content":{"rendered":"<figure itemscope itemtype=\"https:\/\/schema.org\/ImageObject\">\n\t\t\t\t<img decoding=\"async\" src=\"https:\/\/marylandefc.org\/wp-content\/uploads\/2024\/02\/Group-of-people-running-in-a-race.jpg\" alt=\"Group of people running in a race\" height=\"800\" width=\"1200\" title=\"Istwa EFC Maryland lan\" onerror=\"this.style.display='none'\" loading=\"lazy\" \/>\n\t<\/figure>\n\t<h1>ISTWA NOU<\/h1>\n\t<h2>Atrav\u00e8 ane yo<\/h2>\n<p>Maryland Essentials for Childhood te kreye an 2014, men etap yo nan inisyativ enpak kolektif sa a te k\u00f2manse pran f\u00f2m plizy\u00e8 deseni pi bon\u00e8.<\/p>\n\t<h3>1974<\/h3>\n<p>Lwa sou Prevansyon ak Tretman Abi sou Timoun (CAPTA) mete ann aplikasyon nan lwa Federal.<\/p>\n\t<h3>1999<\/h3>\n<p>Kons\u00e8y Eta sou Abi ak Neglijans sou Timoun (SCCAN) etabli pa Asanble Jeneral Maryland.<\/p>\n\t<h3>2006<\/h3>\n<p>SCCAN kreye Gwoup Travay Prevansyon.<\/p>\n\t<h3>2007-2009<\/h3>\n<p>SCCAN&#8217;s Prevention Workgroup team participates in The PREVENT Child Maltreatment Institute funded by the Doris Duke Foundation and the CDC.<\/p>\n\t<h3>2012<\/h3>\n<p>SCCAN adopte objektif CDC Essentials for Childhood pou dirije travay li.<\/p>\n\t<h3>2014<\/h3>\n<p>Komite Prevansyon SCCAN elaji epi li vin Maryland Essentials for Childhood. SCCAN ak Family Tree dak\u00f2 pou s\u00e8vi k\u00f2m \u00f2ganizasyon prensipal yo.<\/p>\n\t<h3>2015<\/h3>\n<p>Maryland k\u00f2manse kolekte <a href=\"https:\/\/health.maryland.gov\/phpa\/ccdpc\/Reports\/Documents\/MD-BRFSS\/2018%20Maryland%20BRFSS%20-%20ACEs%20by%20County%20-%201-29-2020.pdf\" target=\"_blank\" rel=\"noopener\">Done ACE yo<\/a> nan Sondaj Fakt\u00e8 Risk Konp\u00f2tman li yo.<\/p>\n\t<h3>2017<\/h3>\n<p>Maryland&#8217;s <a href=\"https:\/\/marylandefc.org\/ht\/get-involved\/ace-impact\/\">Pwoj\u00e8 ent\u00e8fas ACE<\/a> inisye.<\/p>\n\t<h3>2018<\/h3>\n<p>Maryland k\u00f2manse kolekte done PACEs nan li <a href=\"https:\/\/health.maryland.gov\/phpa\/ccdpc\/Reports\/Pages\/YRBS-Main.aspx\" target=\"_blank\" rel=\"noopener\">Sondaj sou Konp\u00f2tman Risk nan J\u00e8n yo\/Ank\u00e8t sou Tabak nan J\u00e8n yo.<\/a><\/p>\n\t<h3>2019<\/h3>\n<p>Maryland Essentials for Childhood gen tout pouvwa a <a href=\"https:\/\/marylandefc.org\/ht\/policy\/informing-policy\/\">ACEs tab wonn<\/a> pou Manm Asanble Jeneral Maryland yo.<\/p>\n\t<h3>2020<\/h3>\n<p>Gwoup Travay Ekite Rasyal ak Ekip Aksyon pou Rezilyans Timoun yo te f\u00f2me.<\/p>\n\t<h3>2020-2021<\/h3>\n<p>SCCAN and other state agency partners participate in the National Governors Association&#8217;s ACEs State Learning Collaborative.<\/p>\n\t<h3>2021<\/h3>\n<p>Gouv\u00e8n\u00e8 bay Dekr\u00e8 Egzekitif ACE yo epi Asanble Jeneral la etabli <a href=\"https:\/\/goccp.maryland.gov\/councils-commissions-and-workgroups\/commission-on-trauma-informed-care\/\" target=\"_blank\" rel=\"noopener\">Maryland Trauma-Informed Care Commission.<\/a><\/p>\n\t<h3>2022<\/h3>\n<p>Rezo Enf\u00f2masyon Maryland lan, ki bay s\u00e8vis 211 yo pouvwa nan Maryland, rantre nan The Family Tree ak SCCAN k\u00f2m yon \u00f2ganizasyon prensipal.<\/p>\n\t<h3>2024<\/h3>\n<p>Maryland Essentials for Childhood chanje mak ak lanse nouvo <a href=\"https:\/\/marylandefc.org\/ht\/grownups\/\">Kit zouti pou bati s\u00e8vo<\/a>.<\/p>\n\t<h3>2026<\/h3>\n<p>Prevent Child Abuse America prezante Maryland Essentials for Childhood k\u00f2m yon <a href=\"https:\/\/preventchildabuse.org\/wp-content\/uploads\/2025\/12\/EfC-Case-Study-Nov-2025.pdf\" target=\"_blank\" rel=\"noopener\">etid ka<\/a> nan <em>Koneksyon Esansy\u00e8l<\/em>.<\/p>","protected":false},"excerpt":{"rendered":"<p>OUR HISTORY Through the Years Maryland Essentials for Childhood was created in 2014, but the stepping stones to this collective impact initiative began taking shape decades earlier. 1974 Child Abuse Prevention &amp; Treatment Act (CAPTA) enacted into Federal law. 1999 State Council on Child Abuse and Neglect (SCCAN) established by the Maryland General Assembly. 2006&hellip;<\/p>","protected":false},"author":1,"featured_media":27091,"parent":25,"menu_order":0,"comment_status":"closed","ping_status":"closed","template":"","meta":{"footnotes":""},"class_list":["post-26565","page","type-page","status-publish","has-post-thumbnail","hentry"],"_links":{"self":[{"href":"https:\/\/marylandefc.org\/ht\/wp-json\/wp\/v2\/pages\/26565","targetHints":{"allow":["GET"]}}],"collection":[{"href":"https:\/\/marylandefc.org\/ht\/wp-json\/wp\/v2\/pages"}],"about":[{"href":"https:\/\/marylandefc.org\/ht\/wp-json\/wp\/v2\/types\/page"}],"author":[{"embeddable":true,"href":"https:\/\/marylandefc.org\/ht\/wp-json\/wp\/v2\/users\/1"}],"replies":[{"embeddable":true,"href":"https:\/\/marylandefc.org\/ht\/wp-json\/wp\/v2\/comments?post=26565"}],"version-history":[{"count":0,"href":"https:\/\/marylandefc.org\/ht\/wp-json\/wp\/v2\/pages\/26565\/revisions"}],"up":[{"embeddable":true,"href":"https:\/\/marylandefc.org\/ht\/wp-json\/wp\/v2\/pages\/25"}],"wp:featuredmedia":[{"embeddable":true,"href":"https:\/\/marylandefc.org\/ht\/wp-json\/wp\/v2\/media\/27091"}],"wp:attachment":[{"href":"https:\/\/marylandefc.org\/ht\/wp-json\/wp\/v2\/media?parent=26565"}],"curies":[{"name":"wp","href":"https:\/\/api.w.org\/{rel}","templated":true}]}}