{"id":26567,"date":"2024-01-18T14:45:51","date_gmt":"2024-01-18T22:45:51","guid":{"rendered":"https:\/\/marylandefc.org\/?page_id=26567"},"modified":"2024-03-08T01:05:00","modified_gmt":"2024-03-08T09:05:00","slug":"legislative-action","status":"publish","type":"page","link":"https:\/\/marylandefc.org\/ht\/policy\/legislative-action\/","title":{"rendered":"Aksyon Lejislatif"},"content":{"rendered":"<img loading=\"lazy\" decoding=\"async\" src=\"https:\/\/marylandefc.org\/wp-content\/uploads\/2024\/02\/Clippinger-Paid-Family-Leave-Act.jpg\" alt=\"Clippinger Paid Family Leave Act\" itemprop=\"image\" height=\"800\" width=\"1200\" title=\"Lwa sou Konje Fanmi Peye Clippinger\" onerror=\"this.style.display='none'\"  \/>\n\t<h1>AKSYON LEJISLATIF<\/h1>\n\t<h2>Siks\u00e8 politik<\/h2>\n<p>Maryland Essentials for Childhoods travay san pran souf ak patn\u00e8 nou yo, gwoup kominot\u00e8 yo ak l\u00f2t kowalisyon dirijan yo ap defann lejislasyon ak aksyon egzekitif ki travay pou adrese objektif politik nou yo. Nou fy\u00e8 de travay Maryland te f\u00e8 a epi n ap tann pou n kontinye bati sou siks\u00e8 sa yo. <\/p>\n<h3>\n\t\tKalandriye sa a reflete lejislasyon ki te pase nan Asanble Jeneral Maryland la.\n\t<\/h3>\n\t<h4>2012:\u00a0<a href=\"https:\/\/legiscan.com\/MD\/bill\/SB566\/2012\" target=\"_blank\" rel=\"noopener\">Lwa 2012 sou SB 566 pou vizite kay la<\/a><\/h4>\n<p>Requires the State to fund only evidence-based and promising home visiting programs for improving parent and child outcomes; and, requires regular reports by home visiting programs and the Governor&#8217;s Office for Children.<\/p>\n\t<h4>2016:\u00a0<a href=\"https:\/\/legiscan.com\/MD\/bill\/HB72\/2016\" target=\"_blank\" rel=\"noopener\">Sexual Abuse and Assault Awareness and Prevention Program &#8211; Development and Implementation HB 72<\/a><\/h4>\n<p>Known as Erin&#8217;s Law, it requires age-appropriate education for school-age students on awareness and prevention of sexual abuse and assault. <\/p>\n\t<h4>2017: <a href=\"https:\/\/legiscan.com\/MD\/bill\/HB1\/2017\" target=\"_blank\" rel=\"noopener\">Maryland Healthy Working Families Act HB 1<\/a><\/h4>\n<p>Egzije anplway\u00e8 ki gen 15 anplwaye oswa plis pou bay anplwaye yo konje maladi ak sekirite; ak anplway\u00e8 ki gen 14 anplwaye oswa mwens pou bay konje maladi ak sekirite ki pa peye.<\/p>\n\t<h4>2018: <a href=\"https:\/\/legiscan.com\/MD\/bill\/HB1072\/2018\" target=\"_blank\" rel=\"noopener\">Child Sexual Abuse Prevention &#8211; Instruction and Training HB 1072<\/a><\/h4>\n<p>Egzije tout lek\u00f2l ki resevwa finansman leta pou bay tout anplwaye f\u00f2masyon chak ane sou prevansyon, idantifikasyon ak rap\u00f2 sou abi seksy\u00e8l sou timoun.<\/p>\n\t<h4><a href=\"https:\/\/legiscan.com\/MD\/bill\/HB1582\/2018\" target=\"_blank\" rel=\"noopener\">2018: Direkt\u00e8 Medikal pou Byenn\u00e8t Timoun HB 1582<\/a><\/h4>\n<p>Etabli yon Direkt\u00e8 Medikal Eta pou timoun k ap resevwa S\u00e8vis Byenn\u00e8t Timoun ak etablisman yon pwogram siveyans swen sante santralize ak konpl\u00e8. <\/p>\n\t<h4><a href=\"https:\/\/legiscan.com\/MD\/bill\/HB486\/2019\" target=\"_blank\" rel=\"noopener\">2019: SESAME (Sispann Move Konduit ak Eksplwatasyon Abi Seksy\u00e8l Edikat\u00e8) HB 486 \/ SB 541<\/a><\/h4>\n<p>Establishes requirements for school personnel that identify applicants who&#8217;ve been the subject of sexual abuse or sexual misconduct involving a child.<\/p>\n\t<h4><a href=\"https:\/\/legiscan.com\/MD\/bill\/SB567\/2019\" target=\"_blank\" rel=\"noopener\">2019: Gwoup Travay pou etidye Pwosedi Tribinal pou Garde Timoun ki enplike abi sou timoun oswa akizasyon vyolans nan kay SB 567<\/a><\/h4>\n<p>Etabli yon Gwoup Travay pou etidye pwosedi tribinal gad timoun ki enplike akizasyon vyolans domestik abi sou timoun. <\/p>\n\t<h4>2019: <a href=\"https:\/\/legiscan.com\/MD\/bill\/HB166\/2019\" target=\"_blank\" rel=\"noopener\">Payment of Wages &#8211; Minimum Wage HB 166<\/a><\/h4>\n<p>Known as the &#8220;Fight for $15&#8221;, proposed an annual increase in the state&#8217;s minimum wage to reach $15 per hour in 2025. <i>N\u00f2t:<\/i> <a href=\"https:\/\/legiscan.com\/MD\/bill\/SB555\/2023\" target=\"_blank\" rel=\"noopener\">Lwa sou Sal\u00e8 Ekitab 2023 SB 555<\/a> akselere del\u00e8 a. <\/p>\n\t<h4><a href=\"https:\/\/legiscan.com\/MD\/bill\/HB1007\/2019\" target=\"_blank\" rel=\"noopener\">2019: Child Advocacy Center &#8211; Expansion<\/a><\/h4>\n<p>Requires the Governor&#8217;s Office on Crime Control and Prevention to provide every child access to an accredited child advocacy center. <\/p>\n\t<h4><a href=\"https:\/\/legiscan.com\/MD\/bill\/HB277\/2020\" target=\"_blank\" rel=\"noopener\">2020: Gid sou Apw\u00f2ch Ch\u00f2k Enf\u00f2me HB 277<\/a><\/h4>\n<p>Egzije Depatman Edikasyon Maryland pou etabli direktiv sou yon apw\u00f2ch ki enf\u00f2me sou ch\u00f2k epi distribye yo bay distri lek\u00f2l yo. <\/p>\n\t<h4><a href=\"https:\/\/legiscan.com\/MD\/bill\/HB548\/2021\" target=\"_blank\" rel=\"noopener\">2021: Trauma Informed Care Commission and Training (Healing Maryland&#8217;s Trauma Act) HB 548 \/ SB 299<\/a><\/h4>\n<p>Etabli yon komisyon pou kow\u00f2done inisyativ ki bay priyorite s\u00e8vis Leta ki reponn ak ch\u00f2k yo epi ki enf\u00f2me sou ch\u00f2k yo.<\/p>\n\t<h4><a href=\"https:\/\/legiscan.com\/MD\/bill\/HB771\/2021\" target=\"_blank\" rel=\"noopener\">2021: Centers for Disease Control and Prevention Surveys &#8211; Revisions HB 771 \/ SB 548<\/a><\/h4>\n<p>Egzije Depatman Edikasyon Eta a, ak Depatman Sante a, pou mete omwen senk kesyon sou ACE\/PACE nan Sondaj Risk Konp\u00f2tman J\u00e8n yo (YRBS) <\/p>\n\t<h4><a href=\"https:\/\/legiscan.com\/MD\/bill\/HB258\/2021\" target=\"_blank\" rel=\"noopener\">2021: State Child Welfare System &#8211; Reporting HB 258 \/ SB 592<\/a><\/h4>\n<p>Egzije Depatman S\u00e8vis Imen Maryland ak Depatman Edikasyon pou bay done dezagregasyon sou rezilta pou timoun ak j\u00e8n nan sist\u00e8m byenn\u00e8t timoun nan. <\/p>\n\t<h4><a href=\"https:\/\/legiscan.com\/MD\/bill\/SB275\/2022\" target=\"_blank\" rel=\"noopener\">2022: Pwogram Asirans Konje Fanmi ak Medikal SB 275<\/a><\/h4>\n<p>Lwa tan pou pran swen an etabli yon pwogram asirans pou bay 12 sem\u00e8n konje peye chak ane pou anplwaye ki bay swen yon tibebe ki f\u00e8k f\u00e8t oswa yon manm fanmi ki gen yon pwobl\u00e8m medikal.<\/p>\n<p><a href=\"https:\/\/marylandefc.org\/ht\/policy\/recent-impact\/\">Li plis sou d\u00e8nye siks\u00e8 politik sa a.<\/a><\/p>\n\t<h4><a href=\"https:\/\/legiscan.com\/MD\/bill\/HB561\/2022\" target=\"_blank\" rel=\"noopener\">2022: Child Custody &#8211; Cases Involving Child Abuse or Domestic Violence &#8211; Training for Judges HB 561\/ SB 17<\/a><\/h4>\n<p>Egzije Lajistis Maryland la devlope yon pwogram f\u00f2masyon pou jij ki prezide ka gad timoun ki enplike abi sou timoun ak vyolans domestik.\u00a0 <\/p>\n\t<h4><a href=\"https:\/\/legiscan.com\/MD\/bill\/HB001\/2023\" target=\"_blank\" rel=\"noopener\">2023: Child Sexual Abuse &#8211; Definition, Damages, and Statute of Limitations (The Child Victims Act of 2023) HB 01 \/ SB 686<\/a><\/h4>\n<p>Anilasyon lwa sivil limitasyon nan ka abi seksy\u00e8l sou timoun epi li bay aplikasyon retwoaktif lwa a.\u00a0 <\/p>\n<p><a href=\"\/ht\/policy\/recent-impact\/\">Aprann plis sou d\u00e8nye siks\u00e8 politik sa a.<\/a><\/p>","protected":false},"excerpt":{"rendered":"<p>LEGISLATIVE ACTION Policy Success Maryland Essentials for Childhoods works tirelessly with our partners, community groups and other leading coalitions championing legislation and executive action that works to address our policy goals. We are proud of the work that Maryland has done and look forward to continuing to build on these successes. This timeline reflects legislation&hellip;<\/p>","protected":false},"author":1,"featured_media":26994,"parent":3255,"menu_order":0,"comment_status":"closed","ping_status":"closed","template":"","meta":{"footnotes":""},"class_list":["post-26567","page","type-page","status-publish","has-post-thumbnail","hentry"],"_links":{"self":[{"href":"https:\/\/marylandefc.org\/ht\/wp-json\/wp\/v2\/pages\/26567","targetHints":{"allow":["GET"]}}],"collection":[{"href":"https:\/\/marylandefc.org\/ht\/wp-json\/wp\/v2\/pages"}],"about":[{"href":"https:\/\/marylandefc.org\/ht\/wp-json\/wp\/v2\/types\/page"}],"author":[{"embeddable":true,"href":"https:\/\/marylandefc.org\/ht\/wp-json\/wp\/v2\/users\/1"}],"replies":[{"embeddable":true,"href":"https:\/\/marylandefc.org\/ht\/wp-json\/wp\/v2\/comments?post=26567"}],"version-history":[{"count":0,"href":"https:\/\/marylandefc.org\/ht\/wp-json\/wp\/v2\/pages\/26567\/revisions"}],"up":[{"embeddable":true,"href":"https:\/\/marylandefc.org\/ht\/wp-json\/wp\/v2\/pages\/3255"}],"wp:featuredmedia":[{"embeddable":true,"href":"https:\/\/marylandefc.org\/ht\/wp-json\/wp\/v2\/media\/26994"}],"wp:attachment":[{"href":"https:\/\/marylandefc.org\/ht\/wp-json\/wp\/v2\/media?parent=26567"}],"curies":[{"name":"wp","href":"https:\/\/api.w.org\/{rel}","templated":true}]}}