{"id":26571,"date":"2024-01-18T14:46:42","date_gmt":"2024-01-18T22:46:42","guid":{"rendered":"https:\/\/marylandefc.org\/?page_id=26571"},"modified":"2026-02-12T15:27:27","modified_gmt":"2026-02-12T23:27:27","slug":"partners","status":"publish","type":"page","link":"https:\/\/marylandefc.org\/ht\/partners\/","title":{"rendered":"Patn\u00e8"},"content":{"rendered":"<figure itemscope itemtype=\"https:\/\/schema.org\/ImageObject\">\n\t\t\t\t<img decoding=\"async\" src=\"https:\/\/marylandefc.org\/wp-content\/uploads\/2024\/02\/Panoramic-view-of-Baltimore-Harbor.jpg\" alt=\"Baltimore Harbor panoramic view\" height=\"800\" width=\"1200\" title=\"View panoramique nan Baltimore Harbour\" onerror=\"this.style.display='none'\" loading=\"lazy\" \/>\n\t<\/figure>\n\t<h1>PAT\u00c8<\/h1>\n\t<h2>Travay ansanm pou reyalize vizyon nou pataje<\/h2>\n<p>Maryland Essentials for Childhood (EFC) se yon inisyativ enpak kolektif nan tout eta a ak yon vizyon pataje ak etap aksyon pou atenn objektif nou yo. Travay nou an se yon ef\u00f2 kolaborasyon atrav\u00e8 tout sekt\u00e8 yo. Senpleman mete, san patn\u00e8 nou yo angaje nan pwosesis la, vizyon an pa reyalize. <\/p>\n\t\t<h3>Ajoute Resous ou a<\/h3>\n\t\t<p>If you&#8217;re an engaged community member, we invite you to join the <a href=\"http:\/\/search.marylandefc.org\" target=\"_blank\" rel=\"noopener\">Baz done resous Maryland EFC<\/a>. Sa a se yon zouti rapid ak fasil pou granmoun yo jwenn resous kominot\u00e8 ak sip\u00f2 pa k\u00f2d postal. <\/p>\n<p>\u00d2ganizasyon kol\u00f2n v\u00e8tebral nou an, Maryland Information Network (MdInfoNet), se baz done resous nan tout eta a. <\/p>\n<ul>\n<li>Li yo <a href=\"https:\/\/211md.org\/inclusion-policy\/\" target=\"_blank\" rel=\"noopener\">politik enklizyon<\/a>. <\/li>\n<li><a href=\"https:\/\/na0.icarol.com\/pub\/VerifyResourcePublic2.aspx?org=179545&amp;r=0&amp;k=bca9005c-d545-4f61-bc96-457c8b802002\" target=\"_blank\" rel=\"noopener\">Submit your agency\/organization&#8217;s information<\/a>. <\/li>\n<li>If you&#8217;re already in the database and need to update your information, <a href=\"mailto:resources@211md.org, info@marylandefc.org\">im\u00e8l MdInfoNet<\/a>.<\/li>\n<\/ul>\n<p>\u00c8ske w ap ch\u00e8che fason pou aprann plis sou det\u00e8minasyon ak syans ACE yo pou pi byen konprann ak amelyore kominote w la? Patisipe nan inisyativ nou an. <\/p>\n\t\t\t<a href=\"\/ht\/get-involved\/\"  target=\"_self\">\n\t\t\t\t\t\t\tPran Aksyon\n\t\t\t\t\t<\/a>\n<figure data-animation-delay=\"0\" data-animation-duration=\"1\" itemscope itemtype=\"https:\/\/schema.org\/ImageObject\">\n\t\t\t\t<img decoding=\"async\" src=\"https:\/\/marylandefc.org\/wp-content\/uploads\/2025\/02\/Maryland-EFC-Resource-Database-Mockup.jpg\" alt=\"Maryland EFC Resource Database Mockup\" height=\"564\" width=\"1024\" title=\"Mockup baz done resous Maryland EFC\" onerror=\"this.style.display='none'\" loading=\"lazy\" \/>\n\t<\/figure>\n<figure data-animation-delay=\"0\" data-animation-duration=\"1\" itemscope itemtype=\"https:\/\/schema.org\/ImageObject\">\n\t\t\t\t<img decoding=\"async\" src=\"https:\/\/marylandefc.org\/wp-content\/uploads\/2025\/09\/Outreach-Postcards.jpg\" alt=\"Outreach Postcards\" height=\"2560\" width=\"1932\" title=\"Kat postal pou kontak\" onerror=\"this.style.display='none'\" loading=\"lazy\" \/>\n\t<\/figure>\n\t\t<h3>Mande Zouti Dijital<\/h3>\n\t\t<p>Jwenn yon fichye dijital ou ka telechaje pou enf\u00f2me granmoun yo sou Twous Zouti pou Devlope S\u00e8vo a ak Vroom.<\/p>\n\t\t\t<a href=\"mailto:%20info@marylandefc.org\"  target=\"_blank\" rel=\"noopener\">\n\t\t\t\t\t\t\tVoye yon im\u00e8l ba nou.\n\t\t\t\t\t<\/a>\n\t<h2>Patisipe nan yon reyinyon<\/h2>\n\t<p>Reyinyon EFC yo ouvri pou patn\u00e8 nou yo ak manm kominote yo, nou akeyi gen div\u00e8s vwa sou tab la epi bay tout moun op\u00f2tinite pou patisipe nan gwoup travay ak konv\u00e8sasyon reflechi.\u00a0<\/p>\n\t\t\t<a href=\"\/ht\/partners\/meetings-reports\/\"  target=\"_self\">\n\t\t\t\t\t\t\tPatisipe nan yon reyinyon\n\t\t\t\t\t<\/a>\n<figure data-animation-delay=\"0\" data-animation-duration=\"1\" itemscope itemtype=\"https:\/\/schema.org\/ImageObject\">\n\t\t\t\t<img decoding=\"async\" src=\"https:\/\/marylandefc.org\/wp-content\/uploads\/2024\/02\/Shauna-and-Jess-Safe-Babies-Court-Courtesy-Zero-To-Three.jpg\" alt=\"Safe Babies Court\" height=\"900\" width=\"1200\" title=\"Shauna-ak-Jess-Safe-Babies-Courtesy-Zero-To-Three\" onerror=\"this.style.display='none'\" loading=\"lazy\" \/>\n\t<\/figure>\n\t<h2>Vin yon patn\u00e8<\/h2>\n\t<p>Do your organization&#8217;s mission and values align with ours? Are you working to promote <a href=\"https:\/\/marylandefc.org\/ht\/grownups\/protective-factors\/\">eksperyans pozitif timoun<\/a>, anpeche ACE yo rive oswa travay pou bese enpak ch\u00f2k timoun yo? <\/p>\n<p>Then join us as a partner organization to strengthen our statewide efforts. Leave your information in the form below, and we&#8217;ll be in contact soon.<\/p>\n<figure data-animation-delay=\"0\" data-animation-duration=\"1\" itemscope itemtype=\"https:\/\/schema.org\/ImageObject\">\n\t\t\t\t<img decoding=\"async\" src=\"https:\/\/marylandefc.org\/wp-content\/uploads\/2024\/02\/Healing-City-Baltimore-Resource-Fair.jpg\" alt=\"Healing City Baltimore Resource Fair\" height=\"800\" width=\"1200\" title=\"Healing City Baltimore Resous Fair\" onerror=\"this.style.display='none'\" loading=\"lazy\" \/>\n\t<\/figure>","protected":false},"excerpt":{"rendered":"<p>PARTNERS Working Together to Achieve Our Shared Vision Maryland Essentials for Childhood (EFC) is a statewide collective impact initiative with a shared vision and actionable steps to meet our goals. Our work is a collaborative effort across all sectors. Simply put, without our partners engaging in the process, the vision is not achieved. Add Your&hellip;<\/p>","protected":false},"author":1,"featured_media":27676,"parent":0,"menu_order":0,"comment_status":"closed","ping_status":"closed","template":"","meta":{"footnotes":""},"class_list":["post-26571","page","type-page","status-publish","has-post-thumbnail","hentry"],"_links":{"self":[{"href":"https:\/\/marylandefc.org\/ht\/wp-json\/wp\/v2\/pages\/26571","targetHints":{"allow":["GET"]}}],"collection":[{"href":"https:\/\/marylandefc.org\/ht\/wp-json\/wp\/v2\/pages"}],"about":[{"href":"https:\/\/marylandefc.org\/ht\/wp-json\/wp\/v2\/types\/page"}],"author":[{"embeddable":true,"href":"https:\/\/marylandefc.org\/ht\/wp-json\/wp\/v2\/users\/1"}],"replies":[{"embeddable":true,"href":"https:\/\/marylandefc.org\/ht\/wp-json\/wp\/v2\/comments?post=26571"}],"version-history":[{"count":0,"href":"https:\/\/marylandefc.org\/ht\/wp-json\/wp\/v2\/pages\/26571\/revisions"}],"wp:featuredmedia":[{"embeddable":true,"href":"https:\/\/marylandefc.org\/ht\/wp-json\/wp\/v2\/media\/27676"}],"wp:attachment":[{"href":"https:\/\/marylandefc.org\/ht\/wp-json\/wp\/v2\/media?parent=26571"}],"curies":[{"name":"wp","href":"https:\/\/api.w.org\/{rel}","templated":true}]}}