{"id":26577,"date":"2024-01-18T14:47:26","date_gmt":"2024-01-18T22:47:26","guid":{"rendered":"https:\/\/marylandefc.org\/?page_id=26577"},"modified":"2026-01-12T11:56:20","modified_gmt":"2026-01-12T19:56:20","slug":"meetings-reports","status":"publish","type":"page","link":"https:\/\/marylandefc.org\/ht\/get-involved\/meetings-reports\/","title":{"rendered":"Reyinyon ak Rap\u00f2"},"content":{"rendered":"<img decoding=\"async\" src=\"https:\/\/marylandefc.org\/wp-content\/uploads\/2024\/02\/AACF-Safe-Babies-Court-Courtesy-Zero-to-Three.jpg\" alt=\"AACF Safe Babies Court\" itemprop=\"image\" height=\"1440\" width=\"1920\" title=\"AACF Safe Babies Court Koutwazi Zewo a Twa\" onerror=\"this.style.display='none'\" loading=\"lazy\" \/>\n\t<h1>REYINYON AK RAP\u00d2<\/h1>\n\t<h2>Ale, li epi pataje<\/h2>\n<p>Nou envite w patisipe nan reyinyon nou yo, li rap\u00f2 any\u00e8l nou yo epi pataje enf\u00f2masyon yo ak k\u00f2l\u00e8g ou yo. Ansanm, nou ka grandi rezo patn\u00e8 nou an pou ranf\u00f2se ef\u00f2 nou yo epi f\u00e8 Maryland pi devan. <\/p>\n\t<h3>Ale nan yon Reyinyon<\/h3>\n<p>EFC reyini nan premye jedi s\u00e8ten mwa, alt\u00e8nativman ak reyinyon chak mwa pou Maryland State Council on Child Abuse and Neglect (SCCAN). <\/p>\n<p>Meetings may be held either virtually or in-person from 1:00 &#8211; 3:00PM (EST).\u00a0<\/p>\n<p>Mwa Reyinyon yo: 5 Fevriye | 2 Avril | 4 Jen | 1ye Okt\u00f2b | 3 Desanm<\/p>\n<p>Reyinyon yo ouvri pou manm kominote yo ak \u00f2ganizasyon patn\u00e8 yo. Tanpri <a href=\"https:\/\/marylandefc.org\/ht\/contact\/\">kontakte nou<\/a> pou resevwa mizajou imel nou yo.\u00a0<\/p>\n<p>&nbsp;<\/p>\n\t\t\t\t<img decoding=\"async\" src=\"https:\/\/marylandefc.org\/wp-content\/uploads\/2019\/01\/SCCAN-LOGO-CLEAR.png\" alt=\"SCCAN logo\" itemprop=\"image\" height=\"333\" width=\"579\" title=\"SCCAN LOGO KLE\" onerror=\"this.style.display='none'\" loading=\"lazy\" \/>\n\t<h3>Li Rap\u00f2 SCCAN yo<\/h3>\n\t<p><strong>Maryland SCCAN<\/strong> bay yon rap\u00f2 any\u00e8l bay Gouv\u00e8n\u00e8 a ak Asanble Jeneral la pou bay yon kad pou travay Kons\u00e8y la konplete epi pou f\u00e8 rek\u00f2mandasyon pou avanse travay la. Nan rap\u00f2 any\u00e8l sa yo gen mizajou sou aktivite Maryland EFC ak ef\u00f2 nou pataje pou ane sa a. <\/p>\n\t<h3>Rap\u00f2 Any\u00e8l<\/h3>\n\t\t\t<a href=\"\/wp-content\/uploads\/2025\/01\/2022-2023-Annual-Report-Final.pdf\" target=\"_blank\" rel=\"noopener\">\n\t\t\t\t\t\t2022 &#8211; 2023 SCCAN Annual Report\n\t\t\t\t\t<\/a>\n\t\t\t<a href=\"\/wp-content\/uploads\/2024\/02\/MSAR-5519-2021_FL5-7A-09b_DHS_State-Council-on-Child-Abuse-and-Neglect-SCCAN-2020-2021-Annual-Report.pdf\" target=\"_blank\" rel=\"noopener\">\n\t\t\t\t\t\t2020 &#8211; 2021 SCCAN Annual Report\n\t\t\t\t\t<\/a>\n\t\t\t<a href=\"https:\/\/marylandefc.org\/wp-content\/uploads\/2024\/02\/2019-SCCAN-Annual-Report-with-Appendices-FINAL-Report-Approved.pdf\" target=\"_blank\" rel=\"noopener\">\n\t\t\t\t\t\tRap\u00f2 Any\u00e8l SCCAN 2019\n\t\t\t\t\t<\/a>\n\t\t\t<a href=\"\/wp-content\/uploads\/2024\/02\/2018-SCCAN-Annual-Report-FINAL-_6-28-2019.pdf\" target=\"_blank\" rel=\"noopener\">\n\t\t\t\t\t\tRap\u00f2 Any\u00e8l SCCAN 2018\n\t\t\t\t\t<\/a>\n\t\t\t<a href=\"\/wp-content\/uploads\/2024\/02\/FINAL-1-2017-SCCAN-Annual-Report-7-12-18-1.pdf\" target=\"_blank\" rel=\"noopener\">\n\t\t\t\t\t\tRap\u00f2 Any\u00e8l SCCAN 2017\n\t\t\t\t\t<\/a>\n\t\t\t\t<img decoding=\"async\" src=\"https:\/\/marylandefc.org\/wp-content\/uploads\/2024\/02\/Girls-on-a-mission-raking-leaves.jpg\" alt=\"Girls on a mission raking leaves\" itemprop=\"image\" height=\"800\" width=\"1200\" title=\"Ti fi nan yon misyon ratile f\u00e8y\" onerror=\"this.style.display='none'\" loading=\"lazy\" \/>\n\t<h3>Pataje Done<\/h3>\n\t<p>Ansanm ak pif\u00f2 eta yo, Maryland patisipe nan Sondaj sou Konp\u00f2tman Risk pou J\u00e8n CDC (YRBS) ak Sondaj sou Tabak pou J\u00e8n yo (YTS).<\/p>\n<p>Maryland YRBS\/YTS f\u00e8 sondaj anonim sou el\u00e8v ki nan lek\u00f2l mwayen ak segond\u00e8 piblik nan Maryland. Li konsantre sou konp\u00f2tman ki kontribye nan k\u00f2z prensipal lanm\u00f2 ak andikap, ki gen ladan men pa limite a, itilizasyon alk\u00f2l ak l\u00f2t dw\u00f2g, itilizasyon tabak, konp\u00f2tman seksy\u00e8l, blesi ak vyolans san entansyon\u00e8l ak move aktivite fizik ak konp\u00f2tman dyetetik.<\/p>\n<h3>Sondaj PACEs pou adolesan<\/h3>\n<p>Nan ane 2018-2019, Maryland te vin premye nan de eta ki te k\u00f2manse kolekte done sou eksperyans pozitif ak negatif nan timoun (PACE) pami el\u00e8v lek\u00f2l segond\u00e8 yo.<\/p>\n<p>Asanble Jeneral Maryland la te enstitisyonnalize koleksyon done PACEs pami el\u00e8v lek\u00f2l segond\u00e8 ak lek\u00f2l mwayen yo nan YRBS\/YTS an 2021.<\/p>\n\t\t\t<a href=\"https:\/\/health.maryland.gov\/newsroom\/Pages\/Maryland-Department-of-Health-releases-2021-2022-Youth-Risk-Behavior-Survey-and-Youth-Tobacco-Survey-data.aspx\" target=\"_blank\" rel=\"noopener\">\n\t\t\t\t\t\tGade Press Release\n\t\t\t\t\t<\/a>\n\t\t\t\t<img decoding=\"async\" src=\"https:\/\/marylandefc.org\/wp-content\/uploads\/2024\/02\/MEC-Icons_v2_teach.svg\" alt=\"Teach skills icon with teacher at blackboard\" itemprop=\"image\" height=\"300\" width=\"300\" title=\"MEC-Icons_v2_teach\" onerror=\"this.style.display='none'\" loading=\"lazy\" \/>\n\t\t<h3><a href=\"\/wp-content\/uploads\/2024\/02\/Adverse-Childhood-Experiences-2021-2022-YRBS-YTS.pdf\" target=\"_blank\"  rel=\"noopener\">Maryland YRBS\/YTS Sondaj<\/a><\/h3><p>Maryland YRBS\/YTS te f\u00e8t nan sezon ot\u00f2n 2021 pami pr\u00e8ske 60,000 el\u00e8v nan 366 lek\u00f2l presegond\u00e8 ak segond\u00e8 piblik atrav\u00e8 eta a.<\/p>\n<p>Patn\u00e8 nou yo nan Depatman Sante Maryland te pataje yon ap\u00e8si sou rezilta done YRBS\/YTS PACEs yo.<\/p>\n\t\t\t<a href=\"\/wp-content\/uploads\/2024\/02\/Adverse-Childhood-Experiences-2021-2022-YRBS-YTS.pdf\" target=\"_blank\" rel=\"noopener\">\n\t\t\t\t\t\tGade Prezantasyon\n\t\t\t\t\t<\/a>\n\t\t\t\t<img decoding=\"async\" src=\"https:\/\/marylandefc.org\/wp-content\/uploads\/2026\/01\/PCA-Case-Study-Report.jpg\" alt=\"Prevent Child Abuse America Case Study on Maryland EFC\" itemprop=\"image\" height=\"800\" width=\"1200\" title=\"Rap\u00f2 Etid Ka PCA a\" onerror=\"this.style.display='none'\" loading=\"lazy\" \/>\n\t\t<h3><a href=\"https:\/\/preventchildabuse.org\/wp-content\/uploads\/2025\/12\/EfC-Case-Study-Nov-2025.pdf\" target=\"_blank\" rel=\"noopener\">Maryland Prezante pa Prevent Child Abuse America<\/a><\/h3><p>Maryland Essentials for Childhood (Maryland EFC) se te youn nan de eta Prevent Child Abuse America (PCA) te prezante yo. PCA te f\u00e8 ent\u00e8vyou ak ansyen ak akty\u00e8l lid\u00e8 Maryland EFC yo, epi li te prezante istwa pwogram nan, aplikasyon mezi prevansyon yo, ak leson yo te aprann antanke yon eta oton\u00f2m.<\/p>\n<blockquote><p>&#8220;I think what&#8217;s really important in the work, is to know who can lead that (policy) best and sometimes you follow, and sometimes you lead, and people start to respect you as a partner that way.&#8221;<\/p>\n<p>&#8211; Claudia Remington, former executive director fo Maryland SCCAN<\/p><\/blockquote>\n<p>Yo te pale de Georgia tou, ki se yon eta finanse.<\/p>\n<p>&nbsp;<\/p>\n\t\t\t<a href=\"https:\/\/preventchildabuse.org\/wp-content\/uploads\/2025\/12\/EfC-Case-Study-Nov-2025.pdf\" target=\"_blank\" rel=\"noopener\">\n\t\t\t\t\t\tLi etid ka a\n\t\t\t\t\t<\/a>","protected":false},"excerpt":{"rendered":"<p>MEETINGS &amp; REPORTS Attend, Read and Share We invite you to attend our meetings, read our annual reports and share the information with your colleagues. Together we can grow our network of partners to strengthen our efforts and move Maryland forward. Attend a Meeting EFC meets on the first Thursday of certain months, alternating with&hellip;<\/p>","protected":false},"author":1,"featured_media":27470,"parent":26597,"menu_order":0,"comment_status":"closed","ping_status":"closed","template":"","meta":{"footnotes":""},"class_list":["post-26577","page","type-page","status-publish","has-post-thumbnail","hentry"],"_links":{"self":[{"href":"https:\/\/marylandefc.org\/ht\/wp-json\/wp\/v2\/pages\/26577","targetHints":{"allow":["GET"]}}],"collection":[{"href":"https:\/\/marylandefc.org\/ht\/wp-json\/wp\/v2\/pages"}],"about":[{"href":"https:\/\/marylandefc.org\/ht\/wp-json\/wp\/v2\/types\/page"}],"author":[{"embeddable":true,"href":"https:\/\/marylandefc.org\/ht\/wp-json\/wp\/v2\/users\/1"}],"replies":[{"embeddable":true,"href":"https:\/\/marylandefc.org\/ht\/wp-json\/wp\/v2\/comments?post=26577"}],"version-history":[{"count":0,"href":"https:\/\/marylandefc.org\/ht\/wp-json\/wp\/v2\/pages\/26577\/revisions"}],"up":[{"embeddable":true,"href":"https:\/\/marylandefc.org\/ht\/wp-json\/wp\/v2\/pages\/26597"}],"wp:featuredmedia":[{"embeddable":true,"href":"https:\/\/marylandefc.org\/ht\/wp-json\/wp\/v2\/media\/27470"}],"wp:attachment":[{"href":"https:\/\/marylandefc.org\/ht\/wp-json\/wp\/v2\/media?parent=26577"}],"curies":[{"name":"wp","href":"https:\/\/api.w.org\/{rel}","templated":true}]}}