{"id":26597,"date":"2024-01-18T17:32:58","date_gmt":"2024-01-19T01:32:58","guid":{"rendered":"https:\/\/marylandefc.org\/?page_id=26597"},"modified":"2026-03-03T06:11:13","modified_gmt":"2026-03-03T14:11:13","slug":"get-involved","status":"publish","type":"page","link":"https:\/\/marylandefc.org\/ht\/get-involved\/","title":{"rendered":"Patisipe"},"content":{"rendered":"<figure itemscope itemtype=\"https:\/\/schema.org\/ImageObject\">\n\t\t\t\t<img decoding=\"async\" src=\"https:\/\/marylandefc.org\/wp-content\/uploads\/2024\/02\/Child-care-teacher-ensuring-a-strong-start-for-children.jpg\" alt=\"Child care teacher working with young students at a table\" height=\"800\" width=\"1200\" title=\"Pwofes\u00e8 gadri pou timoun yo asire yon bon demaraj pou timoun yo\" onerror=\"this.style.display='none'\" loading=\"lazy\" \/>\n\t<\/figure>\n\t<h1>ENPLIKE<\/h1>\n\t<h2>Pran Aksyon<\/h2>\n<p>We are building a community across Maryland of people committed to moving our mission forward.\u00a0Our collaborative work meets people where they are and supports them in their learning and engagement with our shared work. <\/p>\n<p>Whether you&#8217;re here for the first time, learning new things about brain science, or you&#8217;re a long-time supporter who&#8217;s ready for the next step in our partnership, we welcome you.\u00a0<\/p>\n\t<h2>Fason yo pran aksyon<\/h2>\n\t\t<figure itemscope itemtype=\"https:\/\/schema.org\/ImageObject\">\n\t\t\t\t<a href=\"\/ht\/get-involved\/ace-science\/\"  target=\"_self\" itemprop=\"url\">\n\t\t\t\t<img decoding=\"async\" src=\"https:\/\/marylandefc.org\/wp-content\/uploads\/2024\/01\/MEC-Icons_brain.svg\" alt=\"Brain icon\" height=\"300\" width=\"300\" title=\"MEC-Icons_brain\" onerror=\"this.style.display='none'\" loading=\"lazy\" \/>\n\t\t\t\t<\/a>\n\t<\/figure>\n<h3><a href=\"\/ht\/get-involved\/ace-science\/\" target=\"_self\">Syans<\/a><\/h3><p>EFC baze p\u00e8spektiv li sou syans. Konprann etid Eksperyans Negatif nan Timoun (ACE) a ak enpak li se yon premye bon pa. <\/p>\n\t\t\t<a href=\"\/ht\/grownups\/aces\/\"  target=\"_self\">\n\t\t\t\t\t\t\tPlonje pi fon nan ACE Syans\n\t\t\t\t\t<\/a>\n\t\t<figure itemscope itemtype=\"https:\/\/schema.org\/ImageObject\">\n\t\t\t\t<a href=\"\/ht\/grownups\/\"  target=\"_self\" itemprop=\"url\">\n\t\t\t\t<img decoding=\"async\" src=\"https:\/\/marylandefc.org\/wp-content\/uploads\/2024\/02\/BrainArchitecture_EFC_icon.svg\" alt=\"Brain Architecture icons with brain and scaffolding\" height=\"376\" width=\"376\" title=\"BrainArchitecture_EFC_icon\" onerror=\"this.style.display='none'\" loading=\"lazy\" \/>\n\t\t\t\t<\/a>\n\t<\/figure>\n<h3><a href=\"\/ht\/grownups\/\" target=\"_self\">Kit zouti pou bati s\u00e8vo<\/a><\/h3><p>Bwat zouti a se yon s\u00e8l kote pou nou tout jwenn zouti neses\u00e8 pou ede timoun yo reyisi. K\u00f2manse eksplore resous sa yo ki sip\u00f2te pa eksp\u00e8.\u00a0<\/p>\n\t\t\t<a href=\"\/ht\/grownups\/\"  target=\"_self\">\n\t\t\t\t\t\t\tLi sou Bati s\u00e8vo\n\t\t\t\t\t<\/a>\n\t\t<figure itemscope itemtype=\"https:\/\/schema.org\/ImageObject\">\n\t\t\t\t<a href=\"http:\/\/search.marylandefc.org\"  target=\"_blank\" rel=\"noopener\"  itemprop=\"url\">\n\t\t\t\t<img decoding=\"async\" src=\"https:\/\/marylandefc.org\/wp-content\/uploads\/2024\/01\/MEC-Icons_people.svg\" alt=\"People icon\" height=\"300\" width=\"300\" title=\"MEC-Icons_people\" onerror=\"this.style.display='none'\" loading=\"lazy\" \/>\n\t\t\t\t<\/a>\n\t<\/figure>\n<h3><a href=\"http:\/\/search.marylandefc.org\" target=\"_blank\"  rel=\"noopener\">Jwenn Resous Kominot\u00e8<\/a><\/h3><p>Pran swen timoun se yon travay difisil!<\/p>\n<p>Ch\u00e8che resous kominot\u00e8 pou ede w nan k\u00f2d postal ou a. Baz done resous la mache ak Rezo Enf\u00f2masyon Maryland lan.<\/p>\n\t\t\t<a href=\"http:\/\/search.marylandefc.org\"  target=\"_blank\" rel=\"noopener\">\n\t\t\t\t\t\t\tJwenn Resous Kominot\u00e8\n\t\t\t\t\t<\/a>\n\t\t<figure itemscope itemtype=\"https:\/\/schema.org\/ImageObject\">\n\t\t\t\t<a href=\"https:\/\/docs.google.com\/forms\/d\/e\/1FAIpQLSdP1V4oqiAOGr2uK9rkCIxzTpexnlyuDmDkqfJ0CjtIbmWV0A\/viewform\" target=\"_blank\" rel=\"noopener\" itemprop=\"url\">\n\t\t\t\t<img decoding=\"async\" src=\"https:\/\/marylandefc.org\/wp-content\/uploads\/2024\/01\/MEC-Icons_book.svg\" alt=\"Book icon\" height=\"300\" width=\"300\" title=\"MEC-Ikon_liv\" onerror=\"this.style.display='none'\" loading=\"lazy\" \/>\n\t\t\t\t<\/a>\n\t<\/figure>\n<h3><a href=\"https:\/\/docs.google.com\/forms\/d\/e\/1FAIpQLSdP1V4oqiAOGr2uK9rkCIxzTpexnlyuDmDkqfJ0CjtIbmWV0A\/viewform\" target=\"_blank\" rel=\"noopener\">Ajoute\/Mizajou Resous ou a<\/a><\/h3><p>\u00c8ske ou bay fanmi yo resous ak s\u00e8vis? Mete \u00f2ganizasyon w lan ajou oswa ajoute l nan baz done resous la. Li <a href=\"https:\/\/211md.org\/inclusion-policy\/\" target=\"_blank\" rel=\"noopener\">politik enklizyon an<\/a>.<\/p>\n\t\t\t<a href=\"https:\/\/docs.google.com\/forms\/d\/e\/1FAIpQLSdP1V4oqiAOGr2uK9rkCIxzTpexnlyuDmDkqfJ0CjtIbmWV0A\/viewform\" target=\"_blank\" rel=\"noopener\">\n\t\t\t\t\t\t\tAjoute ajans ou a\n\t\t\t\t\t<\/a>\n\t\t\t<a href=\"mailto:%20resources@211md.org,%20info@marylandef.corg\"  target=\"_blank\" rel=\"noopener\">\n\t\t\t\t\t\t\tMete ajou ajans ou a\n\t\t\t\t\t<\/a>\n\t\t<figure itemscope itemtype=\"https:\/\/schema.org\/ImageObject\">\n\t\t\t\t<a href=\"\/ht\/vroom\/\"  target=\"_self\" itemprop=\"url\">\n\t\t\t\t<img decoding=\"async\" src=\"https:\/\/marylandefc.org\/wp-content\/uploads\/2024\/01\/MEC-Icons_caregiver.svg\" alt=\"Caregiver icon with adult with hand on child\" height=\"300\" width=\"300\" title=\"MEC-Icons_caregiver\" onerror=\"this.style.display='none'\" loading=\"lazy\" \/>\n\t\t\t\t<\/a>\n\t<\/figure>\n<h3><a href=\"\/ht\/vroom\/\" target=\"_self\">F\u00e8 Aprantisaj la Amizan av\u00e8k Vroom<\/a><\/h3><p>Get actionable tips to make learning part of playtime, bathtime, dinnertime, and any time of day. We&#8217;ve collaborated with Vroom to help parents be a brain builder with Vroom.<\/p>\n\t\t\t<a href=\"\/ht\/vroom\/\"  target=\"_self\">\n\t\t\t\t\t\t\tJwenn Vroom\n\t\t\t\t\t<\/a>\n\t\t<figure itemscope itemtype=\"https:\/\/schema.org\/ImageObject\">\n\t\t\t\t<a href=\"mailto:%20info@marylandefc.org\"  target=\"_self\" itemprop=\"url\">\n\t\t\t\t<img decoding=\"async\" src=\"https:\/\/marylandefc.org\/wp-content\/uploads\/2024\/01\/MEC-Icons_click.svg\" alt=\"Click icon hand with rays coming off it\" height=\"300\" width=\"300\" title=\"MEC-Ikon_klike\" onerror=\"this.style.display='none'\" loading=\"lazy\" \/>\n\t\t\t\t<\/a>\n\t<\/figure>\n<h3><a href=\"mailto:%20info@marylandefc.org\" target=\"_self\">Pataje Zouti Dijital yo<\/a><\/h3><p>Let others know about the Brain-Building Toolkit and Vroom. Download and share our digital postcard with partners and grown-ups.\u00a0Request the downloadable materials.<\/p>\n\t\t\t<a href=\"mailto:info@marylandefc.org\"  target=\"_self\">\n\t\t\t\t\t\t\tVoye yon demann pa im\u00e8l\n\t\t\t\t\t<\/a>\n\t\t<figure itemscope itemtype=\"https:\/\/schema.org\/ImageObject\">\n\t\t\t\t<a href=\"\/ht\/get-involved\/ace-impact\/\"  target=\"_self\" itemprop=\"url\">\n\t\t\t\t<img decoding=\"async\" src=\"https:\/\/marylandefc.org\/wp-content\/uploads\/2024\/02\/LegislatureGovernment_EFC_icon.svg\" alt=\"Legislature Government icon\" height=\"376\" width=\"376\" title=\"LejislatiGouv\u00e8nman_EFC_icon\" onerror=\"this.style.display='none'\" loading=\"lazy\" \/>\n\t\t\t\t<\/a>\n\t<\/figure>\n<h3><a href=\"\/ht\/get-involved\/ace-impact\/\" target=\"_self\">Politik enpak<\/a><\/h3><p>R\u00e8gleman yo f\u00f2me anviw\u00f2nman kote timoun nou yo ap viv, aprann epi jwe epi yo ta dwe ankouraje yon devlopman ki an sante epi diminye fado neses\u00e8 sou timoun yo ak granmoun ki nan lavi yo.<\/p>\n\t\t\t<a href=\"\/ht\/policy\/\"  target=\"_self\">\n\t\t\t\t\t\t\tLi sou enpak politik la\n\t\t\t\t\t<\/a>\n\t<h3>Jwenn bilten nouv\u00e8l la<\/h3>\n<p>Aprann plis sou resous Twous Zouti pou Devlope S\u00e8vo a ak reyinyon ak inisyativ Maryland Essentials for Childhood yo. Enskri pou bilten nou an.<\/p>","protected":false},"excerpt":{"rendered":"<p>GET INVOLVED Take Action We are building a community across Maryland of people committed to moving our mission forward.\u00a0Our collaborative work meets people where they are and supports them in their learning and engagement with our shared work. Whether you&#8217;re here for the first time, learning new things about brain science, or you&#8217;re a long-time&hellip;<\/p>","protected":false},"author":1,"featured_media":0,"parent":0,"menu_order":0,"comment_status":"closed","ping_status":"closed","template":"","meta":{"footnotes":""},"class_list":["post-26597","page","type-page","status-publish","hentry"],"_links":{"self":[{"href":"https:\/\/marylandefc.org\/ht\/wp-json\/wp\/v2\/pages\/26597","targetHints":{"allow":["GET"]}}],"collection":[{"href":"https:\/\/marylandefc.org\/ht\/wp-json\/wp\/v2\/pages"}],"about":[{"href":"https:\/\/marylandefc.org\/ht\/wp-json\/wp\/v2\/types\/page"}],"author":[{"embeddable":true,"href":"https:\/\/marylandefc.org\/ht\/wp-json\/wp\/v2\/users\/1"}],"replies":[{"embeddable":true,"href":"https:\/\/marylandefc.org\/ht\/wp-json\/wp\/v2\/comments?post=26597"}],"version-history":[{"count":0,"href":"https:\/\/marylandefc.org\/ht\/wp-json\/wp\/v2\/pages\/26597\/revisions"}],"wp:attachment":[{"href":"https:\/\/marylandefc.org\/ht\/wp-json\/wp\/v2\/media?parent=26597"}],"curies":[{"name":"wp","href":"https:\/\/api.w.org\/{rel}","templated":true}]}}