{"id":26765,"date":"2024-01-29T14:32:11","date_gmt":"2024-01-29T22:32:11","guid":{"rendered":"https:\/\/marylandefc.org\/?page_id=26765"},"modified":"2026-02-12T15:24:59","modified_gmt":"2026-02-12T23:24:59","slug":"informing-policy","status":"publish","type":"page","link":"https:\/\/marylandefc.org\/ht\/policy\/informing-policy\/","title":{"rendered":"Enf\u00f2me R\u00e8gleman"},"content":{"rendered":"<figure itemscope itemtype=\"https:\/\/schema.org\/ImageObject\">\n\t\t\t\t<img decoding=\"async\" src=\"https:\/\/marylandefc.org\/wp-content\/uploads\/2024\/01\/The-Science-of-the-Developing-Child.jpg\" alt=\"The Science of the Developing Child white paper mockup\" height=\"800\" width=\"1200\" title=\"Syans timoun k ap devlope a\" onerror=\"this.style.display='none'\" loading=\"lazy\" \/>\n\t<\/figure>\n\t<h1>RESPONSAB POLITIK<\/h1>\n\t<h2>Enf\u00f2me R\u00e8gleman<\/h2>\n<p>Pou defann yon politik efikas, Maryland Essentials for Childhood envesti anpil nan idantifye pi bon pratik nasyonalman, ent\u00e8nasyonalman ak nan l\u00f2t eta, aprann nan men ch\u00e8ch\u00e8 nan dom\u00e8n nan epi bay yon op\u00f2tinite pou dyal\u00f2g pami patn\u00e8 nou yo.\u00a0<\/p>\n<p>Nan ane 2016, Maryland EFC te pibliye yon kad pou priyorite nou yo, ki chita sou dom\u00e8n syans s\u00e8vo ak eksperyans negatif timoun yo. Papye blan sa a, <i>Syans nan s\u00e8vo a devlope, ACEs ak rezistans: yon ka solid pou yon Maryland pwosp\u00e8<\/i> toujou f\u00f2me travay n ap f\u00e8 jodi a. <\/p>\n\t\t\t<a href=\"https:\/\/marylandefc.org\/wp-content\/uploads\/2024\/03\/Prosperous-Maryland-white-paper-by-Maryland-Essentials-for-Childhood.pdf\"  target=\"_blank\" rel=\"noopener\">\n\t\t\t\t\t\t\tKontinye Lekti\n\t\t\t<\/a>\n\t<h3>Nan direksyon yon Maryland ki pi pwosp\u00e8<\/h3>\n<p>An 2019, Maryland Essentials for Childhood te pibliye yon papye blan, <i>Nan direksyon pou yon Maryland ki pi pwospere: Solisyon Lejislatif pou Prevni ak Diminye Eksperyans Anfans Adverse (ACE) ak Konstwi Kominote Rezilyan. <\/i>Lejislat\u00e8 yo atrav\u00e8 peyi a ap edike t\u00e8t yo sou d\u00e8nye kri nerosyans, epigenetik, etid ACE ak rezistans (NEAR Science) epi pran aksyon politik pou ankouraje devlopman an sante ak yon avni pwospere pou elekt\u00e8 yo.<\/p>\n<p>This brief shares the basics of the NEAR &#8211; neurobiology, epigenetics, ACEs and resilience Science &#8211; along with the evidence-based and innovative policies being implemented by federal and state governments to prevent and mitigate childhood trauma and promote family and community resilience.\u00a0<\/p>\n<p>Dokiman sa a se yon zouti pwisan nan edike lejislat\u00e8 yo ak lid\u00e8 panse sou syans ak solisyon yo.\u00a0<\/p>\n<p>Papye blan an pa t ap posib san travay devwe Maryland Essentials for Childhood Partners nou yo, Chanje Konv\u00e8sasyon an, ansyen No More Stolen Childhoods, SCCAN ak Sondheim Nonprofit Leadership Program.\u00a0<\/p>\n\t\t\t<a href=\"https:\/\/marylandefc.org\/wp-content\/uploads\/2024\/01\/FINAL-Toward-A-More-Prosperous-Maryland-ACEs-Legislative-Brief.pdf\"  target=\"_blank\" rel=\"noopener\">\n\t\t\t\t\t\t\tKontinye Lekti\n\t\t\t<\/a>\n<figure data-animation-delay=\"0\" data-animation-duration=\"1\" itemscope itemtype=\"https:\/\/schema.org\/ImageObject\">\n\t\t\t\t<a href=\"\/wp-content\/uploads\/2024\/01\/FINAL-Toward-A-More-Prosperous-Maryland-ACEs-Legislative-Brief.pdf\"  target=\"_blank\" rel=\"noopener\"  itemprop=\"url\">\n\t\t\t\t<img decoding=\"async\" src=\"https:\/\/marylandefc.org\/wp-content\/uploads\/2024\/01\/Toward-a-More-Prosperous-Maryland.jpg\" alt=\"Toward a More Prosperous Maryland white paper mockup\" height=\"800\" width=\"1200\" title=\"Nan direksyon yon Maryland ki pi pwosp\u00e8\" onerror=\"this.style.display='none'\" loading=\"lazy\" \/>\n\t\t\t\t<\/a>\n\t<\/figure>\n\t\t<p>&#8220;Safe, stable, and nurturing relationships and environments serve as protective factors and are essential for the health and well-being of our children, ensuring that every child in Maryland has equal opportunity to thrive. All Marylanders play a role in ensuring the health and well-being of the next generation and a prosperous future for all. No one individual, organization, sector, or branch of government alone can prevent ACEs and trauma or mitigate their impact.&#8221;<\/p>\n<p>&nbsp;<\/p>\n<p><strong>~ Soti nan <i>Nan direksyon pou yon Maryland ki pi pwospere: Solisyon Lejislatif pou Prevni ak Diminye Eksperyans Anfans Adverse (ACE) ak Konstwi Kominote Rezilyan.<\/i>\u00a0\u00a0<\/strong><\/p>\n\t<h2>Sesyon tab wonn ACEs<\/h2>\n<p><b>Patwone pa: Delege Vanessa E. Atterbeary ak Senat\u00e8 Antonio Hayes<\/b><\/p>\n<p>An Desanm 2019, Maryland Essentials for Childhood te \u00f2ganize yon Sesyon tab wonn ACEs pou manm Asanble Jeneral Maryland. Ev\u00e8nman an te bay lejislat\u00e8 yo ak lid\u00e8 kominote yo op\u00f2tinite pou yo tande eksp\u00e8 yo epi diskite sou fason pou yo pase ak aplike politik ak pratik ki: <\/p>\n<ul>\n<li>Gen yon ef\u00e8 pwouve, pwisan sou <a href=\"https:\/\/marylandefc.org\/ht\/grownups\/early-years\/\">timoun ki an sante<\/a> epi <a href=\"https:\/\/marylandefc.org\/ht\/grownups\/teen-development\/\">devlopman adolesan<\/a>.<\/li>\n<li>Anpeche, diminye ak geri <a href=\"https:\/\/marylandefc.org\/ht\/get-involved\/ace-impact\/\">adv\u00e8site ak ch\u00f2k<\/a>.<\/li>\n<li>Bati <a href=\"https:\/\/marylandefc.org\/ht\/grownups\/resilience\/\">det\u00e8minasyon<\/a>.<\/li>\n<\/ul>\n<figure itemscope itemtype=\"https:\/\/schema.org\/ImageObject\">\n\t\t\t\t<img decoding=\"async\" src=\"https:\/\/marylandefc.org\/wp-content\/uploads\/2024\/01\/ACEs-Roundtable-Image-BrainScience-1-scaled.jpg\" alt=\"Infographic of ACEs roundtable findings\" height=\"1205\" width=\"2560\" title=\"ACEs Roundtable Image BrainScience (1)\" onerror=\"this.style.display='none'\" loading=\"lazy\" \/>\n\t<\/figure>\n<figure itemscope itemtype=\"https:\/\/schema.org\/ImageObject\">\n\t\t\t\t<img decoding=\"async\" src=\"https:\/\/marylandefc.org\/wp-content\/uploads\/2024\/02\/ACE-Roundtable-Drawing-about-Surprises-with-the-Science-scaled.jpg\" alt=\"ACE Roundtable drawing about surprises with the science\" height=\"1205\" width=\"2560\" title=\"ACE Roundtable Desen sou Surprises with the Science\" onerror=\"this.style.display='none'\" loading=\"lazy\" \/>\n\t<\/figure>\n\t<h3>Jounen an te gen prezantasyon ak diskisyon ak:<\/h3>\n<ul>\n<li aria-level=\"1\">Frank Kros nan Kros Learning\u00a0<\/li>\n<li aria-level=\"1\">Melissa Merrick, CEO, Prevent Child Abuse America and served as a lead scientist for the ACE study at CDC\u00a0<\/li>\n<li aria-level=\"1\">Kate Blackman, Konferans Nasyonal Lejislat\u00e8 Eta yo<\/li>\n<li aria-level=\"1\"><a href=\"https:\/\/www.youtube.com\/watch?v=NyEcWHURXPw&amp;t=30s\" target=\"_blank\" rel=\"noopener\">Premye Dam nan Delaware Tracey Quillen Carney<\/a>\u00a0<\/li>\n<li aria-level=\"1\">Mary Rolando, ACEs Innovations Director in the Tennessee Department of Children&#8217;s Services <\/li>\n<li aria-level=\"1\">Michael Castognola, anplwaye pou Komite Sip\u00e8vizyon ak Ref\u00f2m Chanm Reprezantan yo ak defen manm Kongr\u00e8 a Elijah Cummings.\u00a0<\/li>\n<li aria-level=\"1\">Joan Gillece nan Asosyasyon Nasyonal Direkt\u00e8 Pwogram Sante Mantal Eta a<\/li>\n<\/ul>\n<p>Pandan yon manje midi round robin ak lejislat\u00e8 yo, eksp\u00e8 lokal yo, lid\u00e8 inisyativ ACE kominote Maryland yo ak patn\u00e8 Maryland Essentials for Childhood atrav\u00e8 eta a te gen op\u00f2tinite pou pataje <b>ki jan syans yo ap tradui nan aksyon sou teren an nan kominote atrav\u00e8 eta a.<\/b>\u00a0<\/p>\n<p>Lejislat\u00e8 yo te ankouraje yo rantre nan <a href=\"https:\/\/www.pacesconnection.com\/g\/maryland-state-aces\" target=\"_blank\" rel=\"noopener\">Maryland ACEs Aksyon<\/a> to stay connected to organizations across the state working to promote ACEs research awareness and trauma-informed\/resilience-building practices.<\/p>\n<p>Fondasyon Abell te bay sip\u00f2 jenere pou fasilite ak anrejistreman grafik ev\u00e8nman an.<\/p>","protected":false},"excerpt":{"rendered":"<p>POLICY MAKERS Informing Policy To advocate for effective policy, Maryland Essentials for Childhood invests significantly in identifying best practices nationally, internationally and in other states, learning from researchers in the field and providing an opportunity for dialogue among our partners.\u00a0 In 2016, Maryland EFC released a framework for our priorities, grounded in the emerging fields&hellip;<\/p>","protected":false},"author":1,"featured_media":26773,"parent":3255,"menu_order":0,"comment_status":"closed","ping_status":"closed","template":"","meta":{"footnotes":""},"class_list":["post-26765","page","type-page","status-publish","has-post-thumbnail","hentry"],"_links":{"self":[{"href":"https:\/\/marylandefc.org\/ht\/wp-json\/wp\/v2\/pages\/26765","targetHints":{"allow":["GET"]}}],"collection":[{"href":"https:\/\/marylandefc.org\/ht\/wp-json\/wp\/v2\/pages"}],"about":[{"href":"https:\/\/marylandefc.org\/ht\/wp-json\/wp\/v2\/types\/page"}],"author":[{"embeddable":true,"href":"https:\/\/marylandefc.org\/ht\/wp-json\/wp\/v2\/users\/1"}],"replies":[{"embeddable":true,"href":"https:\/\/marylandefc.org\/ht\/wp-json\/wp\/v2\/comments?post=26765"}],"version-history":[{"count":0,"href":"https:\/\/marylandefc.org\/ht\/wp-json\/wp\/v2\/pages\/26765\/revisions"}],"up":[{"embeddable":true,"href":"https:\/\/marylandefc.org\/ht\/wp-json\/wp\/v2\/pages\/3255"}],"wp:featuredmedia":[{"embeddable":true,"href":"https:\/\/marylandefc.org\/ht\/wp-json\/wp\/v2\/media\/26773"}],"wp:attachment":[{"href":"https:\/\/marylandefc.org\/ht\/wp-json\/wp\/v2\/media?parent=26765"}],"curies":[{"name":"wp","href":"https:\/\/api.w.org\/{rel}","templated":true}]}}