{"id":26903,"date":"2024-02-06T16:12:20","date_gmt":"2024-02-07T00:12:20","guid":{"rendered":"https:\/\/marylandefc.org\/?page_id=26903"},"modified":"2024-11-30T07:17:49","modified_gmt":"2024-11-30T15:17:49","slug":"teen-challenges","status":"publish","type":"page","link":"https:\/\/marylandefc.org\/ht\/grownups\/teen-challenges\/","title":{"rendered":"Difikilte pou devlopman timoun pre-adolesan ak adolesan ak kijan pou jere yo"},"content":{"rendered":"<img loading=\"lazy\" decoding=\"async\" src=\"https:\/\/marylandefc.org\/wp-content\/uploads\/2024\/02\/Mom-helping-teen-daughter-drive-scaled.jpg\" alt=\"Mom helping teen daughter drive\" itemprop=\"image\" height=\"1440\" width=\"2560\" title=\"Adolesan,Ti fi,An,Machin,F\u00e8,Kondwi,Leson,Soti nan,Fi,Enstrikt\u00e8\" onerror=\"this.style.display='none'\"  \/>\n\t<h1>DEFI DEVLOPMAN ADOLESAN AK TWEEN<\/h1>\n\t<h2>Prevansyon ak jere defi yo<\/h2>\n<p>Menm jan chak etap lavi gen op\u00f2tinite inik, chak etap tou vini ak defi li yo. Pandan ke gen k\u00e8k defi tankou moodiness oswa impulsivity f\u00e8 pati <a href=\"https:\/\/marylandefc.org\/ht\/grownups\/teen-development\/\">devlopman an sante pou adolesan<\/a>, gen k\u00e8k eksperyans ki ka mete an danje yon bon devlopman. Aprann kijan pou anpeche epi ede adolesan ou bati relasyon ak ladr\u00e8s pou jere defi lavi yo.\u00a0<\/p>\n\t<h2>Relasyon<\/h2>\n<p>Relasyon yo se nan nwayo lavi moun: yon eksperyans imen fondamantal ki k\u00f2manse nan nesans. Pandan n ap grandi, nou kominike av\u00e8k zanmi, fanmi, pwofes\u00e8, antren\u00e8 ak plis ank\u00f2. Moun sa yo ede nou aprann kiy\u00e8s nou ye e kiy\u00e8s nou ka vin.\u00a0<\/p>\n<p>Bonjan relasyon devl\u00f2pmantal enp\u00f2tan pou j\u00e8n moun ki gen tout laj, tout ras ak tout orijin sosyoekonomik yo. Koneksyon sere sa yo enp\u00f2tan espesyalman pou j\u00e8n moun k ap grandi nan sikonstans difisil.\u00a0<\/p>\n<p>J\u00e8n yo pwospere l\u00e8 yo f\u00e8 eksperyans yon rezo solid nan relasyon devlopman nan fanmi yo, salklas yo, pwogram j\u00e8n yo ak kominote lafwa yo. Li enp\u00f2tan sitou pou <a href=\"https:\/\/marylandefc.org\/ht\/grownups\/teen-development\/\">devlopman adolesan<\/a> ak sante mantal pou gen granmoun yo ka pale sou santiman yo.<\/p>\n<blockquote><p>Men, nan Maryland, s\u00e8lman 36.8% nan el\u00e8v lek\u00f2l segond\u00e8 yo te f\u00e8 sondaj yo santi yo gen yon adilt yo ka pale ak santiman yo, dapre a. <a href=\"https:\/\/health.maryland.gov\/phpa\/ccdpc\/Reports\/Pages\/State-Level-Data,-2021-2022.aspx\" target=\"_blank\" rel=\"noopener\">Maryland Department of Health Youth Risk Survey\/Youth Tobacco High School Survey<\/a> (2021-2022).\u00a0<\/p>\n<p>Gen l\u00f2t ki gen relasyon ki enplike vyolans, entimidasyon oswa l\u00f2t asp\u00e8 ki pa bon pou lasante. <\/p><\/blockquote>\n<p>Se pout\u00e8t sa li enp\u00f2tan pou granmoun yo konnen kijan pou ede j\u00e8n yo f\u00f2me relasyon ki an sante epi simonte relasyon ki difisil yo.\u00a0<\/p>\n\t\t\t\t<img loading=\"lazy\" decoding=\"async\" src=\"https:\/\/marylandefc.org\/wp-content\/uploads\/2024\/02\/teens-building-their-relationship-by-talking-scaled.jpg\" alt=\"Teens laughing in the hallway\" itemprop=\"image\" height=\"1707\" width=\"2560\" title=\"K\u00e8 kontan,Adolesan,Ti fi,Pran,Plezi,Pandan y ap etidye,Nan,Segond\u00e8,Lek\u00f2l\" onerror=\"this.style.display='none'\"  \/>\n\t<iframe loading=\"lazy\" title=\"Yo F\u00f2m Kiy\u00e8s Nou ye\" width=\"500\" height=\"281\" src=\"https:\/\/www.youtube.com\/embed\/0i4Hv5xGFNI?feature=oembed\" frameborder=\"0\" allow=\"accelerometer; autoplay; clipboard-write; encrypted-media; gyroscope; picture-in-picture; web-share\" referrerpolicy=\"strict-origin-when-cross-origin\" allowfullscreen><\/iframe>\n\t<p>Sous: <a href=\"https:\/\/searchinstitute.org\/\" target=\"_blank\" rel=\"noopener\">Search Enstiti<\/a><\/p>\n\t\t<p>Pou adolesan yo reyisi, yo bezwen anrasinen nan relasyon devlopman. Kontinye li av\u00e8k <a href=\"https:\/\/info.searchinstitute.org\/developmental-relationships-help-young-people-thrive\" target=\"_blank\" rel=\"noopener\">kad relasyon devlopman 5 etap sa a<\/a> soti nan Enstiti rech\u00e8ch la.<\/p>\n<p>Epi, koute j\u00e8n yo pale sou enpak relasyon devlopman yo nan lavi yo. <\/p>\n\t\t\t\t<img loading=\"lazy\" decoding=\"async\" src=\"https:\/\/marylandefc.org\/wp-content\/uploads\/2024\/01\/MEC-Icons_idea.svg\" alt=\"Light bulb icon for information\" itemprop=\"image\" height=\"300\" width=\"300\" title=\"MEC-Icons_idea\" onerror=\"this.style.display='none'\"  \/>\n\t\t<h3><a href=\"https:\/\/podcasts.apple.com\/us\/podcast\/episode-2-5-clay-cook-establish-maintain-restore\/id1593749081?i=1000569761799\" target=\"_blank\" rel=\"noopener\">Kontinye aprann<\/a><\/h3><p>Kidonk, ki jan ou f\u00e8 relasyon ak j\u00e8n moun epi kenbe yo solid pandan ane yo? Koute epiz\u00f2d podcast Rooted in Relationships sa a ki prezante eksp\u00e8 nan byenn\u00e8t adolesan.<\/p>\n\t\t\t<a href=\"https:\/\/podcasts.apple.com\/us\/podcast\/episode-2-5-clay-cook-establish-maintain-restore\/id1593749081?i=1000569761799\" target=\"_blank\" rel=\"noopener\">\n\t\t\t\t\t\t\tKoute Kounya\n\t\t\t\t\t<\/a>\n\t\t\t\t<img loading=\"lazy\" decoding=\"async\" src=\"https:\/\/marylandefc.org\/wp-content\/uploads\/2024\/02\/kid-painting-in-community-building-positive-mental-health-scaled.jpg\" alt=\"Teen painting a mural in the city\" itemprop=\"image\" height=\"1707\" width=\"2560\" title=\"Gwoup,De,Ed,Adolesan,Kreye,E,Kreye,Kominote,Atis,Pwoj\u00e8\" onerror=\"this.style.display='none'\"  \/>\n\t<h2>Pozitif Sante Mantal<\/h2>\n<p>Sante mantal pozitif bay j\u00e8n yo yon sans sekirite ak kontantman, ankouraje relasyon pozitif ak p\u00e8m\u00e8t j\u00e8n yo devlope piti piti ladr\u00e8s lavi yo. L\u00e8 nou antoure adolesan yo ak kondisyon ak eksperyans ki sip\u00f2te bezwen devlopman yo, j\u00e8n yo ka pwospere.\u00a0<\/p>\n<h2>\n\t\tBati eksperyans pozitif nan asire adolesan eksperyans:\n\t<\/h2>\n\t\t<h3>Senaryo mond rey\u00e8l la<\/h3><p>ki ede pran desizyon ak ladr\u00e8s emosyon\u00e8l r\u00e8gleman. <\/p>\n\t\t<h3>Risk sante<\/h3><p>teste nouvo lide. Ou ka ankouraje sa yo atrav\u00e8 eksplorasyon nan klas difisil, aktivite andey\u00f2 kourikoul\u00f2m ak l\u00f2t eksperyans.<\/p>\n\t\t<h3>Op\u00f2tinite ki ede yo devlope siyifikasyon ak objektif.<\/h3><p>Sa a kapab yon op\u00f2tinite volont\u00e8 oswa yon l\u00f2t aktivite kote y ap kontribye nan kamarad yo, fanmi yo ak kominote yo.<\/p>\n\t\t<h3>Sitiyasyon pozitif ki ede yo genyen resp\u00e8 ak sosyalize<\/h3><p>ak kamarad, adolesan ak granmoun. Pou f\u00e8 sa, yo ka rantre nan aktivite kominot\u00e8 ak lek\u00f2l yo ak esp\u00f2 pou devlope ladr\u00e8s konpetans ak resp\u00e8 pou t\u00e8t yo ak l\u00f2t moun.\u00a0<\/p>\n\t\t<h3>Sitiyasyon ki defini val\u00e8 p\u00e8son\u00e8l,<\/h3><p>objektif ak yon sans pozitif nan idantite.<\/p>\n\t\t<h3>Granmoun ki ofri konpasyon<\/h3><p>ak sip\u00f2.<\/p>\n\t<h3>Jere estr\u00e8s ak adv\u00e8site<\/h3>\n<p>Nan l\u00f2t men an, diferan kalite estr\u00e8s oswa adv\u00e8site ka mine sante mantal adolesan. Pandan adolesan yo eksplore mond ki antoure yo, yo ka devlope laper\u00e8z kons\u00e8nan pwobl\u00e8m sosyal tankou vyolans zam, chanjman nan klima, konfli mondyal oswa l\u00f2t pwobl\u00e8m grav.\u00a0<\/p>\n<p>Yo ka sibi entimidasyon oswa diskriminasyon ki baze sou ras, s\u00e8ks, oryantasyon seksy\u00e8l, lang, relijyon, andikap, pwa oswa l\u00f2t asp\u00e8 nan idantite k ap devlope yo a. Adolesan yo ka f\u00e8 fas ak pwobl\u00e8m ki gen rap\u00f2 ak finans fanmi oswa lojman oswa yo ka santi presyon pou yo f\u00e8 tout bagay byen epi ch\u00e8che konnen avni yo.\u00a0<\/p>\n<p>Kontinye li sou k\u00e8k nan presyon adolesan yo f\u00e8 fas ak yo <a href=\"https:\/\/www.healthychildren.org\/English\/ages-stages\/teen\/Pages\/Mental-Health-and-Teens-Watch-for-Danger-Signs.aspx\" target=\"_blank\" rel=\"noopener\">kondisyon sante mantal ki pi komen<\/a>.<\/p>\n\t<h3><b>Sip\u00f2te adolesan ou (yo)<\/b><\/h3>\n<p>Paran ak moun k ap bay swen yo se yon sous sip\u00f2 enp\u00f2tan pou sante mantal adolesan ak adolesan. Kontinye aprann kijan pou ede j\u00e8n yo f\u00e8 fas ak detr\u00e8s epi travay nan pwobl\u00e8m sante mantal. Pran aksyon ak sa yo <a href=\"https:\/\/parentandteen.com\/support-teen-mental-health-stand-by-teens\/\" target=\"_blank\" rel=\"noopener\">5 fason pou kanpe b\u00f2 kote adolesan ou<\/a>.<\/p>\n\t<iframe loading=\"lazy\" width=\"560\" height=\"315\" src=\"https:\/\/www.youtube.com\/embed\/yWkepfPInnk?si=CrykbTWBhfk-8tms\" title=\"jw\u00e8 videyo YouTube\" frameborder=\"0\" allow=\"accelerometer; autoplay; clipboard-write; encrypted-media; gyroscope; picture-in-picture; web-share\" allowfullscreen><\/iframe>\n\t\t\t\t<img loading=\"lazy\" decoding=\"async\" src=\"https:\/\/marylandefc.org\/wp-content\/uploads\/2024\/03\/Black-Lives-Matter-march.jpg\" alt=\"Black Lives Matter March\" itemprop=\"image\" height=\"800\" width=\"1200\" title=\"Black Lives Matter mach\" onerror=\"this.style.display='none'\"  \/>\n\t<h2>Rasis afekte adolesan yo<\/h2>\n<p>Paske rasis par\u00e8t nan sosyete a sou plizy\u00e8 f\u00f2m, adolesan yo rankontre li nan diferan fason pandan y ap eksplore mond yo.<\/p>\n<p>Adolesan ak j\u00e8n yo ka temwen oswa f\u00e8 eksperyans moun k ap pale oswa aji nan fason ki gen prejije, ki gen patipri kont moun ki gen koul\u00e8, nan fason ki ka swa evidan oswa sibtil. Pandan adolesan yo eksplore mizik, sinema ak l\u00f2t kontni medya yo, yo ka ekspoze a imaj ak naratif ki ranpli ak estereyotip rasyal, yon f\u00f2m rasis kiltir\u00e8l.<\/p>\n<p>Rasis par\u00e8t tou nan sosyete a l\u00e8 sist\u00e8m tankou edikasyon, travay, ak lapolis travay nan fason ki benefisye moun blan men antrave, eskli oswa mal moun ki gen koul\u00e8. Paske adolesan ak fanmi yo kominike av\u00e8k sist\u00e8m sa yo, rasis estriktir\u00e8l f\u00f2me fason j\u00e8n yo devlope idantite yo epi jwenn wout yo nan mond lan.<\/p>\n\t<p>Pou j\u00e8n moun ki gen koul\u00e8, diferan f\u00f2m rasis sa yo ekspoze yo nan estr\u00e8s kontiny\u00e8l. <a href=\"https:\/\/harvardcenter.wpenginepowered.com\/wp-content\/uploads\/2020\/11\/RacismInfographic_2020.pdf\" target=\"_blank\" rel=\"noopener\">Estr\u00e8s kontiny\u00e8l yo ka febli devlopman an sante<\/a> epi kreye bary\u00e8 pou reyalize op\u00f2tinite adolesans yo. Yon surcharge nan estr\u00e8s ka lak\u00f2z domaj rey\u00e8l ak ki dire lontan pou timoun, adolesan, ak fanmi yo.<\/p>\n<ul>\n<li>Li enp\u00f2tan pou nou, antanke paran ak moun k ap pran swen timoun, rekon\u00e8t ke rasis se youn nan enfliyans negatif nan anviw\u00f2nman pitit adolesan nou yo.<\/li>\n<li>Li enp\u00f2tan pou adolesan yo ka al jwenn yon granmoun ki gen sousi pou yo epi ki f\u00e8 yo konfyans pou diskite sou panse ak santiman yo sou rasis.<\/li>\n<li>Nou ka travay pou contrebalancer eksperyans negatif ak ef\u00e8 rasis ak <a href=\"https:\/\/marylandefc.org\/ht\/grownups\/protective-factors\/#PCE\">eksperyans pozitif<\/a>, sip\u00f2 aktif, ak <a href=\"http:\/\/search.marylandefc.org\" target=\"_blank\" rel=\"noopener\">aks\u00e8 nan resous vital yo pou sante ak byenn\u00e8t<\/a>.<\/li>\n<\/ul>\n<p>Menm jan nou ta ch\u00e8che fason pou anpeche l\u00f2t f\u00f2m adv\u00e8site, nou ka ch\u00e8che fason pou diminye ef\u00e8 rasis sistemik yo sou timoun, j\u00e8n ak fanmi yo nan travay aktivman pou jwenn kondisyon sosyal ak ekonomik ki pi ekitab.<\/p>\n\t\t\t\t<img loading=\"lazy\" decoding=\"async\" src=\"https:\/\/marylandefc.org\/wp-content\/uploads\/2024\/03\/Barber-cutting-teens-hair-courtesy-Healing-City-Baltimore-scaled.jpg\" alt=\"Barber-cutting-teens-hair-courtesy-Healing-City-Baltimore\" itemprop=\"image\" height=\"2560\" width=\"1707\" title=\"Barber-koupe-adolesan-cheve-koutwazi-Healing-City-Baltimore\" onerror=\"this.style.display='none'\"  \/>\n<h2>\n\t\tKisa granmoun yo ka f\u00e8 pou ede?\n\t<\/h2>\n\t\t<h3>Ch\u00e8che epi redwi prejije san konesans nan t\u00e8t nou.<\/h3><p>Li <a href=\"https:\/\/www.aafp.org\/pubs\/fpm\/blogs\/inpractice\/entry\/implicit_bias.html\" target=\"_blank\" rel=\"noopener\"><em>Uit taktik pou idantifye ak redwi implicite ou<\/em><\/a><em> prejije <\/em>pa Akademi Ameriken pou Praktisyon\u00e8 Fanmi yo.<\/p>\n\t\t<h3>Si pitit nou yo f\u00e8 eksperyans oswa temwen yon ev\u00e8nman rasis rayisab, nou ka veye<\/h3><p>pou <a href=\"https:\/\/www.mhanational.org\/racial-trauma\" target=\"_blank\" rel=\"noopener\">siy ak sent\u00f2m ch\u00f2k rasyal<\/a> epi reponn ak sip\u00f2 al\u00e8.<\/p>\n\t\t<h3>Mod\u00e8l ak ankouraje konp\u00f2tman pou siviv tankou itilize distraksyon ki an sante,<\/h3><p>eksprime emosyon ou nan fason pozitif, pratike swen pw\u00f2p t\u00e8t ou ak teknik detant, tankou f\u00e8 egz\u00e8sis, atensyon, ak yoga.<\/p>\n\t\t<h3>Pale ak adolesan ak tweens sou ras ak idantite<\/h3><p>l\u00e8 w li, gade, koute, eksplore epi pale ansanm sou rasis. Eseye videyo sa a nan segman Above the Noise sou Maryland Public Television:\u00a0 <a href=\"https:\/\/mpt.pbslearningmedia.org\/resource\/what-does-it-mean-to-be-anti-racist-video\/above-the-noise\/\" target=\"_blank\" rel=\"noopener\">Ki sa sa vle di yo dwe anti-rasis?<\/a><\/p>\n\t\t<h3>Devlope yon sist\u00e8m sip\u00f2 kominot\u00e8<\/h3><p>zanmi, fanmi, edikat\u00e8, lid\u00e8 lafwa ak founis\u00e8 s\u00e8vis yo.<\/p>\n\t\t<h3>Aprann plis sou rasis enstitisyon\u00e8l nan politik sosyal ak ekonomik nou yo,<\/h3><p>enkli egzanp espwa nan estrateji efikas atrav\u00e8 peyi a. Gade TedTalk sa a <a href=\"https:\/\/www.youtube.com\/watch?v=VzyjDR_AWzE\" target=\"_blank\" rel=\"noopener\">Kijan Rasis F\u00e8 Nou Maladi<\/a> pa Dokt\u00e8 David R. Williams, PhD, MPH, Prezidan Depatman Syans Sosyal ak Konp\u00f2tman nan Lek\u00f2l Sante Piblik Harvard TH Chan.<\/p>\n\t\t<h3>Li sou<\/h3><p><a href=\"https:\/\/developingadolescent.semel.ucla.edu\/assets\/uploads\/research\/resources\/Anti-racism_brief_Sep21.pdf\" target=\"_blank\" rel=\"noopener\"><em>Kijan Syans Devlopman Kapab Ede Ab\u00f2de Rasis Estriktir\u00e8l Anti-Nwa Pandan Adolesans<\/em><\/a> soti nan UCLA Center for the Developing Adolescent.<\/p>\n\t\t<h3>Nou tout jwe yon w\u00f2l enp\u00f2tan nan avanse ekite!<\/h3><p><a href=\"https:\/\/marylandefc.org\/ht\/get-involved\/\">\u00a0Antre nan EFC<\/a> pandan n ap pouse moun k ap f\u00e8 politik yo konsidere ekite nan tout desizyon ki afekte fanmi yo.<\/p>\n\t\t\t\t<img loading=\"lazy\" decoding=\"async\" src=\"https:\/\/marylandefc.org\/wp-content\/uploads\/2024\/01\/MEC-Icons_idea.svg\" alt=\"Light bulb icon for information\" itemprop=\"image\" height=\"300\" width=\"300\" title=\"MEC-Icons_idea\" onerror=\"this.style.display='none'\"  \/>\n<h3>Jwenn sip\u00f2 sante mantal<\/h3><p>Si adolesan ou ap f\u00e8 fas ak pwobl\u00e8m emosyon\u00e8l oswa konp\u00f2tmantal, oswa si li montre siy enkyetid oswa depresyon, gen fason pou ou jwenn \u00e8d. <\/p>\n<ol>\n<li><a href=\"http:\/\/search.marylandefc.org\" target=\"_blank\" rel=\"noopener\">Ch\u00e8che baz done resous EFC<\/a> pou s\u00e8vis sante mantal pa laj.<\/li>\n<li>Rele 988 si adolesan ou a gen lide swisid oswa si w gen enkyetid kons\u00e8nan itilizasyon sibstans.*<\/li>\n<li>T\u00e8ks HOME nan 741741 pou w jwenn Liy T\u00e8ks Kriz la.*<\/li>\n<\/ol>\n<p><i>* Tou de resous yo gratis epi konfidansy\u00e8l.<\/i><\/p>\n\t\t\t\t<img loading=\"lazy\" decoding=\"async\" src=\"https:\/\/marylandefc.org\/wp-content\/uploads\/2024\/02\/kids-taking-risks-skateboarding-scaled.jpg\" alt=\"kids taking risks skateboarding\" itemprop=\"image\" height=\"1709\" width=\"2560\" title=\"timoun yo pran risk pou yo monte paten\" onerror=\"this.style.display='none'\"  \/>\n\t<h2>Pran Risk<\/h2>\n<p>Se pa s\u00e8lman n\u00f2mal pou adolesan yo pran risk epi eseye nouvo bagay, men se yon pati esansy\u00e8l nan aprantisaj pandan ane sa yo.\u00a0<\/p>\n<p>Menm jan timoun piti lage jw\u00e8t yo repete pou aprann ke yo toujou tonbe, adolesan yo pran risk repete pou yo aprann sou rezilta ens\u00e8ten. Nou gen yon kondwi natir\u00e8l pou eksplore nouvo bagay nan adolesans pou nou ka dekouvri ki moun nou ye, elaji konpetans nou epi prepare pou vin yon adilt endepandan.\u00a0<\/p>\n<p>Pran risk kapab alafwa negatif ak pozitif. Adolesan yo ka aprann epi grandi nan eksplore nan fason kote rezilta a enkoni \u2013 soti nan patisipe nan yon nouvo aktivite rive nan f\u00e8 konesans ak yon nouvo moun.\u00a0<\/p>\n<p>Eksplorasyon an sante p\u00e8m\u00e8t adolesan chans pou yo f\u00e8 eksperyans risk nan yon anviw\u00f2nman pozitif, ki bay sip\u00f2.\u00a0<\/p>\n<p>Pafwa, adolesan yo ka eksplore yon fason ki mete sante yo ak byenn\u00e8t yo an danje. Pa egzanp, eksplorasyon bon\u00e8 ak sibstans danjere tankou tabak, alk\u00f2l, marigwana oswa l\u00f2t dw\u00f2g ka mennen nan pwobl\u00e8m imedya, tankou aksidan oswa blesi, osi byen ke pwobl\u00e8m sante ak konp\u00f2tman alont\u00e8m.\u00a0<\/p>\n<p>Kit adolesan yo ap eksplore nan fason ki an sante oswa danjere, sip\u00f2 efikas nan men adilt yo sanble anpil.\u00a0<\/p>\n\t\t\t\t<img loading=\"lazy\" decoding=\"async\" src=\"https:\/\/marylandefc.org\/wp-content\/uploads\/2024\/01\/MEC-Icons_idea.svg\" alt=\"Light bulb icon for information\" itemprop=\"image\" height=\"300\" width=\"300\" title=\"MEC-Icons_idea\" onerror=\"this.style.display='none'\"  \/>\n\t\t<p>Kontinye aprann kijan ou ka sip\u00f2te adolesan yo pandan y ap eksplore. Aprann sa ou ka f\u00e8 k\u00f2m yon paran <a href=\"https:\/\/extension.umn.edu\/teen-development\/teens-and-risk-taking\" target=\"_blank\" rel=\"noopener\">ede pitit ou a pandan y ap eksplore nouvo lide<\/a>. <\/p>\n\t<h3><b>Kons\u00e8y ak zouti<\/b><\/h3>\n<p>L\u00e8 granmoun yo bay sip\u00f2 ki apwopriye pou laj yo, j\u00e8n yo ka grandi epi aprann nan difikilte yo. Men, pa gen okenn nan nou bezwen f\u00e8 li moute jan nou ale ansanm. Gen fason pwouve, ki sip\u00f2te syans pou ab\u00f2de defi timoun yo rankontre nan diferan laj ak etap.<\/p>\n<p><b>Ou vle kominike pi byen ak adolesan oswa j\u00e8n timoun ou a?\u00a0 <a href=\"https:\/\/parentandteen.com\/\" target=\"_blank\" rel=\"noopener\">Tcheke Sant pou Kominikasyon Paran ak Adolesan<\/a>.<\/b><\/p>\n<p>&nbsp;<\/p>","protected":false},"excerpt":{"rendered":"<p>PWOBLEM DEVLOPMAN ADOLESAN AK TIMOUN PRE-ADOLESAN Anpeche ak Jere Pwobl\u00e8m Menm jan chak etap nan lavi gen op\u00f2tinite inik, chak etap vini tou ak pwobl\u00e8m li yo. Pandan ke gen k\u00e8k pwobl\u00e8m tankou im\u00e8 oswa enpulsivite ki f\u00e8 pati yon devlopman ki an sante pou adolesan, gen k\u00e8k eksperyans ki ka mete an danje yon devlopman ki an sante. Aprann kijan pou anpeche epi ede adolesan ou bati...<\/p>","protected":false},"author":1,"featured_media":27056,"parent":26895,"menu_order":0,"comment_status":"closed","ping_status":"closed","template":"","meta":{"footnotes":""},"class_list":["post-26903","page","type-page","status-publish","has-post-thumbnail","hentry"],"_links":{"self":[{"href":"https:\/\/marylandefc.org\/ht\/wp-json\/wp\/v2\/pages\/26903","targetHints":{"allow":["GET"]}}],"collection":[{"href":"https:\/\/marylandefc.org\/ht\/wp-json\/wp\/v2\/pages"}],"about":[{"href":"https:\/\/marylandefc.org\/ht\/wp-json\/wp\/v2\/types\/page"}],"author":[{"embeddable":true,"href":"https:\/\/marylandefc.org\/ht\/wp-json\/wp\/v2\/users\/1"}],"replies":[{"embeddable":true,"href":"https:\/\/marylandefc.org\/ht\/wp-json\/wp\/v2\/comments?post=26903"}],"version-history":[{"count":0,"href":"https:\/\/marylandefc.org\/ht\/wp-json\/wp\/v2\/pages\/26903\/revisions"}],"up":[{"embeddable":true,"href":"https:\/\/marylandefc.org\/ht\/wp-json\/wp\/v2\/pages\/26895"}],"wp:featuredmedia":[{"embeddable":true,"href":"https:\/\/marylandefc.org\/ht\/wp-json\/wp\/v2\/media\/27056"}],"wp:attachment":[{"href":"https:\/\/marylandefc.org\/ht\/wp-json\/wp\/v2\/media?parent=26903"}],"curies":[{"name":"wp","href":"https:\/\/api.w.org\/{rel}","templated":true}]}}