{"id":26905,"date":"2024-02-06T16:12:43","date_gmt":"2024-02-07T00:12:43","guid":{"rendered":"https:\/\/marylandefc.org\/?page_id=26905"},"modified":"2026-02-12T15:35:28","modified_gmt":"2026-02-12T23:35:28","slug":"aces","status":"publish","type":"page","link":"https:\/\/marylandefc.org\/ht\/grownups\/aces\/","title":{"rendered":"Jere Eksperyans Adverse Childhood (ACEs)"},"content":{"rendered":"<figure itemscope itemtype=\"https:\/\/schema.org\/ImageObject\">\n\t\t\t\t<img decoding=\"async\" src=\"https:\/\/marylandefc.org\/wp-content\/uploads\/2024\/02\/mom-comforting-daughter-during-adversity-scaled.jpg\" alt=\"mom comforting daughter during adversity\" height=\"1707\" width=\"2560\" title=\"D\u00e8y\u00e8,Do,View,Nwa,Manman,Epi,Pitit fi,Anbrase,Chita,Sou\" onerror=\"this.style.display='none'\" loading=\"lazy\" \/>\n\t<\/figure>\n\t<h1>ACES<\/h1>\n\t<h2>Ede timoun ki gen adv\u00e8site<\/h2>\n<p>Adverse childhood experiences and environments (ACEs) are common. If children don&#8217;t get support when facing adversity, it can cause long-lasting harm. There are things we can all do together to buffer the impact of adversity.\u00a0<\/p>\n<p><b>S\u00e8l fakt\u00e8 ki pi enp\u00f2tan an se gen yon adilt ki an sekirite, ki estab ak ankourajan nan kay la ak nan kominote a pou yon timoun apiye sou li.\u00a0<\/b><\/p>\n<p>Gen plizy\u00e8 fason nou ka kreye eksperyans pozitif nan timoun epi ansanm ankouraje sante ak byenn\u00e8t timoun nou yo.\u00a0<\/p>\n\t<h2>Ki sa ki ACE yo<\/h2>\n<p>The original ACE Study examined 10 childhood adversities: forms of child abuse and neglect &#8211; physical abuse, physical neglect, emotional abuse, emotional neglect and sexual abuse, as well as household challenges &#8211; domestic violence, divorce, serious mental illness, substance use disorder or incarceration of a household member.<\/p>\n<p>Eksperyans negatif timoun ak kominote (ACE) ka rive nan fanmi\/kay la, nan kominote a oswa nan anviw\u00f2nman an. Sonje nou ka travay ansanm k\u00f2m paran ak granmoun, moun k ap f\u00e8 politik ak patn\u00e8 kominot\u00e8 pou f\u00e8 yon diferans!\u00a0<\/p>\n<figure data-animation-delay=\"0\" data-animation-duration=\"1\" itemscope itemtype=\"https:\/\/schema.org\/ImageObject\">\n\t\t\t\t<img decoding=\"async\" src=\"https:\/\/marylandefc.org\/wp-content\/uploads\/2024\/02\/Maryland-Community-members-talking-about-ACEs-.jpg\" alt=\"Maryland community members talking about ACEs\" height=\"800\" width=\"1200\" title=\"Manm Kominote Maryland ap pale de ACE yo\" onerror=\"this.style.display='none'\" loading=\"lazy\" \/>\n\t<\/figure>\n<figure itemscope itemtype=\"https:\/\/schema.org\/ImageObject\">\n\t\t\t\t<img decoding=\"async\" src=\"https:\/\/marylandefc.org\/wp-content\/uploads\/2024\/02\/Dr.-Anda-ACE-Study-talking-at-ACE-Interface-Policy-Maker-Reception-5.jpg\" alt=\"Dr. Anda of ACE Interface Study talking at Policy Maker Reception\" height=\"930\" width=\"620\" title=\"Dr Anda ACE Etid ap pale nan ACE Interface Policy Maker Resepsyon 5\" onerror=\"this.style.display='none'\" loading=\"lazy\" \/>\n\t\t<figcaption>Dr. Robert Anda, CDC&#8217;s principal investigator on ACE Study at EFC ACE &amp; The Family Tree&#8217;s Interface Policy Maker Reception<\/figcaption>\n\t<\/figure>\n\t<h2>Kisa Etid ACE orijinal la te di nou?<\/h2>\n<p>In the mid-1990&#8217;s Dr. Robert Anda at the CDC and Dr. Vincent Felitti at Kaiser Permanente in San Diego, California were co-investigators of the groundbreaking ACE Study. \u00a0It was one of the largest studies of childhood adversity and its connection to life-long health and well-being of its kind, involving 17,000 participants.<\/p>\n<p>Gen 3 rezilta etid ACE:\u00a0\u00a0<\/p>\n<ol>\n<li> ACE yo komen.\u00a0\u00a0<\/li>\n<li> ACEs are rarely found in isolation&#8212; where you find one, you are likely to find others.\u00a0\u00a0<\/li>\n<li> ACE yo gen yon gwo ef\u00e8 sou pita sante ak byenn\u00e8t.<\/li>\n<\/ol>\n<p>Nan etid ACE orijinal la:<\/p>\n<ul>\n<li aria-level=\"2\">67% patisipan etid yo rap\u00f2te ke yo gen omwen yon ACE.\u00a0<\/li>\n<\/ul>\n<ul>\n<li aria-level=\"2\">26% rap\u00f2te gen twa oswa plis ACE.\u00a0<\/li>\n<\/ul>\n<ul>\n<li aria-level=\"2\">24% rap\u00f2te gen twa oswa plis ACE.<\/li>\n<\/ul>\n<h3>In Maryland&#8230;<\/h3>\n<p>apepr\u00e8 60% nan patisipan sondaj rap\u00f2te omwen yon ACE. <a href=\"https:\/\/marylandefc.org\/ht\/partners\/meetings-reports\/\">Revize Rap\u00f2 Any\u00e8l SCCAN yo<\/a> pou plis done espesifik Maryland sou ACE.\u00a0<\/p>\n<p>&nbsp;<\/p>\n\t\t<h3>Ogmante konesans nan ACEs<\/h3>\n<p>Sondaj ACE ki vin apre yo ak pwogr\u00e8 nan syans yo te elaji konesans nou an.<\/p>\n<ol>\n<li>Etid ACE ak sondaj ACE ki vin apre yo te jwenn ke ACE yo komen epi yo gen enpak sou sante ak byenn\u00e8t pandan tout lavi (epidemyoloji).<\/li>\n<li>Toxic stress from ACEs can damage children&#8217;s developing brains and affect our short- and long-term health (neurobiology or brain science).<\/li>\n<li>Nou ka pase ACE de jenerasyon an jenerasyon atrav\u00e8 j\u00e8n nou yo (epijenetik).<\/li>\n<li>Our brains are &#8220;plastic&#8221; &#8211; can reorganize their structure, functions, and connections &#8211; and our bodies can heal through implementing protective factors and resilience-building practices based on ACEs science. (neuroplasticity and resilience)<\/li>\n<\/ol>\n<p>Elaji sondaj ACE tankou la <a href=\"https:\/\/www.philadelphiaaces.org\/philadelphia-ace-survey\" target=\"_blank\" rel=\"noopener\">Sondaj ACE nan Philadelphia<\/a> envestige l\u00f2t eksperyans negatif timoun ak kominote tankou entimidasyon, vyolans nan kominote a, k ap viv nan swen adoptif, f\u00e8 eksperyans rasis ak sekirite nan katye.<\/p>\n<p>Aprann kijan kondisyon kominote tankou povrete, rasis ak vyolans afekte timoun yo.\u00a0<\/p>\n\t\t<iframe loading=\"lazy\" src=\"https:\/\/player.vimeo.com\/video\/114595623?h=0cae101bc0&amp;color=b44d0f&amp;byline=0&amp;portrait=0\" width=\"640\" height=\"360\" frameborder=\"0\" allowfullscreen=\"allowfullscreen\"><\/iframe>\t\n\t\t<h3>Travay ansanm pou anpeche ACE<\/h3><p>Nou ka travay ansanm k\u00f2m paran ak granmoun, mizisyen politik ak patn\u00e8 kominot\u00e8 pou f\u00e8 yon diferans! Maryland Essentials for Childhood (EFC) ap travay ak Family Tree ak patn\u00e8 kominot\u00e8 nou yo pou f\u00f2me moun atrav\u00e8 eta a sou ACE ak fason nou ka travay ansanm pou diminye yo.<\/p>\n<p><a href=\"https:\/\/marylandefc.org\/ht\/get-involved\/ace-science\/#training\" target=\"_blank\" rel=\"noopener\">Pote yon f\u00f2masyon ACE nan kominote w la<\/a>.<\/p>\n<figure itemscope itemtype=\"https:\/\/schema.org\/ImageObject\">\n\t\t\t\t<img decoding=\"async\" src=\"https:\/\/marylandefc.org\/wp-content\/uploads\/2024\/02\/ACE-Instructor-Training.jpg\" alt=\"ACE Instructor Training\" height=\"800\" width=\"1200\" title=\"F\u00f2masyon enstrikt\u00e8 ACE\" onerror=\"this.style.display='none'\" loading=\"lazy\" \/>\n\t<\/figure>\n<h2>\n\t\t\tEde timoun ak adolesan f\u00e8 fas ak estr\u00e8s grav\t<\/h2>\n\t\t<h3>POSITIF<\/h3><p>Ogmantasyon kout nan batman k\u00e8, elevasyon modere nan nivo \u00f2m\u00f2n estr\u00e8s.<\/p>\n\t\t<h3>TOLERAB<\/h3><p>Repons estr\u00e8s grav, tanpor\u00e8, tanpon ak relasyon sip\u00f2.<\/p>\n\t\t<h3>TOXIK<\/h3><p>Aktivasyon pwolonje nan sist\u00e8m repons estr\u00e8s nan absans relasyon pwoteksyon.<\/p>\n\t<p>When children are exposed to ACEs and other adversities like racism, poverty, bullying and other forms of violence, and adults aren&#8217;t there to help them cope, their stress systems can over-activate. Their developing bodies and brains are flooded with harmful levels of stress hormones. <\/p>\n<p>This excessive activation of the stress response system produces wear and tear on the child&#8217;s developing body and brain. This &#8220;toxic stress response&#8221; is similar to revving a car engine for days and weeks at a time and can increase the risk of later health problems. \u00a0\u00a0\u00a0\u00a0\u00a0<\/p>\n<p>Sepandan, <strong>children can tolerate even severe stress &#8212; if safe, stable, and nurturing adult relationships are in place<\/strong> pou anpeche enpak negatif la.<\/p>\n<figure itemscope itemtype=\"https:\/\/schema.org\/ImageObject\">\n\t\t\t\t<img decoding=\"async\" src=\"https:\/\/marylandefc.org\/wp-content\/uploads\/2024\/01\/MEC-Icons_idea.svg\" alt=\"Light bulb icon for information\" height=\"300\" width=\"300\" title=\"MEC-Icons_idea\" onerror=\"this.style.display='none'\" loading=\"lazy\" \/>\n\t<\/figure>\n\t\t<h3><a href=\"https:\/\/developingchild.harvard.edu\/resources\/aces-and-toxic-stress-frequently-asked-questions\/\" target=\"_blank\" rel=\"noopener\">ACEs literally &#8220;get under the skin&#8221;<\/a><\/h3><p>Gade videyo sa a sou fason yo ka afekte s\u00e8vo a, k\u00f2 a ak konp\u00f2tman.<\/p>\n<p><iframe loading=\"lazy\" title=\"Eksperyans Adverse Childhood (ACEs): Enpak sou s\u00e8vo, k\u00f2 ak konp\u00f2tman\" width=\"500\" height=\"281\" src=\"https:\/\/www.youtube.com\/embed\/W-8jTTIsJ7Q?feature=oembed\" frameborder=\"0\" allow=\"accelerometer; autoplay; clipboard-write; encrypted-media; gyroscope; picture-in-picture; web-share\" referrerpolicy=\"strict-origin-when-cross-origin\" allowfullscreen><\/iframe><\/p>\n<p>Gade enfografi sa a epi li plis enf\u00f2masyon sou ACE ak estr\u00e8s toksik nan Center on the Developing Child.<\/p>\n\t\t\t<a href=\"https:\/\/developingchild.harvard.edu\/resources\/aces-and-toxic-stress-frequently-asked-questions\/\" target=\"_blank\" rel=\"noopener\">\n\t\t\t\t\t\t\tKontinye Lekti\n\t\t\t\t\t<\/a>\n<figure data-animation-delay=\"0\" data-animation-duration=\"1\" itemscope itemtype=\"https:\/\/schema.org\/ImageObject\">\n\t\t\t\t<img decoding=\"async\" src=\"https:\/\/marylandefc.org\/wp-content\/uploads\/2024\/02\/Child-receiving-asthma-treatment-with-breathing-mask.jpg\" alt=\"Child receiving asthma treatment with breathing mask\" height=\"800\" width=\"1200\" title=\"Timoun k ap resevwa tretman opresyon ak mask pou l respire\" onerror=\"this.style.display='none'\" loading=\"lazy\" \/>\n\t<\/figure>\n\t<h2>How do ACEs impact health &#8211; physical, mental, social and behavioral?<\/h2>\n<p><strong>ACE yo ka gen yon gwo ef\u00e8 sou pita sante ak byenn\u00e8t.\u00a0\u00a0<\/strong><\/p>\n<p>Eksperyans negatif ki pi grav oswa ki pi souvan nan anfans f\u00e8 li gen plis chans pou moun yo gen pwobl\u00e8m sante fizik, mantal ak konp\u00f2tman k\u00f2m adolesan oswa adilt.\u00a0<\/p>\n<p>K\u00f2m kantite ACE yo ogmante, risk pou k\u00e8k maladi, pwobl\u00e8m sante kwonik ak konp\u00f2tman mwens sante ogmante tou.\u00a0<\/p>\n<h2>\n\t\t\tACE yo ka ogmante risk pou move rezilta sosyal, maladi, ak lanm\u00f2\t<\/h2>\n\t<p>Rech\u00e8ch yo montre ke gen yon pi gwo kantite ACE ki asosye ak anpil nan k\u00f2z prensipal lanm\u00f2 tankou maladi k\u00e8 ak kans\u00e8.<\/p>\n\t\t<h3><a href=\"https:\/\/vetoviolence.cdc.gov\/apps\/aces-infographic\/\" target=\"_blank\" rel=\"noopener\">Kondisyon Sante kwonik<\/a><\/h3><ul>\n<li>Maladi k\u00e8 kowon\u00e8<\/li>\n<li>Konjesyon Serebral<\/li>\n<li>Opresyon<\/li>\n<li>Maladi obstriktif poumon kwonik (COPD)<\/li>\n<li>Kans\u00e8<\/li>\n<li>Maladi ren<\/li>\n<li>Dyab\u00e8t<\/li>\n<li>Obezite<\/li>\n<\/ul>\n\t\t<h3><a href=\"https:\/\/vetoviolence.cdc.gov\/apps\/aces-infographic\/\" target=\"_blank\" rel=\"noopener\">Konp\u00f2tman Risk pou Sante<\/a><\/h3><ul>\n<li>Fimen<\/li>\n<li>Tw\u00f2p itilizasyon alk\u00f2l<\/li>\n<li>Move itilizasyon sibstans<\/li>\n<li>Inaktivite fizik<\/li>\n<li>Konp\u00f2tman risk seksy\u00e8l<\/li>\n<li>Panse swisid ak konp\u00f2tman<\/li>\n<\/ul>\n\t\t<h3><a href=\"https:\/\/vetoviolence.cdc.gov\/apps\/aces-infographic\/\" target=\"_blank\" rel=\"noopener\">Rezilta Sosyal yo<\/a><\/h3><ul>\n<li>Mank asirans sante<\/li>\n<li>Chomaj<\/li>\n<li>Mwens pase dipl\u00f2m lek\u00f2l segond\u00e8 oswa edikasyon ekivalan<\/li>\n<\/ul>\n\t\t<h3><a href=\"https:\/\/vetoviolence.cdc.gov\/apps\/aces-infographic\/\" target=\"_blank\" rel=\"noopener\">Kondisyon Sante Mantal ak Twoub Itilizasyon Sibstans<\/a><\/h3><ul>\n<li>Depresyon<\/li>\n<li>Twoub itilizasyon sibstans ki gen ladan alk\u00f2l, opioid, ak tabak<\/li>\n<\/ul>\n\t\t\t<a href=\"https:\/\/vetoviolence.cdc.gov\/apps\/aces-infographic\/\" target=\"_blank\" rel=\"noopener\">\n\t\t\t\t\t\t\tGade plis\n\t\t\t<\/a>\n\t<h2>Ki jan kominote yo ka ede anpeche ACE yo<\/h2>\n<p>To nurture children&#8217;s potential, it is important that we work together to prevent serious adversity through good <a href=\"\/ht\/policy\/policies-matter\/\">politik ak pwogram yo<\/a>. \u00a0\u00a0\u00a0\u00a0\u00a0<\/p>\n<p>Nou kapab tou asire ke chak kominote ekipe pou sip\u00f2te moun ki te f\u00e8 fas ak gwo adv\u00e8site, f\u00e8 <a href=\"\/ht\/grownups\/resilience\/\">det\u00e8minasyon<\/a> yon posibilite rey\u00e8l.<\/p>\n<figure data-animation-delay=\"0\" data-animation-duration=\"1\" itemscope itemtype=\"https:\/\/schema.org\/ImageObject\">\n\t\t\t\t<img decoding=\"async\" src=\"https:\/\/marylandefc.org\/wp-content\/uploads\/2024\/02\/Maryland-15-minimum-wage-rally.jpg\" alt=\"Maryland $15 minimum wage rally\" height=\"800\" width=\"1200\" title=\"Maryland $15 rasanbleman sal\u00e8 minim\u00f2m\" onerror=\"this.style.display='none'\" loading=\"lazy\" \/>\n\t<\/figure>\n<h2>\n\t\t\tKisa NOU TOUT ka f\u00e8 pou anpeche ACE?\t<\/h2>\n\t<p>Nou TOUT gen zouti nou bezwen pou anpeche enpak ACE yo sou yon timoun. L\u00e8 nou travay ansanm sou fakt\u00e8 sa yo, nou ka f\u00e8 yon diferans! Granmoun yo ka asire yo:<\/p>\n\t\t<p><strong>Bay relasyon ki an sekirite, ki estab ak ankourajan lakay ou ak nan kominote a.<\/strong><\/p>\n<p>It&#8217;s the <a href=\"\/ht\/grownups\/protective-factors\/#stable-nurturing-relationships\">s\u00e8l fakt\u00e8 ki pi enp\u00f2tan<\/a> nan anpeche ACEs ak diminye enpak yo.<\/p>\n\t\t<p><strong>Satisf\u00e8 bezwen esansy\u00e8l yon timoun. Si w bezwen \u00e8d, <\/strong><strong>konekte ak resous kominote yo.<\/strong> <\/p>\n<p>Rele 2-1-1 oswa <a href=\"http:\/\/search.marylandefc.org\" target=\"_blank\" rel=\"noopener\">rech\u00e8ch pou sip\u00f2 lokal yo<\/a>.\u00a0<\/p>\n\t\t<p><strong>Create opportunities for <a href=\"\/ht\/grownups\/protective-factors\/#PCE\">eksperyans pozitif timoun<\/a> and buffer children from the impact of ACEs. <\/strong><\/p>\n<p>Yo ankouraje devlopman an sante epi anpeche timoun yo kont enpak ACE yo. <a href=\"\/ht\/grownups\/protective-factors\/#PCE\">Kontinye aprann<\/a>.<\/p>\n\t\t<p><strong>Kominote a jwe yon w\u00f2l tou.<\/strong> <\/p>\n<p><a href=\"\/ht\/policy\/policies-matter\/\" target=\"_blank\" rel=\"noopener\">Ale pi fon sou politik ki gen pwobl\u00e8m<\/a> bay timoun yo, fanmi yo ak kominote a.\u00a0<a href=\"\/ht\/grownups\/protective-factors\/\" target=\"_blank\" rel=\"noopener\">Kontinye li sou l\u00f2t fakt\u00e8 pwoteksyon.<\/a><\/p>\n<p>&nbsp;<\/p>\n<h2>\n\t\t\tKisa Paran yo ka f\u00e8 pou anpeche ACE?\t<\/h2>\n\t\t<p><strong>Jwenn resous nan kominote w la.<\/strong> ACE yo komen, gerizon posib, epi ou pa poukont ou.<\/p>\n\t\t<p><strong>Konekte ak l\u00f2t granmoun ki ap bay pitit ak PACE yo.<\/strong><\/p>\n<p><a href=\"https:\/\/www.pacesconnection.com\/g\/Parenting-with-ACEs\" target=\"_blank\" rel=\"noopener\">Antre nan kominote sa a sou ent\u00e8n\u00e8t<\/a>.<\/p>\n\t\t<p><strong>Pote yon f\u00f2masyon ACE nan kominote w la.<\/strong><\/p>\n<p><a href=\"https:\/\/marylandefc.org\/ht\/get-involved\/ace-science\/#training\" target=\"_blank\" rel=\"noopener\">Or\u00e8 yon f\u00f2masyon<\/a>.<\/p>\n\t\t<strong>Pale ak pedyat ou.<\/strong><br \/>\nSe pa tout moun ki pral konnen siyifikasyon an, men f\u00e8 tout ef\u00f2 yo jwenn youn ki f\u00e8 sa.\n<p>S\u00e8vi ak la <a href=\"https:\/\/www.wellvisitplanner.org\/\" target=\"_blank\" rel=\"noopener\">CAMHI Byen Vizit Planifikat\u00e8<\/a> to prepare for a conversation with your child&#8217;s pediatrician<\/p>\n\t\t<p><strong>Gade ti videyo sa a pou w aprann plis sou adv\u00e8site ak ch\u00f2k timoun yo.<\/strong><\/p>\n<p>Eksperyans negatif timoun yo <a href=\"https:\/\/youtu.be\/XHgLYI9KZ-A?feature=shared\" target=\"_blank\" rel=\"noopener\">(ACE)<\/a>, Rezo Sante Piblik Cymru<\/p>\n\t\t<p><strong>Dekouvri istwa ACE ou.<\/strong><\/p>\n<p><a href=\"https:\/\/numberstory.org\/\" target=\"_blank\" rel=\"noopener\">It can impact your child&#8217;s.<\/a><\/p>","protected":false},"excerpt":{"rendered":"<p>ACES Helping Children With Adversity Adverse childhood experiences and environments (ACEs) are common. If children don&#8217;t get support when facing adversity, it can cause long-lasting harm. There are things we can all do together to buffer the impact of adversity.\u00a0 The single most important factor is having a safe, stable and nurturing adult in the&hellip;<\/p>","protected":false},"author":1,"featured_media":27077,"parent":26895,"menu_order":0,"comment_status":"closed","ping_status":"closed","template":"","meta":{"footnotes":""},"class_list":["post-26905","page","type-page","status-publish","has-post-thumbnail","hentry"],"_links":{"self":[{"href":"https:\/\/marylandefc.org\/ht\/wp-json\/wp\/v2\/pages\/26905","targetHints":{"allow":["GET"]}}],"collection":[{"href":"https:\/\/marylandefc.org\/ht\/wp-json\/wp\/v2\/pages"}],"about":[{"href":"https:\/\/marylandefc.org\/ht\/wp-json\/wp\/v2\/types\/page"}],"author":[{"embeddable":true,"href":"https:\/\/marylandefc.org\/ht\/wp-json\/wp\/v2\/users\/1"}],"replies":[{"embeddable":true,"href":"https:\/\/marylandefc.org\/ht\/wp-json\/wp\/v2\/comments?post=26905"}],"version-history":[{"count":0,"href":"https:\/\/marylandefc.org\/ht\/wp-json\/wp\/v2\/pages\/26905\/revisions"}],"up":[{"embeddable":true,"href":"https:\/\/marylandefc.org\/ht\/wp-json\/wp\/v2\/pages\/26895"}],"wp:featuredmedia":[{"embeddable":true,"href":"https:\/\/marylandefc.org\/ht\/wp-json\/wp\/v2\/media\/27077"}],"wp:attachment":[{"href":"https:\/\/marylandefc.org\/ht\/wp-json\/wp\/v2\/media?parent=26905"}],"curies":[{"name":"wp","href":"https:\/\/api.w.org\/{rel}","templated":true}]}}