{"id":26909,"date":"2024-02-06T16:13:35","date_gmt":"2024-02-07T00:13:35","guid":{"rendered":"https:\/\/marylandefc.org\/?page_id=26909"},"modified":"2025-06-16T11:12:49","modified_gmt":"2025-06-16T18:12:49","slug":"protective-factors","status":"publish","type":"page","link":"https:\/\/marylandefc.org\/ht\/grownups\/protective-factors\/","title":{"rendered":"Nou Tout Ka Pwoteje Timoun kont ACE (ak Eksperyans Pozitif Timoun)"},"content":{"rendered":"<img decoding=\"async\" src=\"https:\/\/marylandefc.org\/wp-content\/uploads\/2024\/02\/Family-having-fun-on-beach-towel.jpg\" alt=\"family having fun on beach towel\" itemprop=\"image\" height=\"5464\" width=\"8192\" title=\"Vi, anwo, paran, Afriken, Ameriken, ak, timoun, k ap ri.\" onerror=\"this.style.display='none'\" loading='lazy' \/>\n\t<h1>FAKT\u00c8 PWOTEKSYON<\/h1>\n\t<h2>Kijan pou pwoteje timoun yo l\u00e8 lavi ap pase<\/h2>\n<p>Even when we have built a strong foundation for well-being in our families and communities, life&#8217;s &#8220;storms&#8221; can hit hard. There are ways we can individually, and more importantly, as a community, protect children and adolescents.\u00a0<\/p>\n<h3>Ki sa ki fakt\u00e8 pwoteksyon yo?<\/h3>\n<p>Protective factors are tangible things that are good for children&#8217;s health and development. When a child has many protective factors in their life, it is less likely that they will experience severe adversity or develop a toxic stress response. For children who experience many ACEs in the early years, protective factors are especially important as a counterbalance.\u00a0<\/p>\n<p>Protective factors can exist in children&#8217;s lives, in families and in communities. Keep reading about these factors that buffer a child from ACEs and promote healthy development.<\/p>\n\t<h2>Fakt\u00e8 pwoteksyon timoun yo<\/h2>\n<ul>\n<li aria-level=\"1\">Amitye pozitif ak rezo kanmarad.<\/li>\n<li aria-level=\"1\">Ap byen reyisi lek\u00f2l.<\/li>\n<li aria-level=\"1\">Adilt ki gen sousi pou l\u00f2t moun dey\u00f2 fanmi an ki s\u00e8vi k\u00f2m konseye\/mod\u00e8l.<\/li>\n<\/ul>\n<p>Research shows children thrive when they have\u00a0 at least two adults in their life who are not their parents, but who genuinely care about the child. These trusted adults can be extended family members like grandparents, aunts, uncles or community members like coaches, teachers, youth group leaders, neighbors or family friends. <\/p>\n\t\t\t\t<img decoding=\"async\" src=\"https:\/\/marylandefc.org\/wp-content\/uploads\/2024\/02\/teacher-helping-students.jpg\" alt=\"Group o felementary students\" itemprop=\"image\" height=\"5368\" width=\"10847\" title=\"Gwoup timoun lek\u00f2l prim\u00e8 kanpe otou yon tab anndan\" onerror=\"this.style.display='none'\" loading='lazy' \/>\n\t\t\t\t<img decoding=\"async\" src=\"https:\/\/marylandefc.org\/wp-content\/uploads\/2024\/02\/family-swinging-on-swing-caring-for-children.jpg\" alt=\"Muslim family playing on swing in park\" itemprop=\"image\" height=\"1333\" width=\"2000\" title=\"Fanmi Mizilman ap jwe balanse nan pak la\" onerror=\"this.style.display='none'\" loading='lazy' \/>\n\t<h2>Fakt\u00e8 Pwoteksyon Fanmi yo<\/h2>\n<p>Sa yo enkli:<\/p>\n<ul>\n<li aria-level=\"1\">A child&#8217;s basic needs of food, shelter and health services are met. If you need help with essential needs, call 2-1-1 or <a href=\"http:\/\/search.marylandefc.org\" target=\"_blank\" rel=\"noopener\">ch\u00e8che resous nan baz done nou an<\/a>.<\/li>\n<li aria-level=\"1\">Manm fanmi granmoun yo gen rezo sip\u00f2 sosyal solid ak relasyon pozitif ak moun ki b\u00f2 kote yo.<\/li>\n<li aria-level=\"1\">Manm fanmi granmoun yo travay nan konfli yo pasifikman epi ede timoun yo simonte defi nan lavi yo, kit se nan <a href=\"https:\/\/marylandefc.org\/ht\/grownups\/developmental-challenges\/\">premye ane yo<\/a> oswa <a href=\"https:\/\/marylandefc.org\/ht\/grownups\/teen-challenges\/\">pre-adolesan\/adolesan<\/a>.\u00a0<\/li>\n<li aria-level=\"1\">Fanmi yo patisipe nan aktivite amizan ak pozitif ansanm.<\/li>\n<\/ul>\n\t<h2>Fakt\u00e8 pwoteksyon kominot\u00e8 yo<\/h2>\n<p>Maryland Essentials for Childhood ap travay pou kominote kote tout timoun, j\u00e8n ak fanmi yo ap pwospere. <a href=\"https:\/\/marylandefc.org\/ht\/grownups\/protective-factors\/#stable-nurturing-relationships\">relasyon ki an sekirite, ki estab e ki nourisan<\/a> ak anviw\u00f2nman. Travay nou an, kit se pou enf\u00f2me politik, pou f\u00e8 patenarya ak \u00f2ganizasyon kominot\u00e8 yo oswa pou bay resous pou fanmi yo, baze sou vizyon sa a.\u00a0<\/p>\n<p>Nou tout bezwen travay ansanm pou sip\u00f2te timoun yo epi kreye kominote kote tout moun ka pwospere. Fakt\u00e8 pwoteksyon nan yon kominote gen ladan yo bagay tankou:<\/p>\n<ul>\n<li>Tout fanmi gen aks\u00e8 a op\u00f2tinite travay av\u00e8k r\u00e8gleman ki adapte ak fanmi yo.\u00a0<\/li>\n<li>\u00c8d ekonomik ak finansye.<\/li>\n<li>Swen medikal ak s\u00e8vis sante mantal.<\/li>\n<li>Lojman ki an sekirite e ki estab.<\/li>\n<li>Gadri timoun kalite sipery\u00e8.<\/li>\n<li>Pwogram ak aktivite apre lek\u00f2l ki an sekirite e kaptivan.<\/li>\n<li>Katye san vyolans kote rezidan yo santi yo konekte youn ak l\u00f2t epi yo patisipe nan kominote a.<\/li>\n<\/ul>\n\t\t\t\t<img decoding=\"async\" src=\"https:\/\/marylandefc.org\/wp-content\/uploads\/2024\/02\/donating-food-to-neighbor.jpg\" alt=\"Neighbors helping each other with food donation\" itemprop=\"image\" height=\"5464\" width=\"8192\" title=\"Ap ede vwazen. J\u00e8n fanm ak sak pwodwi n\u00e8t ap vizite.\" onerror=\"this.style.display='none'\" loading='lazy' \/>\n\t<h3>Jwenn Sip\u00f2 Kominot\u00e8 a<\/h3>\n<p>211 ka ede konekte ou ak anpil nan fakt\u00e8 pwoteksyon kominot\u00e8 sa yo. Rele 211 pou konekte ak sip\u00f2 kominot\u00e8 a. Ou ka rele 24\/7\/365. Oubyen, <a href=\"http:\/\/search.marylandefc.org\" target=\"_blank\" rel=\"noopener\">Ch\u00e8che resous pou paran ak resous esansy\u00e8l tou pre ou<\/a>.<\/p>\n\t\t\t\t<img decoding=\"async\" src=\"https:\/\/marylandefc.org\/wp-content\/uploads\/2024\/02\/doctor-listening-to-child-heart-with-stethescope.jpg\" alt=\"doctor listening to child heart with stethescope\" itemprop=\"image\" height=\"675\" width=\"1200\" title=\"dokt\u00e8-ap-koute-k\u00e8-yon-timoun-ak-yon-estetosk\u00f2p\" onerror=\"this.style.display='none'\" loading='lazy' \/>\n\t<h3>Kijan pedyat ou a ka ede w<\/h3>\n<p>Aks\u00e8 a swen medikal se yon fakt\u00e8 pwoteksyon enp\u00f2tan.\u00a0<\/p>\n<p>The American Academy of Pediatrics (AAP) recommends 15 well-child visits during the first six years of your child&#8217;s life. Well-child visits are an opportunity for you and your health providers to connect and celebrate what&#8217;s going well, meet your family&#8217;s needs and address any concerns.\u00a0<\/p>\n<p>It&#8217;s also a good time for health care providers to learn about any family traditions or cultural norms that might impact your child&#8217;s health and development. <\/p>\n<p>La <a href=\"http:\/\/www.WellVisitPlanner.org\" target=\"_blank\" rel=\"noopener\">Zouti Planifikat\u00e8 Vizit Byenn\u00e8t sou ent\u00e8n\u00e8t<\/a> can help make those visits to the pediatrician&#8217;s office as meaningful as possible.\u00a0<\/p>\n<p>Zouti gratis sa a an Angl\u00e8 ak Pany\u00f2l, ki f\u00e8t espesyalman pa e pou fanmi yo, pwouve li kapab:<\/p>\n<ul>\n<li aria-level=\"1\">ekonomize tan pandan vizit ou a<\/li>\n<li aria-level=\"1\">make more time for personalized conversations with your child&#8217;s health provider\u00a0<\/li>\n<li aria-level=\"1\">ede ou menm ak ekip swen ou an prepare pou diskite sou priyorite ak objektif nou yo<\/li>\n<\/ul>\n<p>Zouti a f\u00e8t ak anpil swen epi rech\u00e8ch apiye l, kidonk ou ka f\u00e8 konfyans enf\u00f2masyon ak rezilta yo bay yo se kalite sipery\u00e8 epi eksp\u00e8 yo apwouve l. <a href=\"http:\/\/www.WellVisitPlanner.org\" target=\"_blank\" rel=\"noopener\">Jwenn Planifikat\u00e8 Vizit Byenn\u00e8t la<\/a>.\u00a0<\/p>\n\t<h2>Eksperyans pozitif nan anfans (PCE) poze fondasyon pou yon devlopman ki an sante<\/h2>\n<p>Our knowledge of what factors impact healthy child development has expanded dramatically over the past few decades. While science informs our actions at Maryland Essentials for Childhood, all trusted adults have the tools to build a child&#8217;s brain and encourage healthy development. You are the single most important factor in helping a child develop a strong foundation. <\/p>\n<p>Syans di nou ke eksperyans pozitif nan anfans se fakt\u00e8 pwoteksyon pou anpeche ak diminye enpak <a href=\"https:\/\/marylandefc.org\/ht\/grownups\/aces\/\">eksperyans negatif timoun yo<\/a>.\u00a0<\/p>\n<p>Positive Childhood Experiences (PCEs) are experiences during childhood that promote safe, stable, and nurturing relationships and environments &#8211; at home, at school, and in the community &#8211; and are protective factors for ACEs.\u00a0<\/p>\n\t\t\t\t<img decoding=\"async\" src=\"https:\/\/marylandefc.org\/wp-content\/uploads\/2024\/02\/mom-and-daughter-blowing-bubbles-positive-interaction.jpg\" alt=\"Mom and daughter blowing bubbles\" itemprop=\"image\" height=\"1325\" width=\"2000\" title=\"Ti fi boukle ki kontan ap jwe ak bul savon nan yon lanati ete ak manman l, nan yon background twoub.\" onerror=\"this.style.display='none'\" loading='lazy' \/>\n\t<p><strong>PCE yo poze fondasyon pou devlopman optimal timoun ak koneksyon sosyal malgre adv\u00e8site.<\/strong>PCE yo kapab anpeche tou Eksperyans Negatif nan Anfans (ACE) epi pwoteje timoun yo kont enpak negatif ACE yo genyen sou sante, konp\u00f2tman ak relasyon pandan tout lavi yo l\u00e8 yo rive. (CDC, 2019).<\/p>\n<h2>\n\t\t\tPositive Childhood Experiences are&#8230;\t<\/h2>\n\t\t<h3>1. Kapasite pou pale ak fanmi sou santiman.<\/h3>\t\n\t\t<h3>2. Santi ke fanmi mwen ap sip\u00f2te m nan moman difisil.<\/h3>\t\n\t\t<h3>3. Pran plezi nan patisipasyon nan tradisyon kominote a.<\/h3>\t\n\t\t<h3>4. Santiman apatenans nan lek\u00f2l segond\u00e8.<\/h3>\t\n\t\t<h3>5. Santiman pou resevwa sip\u00f2 nan men zanmi.<\/h3>\t\n\t\t<h3>6. Gen 2 granmoun (ki pa manm fanmi) ki vr\u00e8man gen sousi pou ou.<\/h3>\t\n\t\t<h3>7. Santi w an sekirite epi pwoteje lakay ou.<\/h3>\t\n\t\t\t\t<img decoding=\"async\" src=\"https:\/\/marylandefc.org\/wp-content\/uploads\/2024\/01\/MEC-Icons_idea.svg\" alt=\"Light bulb icon for information\" itemprop=\"image\" height=\"300\" width=\"300\" title=\"MEC-Icons_idea\" onerror=\"this.style.display='none'\" loading='lazy' \/>\n\t<h3>Kontinye aprann l\u00e8 w gade videyo sa a<\/h3>\n\t<p>sou Syans Eksperyans Pozitif nan Anfans.<\/p>\n\t<iframe loading=\"lazy\" width=\"560\" height=\"315\" src=\"https:\/\/www.youtube.com\/embed\/pFh6_lvioos?si=9ZHNRXN4g0O24QCw\" title=\"jw\u00e8 videyo YouTube\" frameborder=\"0\" allow=\"accelerometer; autoplay; clipboard-write; encrypted-media; gyroscope; picture-in-picture; web-share\" allowfullscreen><\/iframe>\n\t\t\t\t<img decoding=\"async\" src=\"https:\/\/marylandefc.org\/wp-content\/uploads\/2024\/02\/dad-and-son-being-superheros-scaled.jpg\" alt=\"Father and son dressed as superheroes\" itemprop=\"image\" height=\"1709\" width=\"2560\" title=\"Papa ak Pitit Gason nan Kostim Sip\u00e8ewo Wouj k ap Jwe ak Apple\" onerror=\"this.style.display='none'\" loading='lazy' \/>\n\t<h3>Sip\u00e8pouvwa relasyon ki an sekirite, ki estab e ki nourisan<\/h3>\n<p>The CDC uses the phrase &#8220;safe, stable, and nurturing relationships and environments&#8221; to describe the types of personal connections and everyday conditions that prevent child maltreatment, promote healthy development and build resilience.\u00a0\u00a0<\/p>\n<p><strong>Yo defini t\u00e8m yo jan sa a:<\/strong><\/p>\n<p><strong>An sekirite <\/strong>&#8211; A child is free from fear and secure from physical or psychological harm within the relationship and the environment.<\/p>\n<p><strong>Ki estab<\/strong>\u00a0 &#8211; The child can count on the adult to be there for them. The child can predictably and consistently depend upon the physical environment.<\/p>\n<p><strong>Nouri<\/strong> &#8211; The adult consistently and sensitively meets the child&#8217;s physical, emotional and developmental needs.<\/p>\n<p>To be a caring adult who meet a child&#8217;s needs, <strong>perfection isn&#8217;t required, but consistency is important<\/strong>Natir\u00e8lman, pral gen moman kote nou pral gen yon move jounen, santi nou dekouraje oswa p\u00e8di k\u00f2l\u00e8. Nan moman sa yo, nou ka gen mwens chans pou nou konekte ak timoun nan oswa pou nou eksprime atansyon ak enkyetid. Si moman sa yo tanpor\u00e8 e okazyon\u00e8l, timoun yo ka toujou santi yo an sekirite epi konnen yo ka konte sou nou.\u00a0<\/p>\n\t<h3>Kijan pou kreye relasyon sa yo<\/h3>\n<p>Eseye fason sa yo pou ankouraje yon devlopman ki an sante av\u00e8k lanmou, swen ak sousi nan yon relasyon ki an sekirite, ki estab e ki nourisan:<\/p>\n<ul>\n<li aria-level=\"1\">Get to know the child, what&#8217;s happening in his life and what interests him.\u00a0 Be someone who is interested in him.<\/li>\n<li aria-level=\"1\">Be in the moment with the child. There are times when it is important just to be present and &#8220;be with&#8221; the child&#8230; there is no need to &#8220;fix&#8221; what may be a concern&#8230; sometimes your &#8220;being with&#8221; and present is all that is needed. Be someone they can lean on.<\/li>\n<li aria-level=\"1\">Put away or turn off distractions&#8230;phones, work, TV, etc.<\/li>\n<li aria-level=\"1\">Se pou ou yon bon koute, kirye, reflechi, epi pa jije moun.<\/li>\n<li aria-level=\"1\">Don&#8217;t use shame and guilt to control behavior.<\/li>\n<li aria-level=\"1\">Attend important events in the child&#8217;s life. Be someone who believes in them.<\/li>\n<li aria-level=\"1\">Ba yo anpil op\u00f2tinite pou nou ri epi jwe ansanm.<\/li>\n<li aria-level=\"1\">Sonje byen, ni ou menm ni timoun nan pa bezwen paf\u00e8 pou bati yon relasyon ki plen lanmou ak sip\u00f2.<\/li>\n<\/ul>\n\t\t\t\t<img decoding=\"async\" src=\"https:\/\/marylandefc.org\/wp-content\/uploads\/2024\/02\/Dad-helping-kid-learn-how-to-bike.jpg\" alt=\"Dad helping kid learn how to bike\" itemprop=\"image\" height=\"800\" width=\"1200\" title=\"Papa k ap ede pitit li aprann monte bisikl\u00e8t\" onerror=\"this.style.display='none'\" loading='lazy' \/>\n\t\t\t\t<img decoding=\"async\" src=\"https:\/\/marylandefc.org\/wp-content\/uploads\/2024\/01\/MEC-Icons_idea.svg\" alt=\"Light bulb icon for information\" itemprop=\"image\" height=\"300\" width=\"300\" title=\"MEC-Icons_idea\" onerror=\"this.style.display='none'\" loading='lazy' \/>\n<h3>211 ak Pye bwa fanmi an ka ofri sip\u00f2<\/h3><p>Konnen ke kominote a disponib pou ede w! Si w gen yon kesyon sou kijan pou w pale de paran, rele pou jwenn repons. <a href=\"https:\/\/www.familytreemd.org\/programs\/helpline\/\" target=\"_blank\" rel=\"noopener\">Liy \u00c8d Paran 24 sou 24, 7 jou sou 7 nan Pye Bwa Fanmi an<\/a> nan 1-800-243-7337.\u00a0<\/p>\n<p>If you&#8217;re feeling stressed or have other mental health concerns, dial 211.\u00a0<\/p>","protected":false},"excerpt":{"rendered":"<p>PROTECTIVE FACTORS How to protect children when life happens Even when we have built a strong foundation for well-being in our families and communities, life&#8217;s &#8220;storms&#8221; can hit hard. There are ways we can individually, and more importantly, as a community, protect children and adolescents.\u00a0 What are protective factors? Protective factors are tangible things that&hellip;<\/p>","protected":false},"author":1,"featured_media":27130,"parent":26895,"menu_order":0,"comment_status":"closed","ping_status":"closed","template":"","meta":{"footnotes":""},"class_list":["post-26909","page","type-page","status-publish","has-post-thumbnail","hentry"],"_links":{"self":[{"href":"https:\/\/marylandefc.org\/ht\/wp-json\/wp\/v2\/pages\/26909","targetHints":{"allow":["GET"]}}],"collection":[{"href":"https:\/\/marylandefc.org\/ht\/wp-json\/wp\/v2\/pages"}],"about":[{"href":"https:\/\/marylandefc.org\/ht\/wp-json\/wp\/v2\/types\/page"}],"author":[{"embeddable":true,"href":"https:\/\/marylandefc.org\/ht\/wp-json\/wp\/v2\/users\/1"}],"replies":[{"embeddable":true,"href":"https:\/\/marylandefc.org\/ht\/wp-json\/wp\/v2\/comments?post=26909"}],"version-history":[{"count":0,"href":"https:\/\/marylandefc.org\/ht\/wp-json\/wp\/v2\/pages\/26909\/revisions"}],"up":[{"embeddable":true,"href":"https:\/\/marylandefc.org\/ht\/wp-json\/wp\/v2\/pages\/26895"}],"wp:featuredmedia":[{"embeddable":true,"href":"https:\/\/marylandefc.org\/ht\/wp-json\/wp\/v2\/media\/27130"}],"wp:attachment":[{"href":"https:\/\/marylandefc.org\/ht\/wp-json\/wp\/v2\/media?parent=26909"}],"curies":[{"name":"wp","href":"https:\/\/api.w.org\/{rel}","templated":true}]}}