{"id":27731,"date":"2024-02-22T15:32:18","date_gmt":"2024-02-22T23:32:18","guid":{"rendered":"https:\/\/marylandefc.org\/?page_id=27731"},"modified":"2026-03-03T06:14:52","modified_gmt":"2026-03-03T14:14:52","slug":"ace-science","status":"publish","type":"page","link":"https:\/\/marylandefc.org\/ht\/about\/ace-science\/","title":{"rendered":"ACE Syans"},"content":{"rendered":"<figure itemscope itemtype=\"https:\/\/schema.org\/ImageObject\">\n\t\t\t\t<img decoding=\"async\" src=\"https:\/\/marylandefc.org\/wp-content\/uploads\/2024\/02\/Anda-talking-to-a-community-crowd.jpg\" alt=\"Anda discussion in the community\" height=\"800\" width=\"1200\" title=\"Anda ap pale ak yon foul moun nan kominote a\" onerror=\"this.style.display='none'\" loading=\"lazy\" \/>\n\t<\/figure>\n\t<h1>SYANS ACE<\/h1>\n\t<h2>Konprann syans ki d\u00e8y\u00e8 etid ACE a<\/h2>\n<p>Learn more about this groundbreaking study and how it&#8217;s expanded our understanding of the impacts of adverse childhood experiences on brain development.\u00a0 <\/p>\n<figure data-animation-delay=\"0\" data-animation-duration=\"1\" itemscope itemtype=\"https:\/\/schema.org\/ImageObject\">\n\t\t\t\t<img decoding=\"async\" src=\"https:\/\/marylandefc.org\/wp-content\/uploads\/2024\/03\/Kids-holding-magnifying-glass.jpg\" alt=\"Kids holding magnifying glass\" height=\"800\" width=\"1200\" title=\"Timoun yo kenbe yon loup sou figi yo\" onerror=\"this.style.display='none'\" loading=\"lazy\" \/>\n\t<\/figure>\n\t<h2>Kons\u00e8nan etid ACE a<\/h2>\n\t<p>Dr. Robert Anda and Dr. Vincent Felitti are the co-principal investigators of the groundbreaking ACE study sponsored by Kaiser Permanente and the Centers for Disease Control and Prevention (CDC) in the mid-1990&#8217;s.<\/p>\n<blockquote><p>Etid ACE a se youn nan pi gwo etid sou adv\u00e8site nan anfans ak koneksyon li ak sante ak byenn\u00e8t pandan tout lavi, ki enplike 17,000 patisipan nan San Diego, Kalif\u00f2ni.\u00a0<\/p><\/blockquote>\n<p>Etid sa a te enp\u00f2tan paske li te konfime, av\u00e8k pr\u00e8v syantifik, ke <a href=\"https:\/\/marylandefc.org\/ht\/grownups\/aces\/\">eksperyans negatif timoun yo<\/a> byen bon\u00e8 nan lavi a pa s\u00e8lman komen men yo ogmante risk pou pwobl\u00e8m sante fizik, mantal ak konp\u00f2tman pandan tout lavi a, ki gen ladan 5 nan 10 prensipal k\u00f2z lanm\u00f2 nan peyi Etazini.\u00a0<\/p>\n\t<h3>Rezilta Etid ACE a<\/h3>\n\t<p>L\u00e8 w ap aprann plis sou Etid ACE a, li enp\u00f2tan pou w sonje ke se yon etid epidemyolojik ki konsantre sou risk sante nan nivo popilasyon an, pa nan nivo endividy\u00e8l. <\/p>\n<p>Everyone&#8217;s ACE story is unique &#8211; our personal story and not our destiny.\u00a0\u00a0<\/p>\n<p>The ACE Study&#8217;s findings are also consistent with converging discoveries in neurobiology (<a href=\"\/ht\/grownups\/early-years\/\">syans s\u00e8vo<\/a>) ak ef\u00e8 a nan <a href=\"\/ht\/grownups\/aces\/\">estr\u00e8s toksik<\/a> sou s\u00e8vo ak k\u00f2 k ap devlope a. <\/p>\n<p>Other scientific findings and ACE studies continue to expand our understanding of the impacts of adverse community experiences, historical trauma and generational hardship on families and healthy child development. What&#8217;s key to this ongoing research is the impact that childhood stressors have on larger public health concerns. <\/p>\n<figure data-animation-delay=\"0\" data-animation-duration=\"1\" itemscope itemtype=\"https:\/\/schema.org\/ImageObject\">\n\t\t\t\t<img decoding=\"async\" src=\"https:\/\/marylandefc.org\/wp-content\/uploads\/2024\/03\/Kids-navigating-challenges-on-obstacle-course-in-trees.jpg\" alt=\"Kids navigating challenges on obstacle course in trees\" height=\"800\" width=\"1200\" title=\"Yon timoun k ap navige yon kou obstak difisil nan pyebwa yo\" onerror=\"this.style.display='none'\" loading=\"lazy\" \/>\n\t<\/figure>\n<figure itemscope itemtype=\"https:\/\/schema.org\/ImageObject\">\n\t\t\t\t<img decoding=\"async\" src=\"https:\/\/marylandefc.org\/wp-content\/uploads\/2024\/01\/MEC-Icons_idea.svg\" alt=\"Light bulb icon for information\" height=\"300\" width=\"300\" title=\"MEC-Icons_idea\" onerror=\"this.style.display='none'\" loading=\"lazy\" \/>\n\t<\/figure>\n\t\t<h3>Kontinye Lekti<\/h3>\n\t\t<p>CDC a bay yon ap\u00e8si konpl\u00e8 sou reyalite ak enpak etid ACE a.<\/p>\n\t\t\t<a href=\"https:\/\/www.cdc.gov\/aces\/about\/index.html\" target=\"_self\" rel=\"noopener\">\n\t\t\t\t\t\t\tGade Ap\u00e8si sou ACE a\n\t\t\t\t\t<\/a>\n\t<h3>Pwen enp\u00f2tan nou vle mete aksan sou yo<\/h3>\n<ul>\n<li aria-level=\"1\">ACE yo komen: anviwon 64% nan granmoun ameriken yo te rap\u00f2te ke yo te f\u00e8 eksperyans omwen yon kalite ACE anvan laj 18 an, epi pr\u00e8ske 1 sou 6 (17.3%) te rap\u00f2te ke yo te f\u00e8 eksperyans kat oswa plis kalite ACE. (CDC)<\/li>\n<li aria-level=\"1\">Yo ka anpeche ACE yo. <br \/>\n&#8220;ACEs are highly predictive of many of our Nation&#8217;s worst health and social problems. The good news, however, is that what is predictive is preventable.&#8221; Dr. Robert Anda\u00a0<\/li>\n<\/ul>\n<a href=\"\/ht\/grownups\/protective-factors\/\">Fakt\u00e8 pwoteksyon<\/a> se bagay nou tout ka f\u00e8 pou diminye enpak estr\u00e8s nan lavi timoun yo.\u00a0<br \/>\n\n<figure data-animation-delay=\"0\" data-animation-duration=\"1\" itemscope itemtype=\"https:\/\/schema.org\/ImageObject\">\n\t\t\t\t<img decoding=\"async\" src=\"https:\/\/marylandefc.org\/wp-content\/uploads\/2024\/02\/Community-gathering.jpg\" alt=\"Community gathering\" height=\"800\" width=\"1200\" title=\"Selebrasyon kominot\u00e8 a\" onerror=\"this.style.display='none'\" loading=\"lazy\" \/>\n\t<\/figure>\n\t<h2>Pare pou plonje pi fon epi pran aksyon?<\/h2>\n\t<p>Family Tree la, an patenarya av\u00e8k EFC, ap dirije ef\u00f2 a nan Maryland pou enf\u00f2me kominote nou yo sou syans ak enpak ACE yo, atrav\u00e8 pwogram f\u00f2masyon renome ke yo rekon\u00e8t k\u00f2m ACE Interface.\u00a0<\/p>\n<p>F\u00f2masyon ACE Interface yo f\u00e8t pou sip\u00f2te yon gwo konsyantizasyon, ankouraje konpreyansyon epi bay kominote yo pouvwa pou amelyore sante ak byenn\u00e8t nan tout sosyete a.<\/p>\n\t<iframe loading=\"lazy\" width=\"560\" height=\"315\" src=\"https:\/\/www.youtube.com\/embed\/49YZ2rn5R2M?si=Atuz1z7bg0XySREq\" title=\"jw\u00e8 videyo YouTube\" frameborder=\"0\" allow=\"accelerometer; autoplay; clipboard-write; encrypted-media; gyroscope; picture-in-picture; web-share\" allowfullscreen><\/iframe>\n\t<h2>\u00d2ganize yon pwojeksyon fim<\/h2>\n\t<p>An 2016, James Redford te reyalize epi pwodui <i>Rezilyans: Biyoloji Estr\u00e8s ak Syans Espwa a, <\/i>yon dokimant\u00e8 in\u00e8dtan sou enpak estr\u00e8s toksik sou timoun ak sosyete a. Fim nan ankouraje nou egzamine pwogram k ap mache toupatou nan peyi a epi jwenn solisyon kreyatif pou pw\u00f2p kominote nou yo. <\/p>","protected":false},"excerpt":{"rendered":"<p>ACE SCIENCE Understand the science behind the ACE study Learn more about this groundbreaking study and how it&#8217;s expanded our understanding of the impacts of adverse childhood experiences on brain development.\u00a0 About the ACE study Dr. Robert Anda and Dr. Vincent Felitti are the co-principal investigators of the groundbreaking ACE study sponsored by Kaiser Permanente&hellip;<\/p>","protected":false},"author":1,"featured_media":27148,"parent":25,"menu_order":0,"comment_status":"closed","ping_status":"closed","template":"","meta":{"footnotes":""},"class_list":["post-27731","page","type-page","status-publish","has-post-thumbnail","hentry"],"_links":{"self":[{"href":"https:\/\/marylandefc.org\/ht\/wp-json\/wp\/v2\/pages\/27731","targetHints":{"allow":["GET"]}}],"collection":[{"href":"https:\/\/marylandefc.org\/ht\/wp-json\/wp\/v2\/pages"}],"about":[{"href":"https:\/\/marylandefc.org\/ht\/wp-json\/wp\/v2\/types\/page"}],"author":[{"embeddable":true,"href":"https:\/\/marylandefc.org\/ht\/wp-json\/wp\/v2\/users\/1"}],"replies":[{"embeddable":true,"href":"https:\/\/marylandefc.org\/ht\/wp-json\/wp\/v2\/comments?post=27731"}],"version-history":[{"count":0,"href":"https:\/\/marylandefc.org\/ht\/wp-json\/wp\/v2\/pages\/27731\/revisions"}],"up":[{"embeddable":true,"href":"https:\/\/marylandefc.org\/ht\/wp-json\/wp\/v2\/pages\/25"}],"wp:featuredmedia":[{"embeddable":true,"href":"https:\/\/marylandefc.org\/ht\/wp-json\/wp\/v2\/media\/27148"}],"wp:attachment":[{"href":"https:\/\/marylandefc.org\/ht\/wp-json\/wp\/v2\/media?parent=27731"}],"curies":[{"name":"wp","href":"https:\/\/api.w.org\/{rel}","templated":true}]}}