{"id":27733,"date":"2024-02-22T15:32:46","date_gmt":"2024-02-22T23:32:46","guid":{"rendered":"https:\/\/marylandefc.org\/?page_id=27733"},"modified":"2025-02-18T14:11:56","modified_gmt":"2025-02-18T22:11:56","slug":"ace-impact","status":"publish","type":"page","link":"https:\/\/marylandefc.org\/ht\/partners\/ace-impact\/","title":{"rendered":"Enpak ACE"},"content":{"rendered":"<img loading=\"lazy\" decoding=\"async\" src=\"https:\/\/marylandefc.org\/wp-content\/uploads\/2024\/03\/Panoramic-photo-of-Maryland-bridge.jpg\" alt=\"Panoramic photo fo Maryland bridge\" itemprop=\"image\" height=\"800\" width=\"1200\" title=\"Foto panoramique pon Maryland\" onerror=\"this.style.display='none'\"  \/>\n\t<h1>ENT\u00c8F\u00c8S SOU NIMEWO YO<\/h1>\n\t<h2>Maryland ACE Siks\u00e8 f\u00f2masyon ent\u00e8fas<\/h2>\n<p>Depi 2017, an patenarya av\u00e8k The Family Tree, nou te gen siks\u00e8 atrav\u00e8 eta a nan pote enf\u00f2masyon enp\u00f2tan sa a bay manm kominote a nan tout sekt\u00e8 ak rejyon yo. <\/p>\n\t<h3>An 2017 Family Tree la..<\/h3>\n<p>an patenarya ak EFC, te pote ACE Interface Master Trainer Program ki te dirije pa Dr Robert Anda ak Lara Porter nan Maryland. Ent\u00e8fas ACE vize pou difize ACE ak syans rezistans nan fason ki p\u00e8m\u00e8t moun ak kominote yo reyalize potansy\u00e8l angajman gerizon santre.<\/p>\n<p>Depi 2017, 28,508 manm kominote a te resevwa edikasyon nan tout 24 jiridiksyon Maryland yo.<\/p>\n<p>Pou pwofesyon\u00e8l k ap ch\u00e8che pote kourikoul\u00f2m ACE Interface nan kominote yo, aplike nan <a href=\"#master\">vin yon ACE Interface Master Trainer\/Presenter.<\/a><\/p>\n\t\t\t\t<img loading=\"lazy\" decoding=\"async\" src=\"https:\/\/marylandefc.org\/wp-content\/uploads\/2024\/02\/People-Trained-in-ACEs-by-county.svg\" alt=\"People Trained in Aces by County\" itemprop=\"image\" height=\"422\" width=\"392\" title=\"Moun ki resevwa f\u00f2masyon nan ACE pa konte\" onerror=\"this.style.display='none'\"  \/>\n\t\t\t\t<img loading=\"lazy\" decoding=\"async\" src=\"https:\/\/marylandefc.org\/wp-content\/uploads\/2024\/02\/ACE-Trainer-Pie-Chart.svg\" alt=\"ACE Trainer Pie Chart\" itemprop=\"image\" height=\"435\" width=\"392\" title=\"Tablo Tablo ACE Trainer\" onerror=\"this.style.display='none'\"  \/>\n\t<h2>Vin yon M\u00e8t Trainer<\/h2>\n\t<p>Antanke lid\u00e8 nan Maryland nan prevansyon abi sou timoun, Shepard Training Institute nan The Family Tree bay asistans teknik, aprantisaj ki baze sou konpetans ak op\u00f2tinite f\u00f2masyon ki baze sou pr\u00e8v bay moun kap bay swen, pwofesyon\u00e8l, \u00f2ganizasyon ki pa pou pwofi, \u00f2ganizasyon kominot\u00e8 ak ajans leta ki bati konpetans ak konesans sou idantifye abi sou timoun, rap\u00f2te move tretman sou timoun, konprann devlopman timoun ak enpak ch\u00f2k sou sist\u00e8m familyal yo.\u00a0<\/p>\n<p>Youn nan op\u00f2tinite devlopman pwofesyon\u00e8l prensipal The Family Tree la se ev\u00e8nman Understanding NEAR (neurobiology, epigenetics, ACEs, and resilience) Science, ACE Interface Master Train the Trainer. Op\u00f2tinite devlopman pwofesyon\u00e8l de jou sa a f\u00e8t pou f\u00f2me F\u00f2mat\u00e8 M\u00e8t ak Prezantat\u00e8 ki tr\u00e8 kalifye e byen enf\u00f2me sou syans NEAR la ak enpak li sou sante endividy\u00e8l ak byenn\u00e8t kominote a.<\/p>\n<p>Kounye a, gen 300 ACE Interface Master Trainers &amp; Presenters ki reprezante yon varyete dom\u00e8n endistri tankou pwofesyon medikal, avoka, travay\u00e8 sosyal, edikat\u00e8, lapolis ak pwofesyon\u00e8l san bi likratif. <\/p>\n\t\t\t\t<img loading=\"lazy\" decoding=\"async\" src=\"https:\/\/marylandefc.org\/wp-content\/uploads\/2024\/02\/MEC-Icons_v2_websearch.svg\" alt=\"web search icon\" itemprop=\"image\" height=\"300\" width=\"300\" title=\"MEC-Icons_v2_websearch\" onerror=\"this.style.display='none'\"  \/>\n\t\t<h3>Enskri<\/h3><p>pou vin yon <b>ACE Interface Master Trainer &amp; Presenter.<\/b><\/p>","protected":false},"excerpt":{"rendered":"<p>ENT\u00c8FAS AN CHIF Siks\u00e8 F\u00f2masyon Ent\u00e8fas ACE Maryland Depi 2017, an patenarya av\u00e8k The Family Tree, nou te gen siks\u00e8 atrav\u00e8 eta a nan pote enf\u00f2masyon enp\u00f2tan sa a bay manm kominote a atrav\u00e8 sekt\u00e8 ak rejyon yo. An 2017, The Family Tree.. an patenarya av\u00e8k EFC, te pote Pwogram F\u00f2mat\u00e8 M\u00e8t Ent\u00e8fas ACE a ki te dirije pa...<\/p>","protected":false},"author":1,"featured_media":28179,"parent":26571,"menu_order":0,"comment_status":"closed","ping_status":"closed","template":"","meta":{"footnotes":""},"class_list":["post-27733","page","type-page","status-publish","has-post-thumbnail","hentry"],"_links":{"self":[{"href":"https:\/\/marylandefc.org\/ht\/wp-json\/wp\/v2\/pages\/27733","targetHints":{"allow":["GET"]}}],"collection":[{"href":"https:\/\/marylandefc.org\/ht\/wp-json\/wp\/v2\/pages"}],"about":[{"href":"https:\/\/marylandefc.org\/ht\/wp-json\/wp\/v2\/types\/page"}],"author":[{"embeddable":true,"href":"https:\/\/marylandefc.org\/ht\/wp-json\/wp\/v2\/users\/1"}],"replies":[{"embeddable":true,"href":"https:\/\/marylandefc.org\/ht\/wp-json\/wp\/v2\/comments?post=27733"}],"version-history":[{"count":0,"href":"https:\/\/marylandefc.org\/ht\/wp-json\/wp\/v2\/pages\/27733\/revisions"}],"up":[{"embeddable":true,"href":"https:\/\/marylandefc.org\/ht\/wp-json\/wp\/v2\/pages\/26571"}],"wp:featuredmedia":[{"embeddable":true,"href":"https:\/\/marylandefc.org\/ht\/wp-json\/wp\/v2\/media\/28179"}],"wp:attachment":[{"href":"https:\/\/marylandefc.org\/ht\/wp-json\/wp\/v2\/media?parent=27733"}],"curies":[{"name":"wp","href":"https:\/\/api.w.org\/{rel}","templated":true}]}}