{"id":27796,"date":"2024-02-25T01:38:33","date_gmt":"2024-02-25T09:38:33","guid":{"rendered":"https:\/\/marylandefc.org\/?page_id=27796"},"modified":"2024-10-21T15:49:56","modified_gmt":"2024-10-21T22:49:56","slug":"terms-of-use","status":"publish","type":"page","link":"https:\/\/marylandefc.org\/ht\/terms-of-use\/","title":{"rendered":"T\u00e8m itilizasyon"},"content":{"rendered":"<p><strong>ANF\u00d2K Apati 18 OKT\u00d2B 2024<\/strong><\/p>\n<h3>ENP\u00d2TAN \u2013<\/h3>\n<p><strong>SA A SE YON AK\u00d2 LEGAL ANT OU (ke nou refere la a k\u00f2m &quot;ou&quot; oswa &quot;itilizat\u00e8&quot; oswa av\u00e8k &quot;ou&quot;) AK MARYLAND ESSENTIALS FOR CHILDHOOD (ke nou refere la a k\u00f2m &quot;Maryland Essentials&quot;) KI APLIKE CHAK FWA OU ITILIZE OSWA AKS\u00c8 SOU SITW\u00c8B MARYLAND ESSENTIALS LA NAN marylandefc.org AK NENP\u00d2T L\u00d2T PWOPRIYETE SOU ENT\u00c8N\u00c8T KE NOU KONTW\u00d2LE OSWA OPERE DE TANTANAN (ke nou refere ansanm k\u00f2m &quot;Sit la&quot; la a). KIDONK, OU TA DWE LI AK ANPIL ATANSYON T\u00c8M AK KONDISYON KI NAN AK\u00d2 T\u00c8M ITILIZASYON SA A (&quot;TOU&quot;) JAN YO GOUV\u00c8NMAN ITILIZASYON OU F\u00c8 DE SIT LA. SI OU PA DAK\u00d2 AK T\u00c8M AK KONDISYON SA A, OU PA OTORIZE POU ITILIZE OSWA AKS\u00c8 SOU SIT LA NAN YON L\u00d2T JAN.<\/strong><\/p>\n<ol>\n<li><strong>KONTINYE.<\/strong> Sit la se pou rezon enf\u00f2masyon ak edikasyon s\u00e8lman epi li pa yon ranplasan pou kons\u00e8y pwofesyon\u00e8l, s\u00e8vis legal, oswa pou ranf\u00f2sman lapolis.<\/li>\n<li><strong>LISANS DON. <\/strong>Maryland Essentials posede Sit la e li mete l disponib, epi TOU sa a ba w yon lisans p\u00e8son\u00e8l, ki ka revokab, ki limite, ki pa eksklizif, ki pa ka transfere epi ki pa sou-lisans pou w itilize Sit la, ki kondisyone si w kontinye respekte TOU sa a. Ou ka enprime epi telechaje matery\u00e8l ak enf\u00f2masyon ki soti nan sit la s\u00e8lman pou itilizasyon p\u00e8son\u00e8l ou epi s\u00e8lman pou rezon edikasyon\u00e8l, depi tout kopi papye yo genyen tout dwadot\u00e8 ak l\u00f2t avi ki aplikab ki genyen nan matery\u00e8l ak enf\u00f2masyon sa yo epi ou pa distribye oswa divilge matery\u00e8l ak enf\u00f2masyon sa yo. Ou pa gen dwa gen aks\u00e8 oswa itilize sit la oswa nenp\u00f2t matery\u00e8l atrav\u00e8 sit la pou nenp\u00f2t ki rezon san otorizasyon, ki gen ladan men yo pa limite a, rezon kom\u00e8syal yo.<\/li>\n<li><strong>RESTRIKSYON POU DON LISANS. <\/strong>TOU sa a se s\u00e8lman yon lisans epi li pa yon devwa oswa vann. Maryland Essentials pa transfere okenn pwopriyet\u00e8 oswa enter\u00e8 pwopriyete entelekty\u00e8l oswa tit nan ak sou sit la ba ou oswa nenp\u00f2t l\u00f2t moun. Anplis de sa, Maryland Essentials rez\u00e8ve tout dwa ki pa ekspreseman ak\u00f2de nan TOU sa a. An konsekans, ou pa gen dwa modifye, tradui, dekonpile, kreye travay derive (yo), kopye, distribye, demonte, difize, transm\u00e8t, pibliye, retire, oswa chanje nenp\u00f2t avi oswa etik\u00e8t propri\u00e9taires, lisans, sou-lisans, transfere, vann, miwa, ankadreman, eksplwate, lwe, lokasyon, etik\u00e8t prive, ak\u00f2de yon enter\u00e8 sekirite nan, oswa nan nenp\u00f2t l\u00f2t fason ou pa p\u00e8m\u00e8t ou s\u00e8vi ak sit la. Anplis, ou pa dwe modifye kopi nenp\u00f2t matery\u00e8l ki soti nan sit la oswa nenp\u00f2t imaj ak grafik separeman de t\u00e8ks ki akonpaye la oswa efase oswa chanje nenp\u00f2t avi sou copyright, mak kom\u00e8syal, oswa dwa pwopriyet\u00e8 ki soti nan kopi nenp\u00f2t matery\u00e8l.<\/li>\n<li><strong>OBLIGATIONS ITIlizat\u00e8 yo.<\/strong> L\u00e8 w gen aks\u00e8 a oswa itilize Sit la, ou reprezante epi garanti ou gen omwen dizwit (18) ane (oswa laj legal la nan majorite, k\u00e8lkeswa sa ki pi gran) epi yo pral, tout tan, bay enf\u00f2masyon vr\u00e8, egzat, akty\u00e8l ak konpl\u00e8 l\u00e8 w ap soum\u00e8t enf\u00f2masyon oswa matery\u00e8l sou oswa atrav\u00e8 sit la, ki gen ladan, san limitasyon, l\u00e8 w bay enf\u00f2masyon atrav\u00e8 yon f\u00f2m soum\u00e8t sit la. Anplis de sa, ou dak\u00f2 pou respekte tout lwa ak r\u00e8gleman lokal, eta, nasyonal ak ent\u00e8nasyonal ki aplikab yo ki gen rap\u00f2 ak itilizasyon sit la. Ou rekon\u00e8t epi dak\u00f2 tou ke itilizasyon Ent\u00e8n\u00e8t la se s\u00e8lman sou pw\u00f2p risk ou.<\/li>\n<li><strong>KONT.<\/strong> Enskripsyon pou yon kont pou itilize z\u00f2n oswa zouti Sit la ki gen restriksyon sou kont yo ka mande kalifikasyon aks\u00e8, tankou yon adr\u00e8s imel, yon non itilizat\u00e8, yon nimewo telef\u00f2n, oswa yon modpas, oswa resp\u00e8 pou l\u00f2t egzijans aks\u00e8 patikilye jan Maryland Essentials deziyen nan diskresyon li detanzantan. Ou dak\u00f2 pou konsidere epi kenbe kalifikasyon aks\u00e8 ou yo k\u00f2m enf\u00f2masyon konfidansy\u00e8l epi ou dak\u00f2 ke kont ou a p\u00e8son\u00e8l pou ou epi ou p ap bay okenn l\u00f2t moun enf\u00f2masyon kont lan. Ou dwe avize Maryland Essentials imedyatman si ou sisp\u00e8k oswa ou vin okouran de nenp\u00f2t p\u00e8t, v\u00f2l oswa itilizasyon san otorizasyon kalifikasyon aks\u00e8 ou yo. Maryland Essentials gen dwa, nan diskresyon li, pou dezaktive nenp\u00f2t non itilizat\u00e8, modpas, oswa l\u00f2t idantifikat\u00e8 si nan opinyon Maryland Essentials ou te vyole nenp\u00f2t dispozisyon nan TOU sa a oswa pou nenp\u00f2t rezon oswa san rezon.<\/li>\n<li><strong>DWA PWOPRIYETE. <\/strong>Se Maryland Essentials pou Childhood ki posede Sit la Copyright 2024 \u00a9 Maryland Essentials ak\/oswa moun ki bay lisans li yo. Tout dwa rez\u00e8ve. Nenp\u00f2t enf\u00f2masyon oswa matery\u00e8l ki ka telechaje oswa ki ka enprime ki disponib sou sit la, sof si sa endike otreman, se pa Maryland Essentials ak\/oswa moun ki bay lisans li yo ki posede. MARYLAND ESSENTIALS ak tout l\u00f2t non, logo, ak ikon ki idantifye Maryland Essentials ak s\u00e8vis li yo se mak pwopriyet\u00e8 Maryland Essentials, epi nenp\u00f2t itilizasyon mak sa yo san p\u00e8misyon alekri eksprime Maryland Essentials se ent\u00e8di ent\u00e8di.<\/li>\n<li><strong>L\u00d2T T\u00c8M AK KONDISYON.<\/strong> L\u00f2t avi, t\u00e8m, ak kondisyon ka aplike pou aks\u00e8 a resous eksklizif, s\u00e8vis twazy\u00e8m pati, SMS (s\u00e8vis mesaj kout), kominikasyon telef\u00f2n, peman, oswa l\u00f2t s\u00e8vis yo ofri sou sit la. Ou dak\u00f2 pou respekte l\u00f2t avi, t\u00e8m, ak kondisyon sa yo, jan sa aplikab. Si gen yon konfli ant TOU sa a ak l\u00f2t avi, t\u00e8m, ak kondisyon sa yo, Maryland Essentials dwe rezoud nenp\u00f2t konfli ak b\u00f2n fwa nan s\u00e8l diskresyon li, men d\u00e8nye t\u00e8m yo pral jeneralman kontwole kons\u00e8nan sij\u00e8 respektif yo.<\/li>\n<li><strong>FEEDBACK. <\/strong>Maryland Essentials akeyi fidbak ak sijesyon ou yo sou s\u00e8vis Maryland Essentials yo, oubyen sou fason pou amelyore Sit la. L\u00e8 w transm\u00e8t nenp\u00f2t sijesyon, enf\u00f2masyon, matery\u00e8l, oubyen l\u00f2t kontni (kolektivman, &quot;Feedback&quot;) bay Maryland Essentials, ou deklare epi garanti ke ou posede tout dwa sou Fidbak sa yo, epi Fidbak la pa vyole dwa okenn twazy\u00e8m pati. Anplis de sa, soum\u00e8t Fidbak la ap bay Maryland Essentials yon lisans irevokab, p\u00e8manan, san dwa ot\u00e8 pou Maryland Essentials itilize Fidbak sa yo nan nenp\u00f2t fason, epi pou nenp\u00f2t rezon, epi nan nenp\u00f2t mwayen, pou avanse misyon Maryland Essentials.<\/li>\n<li><strong>POLITIKAS PRIVE. <\/strong>Tanpri gade R\u00e8gleman sou enf\u00f2masyon prive Maryland Essentials la pou yon rezime sou pratik koleksyon ak itilizasyon enf\u00f2masyon p\u00e8son\u00e8l li yo. <a href=\"\/ht\/privacy-policy\/\">Gade isit la<\/a><\/li>\n<li><strong>LYEN POU L\u00d2T SIT AK MATERY\u00c8L TWAZI PATI. <\/strong>Sit la ka genyen lyen ki mennen nan l\u00f2t sitw\u00e8b twazy\u00e8m pati oswa bay aks\u00e8 a yon paj twazy\u00e8m pati (yo) sou yon platf\u00f2m medya sosyal (yo). L\u00f2t sit oswa paj sa yo, ki gen ladan platf\u00f2m medya sosyal, se twazy\u00e8m pati ki kenbe sou ki Maryland Essentials pa egz\u00e8se okenn kontw\u00f2l. Lyen sa yo pa vle di yon and\u00f2sman ki gen rap\u00f2 ak nenp\u00f2t twazy\u00e8m pati oswa enf\u00f2masyon, pwodwi, oswa s\u00e8vis yo bay pa nenp\u00f2t twazy\u00e8m pati sof si Maryland Essentials di ekspreseman otreman.<\/li>\n<li><strong>DISCLAIMER. <\/strong>SIT LA BAY &quot;JAN L YE A&quot; AK &quot;JAN L DISPONIB&quot; E LI KA GEN LADAN L ER\u00c8, OMISYON, OSWA L\u00d2T INEKSIZYON. MARYLAND ESSENTIALS DEKLINE TOUT GARANTI, EKSPR\u00c8S OSWA ENPLISIT, KI GEN LADAN, SAN LIMITASYON, NENP\u00d2T GARANTI SOU KOM\u00c8SABILITE, ADAPTASYON POU YON OBJEKTIF PATIKILYE, OSWA ABSANS VYOLASYON.<\/li>\n<li><strong>LIMITE RESPONSABILITE. <\/strong>NAN PI GWO LIMIT LALWA PREVWA A, OU ABSOLVE EPI LIBERE MARYLAND ESSENTIALS ANBA NENP\u00d2T REKLAMASYON POU DOMAJ KI REZILTE DE YON KOZ KI PA SOU KONTW\u00d2L MARYLAND ESSENTIALS. ANPLIS, NAN OKENN KA MARYLAND ESSENTIALS PA RESPONSAB POU DOMAJ ENDIR\u00c8K, PINITIF, AKSIDANT\u00c8L, ESPESYAL, OSWA KONSEKWANSY\u00c8L KI SOTI NAN OSWA KI GEN RAP\u00d2 AK ITILIZASYON SIT LA OSWA AK RETA OSWA ENKAPASSI POU ITILIZE SIT LA, MENM SI MARYLAND ESSENTIALS TE AVIZE SOU POSIBILITE DOMAJ SA YO. MALGRE SA KI FIN DI A, RESPONSABILITE TOTAL MARYLAND ESSENTIALS POU VYOLASYON KONDISYON UTILIZASYON SA A SE SISPANN ITILIZASYON SIT LA AK POU NENP\u00d2T L\u00d2T REZON KI GEN RAP\u00d2 AK ITILIZASYON OU F\u00c8 DE SIT LA, KELKESWA POU YON MONTAN KI PA DEPASE SAN ($100) DOLA.<\/li>\n<\/ol>\n<h3>GEN K\u00c8K JIRIDIKSYON KI PA P\u00c8M\u00c8T AV\u00c8TISMAN, EKSKLIZYON, OSWA LIMITASYON S\u00c8TEN GARANTI, KONDISYON, RESPONSABILITE, AK DOMAJ E, KIDONK, K\u00c8K NAN AV\u00c8TISMAN AK LIMITASYON KI ANWO YO KA PA APLIKE POU OU. NAN JIRIDIKSYON SA YO, RESPONSABILITE MARYLAND ESSENTIALS LA AP LIMITE NAN PI GWO LIMIT LALWA APLIKAB LA P\u00c8M\u00c8T.<\/h3>\n<ol start=\"13\">\n<li><strong>F\u00d2SE SEKIRITE. <\/strong>Ou pa gen dwa itilize Sit la oswa okenn done, sist\u00e8m, rezo, oswa s\u00e8vis Maryland Essentials pou angaje w nan, ankouraje, oswa ankouraje konp\u00f2tman ilegal, abizif, oswa iresponsab ki gen ladan, san limitasyon, jwenn aks\u00e8 oswa itilize done, sist\u00e8m, oswa rezo Maryland Essentials san otorizasyon, eseye sonde, eskane, oswa teste vilnerabilite sist\u00e8m oswa rezo Maryland Essentials, kontourne nenp\u00f2t mezi sekirite oswa otantifikasyon, siveye nenp\u00f2t done oswa trafik, ent\u00e8fere ak nenp\u00f2t s\u00e8vis, kolekte oswa itilize adr\u00e8s imel oswa l\u00f2t idantifikat\u00e8 nan Sit la, kolekte oswa itilize enf\u00f2masyon nan Sit la san konsantman Maryland Essentials (isit la oswa otreman), itilize nenp\u00f2t enf\u00f2masyon ant\u00e8t pake TCP-IP ki fo, ki twonpe, oswa ki twonpe, itilize Sit la pou distribye lojisy\u00e8l oswa zouti ki rasanble enf\u00f2masyon, distribye piblisite, oswa angaje w nan konduit ki gen chans pou lak\u00f2z revanj kont Maryland Essentials oswa done, sist\u00e8m, oswa rezo li yo. Itilizasyon rey\u00e8l oswa tantativ san otorizasyon nan Sit la ka lak\u00f2z pouswit krimin\u00e8l ak\/oswa sivil, ki gen ladan, san limitasyon, pinisyon anba Lwa sou Fw\u00f2d ak Abi Odinat\u00e8 1986 la anba lalwa federal Etazini. Maryland Essentials rez\u00e8ve dwa pou w\u00e8, kontwole, ak\/oswa anrejistre aktivite sou Sit la pou kenbe sekirite Sit la. Aktivite anrejistre sa yo sij\u00e8 a revizyon pa \u00f2ganizasyon ki aplike lalwa yo. Maryland Essentials ap konf\u00f2me tou ak tout l\u00f2d tribinal oswa sitasyon ki gen rap\u00f2 ak demann enf\u00f2masyon. Maryland Essentials rez\u00e8ve dwa a nenp\u00f2t ki l\u00e8 pou sispann oswa mete fen nan operasyon oswa aks\u00e8 nan Sit la oswa nenp\u00f2t p\u00f2syon nan Sit la.<\/li>\n<li><strong>SOUJOU ENJUNCTIVE. <\/strong>Ou dak\u00f2 ke Maryland Essentials pral gen dwa, anplis de l\u00f2t rem\u00e8d ki disponib, pou ch\u00e8che epi jwenn yon enjonksyon oswa l\u00f2t soulajman ekitab apwopriye nan men yon tribinal ki gen jiridiksyon konpetan ki anpeche nenp\u00f2t vyolasyon, menase oswa akty\u00e8l, nan obligasyon ou anba nenp\u00f2t dispozisyon nan TOU sa a. An konsekans, ou anile nenp\u00f2t egzijans pou Maryland Essentials afiche nenp\u00f2t kosyon oswa l\u00f2t sekirite nan ka nenp\u00f2t enjonksyon oswa soulajman ekitab ta ch\u00e8che oswa ak\u00f2de Maryland Essentials pou f\u00e8 respekte nenp\u00f2t dispozisyon nan TOU sa a.<\/li>\n<li><strong>T\u00c8M AK TERMINATION. <\/strong>TOU sa a ap antre an vig\u00e8 (oswa reprann vig\u00e8) nan moman ou rekon\u00e8t (pa egzanp, tcheke yon kaz) ke ou li, konprann, epi dak\u00f2 pou respekte t\u00e8m ak kondisyon Sit la, enskri pou yon kont sou Sit la, reponn atrav\u00e8 Sit la a yon demann enf\u00f2masyon, epi\/oswa k\u00f2manse telechaje, jwenn aks\u00e8, oswa itilize Sit la, k\u00e8lkeswa aksyon oswa ev\u00e8nman ki rive pi bon\u00e8. Maryland Essentials rez\u00e8ve dwa a nenp\u00f2t ki l\u00e8 epi pou rezon valab pou refize ou aks\u00e8 nan Sit la oswa nan nenp\u00f2t p\u00f2syon ladan l, epi TOU sa a ap fini otomatikman tou si ou pa konf\u00f2me ou av\u00e8k t\u00e8m ak kondisyon li yo, dapre dwa siviv s\u00e8ten dispozisyon ki idantifye anba a. Revokasyon an ap antre an vig\u00e8 san av\u00e8tisman alavans. Ou kapab tou mete fen nan TOU sa a nenp\u00f2t ki l\u00e8 l\u00e8 ou sispann itilize Sit la, men tout dispozisyon ki aplikab nan TOU sa a ap siviv revokasyon an, jan sa idantifye anba a, epi chak re-aks\u00e8 oswa itilizasyon Sit la ap reaplike TOU sa a (ki an vig\u00e8 l\u00e8 sa a) pou ou. L\u00e8 yo revoke l, ou dwe detwi tout kopi nenp\u00f2t asp\u00e8 Sit la ou posede. Dispozisyon kons\u00e8nan dwa pwopriyet\u00e8 Maryland Essentials, Feedback, av\u00e8tisman (garanti), limitasyon responsablite, renonsiyasyon ak separabilite, tout ak\u00f2 a, soulajman pou enjonksyon, ak lalwa ki aplikab la ap kontinye an vig\u00e8 apre revokasyon TOU sa a pou nenp\u00f2t ki rezon.<\/li>\n<li><strong>LWA GOUVERNAN. <\/strong>Se Maryland Essentials ki kontwole ak opere Sit la nan biwo li nan peyi Etazini. Yo te f\u00e8 TOU sa a epi yo pral ent\u00e8prete ak aplike an ak\u00f2 ak lwa Eta Maryland jan yo aplike a ak\u00f2 yo te antre nan ak konpl\u00e8tman akonpli nan Eta Maryland. Nenp\u00f2t aksyon pou aplike TOU sa a pral pote nan tribinal ki prezide nan Eta Maryland, epi tout pati nan TOU sa a dak\u00f2 ekspreseman yo dwe sij\u00e8 a jiridiksyon tribinal sa yo. Aks\u00e8 nan sit la gendwa pa legal pa s\u00e8ten moun oswa nan s\u00e8ten peyi. Si ou jwenn aks\u00e8 nan sit la soti andey\u00f2 Etazini, ou f\u00e8 sa sou pw\u00f2p inisyativ ou epi ou responsab pou konf\u00f2mite ak lwa lokal yo. Yon v\u00e8syon enprime TOU sa a ak nenp\u00f2t avi ki gen rap\u00f2 bay sou f\u00f2m elektwonik dwe akseptab nan pwosedi jidisy\u00e8 oswa administratif.<\/li>\n<li><strong>RANP\u00d2SYON AK SEPABILITE. <\/strong>Si w pa ensiste sou p\u00e8f\u00f2mans strik nan nenp\u00f2t nan t\u00e8m ak kondisyon ki nan TOU sa a pa pral opere k\u00f2m yon dispans nenp\u00f2t defo ki vin apre oswa ech\u00e8k nan p\u00e8f\u00f2mans. Pa gen okenn dispans pa Maryland Essentials nan nenp\u00f2t dwa anba TOU sa a ap konsidere k\u00f2m swa yon dispans nenp\u00f2t l\u00f2t dwa oswa dispozisyon oswa yon egzansyon nan menm dwa oswa dispozisyon sa a nenp\u00f2t l\u00f2t l\u00e8. Si yo det\u00e8mine nenp\u00f2t pati nan TOU sa a ki pa valab oswa ki pa ka egzekite dapre lalwa ki aplikab ki gen ladan, men se pa sa s\u00e8lman, egzijans responsablite garanti, lokal, reklamasyon, ak limit responsablite ki tabli pi wo a, L\u00e8 sa a, dispozisyon ki pa valab oswa ki pa ka egzekite a pral ranplase pa yon dispozisyon ki valab, ki ka aplike ki pi kl\u00e8man matche ak entansyon dispozisyon orijinal sa a ap kontinye nan ef\u00e8 dispozisyon orijinal la.<\/li>\n<li><strong>TOUT AK\u00d2.<\/strong> Pa gen okenn antrepriz, patenarya, travay, afilye, oswa ajans relasyon ki egziste ant ou menm ak Maryland Essentials k\u00f2m rezilta TOU sa a oswa itilizasyon ou nan sit la. TOU sa a reprezante tout ak\u00f2 ki genyen ant ou menm ak Maryland Essentials kons\u00e8nan itilizasyon sit la epi li ranplase tout kominikasyon ak pwopozisyon anvan oswa nan moman an, kit se elektwonik, oral, oswa ekri ant ou menm ak Maryland Essentials kons\u00e8nan sit la. Ou pa gen dwa bay, delege, oswa transfere okenn dwa dapre TOU sa a san konsantman alekri alavans Maryland Essentials. <strong>Tanpri sonje ke Maryland Essentials rez\u00e8ve dwa pou chanje t\u00e8m ak kondisyon TOU sa a l\u00e8 yo poste yon TOU revize ak yon anons ki koresponn sou TOU revize a, oswa pa lap\u00f2s ak\/oswa voye yon avi im\u00e8l ba ou. Anplis de sa, Maryland Essentials ka ajoute, modifye, oswa efase nenp\u00f2t asp\u00e8, pwogram, oswa karakteristik nan sit la, men Maryland Essentials pa gen okenn obligasyon ajoute okenn amelyorasyon, amelyorasyon oswa modifikasyon. L\u00e8 w kontinye s\u00e8vi ak sit la apre nenp\u00f2t chanjman ki te anonse a, yo pral konsidere k\u00f2m aksepte nenp\u00f2t chanjman nan t\u00e8m ak kondisyon TOU sa a. An konsekans, ou dwe tcheke pou anons epi revize TOU sa a sou yon baz peryodik.<\/strong><\/li>\n<li><strong>KONTAKTE. <\/strong>Si w gen kesyon kons\u00e8nan sit la oswa si w enterese jwenn plis enf\u00f2masyon kons\u00e8nan Maryland Essentials, tanpri kontakte info@marylandefc.org (imel).<\/li>\n<\/ol>","protected":false},"excerpt":{"rendered":"<p>ANVIG\u00c8 DEPI 18 OKT\u00d2B 2024 ENP\u00d2TAN \u2013 SA A SE YON AK\u00d2 LEGAL ANT OU (referansye isit la k\u00f2m &quot;ou&quot; oswa &quot;itilizat\u00e8&quot; oswa av\u00e8k &quot;ou&quot;) AK MARYLAND ESSENTIALS FOR CHILDHOOD (referansye isit la k\u00f2m &quot;Maryland Essentials&quot;) KI APLIKE CHAK FWA OU ITILIZE OSWA AKS\u00c8 SOU SITW\u00c8B MARYLAND ESSENTIALS LA NAN marylandefc.org AK NENP\u00d2T L\u00d2T PWOPRIYETE SOU ENT\u00c8N\u00c8T KI KONTW\u00d2LE...<\/p>","protected":false},"author":1,"featured_media":3204,"parent":0,"menu_order":0,"comment_status":"closed","ping_status":"closed","template":"","meta":{"footnotes":""},"class_list":["post-27796","page","type-page","status-publish","has-post-thumbnail","hentry"],"_links":{"self":[{"href":"https:\/\/marylandefc.org\/ht\/wp-json\/wp\/v2\/pages\/27796","targetHints":{"allow":["GET"]}}],"collection":[{"href":"https:\/\/marylandefc.org\/ht\/wp-json\/wp\/v2\/pages"}],"about":[{"href":"https:\/\/marylandefc.org\/ht\/wp-json\/wp\/v2\/types\/page"}],"author":[{"embeddable":true,"href":"https:\/\/marylandefc.org\/ht\/wp-json\/wp\/v2\/users\/1"}],"replies":[{"embeddable":true,"href":"https:\/\/marylandefc.org\/ht\/wp-json\/wp\/v2\/comments?post=27796"}],"version-history":[{"count":0,"href":"https:\/\/marylandefc.org\/ht\/wp-json\/wp\/v2\/pages\/27796\/revisions"}],"wp:featuredmedia":[{"embeddable":true,"href":"https:\/\/marylandefc.org\/ht\/wp-json\/wp\/v2\/media\/3204"}],"wp:attachment":[{"href":"https:\/\/marylandefc.org\/ht\/wp-json\/wp\/v2\/media?parent=27796"}],"curies":[{"name":"wp","href":"https:\/\/api.w.org\/{rel}","templated":true}]}}