{"id":27810,"date":"2024-02-26T00:01:10","date_gmt":"2024-02-26T08:01:10","guid":{"rendered":"https:\/\/marylandefc.org\/?page_id=27810"},"modified":"2026-02-12T15:26:07","modified_gmt":"2026-02-12T23:26:07","slug":"dive-deeper-policy-makers","status":"publish","type":"page","link":"https:\/\/marylandefc.org\/ht\/dive-deeper-policy-makers\/","title":{"rendered":"Plonje pi fon | Mizisyen politik yo"},"content":{"rendered":"<figure itemscope itemtype=\"https:\/\/schema.org\/ImageObject\">\n\t\t\t\t<img decoding=\"async\" src=\"https:\/\/marylandefc.org\/wp-content\/uploads\/2024\/02\/Maryland-statehouse-at-night.jpg\" alt=\"Maryland statehouse at night\" height=\"800\" width=\"1200\" title=\"Maryland Statehouse nan mitan lannwit\" onerror=\"this.style.display='none'\" loading=\"lazy\" \/>\n\t<\/figure>\n\t<h1>PLONJE PI FON | RESPONSAB POLITIK<\/h1>\n\t<p>EFC understands that developing best practices and policy recommendations for Maryland means collecting and evaluating Maryland data and learning about what&#8217;s happening elsewhere across the country. You can dig deeper by subject matter here.<\/p>\n\t\t<h2>Adv\u00e8site timoun<\/h2><p><b>Prevni eksperyans negatif timoun yo (ACEs): pwofite pi bon pr\u00e8v ki disponib yo<\/b><\/p>\n<p><i>Sant Nasyonal pou Prevansyon ak Kontw\u00f2l Blesi (US). Divizyon Prevansyon Vyolans, 2019<\/i><\/p>\nMete dey\u00f2 <a href=\"https:\/\/stacks.cdc.gov\/view\/cdc\/82316\" target=\"_blank\" rel=\"noopener\">sis dom\u00e8n politik kle<\/a> pou anpeche ACE yo rive an premye.<br \/>\n\n<p>&nbsp;<\/p>\n<p><b>F\u00e8y wout pou rezistans: <\/b><b>The California Surgeon General&#8217;s Report on Adverse Childhood Experiences, Toxic Stress, and Health<\/b><\/p>\n<p><i>California Surgeon General&#8217;s Office<\/i><\/p>\n<p><a href=\"https:\/\/osg.ca.gov\/wp-content\/uploads\/sites\/266\/2022\/05\/Roadmap-For-Resilience_CA-Surgeon-Generals-Report-on-ACEs-Toxic-Stress-and-Health_12092020.pdf\" target=\"_blank\" rel=\"noopener\">Rap\u00f2 konpl\u00e8 sa a<\/a> ofri enf\u00f2masyon enp\u00f2tan pou mizisyen politik yo, syantis yo, founis\u00e8 swen sante yo, edikat\u00e8 ak defans\u00e8 yo, men tou, avanse solisyon ak apw\u00f2ch ki baze sou pr\u00e8v pou pi bon sante ak sekirite.<\/p>\n\t\t<h3>Devlopman Timoun<\/h3><p><b>Bati Kapasite Granmoun pou Amelyore Rezilta Timoun: Yon Teyori Chanjman<\/b><\/p>\n<p><i>Harvard Center on the Developing Child<\/i><\/p>\n<p><a href=\"https:\/\/www.youtube.com\/watch?v=urU-a_FsS5Y\" target=\"_blank\" rel=\"noopener\">Videyo 5 minit<\/a> depicting a theory of change for achieving breakthrough outcomes for vulnerable children and families. It describes the need to focus on building the capabilities of caregivers and strengthening the communities that together form the environment of relationships essential to children&#8217;s lifelong learning, health, and behavior.<\/p>\n<p>&nbsp;<\/p>\n<p><b>Kijan Timoun ak Granmoun Kapab Bati Kapasite debaz pou lavi<\/b><\/p>\n<p><i>Harvard Center on the Developing Child<\/i><\/p>\n<p><a href=\"https:\/\/www.youtube.com\/watch?v=6NehuwDA45Q&amp;t=0s\" target=\"_blank\" rel=\"noopener\">Videyo 5 minit<\/a> exploring the importance of the development and use of core capabilities &#8211; known as executive function and self-regulation skills &#8211; from early childhood into adolescence and adulthood, so that we build communities that thrive.<\/p>\n\t\t<h3>Premye Timoun<\/h3><p><b>Sitw\u00e8b Policy Impact Center Prenatal-to-3<\/b><\/p>\n<p><i>Sant Enpak politik Prenatal-to-3, Vanderbilt University<\/i><\/p>\n<p><a href=\"https:\/\/pn3policy.org\/\" target=\"_blank\" rel=\"noopener\">Sant Enpak politik Prenatal-to-3<\/a> empowers states with rigorous evidence to implement effective and equitable policies that ensure all children thrive from the start. Based in Vanderbilt University&#8217;s Peabody College, our team of researchers and nonpartisan policy experts work directly with state leaders to achieve their goals for child and parent wellbeing-as well as the health, safety, and prosperity of communities.<\/p>\n<p>Gade <a href=\"https:\/\/pn3policy.org\/pn-3-state-policy-roadmap-2023\/md\/,\" target=\"_blank\" rel=\"noopener\">Plan rout politik Maryland prenatal-a-3<\/a>, Maryland&#8217;s current landscape of policies.<\/p>\n<p>&nbsp;<\/p>\n<p><b>An Br\u00e8f Seri: Rezime Sij\u00e8 Rech\u00e8ch Devlopman Timoun<\/b><\/p>\n<p><i>Harvard Center on the Developing Child<\/i><\/p>\n<p>Gen ladann <a href=\"https:\/\/developingchild.harvard.edu\/inbrief-series\/\" target=\"_blank\" rel=\"noopener\">2-3-paj politik br\u00e8f<\/a> sou kons\u00e8p debaz devlopman timoun ki an sante, ki gen ladan rek\u00f2mandasyon politik yo.\u00a0 <\/p>\n\t\t<h3>Maryland PACE ak L\u00f2t Done Sante<\/h3><p><b>MD-IBIS &#8211; Maryland&#8217;s Health Data Resource<\/b><\/p>\n<p><i>Depatman Sante Maryland<\/i><\/p>\nMD-IBIS bay aks\u00e8 a done ki ka ede bay repons pou reyalize objektif sante Maryland yo. Yo ka ch\u00e8che anpil risk ak rezilta sante nan nivo jiridiksyon leta ak lokal yo.<br \/>\n\n<p><a href=\"https:\/\/ibis.health.maryland.gov\/ibisph-view\/about\/Welcome.html\" target=\"_blank\" rel=\"noopener\">Tcheke videyo a<\/a> pou ch\u00e8che done pou jiridiksyon ou.<\/p>\n\n<p><strong>Maryland Behavioral Risk Factor Surveillance System (BRFSS) Done ACE (2015, 2018, 2020)<\/strong><\/p>\n<p><em>Depatman Sante Maryland\u00a0<\/em><\/p>\n<p><a href=\"https:\/\/ibis.health.maryland.gov\/ibisph-view\/query\/selection\/brfss\/BRFSSSelection.html\" target=\"_blank\" rel=\"noopener\">View<\/a> done yo.<\/p>\n<p>&nbsp;<\/p>\n<p><strong>Maryland Youth Risk Factor Survey\/Youth Tobacco Survey (YRBS\/YTS) Done PACEs (2018-19, 2020-21)<\/strong><\/p>\n<p><em>Depatman Sante Maryland\u00a0<\/em><\/p>\n<p><a href=\"https:\/\/health.maryland.gov\/phpa\/ccdpc\/Reports\/Pages\/State-Level-Data%2c-2021-2022.aspx\" target=\"_blank\" rel=\"noopener\">Gade<\/a> done yo.<\/p>\n<p>&nbsp;<\/p>\n<p><strong>Strong Roots Grow a Strong Nation &#8211; Maryland Fact Sheet 2021<\/strong><\/p>\n<p><i>CAHMI, Inisyativ Mezi Sante Timoun ak Adolesan, Lek\u00f2l Sante Piblik Johns Hopkins<\/i><\/p>\n<p><a href=\"https:\/\/www.cahmi.org\/docs\/default-source\/resources\/2021-aces-fact-sheets\/cahmi-state-fact-sheet---md.pdf?sfvrsn=8909459e_4\" target=\"_blank\" rel=\"noopener\">View<\/a> Done Maryland PACE yo kolekte nan Sondaj Nasyonal Sante Timoun.<\/p>\n<p>&nbsp;<\/p>\n<p><b>Maryland&#8217;s Health Rankings<\/b><\/p>\n<p><i>America&#8217;s Health Rankings, United Health Foundation<\/i><\/p>\n<p>The longest-running state-by-state analysis of the nation&#8217;s health, the platform provides actionable, data-driven insights that stakeholders can use to effect change in Maryland and other states. The <a href=\"https:\/\/www.americashealthrankings.org\/explore\/states\/MD\" target=\"_blank\" rel=\"noopener\">platf\u00f2m<\/a> la vle di ede mizisyen politik yo, lid\u00e8 kominot\u00e8 yo ak ofisy\u00e8l sante yo pi byen konprann enkyetid espesifik sante yo nan pw\u00f2p kominote yo pou nou tout ka travay ansanm pou ab\u00f2de defi sante yo.<\/p>\n\t\t<h3>Done Nasyonal PACEs<\/h3><p><b>CDC Siy Vital<\/b><\/p>\n<p><em>Sant pou Kontw\u00f2l ak Prevansyon Maladi<\/em><\/p>\n<p>La <a href=\"https:\/\/www.cdc.gov\/vitalsigns\/aces\/pdf\/vs-1105-aces-H.pdf\" target=\"_blank\" rel=\"noopener\">CDC Siy Vital<\/a> rap\u00f2 yo kouvri menas sante enp\u00f2tan yo, sa a sou ACEs, ak sa ki ka f\u00e8 pou diminye maladi.<\/p>\n<b><br \/>\nFlourishing nan Aksyon: Done Nasyonal, Eta, ak Lokal<\/b>\n<p><i>CAMHI, Inisyativ Mezi Sante Timoun ak Adolesan, Johns Hopkins Bloomberg School of Public Health<\/i><\/p>\n<p>Konparezon endividy\u00e8l eta\/nasyonal <a href=\"https:\/\/www.cahmi.org\/our-work-in-action\/flourishing-in-action\/data\" target=\"_blank\" rel=\"noopener\">f\u00e8y enf\u00f2masyon<\/a> using 2018\/2019 National Survey of Children&#8217;s Health data regarding the prevalence of adverse childhood experiences (ACEs) and key child outcomes such as bullying, school engagement, resilience and flourishing.<\/p>\n\t\t<h3>Dejwe<\/h3><p><b>Facing Addiction in America: The Surgeon General&#8217;s Report on Alcohol, Drugs, and Health<\/b><\/p>\n<p><i>Biwo Chirijyen Jeneral la<\/i><\/p>\n<p><a href=\"https:\/\/store.samhsa.gov\/sites\/default\/files\/surgeon-generals-report.pdf\" target=\"_blank\" rel=\"noopener\">413-paj ap\u00e8l nan aksyon<\/a> pou mete fen nan kriz sante piblik la nan adiksyon, ki gen ladan konklizyon kle ak rek\u00f2mandasyon pou politik ak pwogram ki baze sou pr\u00e8v.<\/p>\n\t\t<h3>Abi Seksy\u00e8l sou Timoun<\/h3><p><b>Prevent Together: Plan Nasyonal pou Prevni abi ak eksplwatasyon seksy\u00e8l sou timoun<\/b><\/p>\n<p><i>Kowalisyon Nasyonal pou Prevni Abi Seksy\u00e8l ak Eksplwatasyon Timoun<\/i><\/p>\n<p>Provides a framework &#8211; <a href=\"https:\/\/preventtogether.org\/wp-content\/uploads\/2023\/10\/National-Plan_Oct2023.pdf\" target=\"_blank\" rel=\"noopener\">Sis poto pou anpeche abi ak eksplwatasyon seksy\u00e8l sou timoun<\/a> &#8211; for effective, comprehensive, and holistic prevention interventions, including policies, to prevent child sexual abuse before it occurs.<\/p>\n<p>&nbsp;<\/p>\n<p><b>Child USA&#8217;s Gold Standard: Policy Recommendations for Preventing Child Sexual Abuse<\/b><\/p>\n<p><i>Timoun USA<\/i><\/p>\n<p><a href=\"https:\/\/childusa.org\/wp-content\/uploads\/2021\/07\/CHILD-USAs-Gold-Standard.pdf\" target=\"_blank\" rel=\"noopener\">Gid 23 paj<\/a> dekri etap \u00f2ganizasyon k ap s\u00e8vi timoun ak j\u00e8n yo ka pran pou anpeche abi seksy\u00e8l sou timoun.<\/p>\n\t\t<h3>Povrete Timoun<\/h3><p><b>The Brain Architects Podcast: A New Lens on Poverty &#8211; Working Towards Fairness of Place in the United States<\/b><\/p>\n<p><em>Harvard Center on the Developing Child<\/em><\/p>\n<p><a href=\"https:\/\/developingchild.harvard.edu\/resources\/the-brain-architects-podcast-a-new-lens-on-poverty\/\" target=\"_blank\" rel=\"noopener\">Podcast<\/a> prezante yon diskisyon ak ko-ot\u00e8 Mona Hanna-Attisha, MD, MPH, FAAP ak H. Luke Shaefer, PhD, ak liv yo, <i>Enjistis nan plas: Dekouvwi eritaj povrete nan Amerik la<\/i>. Li eksplore nouvo pwogram inogirasyon an, <i>RxKids<\/i>, yon ef\u00f2 inovat\u00e8 pou adrese povrete timoun ak amelyore ekite sante.<\/p>\n\t\t<h3>S\u00e8vis Ent\u00e8vansyon Bon\u00e8\/Milestones<\/h3><p><b>Ent\u00e8vansyon Bon\u00e8: Yon Sip\u00f2 Kritik pou Tibebe, Timoun Piti, ak Fanmi<\/b><\/p>\n<p><i>KLASP ak zewo a twa<\/i><\/p>\n<p><a href=\"https:\/\/www.clasp.org\/wp-content\/uploads\/2022\/01\/2017_EarlyInterventionACriticalSupport.pdf\" target=\"_blank\" rel=\"noopener\">4-paj politik br\u00e8f<\/a> sou enp\u00f2tans ent\u00e8vansyon bon\u00e8 ak twou vid ki genyen nan politik eta ak federal.<\/p>\n\t\t<h3>Epigenetik<\/h3><p><b>Ki sa ki Epigenetics? Ak ki jan li gen rap\u00f2 ak devlopman timoun?<\/b><\/p>\n<p><i>Harvard Center on the Developing Child<\/i><\/p>\n<p><a href=\"https:\/\/drive.google.com\/file\/d\/16H-LghnJUNp9PMOe78wajhQ-kooePuQt\/view\" target=\"_blank\" rel=\"noopener\">Enfografik<\/a> eksplike syans epijenetik ak enplikasyon politik pou amelyore rezilta pou timoun ak sosyete a.<\/p>\n<p>&nbsp;<\/p>\n<p><b>Epigenetics: Poukisa Eritaj se pi etranj pase nou te panse<\/b><\/p>\n<p><i>Lat\u00e8 minit<\/i><\/p>\n<p><a href=\"https:\/\/www.youtube.com\/watch?v=AvB0q3mg4sQ\" target=\"_blank\" rel=\"noopener\">videyo 3 minit<\/a> sou epigenetik ak enpak li sou konp\u00f2tman moun.<\/p>\n\t\t<h3>Solitid ak Izolasyon<\/h3><p><b>Our Epidemic of Loneliness &amp; Isolation: The Surgeon General&#8217;s Advisory on the Healing Effects of Social Connection and Community, 2023<\/b><\/p>\n<p><i>Biwo Chirijyen Jeneral la<\/i><\/p>\n<p><a href=\"https:\/\/www.hhs.gov\/sites\/default\/files\/surgeon-general-social-connection-advisory.pdf\" target=\"_blank\" rel=\"noopener\">82-page Surgeon General&#8217;s Advisory<\/a> that calls the American people&#8217;s attention to an urgent public health of loneliness and isolation and provides recommendations for how it should be addressed.<\/p>\n\t\t<h3>Rasis<\/h3><p><b>Understanding Racism&#8217;s Impact on Child Development<\/b><\/p>\n<p><em>Harvard Center on the Developing Child\u00a0\u00a0<\/em><\/p>\n<p>Experts across various fields share their latest research and potential solutions to promote healthy child development and dismantle systemic racism; exploring how racism gets &#8220;under the skin&#8221; to impact children&#8217;s development as well as contributes to unequal access to opportunity. <a href=\"https:\/\/developingchild.harvard.edu\/resources\/understanding-racisms-impact-on-child-development\/\" target=\"_blank\" rel=\"noopener\">Gade videyo a<\/a>.<\/p>\n<b><br \/>\nKijan Syans Devlopman Kapab Ede Nou Ab\u00f2de Inegalite Pandan Adolesans<\/b>\n<p><i>Sant UCLA pou Adolesan Devlopman an<\/i><\/p>\n<p><a href=\"https:\/\/developingadolescent.semel.ucla.edu\/assets\/uploads\/research\/resources\/Equity_brief_Nov20_%28updated_11421_by_KI%29.pdf\" target=\"_blank\" rel=\"noopener\">4-paj politik<\/a> brief that examines how principles of developmental science could play a part in creating more equity in outcomes for all adolescents.<\/p>\n<b><br \/>\nKijan Syans Devlopman Kapab Ede Ab\u00f2de Rasis Estriktir\u00e8l Anti-Nwa Pandan Adolesans<\/b>\u00a0\n<p><i>Sant UCLA pou Adolesan Devlopman an<\/i><\/p>\n<p><a href=\"https:\/\/developingadolescent.semel.ucla.edu\/assets\/uploads\/research\/resources\/Anti-racism_brief_Sep21.pdf\" target=\"_blank\" rel=\"noopener\">Br\u00e8f 7 paj<\/a> sou fason syans devlopman ka sip\u00f2te solisyon ki adrese enjistis ki baze sou ras ak defi adolesan Nwa yo ap f\u00e8 fas.<\/p>\n<b><br \/>\nKi sa sa vle di yo dwe anti-rasis?<\/b>\n<p><i>Pi wo pase bri a<\/i><\/p>\n<p><a href=\"https:\/\/mpt.pbslearningmedia.org\/resource\/what-does-it-mean-to-be-anti-racist-video\/above-the-noise\/\" target=\"_blank\" rel=\"noopener\">videyo 10 minit<\/a> sou sa sa vle di yo dwe anti-rasis ak poukisa li enp\u00f2tan.<\/p>\n\t\t<h3>Youth Depression &#038; Suicide<\/h3><p><b>Kisa j\u00e8n ki nan kriz bezwen nan kominote yo?<\/b><\/p>\n<p><i>Liy t\u00e8ks kriz<\/i><\/p>\n<p><a href=\"https:\/\/www.crisistextline.org\/wp-content\/uploads\/2024\/02\/community-resilience-report.pdf\" target=\"_blank\" rel=\"noopener\">Li rap\u00f2 sa a<\/a> sou solisyon ak epidemi depresyon ak swisid nan mitan adolesan nan peyi Etazini.<\/p>\n\t<h3>End\u00e8ks<\/h3>\n<ul>\n<li><a href=\"#childhood-adversity\">Adv\u00e8site timoun<\/a><\/li>\n<li><a href=\"#childhood-development\">Devlopman Timoun<\/a><\/li>\n<li><a href=\"#early-childhood\">Premye Timoun<\/a><\/li>\n<li><a href=\"#paces-health-data\">Maryland PACE ak l\u00f2t Done Sante<\/a><\/li>\n<li><a href=\"#national-paces-data\">Done Nasyonal PACEs<\/a><\/li>\n<li><a href=\"#addiction\">Dejwe<\/a><\/li>\n<li><a href=\"#child-sexual-abuse\">Abi Seksy\u00e8l sou Timoun<\/a><\/li>\n<li><a href=\"#child-poverty\">Povrete Timoun<\/a><\/li>\n<li><a href=\"#intervention\">Ent\u00e8vansyon<\/a><\/li>\n<li><a href=\"#epigenetics\">Epigenetik<\/a><\/li>\n<li><a href=\"#loneliness\">Solitid ak Izolasyon<\/a><\/li>\n<li><a href=\"#racism\">Rasis<\/a><\/li>\n<li><a href=\"#youth-depression\">Depresyon j\u00e8n yo<\/a><\/li>\n<\/ul>","protected":false},"excerpt":{"rendered":"<p>DIVE DEEPER | POLICY MAKERS EFC understands that developing best practices and policy recommendations for Maryland means collecting and evaluating Maryland data and learning about what&#8217;s happening elsewhere across the country. You can dig deeper by subject matter here. Childhood Adversity Preventing adverse childhood experiences (ACEs): leveraging the best available evidence National Center for Injury&hellip;<\/p>","protected":false},"author":1,"featured_media":28022,"parent":0,"menu_order":0,"comment_status":"closed","ping_status":"closed","template":"","meta":{"footnotes":""},"class_list":["post-27810","page","type-page","status-publish","has-post-thumbnail","hentry"],"_links":{"self":[{"href":"https:\/\/marylandefc.org\/ht\/wp-json\/wp\/v2\/pages\/27810","targetHints":{"allow":["GET"]}}],"collection":[{"href":"https:\/\/marylandefc.org\/ht\/wp-json\/wp\/v2\/pages"}],"about":[{"href":"https:\/\/marylandefc.org\/ht\/wp-json\/wp\/v2\/types\/page"}],"author":[{"embeddable":true,"href":"https:\/\/marylandefc.org\/ht\/wp-json\/wp\/v2\/users\/1"}],"replies":[{"embeddable":true,"href":"https:\/\/marylandefc.org\/ht\/wp-json\/wp\/v2\/comments?post=27810"}],"version-history":[{"count":0,"href":"https:\/\/marylandefc.org\/ht\/wp-json\/wp\/v2\/pages\/27810\/revisions"}],"wp:featuredmedia":[{"embeddable":true,"href":"https:\/\/marylandefc.org\/ht\/wp-json\/wp\/v2\/media\/28022"}],"wp:attachment":[{"href":"https:\/\/marylandefc.org\/ht\/wp-json\/wp\/v2\/media?parent=27810"}],"curies":[{"name":"wp","href":"https:\/\/api.w.org\/{rel}","templated":true}]}}