{"id":27812,"date":"2024-02-26T00:01:30","date_gmt":"2024-02-26T08:01:30","guid":{"rendered":"https:\/\/marylandefc.org\/?page_id=27812"},"modified":"2026-03-03T06:37:22","modified_gmt":"2026-03-03T14:37:22","slug":"dive-deeper-grown-ups","status":"publish","type":"page","link":"https:\/\/marylandefc.org\/ht\/dive-deeper-grown-ups\/","title":{"rendered":"Plonje pi fon | Granmoun"},"content":{"rendered":"<figure itemscope itemtype=\"https:\/\/schema.org\/ImageObject\">\n\t\t\t\t<img decoding=\"async\" src=\"https:\/\/marylandefc.org\/wp-content\/uploads\/2024\/02\/grown-ups-looking-at-resources-on-a-computer.jpg\" alt=\"grown-ups looking at resources on a computer\" height=\"800\" width=\"1200\" title=\"granmoun gade resous sou yon \u00f2dinat\u00e8\" onerror=\"this.style.display='none'\" loading=\"lazy\" \/>\n\t<\/figure>\n\t<h1>PLONJE PI FON | GRANDI<\/h1>\n\t<p>Looking for more information on a specific topic? You can dig deeper here. Need to talk to someone right now? Here&#8217;s available <a href=\"https:\/\/marylandefc.org\/ht\/grownups\/hotlines\/\">liy asistans ak liy dir\u00e8k yo<\/a> ki ka bay sip\u00f2 ak koneksyon.<\/p>\n\t\t<h2>Eksperyans negatif timoun yo<\/h2><p><strong>Understanding ACE&#8217;s<\/strong><\/p>\n<p><i>PACEs Koneksyon<\/i><\/p>\n<p>Flyer de paj pou paran yo <a href=\"https:\/\/www.pacesconnection.com\/ws\/UnderstandingACEs_English.pdf\" target=\"_blank\" rel=\"noopener\">angle<\/a> epi <a href=\"https:\/\/www.pacesconnection.com\/ws\/UnderstandingACEs_Spanish.pdf\" target=\"_blank\" rel=\"noopener\">Pany\u00f2l<\/a> pou eksplike ACE yo, enpak yo, ak devlopman rezistans.<\/p>\n\t\t<h3>Paran ak ACEs<\/h3><p><i>Rezo Resous ACE<\/i><\/p>\n<p><a href=\"https:\/\/numberstory.org\/\" target=\"_blank\" rel=\"noopener\">NumberStory.Org<\/a><\/p>\n<p>Konprann pw\u00f2p istwa ACE p\u00e8son\u00e8l ou epi jwenn chemen pou geri.<\/p>\n<p><b>Paran pou anpeche ak geri ACE<\/b><\/p>\n<p><i>Donna Jackson Nakazawa ak PACEs Koneksyon<\/i><\/p>\n<p>Enfografi de paj ki dekri sip\u00f2 pou granmoun ki gen ACE pou ede yo geri epi tou pou anpeche ACE nan pitit yo. Disponib nan <a href=\"https:\/\/www.pacesconnection.com\/ws\/ParentingPreventACEs-English.pdf\" target=\"_blank\" rel=\"noopener\">angle<\/a> epi <a href=\"https:\/\/www.pacesconnection.com\/ws\/ParentingPreventACEs-Spanish.pdf\" target=\"_blank\" rel=\"noopener\">Pany\u00f2l<\/a>.<\/p>\n\t\t<h3>Swen pw\u00f2p t\u00e8t ou pou granmoun yo<\/h3><p><b>Zouti Oto-Swen ACEs Aware pou Adilt<\/b><\/p>\n<p><i>ACEs Okouran<\/i><\/p>\n<p><a href=\"https:\/\/www.acesaware.org\/wp-content\/uploads\/2019\/12\/Self-Care-Tool-for-Adults.pdf\" target=\"_blank\" rel=\"noopener\">Kons\u00e8y ak yon lis verifikasyon<\/a> pou ede w jere repons estr\u00e8s ou.<\/p>\n<p>&nbsp;<\/p>\n<p><b>Oto-Swen pou Moun k ap Swen an<\/b><\/p>\n<p><i>Harvard Medical School<\/i><\/p>\n<p><a href=\"https:\/\/www.health.harvard.edu\/blog\/self-care-for-the-caregiver-2018101715003\" target=\"_blank\" rel=\"noopener\">Atik la<\/a> dekri enpak estr\u00e8s k ap bay swen ak 5 fason ki baze sou syans ou ka kontrekilibre estr\u00e8s paran ak moun k ap bay swen.<\/p>\n\t\t<h3>Sante mantal pou timoun piti<\/h3><p><b>An br\u00e8f: Sante mantal nan timoun piti<\/b><\/p>\n<p><i>Harvard Center on the Developing Child<\/i><\/p>\n<p><a href=\"https:\/\/www.youtube.com\/watch?v=L41k2p-YRCs\" target=\"_blank\" rel=\"noopener\">Videyo 8 minit<\/a> ki defini sante mantal timoun piti ak sa nou konnen sou fason pou devlope fondasyon bon sante mantal epi redwi pwobl\u00e8m sante mantal nan lavi pita.<\/p>\n\t\t<h3>Adolesan ak Tweens<\/h3><p><b>Soti nan 10 a 25: Yon jw\u00e8t dekouv\u00e8t adolesan<\/b><\/p>\n<p><em>Sant UCLA pou Adolesan Devlopman an<\/em><\/p>\n<p><a href=\"https:\/\/developingadolescent.semel.ucla.edu\/core-science-of-adolescence\/from-10-to-25-a-game-of-adolescent-discovery\" target=\"_blank\" rel=\"noopener\">Yon jw\u00e8t kat istwa kolaborasyon<\/a> about adolescent discovery created by the UCLA Center for the Developing Adolescent and FrameWorks Institute. The game is designed to be played by adults who have influence on the lives of young people to build understanding of what adolescence is, why it&#8217;s such an important time, and what young people need to establish positive trajectories.<\/p>\n\t\t<h3>Grief &#038; Loss<\/h3><p><b>REPONN POU CHANJMAN AK P\u00c8T, Pou Sip\u00f2 Timoun, Adolesan ak Fanmi<\/b><\/p>\n<p><i>Yon Toolkit soti nan Alyans Nasyonal pou Timoun Lapenn<\/i><\/p>\n<p><a href=\"https:\/\/indd.adobe.com\/view\/c213f5cc-0e37-4c6d-b1b9-1aacd7a10aa7\" target=\"_blank\" rel=\"noopener\">Yon liv travay<\/a> to process and create space for everyone&#8217;s emotions and connect your family&#8217;s stories. For their more thorough <a href=\"https:\/\/nacg.org\/resource-library\/\" target=\"_blank\" rel=\"noopener\">bibliyot\u00e8k resous<\/a> sou sikonstans patikilye nan lapenn, egzanp, lanm\u00f2 abi sibstans, swisid, oswa granparan elve pitit pitit w\u00e8.<\/p>\n<p><b>After a Loved One Dies-How Children Grieve and How Parents and Other Adults Can Support Them<\/b><\/p>\n<p><i>New York Life Foundation<\/i><\/p>\n<p><a href=\"https:\/\/www.newyorklife.com\/assets\/docs\/pdfs\/claims\/Bereavement-bklet-English.pdf\" target=\"_blank\" rel=\"noopener\">Gid konpl\u00e8<\/a> pou paran ak l\u00f2t granmoun pou sip\u00f2te timoun ak adolesan nan pwosesis lapenn.<\/p>\n<p>&nbsp;<\/p>\n<p><b>Chagren, Lanmou w ak sip\u00f2 w ka ede timoun yo konprann lanm\u00f2 epi f\u00e8 fas ak lapenn.<\/b><\/p>\n<p><i>Atelye wowoli<\/i><\/p>\n<p><a href=\"https:\/\/sesameworkshop.org\/topics\/grief\/\" target=\"_blank\" rel=\"noopener\">Videyo ak resous lapenn<\/a> pou ede paran ak l\u00f2t granmoun sip\u00f2te timoun piti yo atrav\u00e8 lanm\u00f2 ak lapenn.<\/p>\n\t\t<h3>Devlopman emosyon\u00e8l ak byenn\u00e8t<\/h3><p><b>Sesame Street Devlopman Emosyon\u00e8l Toolkit pou Paran yo<\/b><\/p>\n<p><em>Sezam Street<\/em><\/p>\n<p><a href=\"https:\/\/www.sesamestreet.org\/parents\/learning-areas\/emotional-development\" target=\"_blank\" rel=\"noopener\">Videyo<\/a> ak estrateji pou ede timoun yo aprann idantifye, make, konprann, ak jere santiman yo.<\/p>\n<p>&nbsp;<\/p>\n<p><b>Zouti dijital pou sip\u00f2te byenn\u00e8t emosyon\u00e8l nan timoun ak adolesan<\/b><\/p>\n<p><i>Akademi Nasyonal Syans, Jeni, ak Medsin (Akademi Nasyonal), ICF Ent\u00e8nasyonal, ak Sant pou Maladi, Kontw\u00f2l, Prevansyon (CDC, 200-2011-38807\/75D30120F00087)<\/i><\/p>\n<p><a href=\"https:\/\/nap.nationalacademies.org\/resource\/other\/dbasse\/wellbeing-tools\/interactive\/pdf\/CDC%20Forum%20Digital%20Tools%20Fact%20Sheet.pdf\" target=\"_blank\" rel=\"noopener\">Gratis, zouti ent\u00e8aktif<\/a> disponib an Angle ak Pany\u00f2l pou fanmi yo anseye timoun yo ladr\u00e8s pou anpeche ti enkyetid yo vin gwo enkyetid.<\/p>\n<p>&nbsp;<\/p>\n\t\t<h3>Konpetans Fonksyon Egzekitif<\/h3><p><b>Liv ak kons\u00e8y ki ankouraje ladr\u00e8s lavi<\/b><\/p>\n<p><i>Lide nan f\u00e8 a<\/i><\/p>\n<p><a href=\"https:\/\/www.mindinthemaking.org\/book-tips\" target=\"_blank\" rel=\"noopener\">Liv Kons\u00e8y<\/a> ede ranf\u00f2se aprantisaj ki baze sou syans pou ladr\u00e8s espesifik lavi ak plezi ak angajman ant timoun ak granmoun. Liv yo disponib an Angle ak Pany\u00f2l epi yo f\u00e8t pou twa gwoup laj, tibebe ak timoun piti, timoun preskol\u00e8 ak timoun ki gen laj lek\u00f2l.<\/p>\n<p><strong>Devlopman S\u00e8vo atrav\u00e8 Jwe: Aktivite pou Tibebe, Timoun piti, ak Timoun piti\u00a0<\/strong><\/p>\n<p><em>Sant sou Timoun ki an Devl\u00f2pman ak Fondasyon LEGO<\/em><\/p>\n<p>Play is an important part of a child&#8217;s life, and grown-ups can build meaningful moments with children of all ages through play and games. These moments develop and strengthen executive function skills that will help children throughout life. <a href=\"https:\/\/developingchild.harvard.edu\/resources\/handouts-tools\/brainbuildingthroughplay\" target=\"_blank\" rel=\"noopener\">Telechaje f\u00e8y aktivite yo<\/a> pou tibebe pandan ane adolesans yo.<\/p>\n\t\t<h3>Prevni Abi Seksy\u00e8l sou Timoun<\/h3><p><b>Talk to Me First, Everything You Need to Know to Become Your Kids&#8217; &#8220;Go-To&#8221; Person About Sex; and other books<\/b><\/p>\n<p><i>Deborah Roffman, edikat\u00e8 s\u00e8ks<\/i><\/p>\n<p>A <a href=\"https:\/\/sexandsensibility.net\/books\/\" target=\"_blank\" rel=\"noopener\">gid<\/a> to help you become your kids&#8217; number one source for information and guidance on human sexuality. Just as children develop physically, cognitively, and emotionally in developmental stages, they do so sexually as well. The author gives strategies for handling embarrassing or difficult conversations, offering the best ways to make sure you both keep talking (and listening) at different developmental stages.<\/p>\n<p>&nbsp;<\/p>\n<p><b>Resous pou Paran, Moun k ap bay swen ak Timoun pou anpeche abi seksy\u00e8l sou timoun<\/b><\/p>\n<p><i>Sant Moore pou Prevansyon Abi Seksy\u00e8l sou Timoun, Lek\u00f2l Sante Piblik Johns Hopkins<\/i><\/p>\n<p><a href=\"https:\/\/publichealth.jhu.edu\/moore-center-for-the-prevention-of-child-sexual-abuse\/get-support\/resources-for-parents-caregivers-and-children-to-prevent-child-sexual-abuse\" target=\"_blank\" rel=\"noopener\">Resous<\/a> pou anpeche abi seksy\u00e8l sou timoun anvan li rive.<\/p>\n\t\t<h3>Sante Mantal J\u00e8n<\/h3><p><b>Sante Mantal J\u00e8n yo: Ede w jwenn sip\u00f2 w bezwen an<\/b><\/p>\n<p><i>Depatman Sante Maryland<\/i><\/p>\n<p><a href=\"https:\/\/health.maryland.gov\/bha\/Documents\/Youth%20Mental%20Health%201-pager.pdf\" target=\"_blank\" rel=\"noopener\">Liy dir\u00e8k, liy asistans, ak resous pou sip\u00f2te sante mantal j\u00e8n yo.<\/a><\/p>\n<p><b>JED&#8217;s Mental Health Resource Center<\/b><\/p>\n<p><em>Fondasyon JED<\/em><\/p>\n<p>The Jed Foundation is a nonprofit that protects emotional health and prevents suicide for our nation&#8217;s teens and young adults, giving them the skills and support they need to thrive.\u00a0 The <a href=\"https:\/\/jedfoundation.org\/mental-health-resource-center\/\" target=\"_blank\" rel=\"noopener\">sit ent\u00e8n\u00e8t<\/a> prezante resous pou adolesan, j\u00e8n adilt ak granmoun ak kominote ki sip\u00f2te yo.<\/p>\n\t\t<h3>Rezilyans<\/h3><p><b>Ogmante rezistans, Strong4Life<\/b><\/p>\n<p><i>Children&#8217;s Healthcare of Atlanta<\/i><\/p>\n<p><a href=\"https:\/\/www.strong4life.com\/en\/emotional-wellness\/raising-resilience\" target=\"_blank\" rel=\"noopener\">Zouti ak f\u00e8y enf\u00f2masyon<\/a> pou tout etap devlopman.<\/p>\n\t\t<h3>Motivasyon<\/h3><p><b>Kijan pou motive timoun yo: Apw\u00f2ch ki baze sou syans pou paran, moun k ap bay swen yo ak pwofes\u00e8 yo<\/b><\/p>\n<p><i>Harvard Center on the Developing Child<\/i><\/p>\n<p>Rech\u00e8ch montre 9 fason paran yo ak pratikan yo ka ankouraje motivasyon pozitif ak aprantisaj pandan devlopman. <a href=\"https:\/\/developingchild.harvard.edu\/resources\/how-to-motivate-children-science-based-approaches-for-parents-caregivers-and-teachers\/\" target=\"_blank\" rel=\"noopener\">Aprann<\/a> sou 9 fason sa yo ak plis ank\u00f2!<\/p>\n\t\t<h3>Sitw\u00e8b pou paran ou f\u00e8 konfyans<\/h3><p><b>HealthyChildren.org <\/b><\/p>\n<p><em>The American Academy of Pediatrics Parenting Website\/ \u200bLa p\u00e1gina sobre la crianza de los ni\u00f1os de la AAP<\/em><\/p>\n<p>Sit ent\u00e8n\u00e8t pou paran Akademi Ameriken pou Pedyatri, ki disponib nan <a href=\"https:\/\/healthychildren.org\/English\/Pages\/default.aspx\" target=\"_blank\" rel=\"noopener\">angle<\/a> epi <a href=\"https:\/\/www.healthychildren.org\/spanish\/Paginas\/default.aspx\" target=\"_blank\" rel=\"noopener\">Pany\u00f2l<\/a>.<\/p>\n<p>&nbsp;<\/p>\n<p><strong>Kons\u00e8p kle pou devlopman timoun<\/strong><\/p>\n<p><em>Harvard Center on the Developing Child<\/em><\/p>\n<p>Pataje kons\u00e8p syantifik kle nan devlopman timoun, ki gen ladan <a href=\"https:\/\/developingchild.harvard.edu\/science\/key-concepts\/\" target=\"_blank\" rel=\"noopener\">klip videyo ak l\u00f2t resous<\/a> pou tradui syans nan zouti ki ka itilize pou paran yo, moun k ap f\u00e8 politik, ak manm kominote a.<\/p>\n<p>&nbsp;<\/p>\n<p><strong>Kons\u00e8p kle adolesan<\/strong><\/p>\n<p><em>Sant UCLA pou Adolesan Devlopman an<\/em><\/p>\n<p><a href=\"https:\/\/developingadolescent.semel.ucla.edu\/core-science-of-adolescence\/key-concepts\" target=\"_blank\" rel=\"noopener\">Aksyon<\/a> syans devlopman adolesan pou rann li itil ak aksesib pou moun k ap f\u00e8 politik, pwofesyon\u00e8l k ap s\u00e8vi j\u00e8n yo, paran yo ak j\u00e8n yo menm.<\/p>\n\t\t<h3>Immigration &#038; Deportation<\/h3><p><b>Etap-pa-etap Plan Preparasyon Fanmi<\/b><\/p>\n<p><i>Sant Resous Legal pou Imigran<\/i><\/p>\n<p>Sa a <a href=\"https:\/\/www.ilrc.org\/resources\/step-step-family-preparedness-plan\" target=\"_blank\" rel=\"noopener\">Zouti Resous<\/a> ede granmoun yo kreye yon Plan Preparasyon pou Fanmi nan ka yon ijans imigrasyon. Jwenn enf\u00f2masyon sou swen timoun nan ka yon paran absan ak ki kote pou jwenn s\u00e8vis imigrasyon.<\/p>\n<strong><br \/>\nLove and Monsters in Sofia&#8217;s Life<\/strong>\n<p><em>Ot\u00e8: Belinda Hern\u00e1ndez Arriaga<\/em><\/p>\n<p>La <a href=\"https:\/\/www.conocimientospressllc.com\/books\/love-and-monsters\" target=\"_blank\" rel=\"noopener\">liv foto plen koul\u00e8<\/a> rakonte istwa Sofia ki aprann apiye sou lanmou ak konfyans fanmi l pou l ede l ak laper\u00e8z mons la migra a.<\/p>\n<p>&nbsp;<\/p>\n<p><strong>Kijan Pou Pale Ak Yon Timoun Enkyete Pou Dep\u00f2tasyon<\/strong><\/p>\n<p><em>Sant pou Estr\u00e8s Timoun ak Sante nan Kol\u00e8j Medsin Iniv\u00e8site Eta Florid<\/em><\/p>\n<p>La <a href=\"http:\/\/fsustress.org\/pdfs\/CCSH_Deportation_EN.pdf\" target=\"_blank\" rel=\"noopener\">Fich kons\u00e8y PDF<\/a> lis pwobl\u00e8m komen yo w\u00e8 nan timoun yo pandan tan estr\u00e8s ak fason ou ka ede yo.<\/p>\n<p>&nbsp;<\/p>\n<p><strong>Gerizon ak Rezilyans: Yon Liv Aktivite pou Timoun Latino ki afekte pa Dep\u00f2tasyon<\/strong><\/p>\n<p><em>Children&#8217;s Psychological Health Center<\/em><\/p>\n<p>Liv aktivite gide (<a href=\"http:\/\/www.childrenspsychologicalhealthcenter.org\/wp-content\/uploads\/2014\/11\/Healing-and-Resilience%E2%80%94An-Activity-Book-for-Latino-Children-Impacted-by-Deportation%E2%80%94English.pdf\" target=\"_blank\" rel=\"noopener\">angle<\/a> | <a href=\"http:\/\/www.childrenspsychologicalhealthcenter.org\/wp-content\/uploads\/2014\/11\/Recuperacio%CC%81n-y-Resiliencia%E2%80%94Un-Libro-de-Actividades-para-Nin%CC%83os-Latinos-Impactados-por-la-Deportacio%CC%81n%E2%80%94Espan%CC%83ol.pdf\" target=\"_blank\" rel=\"noopener\">Pany\u00f2l<\/a>) ede timoun ki f\u00e8 eksperyans menas pou yo dep\u00f2te yon paran oswa ki f\u00e8 eksperyans sa a. Pandan ke yo adapte pou timoun ki gen laj 8-12, li ka itil tou pou timoun ki pi gran ak pi piti.<\/p>\n<p>&nbsp;<\/p>\n\t<h3>End\u00e8ks<\/h3>\n<ul>\n<li><a href=\"#adverse-childhood-experiences\">Eksperyans negatif timoun yo<\/a><\/li>\n<li><a href=\"#parenting-with-aces\">Paran ak ACEs<\/a><\/li>\n<li><a href=\"#self-care-grownups\">Swen pw\u00f2p t\u00e8t ou pou granmoun yo<\/a><\/li>\n<li><a href=\"#early-childhood-mental-health\">Sante mantal pou timoun piti<\/a><\/li>\n<li><a href=\"#teens-tweens\">Adolesan ak Tweens<\/a><\/li>\n<li><a href=\"#grief-loss\">Chagren &amp; P\u00e8t<\/a><\/li>\n<li><a href=\"#emotional-development\">Devlopman emosyon\u00e8l ak byenn\u00e8t<\/a><\/li>\n<li><a href=\"#executive-function-skills\">Konpetans Fonksyon Egzekitif<\/a><\/li>\n<li><a href=\"#preventing-child-sexual-abuse\">Prevni Abi Seksy\u00e8l sou Timoun<\/a><\/li>\n<li><a href=\"#youth-mental-health\">Sante Mantal J\u00e8n<\/a><\/li>\n<li><a href=\"#resilience\">Rezilyans<\/a><\/li>\n<li><a href=\"#motivation\">Motivasyon<\/a><\/li>\n<li><a href=\"#trusted-parenting-websites\">Sitw\u00e8b pou paran ou f\u00e8 konfyans<\/a><\/li>\n<li><a href=\"#immigration\">Imigrasyon ak Dep\u00f2tasyon<\/a><\/li>\n<\/ul>","protected":false},"excerpt":{"rendered":"<p>DIVE DEEPER | GROWN-UPS Looking for more information on a specific topic? You can dig deeper here. Need to talk to someone right now? Here&#8217;s available helplines and hotlines that can provide support and connection. Adverse Childhood Experiences Understanding ACE&#8217;s PACEs Connection Two-page flyer for parents in English and Spanish to explain ACEs, their impact,&hellip;<\/p>","protected":false},"author":1,"featured_media":28024,"parent":0,"menu_order":0,"comment_status":"closed","ping_status":"closed","template":"","meta":{"footnotes":""},"class_list":["post-27812","page","type-page","status-publish","has-post-thumbnail","hentry"],"_links":{"self":[{"href":"https:\/\/marylandefc.org\/ht\/wp-json\/wp\/v2\/pages\/27812","targetHints":{"allow":["GET"]}}],"collection":[{"href":"https:\/\/marylandefc.org\/ht\/wp-json\/wp\/v2\/pages"}],"about":[{"href":"https:\/\/marylandefc.org\/ht\/wp-json\/wp\/v2\/types\/page"}],"author":[{"embeddable":true,"href":"https:\/\/marylandefc.org\/ht\/wp-json\/wp\/v2\/users\/1"}],"replies":[{"embeddable":true,"href":"https:\/\/marylandefc.org\/ht\/wp-json\/wp\/v2\/comments?post=27812"}],"version-history":[{"count":0,"href":"https:\/\/marylandefc.org\/ht\/wp-json\/wp\/v2\/pages\/27812\/revisions"}],"wp:featuredmedia":[{"embeddable":true,"href":"https:\/\/marylandefc.org\/ht\/wp-json\/wp\/v2\/media\/28024"}],"wp:attachment":[{"href":"https:\/\/marylandefc.org\/ht\/wp-json\/wp\/v2\/media?parent=27812"}],"curies":[{"name":"wp","href":"https:\/\/api.w.org\/{rel}","templated":true}]}}