{"id":27814,"date":"2024-02-26T00:02:07","date_gmt":"2024-02-26T08:02:07","guid":{"rendered":"https:\/\/marylandefc.org\/?page_id=27814"},"modified":"2025-04-28T08:10:02","modified_gmt":"2025-04-28T15:10:02","slug":"dive-deeper-partners","status":"publish","type":"page","link":"https:\/\/marylandefc.org\/ht\/dive-deeper-partners\/","title":{"rendered":"Plonje pi fon | Patn\u00e8"},"content":{"rendered":"<img loading=\"lazy\" decoding=\"async\" src=\"https:\/\/marylandefc.org\/wp-content\/uploads\/2024\/02\/Partners-Gathering.jpg\" alt=\"Partners gathering\" itemprop=\"image\" height=\"800\" width=\"1200\" title=\"Rasanbleman patn\u00e8\" onerror=\"this.style.display='none'\"  \/>\n\t<h1>PLONJE PI FON | PAT\u00c8<\/h1>\n\t<h2>Patn\u00e8 Kominot\u00e8<\/h2>\n<p>EFC konte sou eksperyans, eksp\u00e8tiz ak konesans pwofond\u00e8 patn\u00e8 nou yo atrav\u00e8 plizy\u00e8 dom\u00e8n ak sekt\u00e8 diferan pou gide travay kolektif nou an. Pran tan pou fouye pi fon ak <a href=\"https:\/\/marylandefc.org\/ht\/partners\/\">konekte dir\u00e8kteman isit la<\/a>.<\/p>\n\t\t<h3>Rezo sou ent\u00e8n\u00e8t PACEs<\/h3><p><strong>Lanse ak grandi inisyativ PACEs<\/strong><\/p>\n<p><em>PACEs Koneksyon<\/em><\/p>\n<p>Yo konekte moun atrav\u00e8 mond lan ki gen yon enter\u00e8 nan syans eksperyans timoun pozitif ak negatif. Yo bay kominote leta ak lokal yo op\u00f2tinite <a href=\"https:\/\/www.pacesconnection.com\/\" target=\"_blank\" rel=\"noopener\">lanse ak grandi inisyativ PACE yo<\/a>, sou ent\u00e8n\u00e8t ak an p\u00e8s\u00f2n, epi bay zouti pou ede yo mezire pwogr\u00e8 yo. <\/p>\n\t\t<h3>F\u00f2masyon ACEs<\/h3><p><b>Nou tout gen yon w\u00f2l pou nou jwe<\/b><\/p>\n<p><i>CDC&#8217;s Veto Violence Online ACEs Training<\/i><\/p>\n<p><a href=\"https:\/\/vetoviolence.cdc.gov\/apps\/aces-training\/#\/\" target=\"_blank\" rel=\"noopener\">90 minit f\u00f2masyon sou ent\u00e8n\u00e8t<\/a> sou prevansyon eksperyans negatif timoun yo.<\/p>\n\t\t<h3>Bati konpetans fonksyon egzekitif pou adilt yo<\/h3><p><b>Bati konpetans adilt yo bezwen pou lavi yo: yon gid pou pratikan yo<\/b><\/p>\n<p><i>Harvard Center on the Developing Child<\/i><\/p>\n<p><a href=\"https:\/\/harvardcenter.wpenginepowered.com\/wp-content\/uploads\/2017\/08\/HCDC_BuildingCoreLifeSkills.pdf\" target=\"_blank\" rel=\"noopener\">Gen ladann<\/a> 5 ways practitioners can help the adults in children&#8217;s lives learn core life skills.<\/p>\n\t\t<h3>Kominike Syans Devlopman an<\/h3><p><b>Ech\u00e8l det\u00e8minasyon an itilize metaf\u00f2 pou kominike yon p\u00e8spektiv devlopman sou rezistans<\/b><\/p>\n<p><i>Enstiti FrameWorks, Nathaniel Kendall-Taylor Me 2012<\/i><\/p>\n<p>A <a href=\"https:\/\/www.frameworksinstitute.org\/wp-content\/uploads\/2020\/03\/resilience_em_report_final.pdf\" target=\"_blank\" rel=\"noopener\">gid<\/a> itilize metaf\u00f2 ech\u00e8l rezistans pou eksplike syans rezistans.<\/p>\n<p>&nbsp;<\/p>\n<p><b>Sharing the Brain Story &#8211; Using Metaphors to Explain Child Development<\/b><\/p>\n<p><i>NSPCC 2021. Sosyete nasyonal pou prevansyon mechanste pou timoun yo. Charite ki anrejistre Anglet\u00e8 ak Wales 216401, Scotland SC037717 ak Jersey 384. Ilistrasyon ki soti nan Fred ak Eric. J20201187.<\/i><\/p>\n<p>A <a href=\"https:\/\/learning.nspcc.org.uk\/media\/2547\/sharing-the-brain-story-metaphors-summary-booklet.pdf\" target=\"_blank\" rel=\"noopener\">gid<\/a> itilize metaf\u00f2 pou eksplike syans devlopman timoun.<\/p>\n<p>&nbsp;<\/p>\n<p><b>Reframing Adv\u00e8site Timoun: Pwomosyon Apw\u00f2ch En<\/b><\/p>\n<p><i>Enstiti FrameWorks<\/i><\/p>\n<p>A <a href=\"https:\/\/www.frameworksinstitute.org\/wp-content\/uploads\/2021\/03\/ReframingChildhoodAdversity2021.pdf\" target=\"_blank\" rel=\"noopener\">gid<\/a> baze sou rech\u00e8ch kominikasyon sou fason pou byen ankadre ak mesaj syans adv\u00e8site timoun yo.<\/p>\n\t\t<h3>Essentials pou Timoun<\/h3><p><b>CDC&#8217;s Essentials for Childhood:\u00a0 Creating Safe, Stable, Nurturing Relationships and Environments for All Children<\/b><\/p>\n<p><i>Sant pou Kontw\u00f2l ak Prevansyon Maladi<\/i><\/p>\n<p><a href=\"https:\/\/www.cdc.gov\/violenceprevention\/pdf\/essentials-for-childhood-framework508.pdf\" target=\"_blank\" rel=\"noopener\">36-paj Essentials for Childhood Framework<\/a> gen ladann estrateji pou ede eta yo ankouraje relasyon ak anviw\u00f2nman ki ka ede kreye katye, kominote, ak yon mond kote chak timoun ka pwospere.<\/p>\n\t\t<h3>Fim pou Pwojeksyon ak Diskisyon Kominot\u00e8<\/h3><p><b>Ti gason Nwa<\/b><\/p>\n<p><i>Pa janm Chichote Jistis<\/i><\/p>\n<p>In a nation still struggling to rectify its racial legacy &#8211; <a href=\"https:\/\/www.blackboysfilm.com\/\" target=\"_blank\" rel=\"noopener\">BLACK BOYS FILM<\/a> eklere limanite konpl\u00e8 ti gason ak gason Nwa nan Amerik la.<\/p>\n<p>&nbsp;<\/p>\n<p><b>Ti fi nwa <\/b>&#8211;<i>vini byento<\/i><\/p>\n<p><i>Pa janm Chichote Jistis<\/i><\/p>\n<p>Fim nan eklere spectre limanite pou fanm nwa nan Amerik la. Yon eksplorasyon entim, ant jenerasyon, <a href=\"https:\/\/neverwhisperjustice.com\/portfolio\/black-girls\/\" target=\"_blank\" rel=\"noopener\">TI NWA<\/a> f\u00e8 ef\u00f2 pou jwenn yon insight sou idantite ak op\u00f2tinite nan lyen kilti, edikasyon ak angajman santre gerizon an.<\/p>\n<p>&nbsp;<\/p>\n<p><b>Cracked Up: Istwa a Darrell Hammond<\/b><\/p>\n<p><i>Michelle Esrick<\/i><\/p>\n<p>La <a href=\"https:\/\/www.crackedupmovie.com\/\" target=\"_blank\" rel=\"noopener\">Fim Cracked Up<\/a> eksplore enpak negatif eksperyans timoun yo ka genyen atrav\u00e8 tout lavi atrav\u00e8 istwa enkwayab akt\u00e8, komedyen, enpresyonis m\u00e8t ak veteran Samdi swa Live, Darrell Hammond. Li ede nou konprann ef\u00e8 ch\u00f2k timoun yo nan yon nouvo limy\u00e8, kraze bary\u00e8 stigma yo epi ranplase wont ak konpasyon ak espwa.<\/p>\n<p>&nbsp;<\/p>\n<p><b>Gwo foto, b\u00e8l lavi<\/b><\/p>\n<p><i>HBO Max<\/i><\/p>\n<p>Nan fim nan <a href=\"https:\/\/www.hbo.com\/movies\/great-photo-lovely-life-facing-a-familys-secrets\" target=\"_blank\" rel=\"noopener\">Gwo foto, b\u00e8l lavi<\/a>, photojournalist Amanda Mustard investigates the decades of serial sexual abuse committed by her grandfather. Revealing interviews, archival photographs, and intimate home movies unravel a world of secrets while illustrating Mustard&#8217;s efforts to disrupt the cycle of intergenerational trauma and empower the survivors to move forward. Conversation guides are available on the website.<\/p>\n<p>&nbsp;<\/p>\n<p><b>Gerizon Neen<\/b><\/p>\n<p><em>Tonier Kayen<\/em><\/p>\n<p>Istwa a nan <a href=\"https:\/\/www.youtube.com\/watch?v=AnK00sXdTW8\" target=\"_blank\" rel=\"noopener\">the amazing recovery of Tonier &#8216;Neen&#8217;<\/a> Cain from a lifetime of abuse and drug addiction to a career as a nationally-known speaker and educator on the devastation of trauma and the hope of recovery. Neen&#8217;s story points to the individual and societal consequences of untreated trauma and the need for trauma-informed approaches and services across our systems, including child welfare, mental health, addiction, judicial, housing and corrections.<\/p>\n<p>&nbsp;<\/p>\n<p><b>Tig papye<\/b><\/p>\n<p><i>Fim KPJR<\/i><\/p>\n<p><a href=\"https:\/\/kpjrfilms.co\/paper-tigers\/\" target=\"_blank\" rel=\"noopener\">Tig papye<\/a> swiv yon ane nan lavi yon lek\u00f2l segond\u00e8 ki te chanje radikalman apw\u00f2ch li pou disipline el\u00e8v li yo, vin tounen yon mod\u00e8l swen ch\u00f2k enf\u00f2me ak fason pou kraze sik povrete, vyolans, ak maladi ki afekte fanmi yo.<\/p>\n<p>&nbsp;<\/p>\n<p><b>Mask wap viv nan<\/b><\/p>\n<p><i>Pwoj\u00e8 Retablisman an<\/i><\/p>\n<p><a href=\"https:\/\/therepproject.org\/films\/the-mask-you-live-in\/\" target=\"_blank\" rel=\"noopener\">Mask wap viv nan<\/a> follows boys and young men as they struggle to stay true to themselves while negotiating America&#8217;s narrow definition of masculinity.<\/p>\n<p>&nbsp;<\/p>\n<p><b>Leve Amerik la<\/b><\/p>\n<p><i>Dokimant\u00e8 Raising of America<\/i><\/p>\n<p>Sa a <a href=\"https:\/\/www.raisingofamerica.org\/\" target=\"_blank\" rel=\"noopener\">seri dokimant\u00e8 senk pati<\/a> ak zouti konpayon yo montre kijan yon bon demaraj pou tout timoun nou yo ka mennen nan pi bon rezilta endividy\u00e8l AK yon Amerik ki pi an sante, ki pi an sekirite, ki pi pwospere epi ki ekitab.<\/p>\n<p>&nbsp;<\/p>\n<p><b>Rezilyans, byoloji estr\u00e8s ak syans espwa<\/b><\/p>\n<p><a href=\"https:\/\/kpjrfilms.co\/resilience\/\" target=\"_blank\" rel=\"noopener\"><i>Fim KPJR<\/i><\/a><\/p>\n<p>Dokimant\u00e8 sa a pote syans ACE yo ak rezistans nan lavi epi eksplore sa kominote yo ap f\u00e8 pou mete syans lan an aksyon sou teren an.<\/p>\n\t\t<h3>Gerizon-santre<\/h3><p><b>Ki sa ki se Angajman Gerizon Santre<\/b><\/p>\n<p><i>Building Healing Behavioral Health Systems patwone pa Depatman Sante Maryland, Administrasyon Sante Konp\u00f2tman<\/i><\/p>\n<p>Defini angajman gerizon ki santre epi li bay plis <a href=\"https:\/\/www.healingsystemsdata.org\/wp-content\/uploads\/2023\/07\/6.-Healing-Centered-Prinicples-CARMA.pdf\" target=\"_blank\" rel=\"noopener\">resous sou angajman gerizon santre<\/a>.\u00a0<\/p>\n<p>&nbsp;<\/p>\n<p><b>Kominote Self Healing: Yon Mod\u00e8l Transf\u00f2masyon pou Amelyore Sante Ent\u00e8n Jenerasyon<\/b><\/p>\n<p><i>Fondasyon Robert Wood Johnson, Laura Porter, Kimberly Martin, PhD, Robert Anda, MD, MS\u00a0<\/i><\/p>\n<p><a href=\"https:\/\/cmfdn.org\/wp-content\/uploads\/2018\/06\/Self-Healing-Communities-ES_RWJ-Final.pdf\" target=\"_blank\" rel=\"noopener\">Atik sa a<\/a> prezante mod\u00e8l Self Healing Communities ki demontre siks\u00e8 nan amelyore pousantaj anpil pwobl\u00e8m sante ak sosyal ki gen rap\u00f2 ak ant jenerasyon yo nan envesti nan moun ki gen plis risk yo epi redwi ak anpeche k\u00f2z rasin pwobl\u00e8m sa yo: Eksperyans Adverse Childhood (ACEs).<\/p>\n\t\t<h3>Ch\u00f2k-Enf\u00f2me<\/h3><p><b>Gid pratik pou mete ann aplikasyon yon apw\u00f2ch ki enf\u00f2me sou ch\u00f2k<\/b><\/p>\n<p><i>SAMHSA<\/i><\/p>\n<p><a href=\"https:\/\/store.samhsa.gov\/sites\/default\/files\/pep23-06-05-005.pdf\" target=\"_blank\" rel=\"noopener\">Gid 51 paj<\/a> pou ede swen sante ak sist\u00e8m sante konp\u00f2tmantal yo vin enf\u00f2me sou ch\u00f2k yo.<\/p>\n<p>&nbsp;<\/p>\n<p><b>Building Healing Systems Toolkit done-a-action<\/b><\/p>\n<p><i>Building Healing Behavioral Health Systems (BHBHS), Depatman Sante Maryland, University of Maryland School of Medicine Department of Psychiatry, Bowie State University, an kolaborasyon ak \u00f2ganizasyon kominot\u00e8, ak moun ki gen eksperyans viv.<\/i><\/p>\n<p><a href=\"https:\/\/www.healingsystemsdata.org\/\" target=\"_blank\" rel=\"noopener\">Kit zouti sa a<\/a> was created to help Maryland&#8217;s Public Behavioral Health Systems become trauma-informed and healing-centered. It has applicability to other systems, agencies, and organizations that wish to become trauma-informed and healing-centered.<\/p>\n<p>&nbsp;<\/p>\n<p><b><i>Estr\u00e8s twomatik segond\u00e8: Yon F\u00e8y Enf\u00f2masyon pou Pwofesyon\u00e8l k ap s\u00e8vi timoun yo<\/i><\/b><\/p>\n<p><a href=\"https:\/\/www.nctsn.org\/sites\/default\/files\/resources\/fact-sheet\/secondary_traumatic_stress_child_serving_professionals.pdf\" target=\"_blank\" rel=\"noopener\">F\u00e8y enf\u00f2masyon 7-paj<\/a> pou pwofesyon\u00e8l k ap s\u00e8vi timoun yo sou enpak ch\u00f2k segond\u00e8 yo ak etap yo dwe pran pou soulaje li.<\/p>\n<p>&nbsp;<\/p>\n<p><b>Pr\u00e8v-Enf\u00f2me Tretman pou Ch\u00f2k<\/b><\/p>\n<p><i>Building Healing Behavioral Health Systems patwone pa Depatman Sante Maryland, Administrasyon Sante Konp\u00f2tman<\/i><\/p>\n<p><a href=\"https:\/\/www.healingsystemsdata.org\/?page_id=224\" target=\"_blank\" rel=\"noopener\">Yon lis ki pa konpl\u00e8<\/a> kalite tretman ki bay pr\u00e8v pou granmoun, fanmi, ak timoun ki te f\u00e8 fas ak ev\u00e8nman estr\u00e8s ak\/oswa twomatik.\u00a0<\/p>\n\t\t<h3>Lid\u00e8 biznis yo<\/h3><p><b>F\u00e8 ka biznis pou prevansyon ACEs<\/b><\/p>\n<p><i>Prevent Child Abuse Kansas and Kansas Children&#8217;s Service League<\/i><\/p>\n<p><a href=\"https:\/\/www.kdhe.ks.gov\/DocumentCenter\/View\/11429\/Business-Case-for-Prevention-PDF\" target=\"_blank\" rel=\"noopener\">Slides prezantasyon PowerPoint<\/a> ki f\u00e8 ka pou biznis yo vin angaje aktivman nan anpeche ACE ak etap pou f\u00e8 sa.<\/p>\n<p>&nbsp;<\/p>\n<p><b>What&#8217;s Good for Business is Good for Children<\/b><\/p>\n<p><em>EPIC &#8211; Executives Partnering to Invest in Children &#8211; Colorado<\/em><\/p>\n<p><a href=\"https:\/\/www.coloradoepic.org\/\" target=\"_blank\" rel=\"noopener\">Lid\u00e8 biznis nan Colorado<\/a> patenarya pou envesti nan timoun yo epi kite yon eritaj vr\u00e8 pwogr\u00e8 ak chanjman dirab ki pral benefisye mend\u00e8v la nan lavni.<\/p>\n\t\t<h3>Edikat\u00e8<\/h3><p><b>CDC&#8217;s Veto Violence Preventing ACEs Online Training for Educators<\/b><\/p>\n<p><i>Sant pou Kontw\u00f2l ak Prevansyon Maladi (CDC)<\/i><\/p>\n<p><a href=\"https:\/\/vetoviolence.cdc.gov\/apps\/aces-training\/#\/edu#top\" target=\"_blank\" rel=\"noopener\">90 minit f\u00f2masyon sou ent\u00e8n\u00e8t<\/a> pou edikat\u00e8 nan prevansyon ACEs.<\/p>\n<p>&nbsp;<\/p>\n<p><b>Lek\u00f2l ki sansib pou ch\u00f2k<\/b><\/p>\n<p><i>Inisyativ R\u00e8g pou Ch\u00f2k ak Aprantisaj<\/i><\/p>\n<p><a href=\"https:\/\/traumasensitiveschools.org\/\" target=\"_blank\" rel=\"noopener\">Zouti ak resous<\/a> pou lek\u00f2l yo vin sansib pou ch\u00f2k yo yon fason pou asire ke tout el\u00e8v, ki gen ladan moun ki afekte nan ch\u00f2k, reyisi nan pi wo nivo yo nan lek\u00f2l la ak nan lavi yo.<\/p>\n\t\t<h3>Kominote lafwa, espirity\u00e8l ak relijye<\/h3><p><b>CDC&#8217;s Veto Violence &#8211; ACEs Online Training for Faith, Spiritual, and Religious Communities<\/b><\/p>\n<p><i>Sant pou Kontw\u00f2l ak Prevansyon Maladi (CDC)<\/i><\/p>\n<p><a href=\"https:\/\/vetoviolence.cdc.gov\/apps\/aces-training\/#\/fsr#top\" target=\"_blank\" rel=\"noopener\">90 minit f\u00f2masyon sou ent\u00e8n\u00e8t<\/a> sou anpeche ACE pou kominote lafwa, espirity\u00e8l ak relijye yo.<\/p>\n\t\t<h3>Sist\u00e8m Jistis<\/h3><p><b>Eleman esansy\u00e8l nan yon sist\u00e8m jistis pou timoun ki enf\u00f2me sou ch\u00f2k<\/b><\/p>\n<p><i>Rezo Nasyonal Estr\u00e8s Twomatik pou Timoun<\/i><\/p>\n<p><a href=\"https:\/\/www.nctsn.org\/sites\/default\/files\/resources\/\/essential_elements_trauma_informed_juvenile_justice_system.pdf\" target=\"_blank\" rel=\"noopener\">Br\u00e8f 9 paj<\/a> sou kreye yon sist\u00e8m jistis pou timoun ki enf\u00f2me sou ch\u00f2k yo.<\/p>\n\t\t<h3>Pwofesyon\u00e8l medikal<\/h3><p><b>CDC&#8217;s Veto Violence &#8211; ACEs Online Training for Pediatric Medical Providers<\/b><\/p>\n<p><i>Sant pou Kontw\u00f2l ak Prevansyon Maladi (CDC)<\/i><\/p>\n<p><a href=\"https:\/\/vetoviolence.cdc.gov\/apps\/aces-training\/#\/ped\/4-0-1\" target=\"_blank\" rel=\"noopener\">70 minit f\u00f2masyon sou ent\u00e8n\u00e8t<\/a> sou anpeche ACE pou pwofesyon\u00e8l medikal yo.<\/p>\n<p>&nbsp;<\/p>\n<p><b>F\u00f2masyon ak Resous pou Pwofesyon\u00e8l Medikal yo<\/b><\/p>\n<p><i>ACEs Okouran<\/i><\/p>\n<p><a href=\"https:\/\/training.acesaware.org\/aa\/\" target=\"_blank\" rel=\"noopener\">F\u00f2masyon sou ent\u00e8n\u00e8t<\/a> pou pwofesyon\u00e8l medikal sou ACE ak t\u00e8s depistaj.<\/p>\n\t\t<h3>Lapolis<\/h3><p><b>Rezolisyon sou ACEs\u00a0<\/b><\/p>\n<p><em>Ch\u00e8f lapolis ent\u00e8nasyonal yo<\/em><\/p>\n<p><a href=\"https:\/\/www.theiacp.org\/sites\/default\/files\/Adopted%202019%20Resolutions__Final.pdf\" target=\"_blank\" rel=\"noopener\">Gade paj 23<\/a> pou rezolisyon an sou sip\u00f2te konsyantizasyon ak devlope resous apwopriye.<\/p>\n<p>&nbsp;<\/p>\n<p><b>Kreye yon Sist\u00e8m Lapolis ki enf\u00f2me sou ch\u00f2k<\/b><\/p>\n<p><i>Rezo Nasyonal Estr\u00e8s Twomatik pou Timoun<\/i><\/p>\n<p><a href=\"https:\/\/www.nctsn.org\/sites\/default\/files\/resources\/\/creating_trauma_informed_law_enforcement_systems.pdf\" target=\"_blank\" rel=\"noopener\">7-paj gid<\/a> pou kreye sist\u00e8m ki f\u00e8 respekte lalwa ki enf\u00f2me sou ch\u00f2k yo.<\/p>\n<p>&nbsp;<\/p>\n<p><b>F\u00f2masyon Ch\u00f2k pou Pwofesyon\u00e8l Jistis Krimin\u00e8l<\/b><\/p>\n<p><em>Administrasyon pou Abi Sibstans ak S\u00e8vis Sante Mantal<\/em><\/p>\n<p>Sant GAINS ofri f\u00f2masyon ki ede edike pwofesyon\u00e8l jistis krimin\u00e8l sou enpak ch\u00f2k yo ak fason pou devlope repons ki enf\u00f2me sou ch\u00f2k yo. Ou kapab<a href=\"https:\/\/www.samhsa.gov\/gains-center\/trauma-training-criminal-justice-professionals\" target=\"_blank\" rel=\"noopener\"> ch\u00e8che f\u00f2mat\u00e8 nan z\u00f2n ou an<\/a>.<\/p>\n<p>&nbsp;<\/p>\n<p><b>Police Reform &amp; Trauma Informed Care &#8211; Campaign for Trauma-Informed Policy &amp; Practice (CTIPP) Webinar<\/b><\/p>\n<p><i>Kanpay pou Politik ak Pratik ki enf\u00f2me sou ch\u00f2k<\/i><\/p>\n<p>Pan\u00e8l vebin\u00e8 5 reprezantan lapolis, ki gen ladan de Ch\u00e8f Lapolis, ki soti toupatou nan peyi a ki pataje ef\u00f2 yo pou ede ajans ki f\u00e8 respekte lalwa yo vin enf\u00f2me sou ch\u00f2k yo. <a href=\"https:\/\/www.ctipp.org\/post\/october-2020-ctipp-can-call\" target=\"_blank\" rel=\"noopener\">K\u00f2manse videyo a 15:04.<\/a><\/p>\n\t\t<h3>Pwofesyon\u00e8l S\u00e8vis Sosyal<\/h3><p><b>Building Healing Systems Toolkit done-a-action<\/b><\/p>\n<p><i>Building Healing Behavioral Health Systems (BHBHS), Depatman Sante Maryland, University of Maryland School of Medicine Department of Psychiatry, Bowie State University, an kolaborasyon ak \u00f2ganizasyon kominot\u00e8, ak moun ki gen eksperyans viv.<\/i><\/p>\n<p><a href=\"https:\/\/www.healingsystemsdata.org\/\" target=\"_blank\" rel=\"noopener\">Kit zouti sa a<\/a> was created to help Maryland&#8217;s Public Behavioral Health Systems become trauma-informed and healing-centered. It has applicability to other systems, agencies, and organizations that wish to become trauma-informed and healing-centered.<\/p>\n<p>&nbsp;<\/p>\n<p><b>Bagay yo pote yo: Pwogr\u00e8 repons ki enf\u00f2me sou ch\u00f2k yo pou abi sou ansyen yo<\/b><\/p>\n<p><i>Sant Harry ak Jeanette Weinberg pou Elder Justice nan Hebrew Home nan Riverdale<\/i><\/p>\n<p><a href=\"https:\/\/theweinbergcenter.org\/wp-content\/uploads\/2020\/01\/TheThingsTheyCarry-JAN2020.pdf\" target=\"_blank\" rel=\"noopener\">Br\u00e8f 52 paj<\/a> culls information and insights on trauma in older adults and makes recommendations to make organizations, systems and communities more attuned and responsive to the elders who are suffering in body, mind, heart and spirit as a result of abuse and other traumatic experiences to support healing and hope.<\/p>\n\t\t<h3>Pwofesyon\u00e8l Sante Konp\u00f2tman<\/h3><p><b>CDC&#8217;s Veto Violence ACEs Online Training for Mental Health Providers<\/b><\/p>\n<p><i>Sant pou Kontw\u00f2l ak Prevansyon Maladi (CDC)<\/i><\/p>\n<p><a href=\"https:\/\/vetoviolence.cdc.gov\/apps\/aces-training\/#\/mhp\/3-0-1#top\" target=\"_blank\" rel=\"noopener\">60 minit f\u00f2masyon sou ent\u00e8n\u00e8t<\/a> sou anpeche ACE pou founis\u00e8 sante mantal.<\/p>\n<p>&nbsp;<\/p>\n<p><b>Building Healing Systems Toolkit done-a-action<\/b><\/p>\n<p><i>Building Healing Behavioral Health Systems (BHBHS), Depatman Sante Maryland, University of Maryland School of Medicine Department of Psychiatry, Bowie State University, an kolaborasyon ak \u00f2ganizasyon kominot\u00e8, ak moun ki gen eksperyans viv.<\/i><\/p>\n<p><a href=\"https:\/\/www.healingsystemsdata.org\/\" target=\"_blank\" rel=\"noopener\">Kit zouti sa a<\/a> was created to help Maryland&#8217;s Public Behavioral Health Systems become trauma-informed and healing-centered. It has applicability to other systems, agencies, and organizations that wish to become trauma-informed and healing-centered.<\/p>\n\t\t<h3>Pwofesyon\u00e8l byenn\u00e8t timoun<\/h3><p><b><i>Aplike Syans Devlopman Timoun nan Sist\u00e8m Byenn\u00e8t Timoun<\/i><\/b><\/p>\n<p><a href=\"https:\/\/harvardcenter.wpenginepowered.com\/wp-content\/uploads\/2019\/04\/HCDC_InBrief_Child_Welfare_Systems.pdf\" target=\"_blank\" rel=\"noopener\">Br\u00e8f 2 paj<\/a> ki mete syans nan devlopman timoun epi ki bay etap pou ajans piblik ak prive, tribinal, paran adoptif, ak volont\u00e8 k ap travay nan sist\u00e8m byenn\u00e8t timoun nan pou mete syans lan an aksyon.<\/p>\n<p>&nbsp;<\/p>\n<p><b>Twous F\u00f2masyon pou Ch\u00f2k pou Timoun yo<\/b><\/p>\n<p><i>Rezo Nasyonal Estr\u00e8s Twomatik pou Timoun<\/i><\/p>\n<p><a href=\"https:\/\/www.nctsn.org\/resources\/child-welfare-trauma-training-toolkit\" target=\"_blank\" rel=\"noopener\">F\u00f2masyon sou ent\u00e8n\u00e8t<\/a> pou pwofesyon\u00e8l byenn\u00e8t timoun nan mete ann aplikasyon konesans ak ladr\u00e8s ki enf\u00f2me sou ch\u00f2k nan ent\u00e8raksyon chak jou yo, s\u00e8vis pwofesyon\u00e8l yo ak kilti \u00f2ganizasyon\u00e8l yo.<\/p>\n\t\t<h3>Resous\/Paran adoptif<\/h3><p><b>Resous Curriculum Paran sou Ent\u00e8n\u00e8t<\/b><\/p>\n<p><i>Rezo Nasyonal Estr\u00e8s Twomatik pou Timoun<\/i><\/p>\n<p><a href=\"https:\/\/www.nctsn.org\/resources\/resource-parent-curriculum-rpc-online\" target=\"_blank\" rel=\"noopener\">Yon kourikoul\u00f2m sou ent\u00e8n\u00e8t<\/a> pou founis\u00e8 ak resous\/paran adoptif ki ap itilize oswa ki enterese s\u00e8vi ak <i>Pran swen timoun ki gen ch\u00f2k: yon atelye pou paran resous yo<\/i> kourikoul\u00f2m nan kominote yo.<\/p>\n\t<h3>End\u00e8ks<\/h3>\n<ul>\n<li><a href=\"#paces-online-network\">Rezo sou ent\u00e8n\u00e8t PACEs<\/a><\/li>\n<li><a href=\"#aces-training\">F\u00f2masyon ACEs<\/a><\/li>\n<li><a href=\"#adult-executive-function-skills\">Bati konpetans fonksyon egzekitif pou adilt yo<\/a><\/li>\n<li><a href=\"#communicating-developmental-science\">Kominikasyon Syans Devlopman<\/a><\/li>\n<li><a href=\"#essentials-for-childhood\">Essentials pou Timoun<\/a><\/li>\n<li><a href=\"#community-screenings-discussions\">Fim pou Pwojeksyon ak Diskisyon Kominot\u00e8<\/a><\/li>\n<li><a href=\"#healing-centered\">Gerizon-santre<\/a><\/li>\n<li><a href=\"#trauma-informed\">Ch\u00f2k-Enf\u00f2me<\/a><\/li>\n<\/ul>\n<h3>Resous Pwofesyon\u00e8l<\/h3>\n<ul>\n<li><a href=\"#business-leaders\">Lid\u00e8 biznis yo<\/a><\/li>\n<li><a href=\"#educators\">Edikat\u00e8<\/a><\/li>\n<li><a href=\"#religious-communities\">Kominote relijye yo<\/a><\/li>\n<li><a href=\"#justice-systems\">Sist\u00e8m Jistis<\/a><\/li>\n<li><a href=\"#medical-professionals\">Pwofesyon\u00e8l medikal<\/a><\/li>\n<li><a href=\"#law-enforcement\">Lapolis<\/a><\/li>\n<li><a href=\"#social-services-professionals\">Pwofesyon\u00e8l S\u00e8vis Sosyal<\/a><\/li>\n<li><a href=\"#behavioral-health-professionals\">Pwofesyon\u00e8l Sante Konp\u00f2tman<\/a><\/li>\n<li><a href=\"#child-welfare-professionals\">Pwofesyon\u00e8l byenn\u00e8t timoun<\/a><\/li>\n<li><a href=\"#foster-parents\">Resous \/ Adopt\u00e8 Paran<\/a><\/li>\n<\/ul>","protected":false},"excerpt":{"rendered":"<p>DIVE DEEPER | PARTNERS Community Partners EFC relies on the experience, expertise and depth of knowldedge of our partners across many different fields and sectors to guide our collective work. Take the time to dig deeper and connect directly here. PACEs Online Networks Launch and Grow PACEs Initiatives PACEs Connection They connect people from across&hellip;<\/p>","protected":false},"author":1,"featured_media":28027,"parent":0,"menu_order":0,"comment_status":"closed","ping_status":"closed","template":"","meta":{"footnotes":""},"class_list":["post-27814","page","type-page","status-publish","has-post-thumbnail","hentry"],"_links":{"self":[{"href":"https:\/\/marylandefc.org\/ht\/wp-json\/wp\/v2\/pages\/27814","targetHints":{"allow":["GET"]}}],"collection":[{"href":"https:\/\/marylandefc.org\/ht\/wp-json\/wp\/v2\/pages"}],"about":[{"href":"https:\/\/marylandefc.org\/ht\/wp-json\/wp\/v2\/types\/page"}],"author":[{"embeddable":true,"href":"https:\/\/marylandefc.org\/ht\/wp-json\/wp\/v2\/users\/1"}],"replies":[{"embeddable":true,"href":"https:\/\/marylandefc.org\/ht\/wp-json\/wp\/v2\/comments?post=27814"}],"version-history":[{"count":0,"href":"https:\/\/marylandefc.org\/ht\/wp-json\/wp\/v2\/pages\/27814\/revisions"}],"wp:featuredmedia":[{"embeddable":true,"href":"https:\/\/marylandefc.org\/ht\/wp-json\/wp\/v2\/media\/28027"}],"wp:attachment":[{"href":"https:\/\/marylandefc.org\/ht\/wp-json\/wp\/v2\/media?parent=27814"}],"curies":[{"name":"wp","href":"https:\/\/api.w.org\/{rel}","templated":true}]}}