{"id":28008,"date":"2024-02-29T08:25:39","date_gmt":"2024-02-29T16:25:39","guid":{"rendered":"https:\/\/marylandefc.org\/?page_id=28008"},"modified":"2025-06-16T11:08:43","modified_gmt":"2025-06-16T18:08:43","slug":"hotlines","status":"publish","type":"page","link":"https:\/\/marylandefc.org\/ht\/grownups\/hotlines\/","title":{"rendered":"Liy \u00e8d ak liy dir\u00e8k"},"content":{"rendered":"<img decoding=\"async\" src=\"https:\/\/marylandefc.org\/wp-content\/uploads\/2024\/02\/Mother-on-the-phone-talking-to-a-hotline-for-help.jpg\" alt=\"Mother on the phone talking to a hotline for help\" itemprop=\"image\" height=\"800\" width=\"1200\" title=\"Manman nan telef\u00f2n nan ap pale ak yon liy dir\u00e8k pou \u00e8d\" onerror=\"this.style.display='none'\" loading='lazy' \/>\n\t<h1>LIY \u00c8D<\/h1>\n\t<h2>Jwenn Konekte Pou Sip\u00f2<\/h2>\n<p>Ale nan lis liy \u00e8d nou yo ak enf\u00f2masyon ki anba a nan moman bezwen.<\/p>\n\t\t\t<a href=\"#helplines\" target=\"_self\">\n\t\t\t\t\t\tLiy \u00e8d \/ Referans\n\t\t\t\t\t<\/a>\n\t<h2>Liy \u00e8d ak referans<\/h2>\n<p>&nbsp;<\/p>\n<ul>\n<li><strong>Information and Referral Services (Health\/Human Services) &#8211; <\/strong>Rele 211<\/li>\n<li><strong>Suicide &amp; Crisis Lifeline &#8211; <\/strong>Rele 9-8-8<\/li>\n<li><strong>Maryland Parenting Helpline &#8211; <\/strong>1-800-243-7337<\/li>\n<li><strong>Liy dir\u00e8k nasyonal pou sante mantal mat\u00e8n\u00e8l <\/strong>&#8211; 1-800-TLC-MAMA (1-833-852-6262)<\/li>\n<li><strong>National Women&#8217;s Health and Breastfeeding Helpline<\/strong> &#8211; 1-800-994-9662<\/li>\n<li><strong>LOCATE Child Care<\/strong> &#8211; 877-261-0060<\/li>\n<li><strong>Liy dir\u00e8k nasyonal pou vyolans domestik<\/strong> &#8211; 1-800-799-7233*<\/li>\n<li><strong>Liy Asistans LGBTQ (The Trevor Project)<\/strong> &#8211; 1-866-488-7386<\/li>\n<li><strong>Liy Dir\u00e8k pou Abi sou Timoun<\/strong> &#8211; 1-800-91Prevent (1-800-917-7383)<\/li>\n<li><strong>National Human Trafficking Hotline &#8211;<\/strong> 1-888-373-7888<\/li>\n<li><strong>Rezo Nasyonal pou Abi Vy\u00f2l ak Ens\u00e8s\/Liy Dir\u00e8k Nasyonal pou Atak Seksy\u00e8l<\/strong> &#8211; 1-800-656-HOPE (4673)<\/li>\n<li><strong>SAMHSA Helpline (Substance Abuse &amp; Mental Health) &#8211;<\/strong> 1-800-662-\u00c8D (4357)<\/li>\n<li><strong>Liy \u00e8d pou dejwe jw\u00e8t aza<\/strong> &#8211; 1-800-GAMBLER<\/li>\n<li><strong>Sant Pwazon Maryland<\/strong> &#8211; 1-800-222-1222<\/li>\n<li><strong>Prevansyon anpwazonnman ak plon<\/strong> &#8211; 410-537-3825 or 1-800-633-6101, Ext. 3825\u200b\u200b\u200b\u200b\u200b<\/li>\n<\/ul>","protected":false},"excerpt":{"rendered":"<p>HELPLINES Get Connected To Support Refer to our list of helplines and information below in times of need. Helplines \/ Referrals Helplines and Referrals &nbsp; Information and Referral Services (Health\/Human Services) &#8211; Dial 211 Suicide &amp; Crisis Lifeline &#8211; Call 9-8-8 Maryland Parenting Helpline &#8211; 1-800-243-7337 National Maternal Mental Health Hotline &#8211; 1-800-TLC-MAMA (1-833-852-6262) National&hellip;<\/p>","protected":false},"author":2,"featured_media":28011,"parent":26895,"menu_order":0,"comment_status":"closed","ping_status":"closed","template":"","meta":{"footnotes":""},"class_list":["post-28008","page","type-page","status-publish","has-post-thumbnail","hentry"],"_links":{"self":[{"href":"https:\/\/marylandefc.org\/ht\/wp-json\/wp\/v2\/pages\/28008","targetHints":{"allow":["GET"]}}],"collection":[{"href":"https:\/\/marylandefc.org\/ht\/wp-json\/wp\/v2\/pages"}],"about":[{"href":"https:\/\/marylandefc.org\/ht\/wp-json\/wp\/v2\/types\/page"}],"author":[{"embeddable":true,"href":"https:\/\/marylandefc.org\/ht\/wp-json\/wp\/v2\/users\/2"}],"replies":[{"embeddable":true,"href":"https:\/\/marylandefc.org\/ht\/wp-json\/wp\/v2\/comments?post=28008"}],"version-history":[{"count":0,"href":"https:\/\/marylandefc.org\/ht\/wp-json\/wp\/v2\/pages\/28008\/revisions"}],"up":[{"embeddable":true,"href":"https:\/\/marylandefc.org\/ht\/wp-json\/wp\/v2\/pages\/26895"}],"wp:featuredmedia":[{"embeddable":true,"href":"https:\/\/marylandefc.org\/ht\/wp-json\/wp\/v2\/media\/28011"}],"wp:attachment":[{"href":"https:\/\/marylandefc.org\/ht\/wp-json\/wp\/v2\/media?parent=28008"}],"curies":[{"name":"wp","href":"https:\/\/api.w.org\/{rel}","templated":true}]}}