{"id":28336,"date":"2025-04-28T12:10:24","date_gmt":"2025-04-28T19:10:24","guid":{"rendered":"https:\/\/marylandefc.org\/?page_id=28336"},"modified":"2026-03-31T12:39:48","modified_gmt":"2026-03-31T19:39:48","slug":"vroom","status":"publish","type":"page","link":"https:\/\/marylandefc.org\/ht\/vroom\/","title":{"rendered":"Granmoun nan Maryland: Jwenn Kons\u00e8y Vroom\u2122 epi vin yon moun k ap bati s\u00e8vo"},"content":{"rendered":"<figure itemscope itemtype=\"https:\/\/schema.org\/ImageObject\">\n\t\t\t\t<img decoding=\"async\" src=\"https:\/\/marylandefc.org\/wp-content\/uploads\/2025\/04\/Grandfather-blowing-bubbles-with-grandaughter.jpg\" alt=\"Grandfather blowing bubbles with grandaughter\" height=\"800\" width=\"1200\" title=\"Granpapa k ap soufle ti boul ak pitit fi li\" onerror=\"this.style.display='none'\" loading=\"lazy\" \/>\n\t<\/figure>\n\t<h2>Vin yon moun ki devlope s\u00e8vo!<\/h2>\n<p>You have what it takes to help your child thrive! Make little changes with your everyday interactions and make a big difference in a child&#8217;s life.<\/p>\n<p>Be a brain builder and add learning during mealtime, playtime, bathtime, and bedtime. Any moment can be a moment you connect with a child &#8211; even waiting in line! We&#8217;ve collaborated with Vroom to connect parents to these easy and fun tips.<\/p>\n<p>Jwenn Kons\u00e8y Vroom\u2122 gratis.<\/p>\n\t\t\t<a href=\"https:\/\/app.vroom.org\/?lng=en\" target=\"_blank\" rel=\"noopener\">\n\t\t\t\t\t\t\tJwenn Vroom\n\t\t\t\t\t<\/a>\n<figure itemscope itemtype=\"https:\/\/schema.org\/ImageObject\">\n\t\t\t\t<img decoding=\"async\" src=\"https:\/\/marylandefc.org\/wp-content\/uploads\/2024\/02\/BrainArchitecture_EFC_icon.svg\" alt=\"Brain Architecture icons with brain and scaffolding\" height=\"376\" width=\"376\" title=\"BrainArchitecture_EFC_icon\" onerror=\"this.style.display='none'\" loading=\"lazy\" \/>\n\t<\/figure>\n\t\t<h2>Vroom nan Maryland<\/h2><p>Vroom Tips\u2122 make brain science simple. Three core principles guide the tips, and they&#8217;re the same ones that guide the science behind our <a href=\"https:\/\/marylandefc.org\/ht\/grownups\/\">Kit zouti pou bati s\u00e8vo<\/a>. That&#8217;s why Maryland Essentials for Childhood collaborated with Vroom to bring these resources to Maryland.<\/p>\n<p>Twa prensip fondamantal yo se:<\/p>\n<ol>\n<li>Relasyon pozitif ant granmoun ak timoun<\/li>\n<li>Back and Forth Interaction &#8211; what we like to call &#8220;serve and return&#8221;<\/li>\n<li>Konpetans lavi ki ankouraje fonksyon egzekitif<\/li>\n<\/ol>\n<p>Nou tout ka ede timoun yo devlope, yon moman, yon koneksyon alafwa!<\/p>\n<h3>Devlopman S\u00e8vo pou Paran ki Ansent<\/h3>\n<p>Vroom now has new tools for expecting parents. Whether it&#8217;s your first time or you have other children, boost your confidence, connection, and calm even before the baby arrives. Start building parenting skills before the baby even arrives.<\/p>\n<p>&nbsp;<\/p>\n<h2>\n\t\t\tKijan pou itilize Vroom\t<\/h2>\n\t\t<figure itemscope itemtype=\"https:\/\/schema.org\/ImageObject\">\n\t\t\t\t<a href=\"\/ht\/get-involved\/ace-science\/\"  target=\"_self\" itemprop=\"url\">\n\t\t\t\t<img decoding=\"async\" src=\"https:\/\/marylandefc.org\/wp-content\/uploads\/2024\/02\/MEC-Icons_v2_websearch.svg\" alt=\"web search icon\" height=\"300\" width=\"300\" title=\"MEC-Icons_v2_websearch\" onerror=\"this.style.display='none'\" loading=\"lazy\" \/>\n\t\t\t\t<\/a>\n\t<\/figure>\n<h3><a href=\"\/ht\/get-involved\/ace-science\/\" target=\"_self\">Sou ent\u00e8n\u00e8t<\/a><\/h3><p>Si w ap pran swen oswa sip\u00f2te yon timoun ki gen ant 0 ak 5 an, kons\u00e8y sa yo bon n\u00e8t pou ou!<\/p>\n<a href=\"https:\/\/app.vroom.org\/?lng=en\" target=\"_blank\" rel=\"noopener\">Jwenn Vroom<\/a><br \/>\n(Disponib an Angle ak Pany\u00f2l)\n\t\t<figure itemscope itemtype=\"https:\/\/schema.org\/ImageObject\">\n\t\t\t\t<a href=\"\/ht\/get-involved\/ace-science\/\"  target=\"_self\" itemprop=\"url\">\n\t\t\t\t<img decoding=\"async\" src=\"https:\/\/marylandefc.org\/wp-content\/uploads\/2024\/01\/MEC-Icons_digital-talk.svg\" alt=\"Talking online with someone icon\" height=\"300\" width=\"300\" title=\"MEC-Icons_dijital-pale\" onerror=\"this.style.display='none'\" loading=\"lazy\" \/>\n\t\t\t\t<\/a>\n\t<\/figure>\n<h3><a href=\"\/ht\/get-involved\/ace-science\/\" target=\"_self\">Sou Aplikasyon an<\/a><\/h3><p>Download the app and get 1,000+ activities to help your child&#8217;s brain grow. Available in English and Spanish.<\/p>\n<p><a href=\"https:\/\/apps.apple.com\/us\/app\/vroom-early-learning\/id885948312\" target=\"_blank\" rel=\"noopener\">Telechaje sou App Store la (Apple)<\/a><\/p>\n<p><a href=\"https:\/\/play.google.com\/store\/apps\/details?id=org.joinvroom.dailyvroom&amp;hl=en_US&amp;pli=1\" target=\"_blank\" rel=\"noopener\">Telechaje sou Google Play (Android)<\/a><\/p>\n\t\t<figure itemscope itemtype=\"https:\/\/schema.org\/ImageObject\">\n\t\t\t\t<a href=\"\/ht\/get-involved\/ace-science\/\"  target=\"_self\" itemprop=\"url\">\n\t\t\t\t<img decoding=\"async\" src=\"https:\/\/marylandefc.org\/wp-content\/uploads\/2024\/01\/MEC-Icons_discussion.svg\" alt=\"text message icons\" height=\"300\" width=\"300\" title=\"Diskisyon sou Ik\u00f2n MEC yo\" onerror=\"this.style.display='none'\" loading=\"lazy\" \/>\n\t\t\t\t<\/a>\n\t<\/figure>\n<h3><a href=\"\/ht\/get-involved\/ace-science\/\" target=\"_self\">Mesaj t\u00e8ks<\/a><\/h3><p>Jwenn Kons\u00e8y Vroom\u2122 pa mesaj t\u00e8ks.<\/p>\n<p><a href=\"https:\/\/www.vroom.org\/sms\" target=\"_blank\" rel=\"noopener\">Enskri<\/a><\/p>\n<p>(Disponib an Angle ak Pany\u00f2l)<\/p>\n\t<h2>Kons\u00e8y Vroom\u2122 pou Timoun ki gen laj 0-5 an<\/h2>\n<p>Jwenn plis pase 1000 lide pou bati koneksyon pozitif ak timoun ki gen laj 0-5 an chak jou. Ou ka p\u00e8sonalize kons\u00e8y ou yo selon laj. Chak kons\u00e8y vini ak enf\u00f2masyon pou mete l an pratik ak enf\u00f2masyon Brainy Background\u2122 ki eksplike syans ki d\u00e8y\u00e8 kons\u00e8y la. Li egzanp kons\u00e8y ki anba yo.<\/p>\n\t\t<ul>\n\t\t\t\t<li>\n\t\t\t\t<h2>Detektif Foto <br \/> (Laj 2-4)<\/h2><h4>Kons\u00e8y<\/h4>\n<p>Encourage your child to be a picture detective. Look at a picture in a book or magazine. It can even be in a newspaper or in an ad on a bus or train. Talk about the picture together. Can you find certain objects? Ask questions like, &#8220;Look at that boy&#8217;s face. How do you think he feels?&#8221;<\/p>\n<p><img loading=\"lazy\" decoding=\"async\" role=\"img\" src=\"https:\/\/marylandefc.org\/wp-content\/uploads\/2024\/03\/Kids-holding-magnifying-glass.jpg\" alt=\"Book icon\" width=\"400\" height=\"400\" \/><\/p>\n<h4>Imaj Entelijan\u2122<\/h4>\n<p>Pictures help your child make connections and to understand that words have meaning. Having them look closely builds focus and self-control. The example here also helps them learn to recognize other people&#8217;s feelings.<\/p>\n<p><img loading=\"lazy\" decoding=\"async\" role=\"img\" src=\"https:\/\/marylandefc.org\/wp-content\/uploads\/2025\/05\/Vroom_Logo_PoweredBy_Orange_RGB_R.png\" alt=\"Book icon\" width=\"400\" height=\"400\" \/><\/p>\n\t\t<\/li>\n\t\t\t<li>\n\t\t\t\t<h2>Yon l\u00f2t eseye <br \/> (Laj 2-5)<\/h2><h4>Kons\u00e8y<\/h4>\n<p>If your child gives up easily, show them how to try again. You can say, &#8220;I can&#8217;t find my hat.&#8221; Then add, &#8220;One More Try! I found it!&#8221; Celebrate and reflect on what happened. &#8220;I tried again, and I did it!&#8221; The next time they want to give up, try saying, &#8220;One More Try!&#8221; in a fun and positive voice.<\/p>\n<p><img loading=\"lazy\" decoding=\"async\" role=\"img\" src=\"https:\/\/marylandefc.org\/wp-content\/uploads\/2025\/04\/Mom-hugging-and-comforting-son.jpg\" alt=\"Mom comforting son\" width=\"400\" height=\"400\" \/><\/p>\n<h4>Imaj Entelijan\u2122<\/h4>\n<p>Giving something &#8220;One More Try&#8221; is easy. It can help your child learn to tackle a job a little bit at a time. Learning not to give up can take time, so try to be patient and make it fun! Sticking with tasks will help your child when they try to learn new skills and reach goals.<\/p>\n<p><img loading=\"lazy\" decoding=\"async\" role=\"img\" src=\"https:\/\/marylandefc.org\/wp-content\/uploads\/2025\/05\/Vroom_Logo_PoweredBy_Orange_RGB_R.png\" alt=\"Book icon\" width=\"400\" height=\"400\" \/><\/p>\n\t\t<\/li>\n\t\t\t<li>\n\t\t\t\t<h2>Wonder Toothy <br \/> (Ages 12 mo &#8211; 2)<\/h2><p>When you&#8217;re brushing your child&#8217;s teeth, look in the mirror together. Talk about how your teeth are the same and different from theirs. For example, you have more teeth, and bigger teeth, but you both can make funny faces. Follow their lead and talk about what they notice.<\/p>\n<p><img loading=\"lazy\" decoding=\"async\" role=\"img\" src=\"https:\/\/marylandefc.org\/wp-content\/uploads\/2025\/04\/Dad-helping-child-brush-his-teeth.jpg\" alt=\"Dad helping kid brush teeth\" width=\"400\" height=\"400\" \/><\/p>\n<h4>Imaj Entelijan\u2122<\/h4>\n<p>Comparing things that are the same and different will help your child sort their experiences into categories and make connections-skills that are important in reading, math, and science in the future. This also builds their connection with you!<\/p>\n<p><img loading=\"lazy\" decoding=\"async\" role=\"img\" src=\"https:\/\/marylandefc.org\/wp-content\/uploads\/2025\/05\/Vroom_Logo_PoweredBy_Orange_RGB_R.png\" alt=\"Book icon\" width=\"400\" height=\"400\" \/><\/p>\n\t\t<\/li>\n\t\t<\/ul>\n\t\t\t<a href=\"https:\/\/app.vroom.org\/?lng=en\" target=\"_self\" rel=\"noopener\">\n\t\t\t\t\t\t\tEseye Vroom\n\t\t\t\t\t<\/a>\n\t<h2>Vroom se pou tout moun<\/h2>\nJwenn fich kons\u00e8y ou ka enprime pou granmoun, edikat\u00e8 ak gwoup kominot\u00e8 yo.<br \/>\nPrint these out and spend a few minutes a day helping a child&#8217;s brain grow strong.\n\t\t<figure itemscope itemtype=\"https:\/\/schema.org\/ImageObject\">\n\t\t\t\t<a href=\"\/ht\/get-involved\/ace-science\/\"  target=\"_self\" itemprop=\"url\">\n\t\t\t\t<img decoding=\"async\" src=\"https:\/\/marylandefc.org\/wp-content\/uploads\/2024\/02\/MEC-Icons_v2_strong-start.svg\" alt=\"Ensure strong start icon with baby carriage and family\" height=\"300\" width=\"300\" title=\"MEC-Icons_v2_strong-start\" onerror=\"this.style.display='none'\" loading=\"lazy\" \/>\n\t\t\t\t<\/a>\n\t<\/figure>\n<h3><a href=\"\/ht\/get-involved\/ace-science\/\" target=\"_self\">Granmoun<\/a><\/h3><p>Si w ap pran swen oswa sip\u00f2te yon timoun ki gen ant 0 ak 5 an, kons\u00e8y sa yo bon n\u00e8t pou ou!<\/p>\n\t\t<figure itemscope itemtype=\"https:\/\/schema.org\/ImageObject\">\n\t\t\t\t<a href=\"\/ht\/get-involved\/ace-science\/\"  target=\"_self\" itemprop=\"url\">\n\t\t\t\t<img decoding=\"async\" src=\"https:\/\/marylandefc.org\/wp-content\/uploads\/2024\/01\/MEC-Icons_school.svg\" alt=\"School icon\" height=\"300\" width=\"300\" title=\"MEC-Ikon_lek\u00f2l\" onerror=\"this.style.display='none'\" loading=\"lazy\" \/>\n\t\t\t\t<\/a>\n\t<\/figure>\n<h3><a href=\"\/ht\/get-involved\/ace-science\/\" target=\"_self\">Edikat\u00e8<\/a><\/h3><p>S\u00e8vi ak zouti yo pou bati kourikoul\u00f2m oubyen fey\u00e8 pou paran ak moun k ap pran swen el\u00e8v yo.<\/p>\n\t\t<figure itemscope itemtype=\"https:\/\/schema.org\/ImageObject\">\n\t\t\t\t<a href=\"\/ht\/get-involved\/ace-science\/\"  target=\"_self\" itemprop=\"url\">\n\t\t\t\t<img decoding=\"async\" src=\"https:\/\/marylandefc.org\/wp-content\/uploads\/2024\/02\/CaringRespectforSelfOthers_EFC_icon.svg\" alt=\"Caring respect for others icon hands with heart\" height=\"377\" width=\"377\" title=\"Pran swenResp\u00e8 pou t\u00e8t ouL\u00f2t moun_EFC_icon\" onerror=\"this.style.display='none'\" loading=\"lazy\" \/>\n\t\t\t\t<\/a>\n\t<\/figure>\n<h3><a href=\"\/ht\/get-involved\/ace-science\/\" target=\"_self\">Gwoup Kominot\u00e8 yo<\/a><\/h3><p>Ankouraje paran yo pou yo itilize zouti yo, epi bay paran ak moun k ap pran swen timoun yo fey\u00e8.<\/p>\n\t\t\t<a href=\"https:\/\/www.vroom.org\/vroom-materials\" target=\"_self\" rel=\"noopener\">\n\t\t\t\t\t\t\tTelechaje\n\t\t\t\t\t<\/a>","protected":false},"excerpt":{"rendered":"<p>Be A Brain Builder! You have what it takes to help your child thrive! Make little changes with your everyday interactions and make a big difference in a child&#8217;s life. Be a brain builder and add learning during mealtime, playtime, bathtime, and bedtime. Any moment can be a moment you connect with a child &#8211;&hellip;<\/p>","protected":false},"author":2,"featured_media":0,"parent":0,"menu_order":0,"comment_status":"closed","ping_status":"closed","template":"","meta":{"footnotes":""},"class_list":["post-28336","page","type-page","status-publish","hentry"],"_links":{"self":[{"href":"https:\/\/marylandefc.org\/ht\/wp-json\/wp\/v2\/pages\/28336","targetHints":{"allow":["GET"]}}],"collection":[{"href":"https:\/\/marylandefc.org\/ht\/wp-json\/wp\/v2\/pages"}],"about":[{"href":"https:\/\/marylandefc.org\/ht\/wp-json\/wp\/v2\/types\/page"}],"author":[{"embeddable":true,"href":"https:\/\/marylandefc.org\/ht\/wp-json\/wp\/v2\/users\/2"}],"replies":[{"embeddable":true,"href":"https:\/\/marylandefc.org\/ht\/wp-json\/wp\/v2\/comments?post=28336"}],"version-history":[{"count":0,"href":"https:\/\/marylandefc.org\/ht\/wp-json\/wp\/v2\/pages\/28336\/revisions"}],"wp:attachment":[{"href":"https:\/\/marylandefc.org\/ht\/wp-json\/wp\/v2\/media?parent=28336"}],"curies":[{"name":"wp","href":"https:\/\/api.w.org\/{rel}","templated":true}]}}