{"id":3255,"date":"2024-01-18T10:42:45","date_gmt":"2024-01-18T18:42:45","guid":{"rendered":"https:\/\/marylandefc.org\/?page_id=3255"},"modified":"2026-03-25T10:38:03","modified_gmt":"2026-03-25T17:38:03","slug":"policy","status":"publish","type":"page","link":"https:\/\/marylandefc.org\/ht\/policy\/","title":{"rendered":"Mizisyen politik ak defans\u00e8"},"content":{"rendered":"<figure itemscope itemtype=\"https:\/\/schema.org\/ImageObject\">\n\t\t\t\t<img decoding=\"async\" src=\"https:\/\/marylandefc.org\/wp-content\/uploads\/2024\/01\/Maryland-statehouse-in-Annapolis-scaled.jpeg\" alt=\"Maryland state house in Annapolis\" height=\"1440\" width=\"2560\" title=\"Kay Eta Maryland ak nan Annapolis\" onerror=\"this.style.display='none'\" loading=\"lazy\" \/>\n\t<\/figure>\n\t<h1>RESPONSAB POLITIK AK DEF\u00d2S\u00c8<\/h1>\n\t<h2>R\u00e8gleman Enpak Fanmi yo<\/h2>\n<p>Maryland Essentials for Childhood (EFC) konprann ke travay politik enp\u00f2tan. Aksyon lejislatif ak egzekitif ka gen yon enpak pozitif sou lavi Maryland\u00e8 yo epi gen enpak jenerasyon nan ab\u00f2de ak anpeche ch\u00f2k. Ansanm ak yon gwo kowalisyon \u00f2ganizasyon, defans\u00e8 ak manm kominote a, EFC bay manm lejislati Maryland ak gouv\u00e8nman eta a yon p\u00e8spektiv enp\u00f2tan. <\/p>\n\t\t\t<a href=\"\/ht\/policy\/policies-matter\/\"  target=\"_self\">\n\t\t\t\t\t\t\tPoukisa Politik yo enp\u00f2tan\n\t\t\t\t\t<\/a>\n\t\t<h2><a href=\"\/ht\/policy\/legislative-action\/\" target=\"_self\">Ansanm, nou atenn objektif politik nou yo<\/a><\/h2><p>Travay kolaborasyon nou ak patn\u00e8, gwoup kominot\u00e8 ak l\u00f2t kowalisyon te kontribye nan plis pase yon douz\u00e8n siks\u00e8 politik pou Maryland nan jis 7 d\u00e8nye ane yo. K\u00e8k nan sa yo enkli:\u00a0<\/p>\n<ul>\n<li aria-level=\"1\">Direkt\u00e8 medikal pou byenn\u00e8t timoun<\/li>\n<li aria-level=\"1\">SESAME (Sispann Move Konduit ak Eksplwatasyon Abi Seksy\u00e8l Edikat\u00e8)<\/li>\n<li aria-level=\"1\">Konje Fanmi Peye<\/li>\n<\/ul>\n\t\t\t<a href=\"\/ht\/policy\/legislative-action\/\"  target=\"_self\">\n\t\t\t\t\t\t\tGade kalandriye lejislatif la\n\t\t\t\t\t<\/a>\n<figure data-animation-delay=\"0\" data-animation-duration=\"1\" itemscope itemtype=\"https:\/\/schema.org\/ImageObject\">\n\t\t\t\t<img decoding=\"async\" src=\"https:\/\/marylandefc.org\/wp-content\/uploads\/2024\/01\/Together-We-reach-our-policy-goals-Essentials-for-Chilhood-maryland--scaled.jpg\" alt=\"Two people hugging\" height=\"1920\" width=\"2560\" title=\"Ansanm Nou atenn objektif politik nou yo - Essentials for Chilhood Maryland\" onerror=\"this.style.display='none'\" loading=\"lazy\" \/>\n\t<\/figure>\n<figure data-animation-delay=\"0\" data-animation-duration=\"1\" itemscope itemtype=\"https:\/\/schema.org\/ImageObject\">\n\t\t\t\t<img decoding=\"async\" src=\"https:\/\/marylandefc.org\/wp-content\/uploads\/2024\/02\/Communitymember-at-trauma-informed-event-Courtesy-Healing-City-Baltimore.jpg\" alt=\"Community member at trauma-informed event\" height=\"800\" width=\"1200\" title=\"Manm kominote a nan ev\u00e8nman ch\u00f2k enf\u00f2me Koutwazi-Healing-City-Baltimore\" onerror=\"this.style.display='none'\" loading=\"lazy\" \/>\n\t\t<figcaption>Koutwazi Healing City Baltimore<\/figcaption>\n\t<\/figure>\n\t\t<h2><a href=\"\/ht\/policy\/informing-policy\/\" target=\"_self\">Dirijan konv\u00e8sasyon an sou Swen Ch\u00f2k-Enf\u00f2me<\/a><\/h2><p>K\u00f2m yon gwoup enpak kolektif nan tout eta a, EFC fikse ajanda politik ak papye blan ki s\u00f2ti nan dirijan eksp\u00e8 sou rech\u00e8ch ak politik ki enf\u00f2me sou ch\u00f2k.<\/p>\n<p>Travay sa a ede f\u00f2me politik nan Maryland ki ankouraje yon anviw\u00f2nman pou timoun ak fanmi yo pwospere. <\/p>\n\t\t\t<a href=\"\/ht\/policy\/informing-policy\/\"  target=\"_self\">\n\t\t\t\t\t\t\tLi liv blan EFC\n\t\t\t\t\t<\/a>\n\t\t<h2><a href=\"\/ht\/get-involved\/\" target=\"_self\">Pran Aksyon Ak EFC<\/a><\/h2><p>Pataje im\u00e8l ou pou nou ka travay ansanm sou r\u00e8gleman ki pran an kont ch\u00f2k. Nou pral enf\u00f2me w tou sou fason pou pote f\u00f2masyon ACE Interface nan kominote w la ak ev\u00e8nman EFC ki reyini moun ki gen enter\u00e8 pou yon dyal\u00f2g kominot\u00e8 ki ankouraje yon avni miy\u00f2 pou timoun ak fanmi nan Maryland. <\/p>\n\t\t\t<a href=\"\/ht\/get-involved\/\"  target=\"_self\">\n\t\t\t\t\t\t\tAntre nan ef\u00f2 a\n\t\t\t\t\t<\/a>\n<figure data-animation-delay=\"0\" data-animation-duration=\"1\" itemscope itemtype=\"https:\/\/schema.org\/ImageObject\">\n\t\t\t\t<img decoding=\"async\" src=\"https:\/\/marylandefc.org\/wp-content\/uploads\/2024\/02\/Maryland-Police-Officers-at-a-resilience-workshop.jpg\" alt=\"Maryland Police Officers at a resilience workshop\" height=\"800\" width=\"1200\" title=\"Ofisye Lapolis Maryland nan yon atelye rezistans\" onerror=\"this.style.display='none'\" loading=\"lazy\" \/>\n\t<\/figure>\n<figure data-animation-delay=\"0\" data-animation-duration=\"1\" itemscope itemtype=\"https:\/\/schema.org\/ImageObject\">\n\t\t\t\t<img decoding=\"async\" src=\"https:\/\/marylandefc.org\/wp-content\/uploads\/2024\/02\/Teacher-talking-to-students-about-digging-deeper.jpg\" alt=\"Teacher talking to students about digging deeper\" height=\"800\" width=\"1200\" title=\"Pwofes\u00e8 ap pale ak el\u00e8v yo pou yo fouye pi fon\" onerror=\"this.style.display='none'\" loading=\"lazy\" \/>\n\t<\/figure>\n\t\t<h2><a href=\"\/ht\/dive-deeper-policy-makers\/\" target=\"_self\">Plonje pi fon<\/a><\/h2><p>Gade la <a href=\"https:\/\/marylandefc.org\/ht\/partners\/meetings-reports\/\">Rap\u00f2 Any\u00e8l SCCAN<\/a> oswa yon lis seleksyone rech\u00e8ch, politik, papye blan ak podcasts epi jwenn enspire pou pran aksyon av\u00e8k nou.<\/p>\n\t\t\t<a href=\"\/ht\/dive-deeper-policy-makers\/\"  target=\"_self\">\n\t\t\t\t\t\t\tJwenn Enf\u00f2me\n\t\t\t\t\t<\/a>","protected":false},"excerpt":{"rendered":"<p>MOUN KI KREYE POLITIK AK DEFANS\u00c8 R\u00e8gleman yo gen enpak sou fanmi yo Maryland Essentials for Childhood (EFC) konprann ke travay sou r\u00e8gleman yo enp\u00f2tan. Aksyon lejislatif ak egzekitif ka gen yon enpak pozitif sou lavi moun Maryland yo epi gen enpak sou plizy\u00e8 jenerasyon nan fason pou adrese ak prevni ch\u00f2k. Ansanm ak yon gwo kowalisyon \u00f2ganizasyon, defans\u00e8 ak manm kominote a, EFC bay manm yo yon p\u00e8spektiv ki gen anpil val\u00e8...<\/p>","protected":false},"author":1,"featured_media":26720,"parent":0,"menu_order":0,"comment_status":"closed","ping_status":"closed","template":"","meta":{"footnotes":""},"class_list":["post-3255","page","type-page","status-publish","has-post-thumbnail","hentry"],"_links":{"self":[{"href":"https:\/\/marylandefc.org\/ht\/wp-json\/wp\/v2\/pages\/3255","targetHints":{"allow":["GET"]}}],"collection":[{"href":"https:\/\/marylandefc.org\/ht\/wp-json\/wp\/v2\/pages"}],"about":[{"href":"https:\/\/marylandefc.org\/ht\/wp-json\/wp\/v2\/types\/page"}],"author":[{"embeddable":true,"href":"https:\/\/marylandefc.org\/ht\/wp-json\/wp\/v2\/users\/1"}],"replies":[{"embeddable":true,"href":"https:\/\/marylandefc.org\/ht\/wp-json\/wp\/v2\/comments?post=3255"}],"version-history":[{"count":0,"href":"https:\/\/marylandefc.org\/ht\/wp-json\/wp\/v2\/pages\/3255\/revisions"}],"wp:featuredmedia":[{"embeddable":true,"href":"https:\/\/marylandefc.org\/ht\/wp-json\/wp\/v2\/media\/26720"}],"wp:attachment":[{"href":"https:\/\/marylandefc.org\/ht\/wp-json\/wp\/v2\/media?parent=3255"}],"curies":[{"name":"wp","href":"https:\/\/api.w.org\/{rel}","templated":true}]}}