{"id":3272,"date":"2024-01-18T13:28:19","date_gmt":"2024-01-18T21:28:19","guid":{"rendered":"https:\/\/marylandefc.org\/?page_id=3272"},"modified":"2026-02-13T12:52:18","modified_gmt":"2026-02-13T20:52:18","slug":"how-we-started","status":"publish","type":"page","link":"https:\/\/marylandefc.org\/ht\/about\/how-we-started\/","title":{"rendered":"Kijan nou te k\u00f2manse"},"content":{"rendered":"<figure itemscope itemtype=\"https:\/\/schema.org\/ImageObject\">\n\t\t\t\t<img decoding=\"async\" src=\"https:\/\/marylandefc.org\/wp-content\/uploads\/2024\/02\/Vision-board-for-an-organization-on-how-it-starts-and-grows.jpg\" alt=\"Leaders at a vision board pointing to sticky notes\" height=\"800\" width=\"1200\" title=\"Kons\u00e8y vizyon pou yon \u00f2ganizasyon sou fason li k\u00f2manse ak ap grandi\" onerror=\"this.style.display='none'\" loading=\"lazy\" \/>\n\t<\/figure>\n\t<h1>KIJAN NOU KOMANSE<\/h1>\n\t<h2>Kote tout bagay te k\u00f2manse<\/h2>\n<p>Maryland gen yon istwa long nan pratik ak \u00f2ganizasyon ki reyini ansanm pou travay kolektivman bay priyorite prevansyon.<\/p>\n<strong><a href=\"https:\/\/www.healthcarevaluehub.org\/advocate-resources\/what-are-backbone-organizations\" target=\"_blank\" rel=\"noopener\">&quot;\u00d2ganizasyon kol\u00f2n v\u00e8tebral yo<\/a> s\u00e8vi k\u00f2m \u00f2ganizasyon kow\u00f2dinasyon ki reyini yon div\u00e8site moun ki gen enter\u00e8 epi dirije yon ef\u00f2 senkronize pou atenn yon objektif komen.&quot;<br \/>\n<\/strong>\n<p><a href=\"https:\/\/www.healthcarevaluehub.org\/\" target=\"_blank\" rel=\"noopener\">~ Sant Val\u00e8 Swen Sante<\/a><\/p>\n<h2>\n\t\t\t\u00d2ganizasyon zo r\u00e8l do\t<\/h2>\n\t<p>Premye \u00f2ganizasyon fondasyon nou yo, The Family Tree ak Maryland State Council on Child Abuse and Neglect (SCCAN), gen lontan depi yo konprann gwo enpak move tretman timoun ak l\u00f2t Eksperyans Negatif nan Anfans (ACE) genyen sou byenn\u00e8t yon timoun. Depi pwobl\u00e8m sante, konp\u00f2tman ak devlopman a kout ak long t\u00e8m rive nan siks\u00e8 lek\u00f2l, travay nan lavni ak potansy\u00e8l sal\u00e8, done yo byen dokimante.\u00a0<\/p>\n<figure data-animation-delay=\".2\" data-animation-duration=\"1\" itemscope itemtype=\"https:\/\/schema.org\/ImageObject\">\n\t\t\t\t<img decoding=\"async\" src=\"https:\/\/marylandefc.org\/wp-content\/uploads\/2024\/02\/EFC-Leadership-Pat-Cronin-in-crowd-listening.jpg\" alt=\"EFC Leadership Pat Cronin in crowd listening\" height=\"800\" width=\"1200\" title=\"Lid\u00e8 EFC a, Pat Cronin, nan foul la\" onerror=\"this.style.display='none'\" loading=\"lazy\" \/>\n\t<\/figure>\n<figure data-animation-delay=\".4\" data-animation-duration=\"1\" itemscope itemtype=\"https:\/\/schema.org\/ImageObject\">\n\t\t\t\t<img decoding=\"async\" src=\"https:\/\/marylandefc.org\/wp-content\/uploads\/2024\/02\/ACE-Interface-Policy-Maker-Reception-Attendees.jpg\" alt=\"ACE Interface Policy Maker Reception Attendees\" height=\"800\" width=\"1200\" title=\"Gwoup Ak\u00e8y pou Kreyat\u00e8 R\u00e8gleman Ent\u00e8fas ACE a\" onerror=\"this.style.display='none'\" loading=\"lazy\" \/>\n\t<\/figure>\n\t<p>Sepandan, pa gen yon ajans oswa yon estrateji f\u00f2m\u00e8l ki kouvri tout sekt\u00e8 leta a pou ankouraje byenn\u00e8t timoun yo epi tou de pou anpeche Eksperyans Negatif nan Anfans (ACE) epi diminye enpak ACE yo sou timoun yo ak fanmi yo.\u00a0<\/p>\n<p>Konble espas sa a se sa ki te pouse patn\u00e8 nou yo f\u00f2me Maryland Essentials for Childhood. \u00d2ganizasyon prensipal yo, SCCAN ak The Family Tree, ak pi resamman, Maryland Information Network, bay sip\u00f2 nan travay kolektif ak kwasans Maryland Essentials for Childhood nan konvoke patn\u00e8, gide vizyon ak estrateji, etabli mezi pataje, sip\u00f2te aktivite ki aliyen, bati volonte piblik, avanse politik ak mobilize finansman.<\/p>\n\t\t<h2>SCCAN | Kons\u00e8y Eta Maryland sou Abi ak Neglijans sou Timoun<\/h2>\n\t\t<p>Kons\u00e8y Eta Maryland sou Abi ak Neglijans sou Timoun (SCCAN), ki te etabli an 1999, se yon komite konsiltatif pou Gouv\u00e8n\u00e8 Maryland ak Asanble Jeneral Maryland lan.\u00a0<\/p>\n<p>Gouv\u00e8n\u00e8 a nonmen kenz sitwayen nan SCCAN ki gen eksp\u00e8tiz oswa eksperyans viv ak abi ak neglijans sou timoun: sivivan, pedyat, avoka, lapolis, pwofesyon\u00e8l sante mantal, edikat\u00e8, lid\u00e8 lafwa, ak defans\u00e8.\u00a0<\/p>\n<p>Sena Maryland lan, Chanm Reprezantan Maryland lan, Jidisy\u00e8 Maryland lan ak ajans ki s\u00e8vi timoun ak fanmi Maryland yo \u2014 Depatman S\u00e8vis Sosyal, Depatman Sante, Depatman Edikasyon, Depatman S\u00e8vis pou J\u00e8n ak Asosyasyon Avoka Eta a deziyen uit l\u00f2t manm.\u00a0<\/p>\n<p>SCCAN rap\u00f2te chak ane bay Gouv\u00e8n\u00e8 a ak Asanble Jeneral la sou prevansyon, deteksyon, pouswit ak tretman abi ak neglijans sou timoun. Li f\u00e8 reyinyon ouv\u00e8 pou bay kontak ak opinyon piblik la pou evalye enpak politik ak pratik akty\u00e8l yo sou timoun ak fanmi nan kominote a.<\/p>\n\t\t\t<a href=\"\/ht\/partners\/meetings-reports\/\"  target=\"_self\">\n\t\t\t\t\t\tRap\u00f2 SCAAN \/ Patn\u00e8 \/ Gwoup Travay\n\t\t\t\t\t<\/a>\n<figure itemscope itemtype=\"https:\/\/schema.org\/ImageObject\">\n\t\t\t\t<img decoding=\"async\" src=\"https:\/\/marylandefc.org\/wp-content\/uploads\/2019\/01\/SCCAN-LOGO-CLEAR.png\" alt=\"SCCAN logo\" height=\"333\" width=\"579\" title=\"SCCAN LOGO KLE\" onerror=\"this.style.display='none'\" loading=\"lazy\" \/>\n\t<\/figure>\n<figure itemscope itemtype=\"https:\/\/schema.org\/ImageObject\">\n\t\t\t\t<img decoding=\"async\" src=\"https:\/\/marylandefc.org\/wp-content\/uploads\/2019\/01\/cropped-LBH_TFT_VERT_logo_rgb.png\" alt=\"The Family Tree logo\" height=\"332\" width=\"1046\" title=\"koupe-LBH_TFT_VERT_logo_rgb\" onerror=\"this.style.display='none'\" loading=\"lazy\" \/>\n\t<\/figure>\n\t\t<h2>Pye bwa Fanmi an<\/h2>\n\t\t<p>Family Tree, ki te fonde an 1997, se yon \u00f2ganizasyon nan tout eta a ak yon otorite dirijan pou prevansyon abi ak neglijans sou timoun.\u00a0<\/p>\n<p>Family Tree se afilye nasyonal pou Prevent Child Abuse America, Circle of Parents and Parents as Teachers. Vizyon yo se ke tout timoun yo leve nan fanmi ak kominote ki an sekirite epi ki bay sip\u00f2. Yo reyalize misyon yo grasa pwogram ki pwouve, ki baze sou rech\u00e8ch ki ranf\u00f2se fanmi yo epi kraze sik abi ak neglijans.\u00a0<\/p>\n\t\t\t<a href=\"https:\/\/www.familytreemd.org\/\" target=\"_self\" rel=\"noopener\">\n\t\t\t\t\t\tVizite familytreemd.org\n\t\t\t\t\t<\/a>\n\t\t<h2>Rezo enf\u00f2masyon Maryland<\/h2>\n\t\t<p>Rezo Enf\u00f2masyon Maryland lan se Sist\u00e8m Enf\u00f2masyon ak Referans ki pi konpl\u00e8 nan eta a sou s\u00e8vis sante ak s\u00e8vis imen. Av\u00e8k plis pase 7,500 resous, moun ki gen bezwen esansy\u00e8l yo ka jwenn \u00e8d lokal 24 sou 24, 7 jou sou 7, 365 jou sou 7.<\/p>\n<p>The\u00a0Maryland Information Network has been a nonprofit organization since 2010.<\/p>\n\t\t\t<a href=\"https:\/\/mdinfonet.org\/\" target=\"_self\" rel=\"noopener\">\n\t\t\t\t\t\tVizite mdinfonet.org\n\t\t\t\t\t<\/a>\n<figure itemscope itemtype=\"https:\/\/schema.org\/ImageObject\">\n\t\t\t\t<img decoding=\"async\" src=\"https:\/\/marylandefc.org\/wp-content\/uploads\/2025\/05\/2022_MIN_Logo_RGB.svg\" alt=\"Maryland Information Network RGB Logo\" height=\"444\" width=\"1270\" title=\"2022_MIN_Logo_RVB\" onerror=\"this.style.display='none'\" loading=\"lazy\" \/>\n\t<\/figure>\n<h2>\n\t\t\tPanse Patn\u00e8\t<\/h2>\n\t<h3>Pandan Maryland Essentials for Childhood (EFC) ap kontinye evolye ak grandi, nou kontinye rekon\u00e8t enp\u00f2tans patn\u00e8 panse yo ki f\u00f2me syans la epi ede mete syans lan an aksyon. <\/h3>\n<figure itemscope itemtype=\"https:\/\/schema.org\/ImageObject\">\n\t\t\t\t<img decoding=\"async\" src=\"https:\/\/marylandefc.org\/wp-content\/uploads\/2024\/01\/Essentials-for-Childhood-logo-cropped-e1705972680811.png\" alt=\"Essentials for Childhood logo\" height=\"151\" width=\"413\" title=\"Essentials pou logo Childhood koupe\" onerror=\"this.style.display='none'\" loading=\"lazy\" \/>\n\t<\/figure>\n\t\t<h3>Pwopozisyon Estrateji<\/h3>\n\t\t<p>Sant pou Kontw\u00f2l ak Prevansyon Maladi (CDC), Essentials for Childhood pwopoze estrateji kominote yo ka konsidere pou ankouraje kalite relasyon ak anviw\u00f2nman ki ede timoun yo grandi pou yo vin sitwayen ki an sante ak pwodiktif pou yo, nan vire, kapab bati fanmi ak kominote ki pi solid ak pi an sekirite pou pitit yo.<\/p>\n<p>Inisyativ orijinal CDC a, ki rele Essentials for Childhood (Esansy\u00e8l pou Timoun), te f\u00e8t pou eta ki angaje nan devlopman pozitif timoun ak fanmi yo, epi espesyalman nan prevansyon tout f\u00f2m abi ak neglijans sou timoun. An 2023, pwogram orijinal la te fini, epi CDC te konsantre ef\u00f2 li yo ank\u00f2 sou Esansy\u00e8l pou Timoun: Anpeche Eksperyans Negatif sou Timoun atrav\u00e8 Done pou Aksyon.\u00a0<\/p>\n<p>Maryland Essentials for Childhood kontinye ap resevwa asistans teknik epi li rekon\u00e8t sip\u00f2 nou resevwa nan men CDC pou nou tabli objektif nou yo.\u00a0<\/p>\n<p>Prevent Child Abuse America te prezante Maryland Essentials for Childhood k\u00f2m yon etid ka nan piblikasyon janvye 2026 li a. <em>Koneksyon Esansy\u00e8l<\/em>. Maryland se yon eta ki finanse t\u00e8t li, epi l\u00f2t eta yo pale de li a, Georgia, se yon eta ki finanse pa gouv\u00e8nman an.<\/p>\n\t\t\t<a href=\"https:\/\/preventchildabuse.org\/wp-content\/uploads\/2025\/12\/EfC-Case-Study-Nov-2025.pdf\" target=\"_self\" rel=\"noopener\">\n\t\t\t\t\t\tLi etid ka a\n\t\t\t\t\t<\/a>\n<figure itemscope itemtype=\"https:\/\/schema.org\/ImageObject\">\n\t\t\t\t<img decoding=\"async\" src=\"https:\/\/marylandefc.org\/wp-content\/uploads\/2024\/02\/ACE-Interface-Policy-Maker-Reception-Group-Photo.jpg\" alt=\"ACE Interface Policy Maker Reception\" height=\"800\" width=\"1200\" title=\"Foto Gwoup Resepsyon ACE Interface Policy Maker\" onerror=\"this.style.display='none'\" loading=\"lazy\" \/>\n\t<\/figure>\n<h2>\n\t\t\tAtrav\u00e8 ane yo\t<\/h2>\n\t<p>Maryland Essentials for Childhood te kreye an 2014, men etap yo nan inisyativ enpak kolektif sa a te k\u00f2manse pran f\u00f2m plizy\u00e8 deseni pi bon\u00e8.<\/p>\n<p><a href=\"\/ht\/about\/timeline\/\">Gade Timeline nou an<\/a><\/p>","protected":false},"excerpt":{"rendered":"<p>KIJAN NOU K\u00d2MANSE Kote tout bagay te k\u00f2manse Maryland gen yon long istwa pratikan ak \u00f2ganizasyon ki reyini pou travay ansanm pou bay priyorite a prevansyon. &quot;\u00d2ganizasyon prensipal yo s\u00e8vi k\u00f2m k\u00f2 kow\u00f2dinasyon ki reyini yon div\u00e8site moun ki gen enter\u00e8 epi dirije yon ef\u00f2 senkronize pou reyalize yon objektif komen.&quot; ~ Sant Val\u00e8 Swen Sante \u00d2ganizasyon Prensipal yo Nou...<\/p>","protected":false},"author":1,"featured_media":26978,"parent":25,"menu_order":0,"comment_status":"closed","ping_status":"closed","template":"","meta":{"footnotes":""},"class_list":["post-3272","page","type-page","status-publish","has-post-thumbnail","hentry"],"_links":{"self":[{"href":"https:\/\/marylandefc.org\/ht\/wp-json\/wp\/v2\/pages\/3272","targetHints":{"allow":["GET"]}}],"collection":[{"href":"https:\/\/marylandefc.org\/ht\/wp-json\/wp\/v2\/pages"}],"about":[{"href":"https:\/\/marylandefc.org\/ht\/wp-json\/wp\/v2\/types\/page"}],"author":[{"embeddable":true,"href":"https:\/\/marylandefc.org\/ht\/wp-json\/wp\/v2\/users\/1"}],"replies":[{"embeddable":true,"href":"https:\/\/marylandefc.org\/ht\/wp-json\/wp\/v2\/comments?post=3272"}],"version-history":[{"count":0,"href":"https:\/\/marylandefc.org\/ht\/wp-json\/wp\/v2\/pages\/3272\/revisions"}],"up":[{"embeddable":true,"href":"https:\/\/marylandefc.org\/ht\/wp-json\/wp\/v2\/pages\/25"}],"wp:featuredmedia":[{"embeddable":true,"href":"https:\/\/marylandefc.org\/ht\/wp-json\/wp\/v2\/media\/26978"}],"wp:attachment":[{"href":"https:\/\/marylandefc.org\/ht\/wp-json\/wp\/v2\/media?parent=3272"}],"curies":[{"name":"wp","href":"https:\/\/api.w.org\/{rel}","templated":true}]}}