{"id":3278,"date":"2024-01-18T13:30:27","date_gmt":"2024-01-18T21:30:27","guid":{"rendered":"https:\/\/marylandefc.org\/?page_id=3278"},"modified":"2026-03-03T05:57:18","modified_gmt":"2026-03-03T13:57:18","slug":"values","status":"publish","type":"page","link":"https:\/\/marylandefc.org\/ht\/about\/values\/","title":{"rendered":"Val\u00e8 nou yo"},"content":{"rendered":"<figure itemscope=\"\" itemtype=\"https:\/\/schema.org\/ImageObject\">\n\t\t\t\t<img decoding=\"async\" src=\"https:\/\/marylandefc.org\/wp-content\/uploads\/2024\/02\/Community-members-holding-hands-united-in-the-same-values.jpg\" alt=\"Community members working together united in the same values\" height=\"800\" width=\"1200\" title=\"Manm kominote yo kenbe men ini nan menm val\u00e8 yo\" onerror=\"this.style.display='none'\" loading=\"lazy\">\n\t<\/figure>\n\t<h1>VAL\u00c8<\/h1>\n\t<h2>Ki sa nou bay val\u00e8?<\/h2>\n<p>Maryland Essentials for Childhood (EFC) s\u00e8vi pou konekte syans, politik ak moun, pou timoun yo reyisi. F\u00e8 objektif sa a tounen yon reyalite vle di <strong>transf\u00f2me Maryland an yon kominote ki enf\u00f2me sou ch\u00f2k pou tout moun.<\/strong><\/p>\n\t<h2>Kolaborasyon<\/h2>\n<p>EFC f\u00e8 ef\u00f2 pou rasanble moun yo pou yo ka itilize konpetans yo, eksperyans yo ak eksp\u00e8tiz yo pou reyalize misyon nou an. Pwosesis sa a gen ladan l devlope yon gwo ajanda komen epi itilize yon apw\u00f2ch enpak kolektif pou reyisi.&nbsp;<\/p>\n<figure data-animation-delay=\"0\" data-animation-duration=\"1\" itemscope=\"\" itemtype=\"https:\/\/schema.org\/ImageObject\">\n\t\t\t\t<img decoding=\"async\" src=\"https:\/\/marylandefc.org\/wp-content\/uploads\/2024\/01\/MEC-Graphics_mid-orange-circle.svg\" alt=\"orange circle\" height=\"374\" width=\"374\" title=\"MEC-Graphics_mid s\u00e8k zoranj\" onerror=\"this.style.display='none'\" loading=\"lazy\">\n\t<\/figure>\n<figure itemscope=\"\" itemtype=\"https:\/\/schema.org\/ImageObject\">\n\t\t\t\t<img decoding=\"async\" src=\"https:\/\/marylandefc.org\/wp-content\/uploads\/2024\/02\/Trauma_Labeled_EFC_icons.svg\" alt=\"Trauma Informed process with icons\" height=\"429\" width=\"1291\" title=\"Ikon_EFC_ki_Etik\u00e8t_pou_Ch\u00f2k\" onerror=\"this.style.display='none'\" loading=\"lazy\">\n\t<\/figure>\n\t\t<h2>Pwosesis ki pran an kont ch\u00f2k la<\/h2>\n\t\t<p>EFC rekon\u00e8t ke gen etap pou travay sou yo pou vin okouran de ch\u00f2k la. Nou sip\u00f2te moun, kominote, \u00f2ganizasyon, ak ofisy\u00e8l eli yo nan mache nan pwosesis sa a soti nan:<\/p>\n<ul>\n<li>Konsyans sou ch\u00f2k = Konsyantizasyon<\/li>\n<li>Sansib a ch\u00f2k = Konesans ak konpetans<\/li>\n<li>Repons a ch\u00f2k = Chanjman ak Entegrasyon<\/li>\n<li>Enf\u00f2me sou Ch\u00f2k = Lid\u00e8chip<\/li>\n<\/ul>\n\t\t\t<a href=\"https:\/\/marylandefc.org\/wp-content\/uploads\/2024\/01\/FINAL-Toward-A-More-Prosperous-Maryland-ACEs-Legislative-Brief.pdf\" target=\"_self\">\n\t\t\t\t\t\tAprann plis\n\t\t\t\t\t<\/a>\n\t\t<h2>Ajanda Komen<\/h2><h3>Ef\u00f2 Maryland Essentials for Childhood yo swiv prensip gid sa yo:<\/h3>\n<figure data-animation-delay=\"0\" data-animation-duration=\"1\" itemscope=\"\" itemtype=\"https:\/\/schema.org\/ImageObject\">\n\t\t\t\t<img decoding=\"async\" src=\"https:\/\/marylandefc.org\/wp-content\/uploads\/2024\/01\/MEC-Graphics_rayeshalf-light-aqua.svg\" alt=\"aqua colored circle with speckled dots\" height=\"374\" width=\"374\" title=\"MEC-Graphics_rayes+mwatye limy\u00e8 ble-v\u00e8t\" onerror=\"this.style.display='none'\" loading=\"lazy\">\n\t<\/figure>\n\t\t<h3>1. Asire relasyon ak anviw\u00f2nman ki an sekirite, ki estab e ki nourisan<\/h3><p>pou tout timoun ak fanmi yo ka atenn tout potansy\u00e8l yo k\u00f2m sitwayen ki otosifizan, angaje sosyalman e pwodiktif.<\/p>\n\t\t<h3>2. Soutni yon kolaborasyon atrav\u00e8 plizy\u00e8 sekt\u00e8<\/h3><p>pou mennen aktivite estratejik ak ranf\u00f2se mity\u00e8lman ki aliyen ak ajanda komen nou an.<\/p>\n\t\t<h3>3. Pou nou rive atenn objektif nou yo, nou bezwen chanje plizy\u00e8 sist\u00e8m,<\/h3><p>konsantre sou gwo det\u00e8minan sosyal ak ekonomik, chanjan n\u00f2m sosyal ak politik gouv\u00e8nmantal ak enstitisyon\u00e8l yo.<\/p>\n\t\t<h3>4. Sist\u00e8m koneksyon t\u00e8 yo chanje nan pi bon pr\u00e8v ki disponib yo<\/h3><p>epi ap f\u00e8 ef\u00f2 kontiny\u00e8l pou amelyore kalite pwogram, s\u00e8vis ak sist\u00e8m yo.<\/p>\n\t\t<h3>5. Bay swen ki koresponn ak kilti ak lang<\/h3><p>pou moun ki resevwa s\u00e8vis nan pwogram, s\u00e8vis ak sist\u00e8m yo.<\/p>\n\t\t<h3>6. Pran mezi pou diminye inegalite ak disparite<\/h3><p>ki ka evite, enjis e ki ka anpeche pou amelyore sante ak byenn\u00e8t timoun yo an jeneral.<\/p>\n\t\t\t<a href=\"https:\/\/marylandefc.org\/wp-content\/uploads\/2025\/02\/EFC-Anti-Racist-Statement-FINAL-2025.pdf\" target=\"_blank\" rel=\"noopener\">\n\t\t\t\t\t\tLi Deklarasyon Anti-Rasis EFC Maryland lan\n\t\t\t\t\t<\/a>\n\t\t<h3>Aprann plis bagay sou Ajanda Komen an<\/h3>\n\t\t\t<a href=\"https:\/\/marylandefc.org\/wp-content\/uploads\/2024\/01\/Maryland-Common-Agenda-Document-10-3.docx.pdf\" target=\"_blank\" rel=\"noopener\">\n\t\t\t\t\t\tPlonje pi fon\n\t\t\t\t\t<\/a>","protected":false},"excerpt":{"rendered":"<p>VALUES What do we value? Maryland Essentials for Childhood (EFC) serves to connect science, policy and people, so children thrive. Making that goal a reality means transforming Maryland into a trauma-informed community for everyone. Collaboration EFC strives to bring people together to leverage their skills, lived experience and expertise to achieve our mission. This process&hellip;<\/p>","protected":false},"author":1,"featured_media":27611,"parent":25,"menu_order":0,"comment_status":"closed","ping_status":"closed","template":"","meta":{"footnotes":""},"class_list":["post-3278","page","type-page","status-publish","has-post-thumbnail","hentry"],"_links":{"self":[{"href":"https:\/\/marylandefc.org\/ht\/wp-json\/wp\/v2\/pages\/3278","targetHints":{"allow":["GET"]}}],"collection":[{"href":"https:\/\/marylandefc.org\/ht\/wp-json\/wp\/v2\/pages"}],"about":[{"href":"https:\/\/marylandefc.org\/ht\/wp-json\/wp\/v2\/types\/page"}],"author":[{"embeddable":true,"href":"https:\/\/marylandefc.org\/ht\/wp-json\/wp\/v2\/users\/1"}],"replies":[{"embeddable":true,"href":"https:\/\/marylandefc.org\/ht\/wp-json\/wp\/v2\/comments?post=3278"}],"version-history":[{"count":0,"href":"https:\/\/marylandefc.org\/ht\/wp-json\/wp\/v2\/pages\/3278\/revisions"}],"up":[{"embeddable":true,"href":"https:\/\/marylandefc.org\/ht\/wp-json\/wp\/v2\/pages\/25"}],"wp:featuredmedia":[{"embeddable":true,"href":"https:\/\/marylandefc.org\/ht\/wp-json\/wp\/v2\/media\/27611"}],"wp:attachment":[{"href":"https:\/\/marylandefc.org\/ht\/wp-json\/wp\/v2\/media?parent=3278"}],"curies":[{"name":"wp","href":"https:\/\/api.w.org\/{rel}","templated":true}]}}