{"id":26563,"date":"2024-01-18T14:45:10","date_gmt":"2024-01-18T22:45:10","guid":{"rendered":"https:\/\/marylandefc.org\/?page_id=26563"},"modified":"2026-02-12T15:15:49","modified_gmt":"2026-02-12T23:15:49","slug":"policies-matter","status":"publish","type":"page","link":"https:\/\/marylandefc.org\/it\/policy\/policies-matter\/","title":{"rendered":"Perch\u00e9 le politiche sono importanti"},"content":{"rendered":"<figure itemscope itemtype=\"https:\/\/schema.org\/ImageObject\">\n\t\t\t\t<img decoding=\"async\" src=\"https:\/\/marylandefc.org\/wp-content\/uploads\/2024\/02\/Time-to-Care-Act-legislation-with-Maryland-Governor.jpg\" alt=\"Time to Care Act legislators with Maryland Governor\" height=\"800\" width=\"1200\" title=\"La legge Time to Care Act con il governatore del Maryland\" onerror=\"this.style.display='none'\" loading=\"lazy\" \/>\n\t<\/figure>\n\t<h1>PERCH\u00c9 LE POLITICHE SONO IMPORTANTI<\/h1>\n\t<h2>Le politiche modellano gli ambienti<\/h2>\n<p>Bambini e adolescenti crescono in un ambiente ricco di relazioni e risorse in tutte le nostre comunit\u00e0. Le nostre politiche statali e locali plasmano tali ambienti. Ogni politica che definiamo dovrebbe promuovere uno sviluppo sano e ridurre gli oneri inutili che gravano sui bambini e sugli adulti che li circondano.<\/p>\n<p>Maryland Essentials for Childhood si concentra su sei aree politiche che hanno un effetto comprovato e potente sullo sviluppo di bambini e adolescenti. <\/p>\n<figure itemscope itemtype=\"https:\/\/schema.org\/ImageObject\">\n\t\t\t\t<img decoding=\"async\" src=\"https:\/\/marylandefc.org\/wp-content\/uploads\/2024\/02\/FinancialAssistance_EFC_icon.svg\" alt=\"Strengthen economic supports icon with hand and heart with money\" height=\"376\" width=\"376\" title=\"AssistenzaFinanziaria_EFC_icona\" onerror=\"this.style.display='none'\" loading=\"lazy\" \/>\n\t<\/figure>\n\t<h2>Rafforzare il sostegno economico alle famiglie.<\/h2>\n\t<p>Le difficolt\u00e0 finanziarie sono una fonte significativa di stress, che pu\u00f2 causare o aggravare depressione, ansia e difficolt\u00e0 relazionali. Quando famiglie e tutori sono sottoposti a forte stress, la loro capacit\u00e0 di fornire ai bambini un ambiente sicuro, stabile e stimolante pu\u00f2 essere compromessa. <\/p>\n<p>D&#039;altro canto, le politiche che rafforzano la sicurezza finanziaria delle famiglie e ne aumentano il reddito possono ridurre lo stress e aumentare la capacit\u00e0 delle famiglie di soddisfare i bisogni dei figli. <\/p>\n<figure data-animation-delay=\"0\" data-animation-duration=\"1\" itemscope itemtype=\"https:\/\/schema.org\/ImageObject\">\n\t\t\t\t<img decoding=\"async\" src=\"https:\/\/marylandefc.org\/wp-content\/uploads\/2024\/02\/Community-farm-workers.jpg\" alt=\"Community farm workers\" height=\"800\" width=\"1200\" title=\"Lavoratori agricoli comunitari\" onerror=\"this.style.display='none'\" loading=\"lazy\" \/>\n\t<\/figure>\n<figure data-animation-delay=\"0\" data-animation-duration=\"1\" itemscope itemtype=\"https:\/\/schema.org\/ImageObject\">\n\t\t\t\t<img decoding=\"async\" src=\"https:\/\/marylandefc.org\/wp-content\/uploads\/2024\/02\/Child-care-teacher-ensuring-a-strong-start-for-children.jpg\" alt=\"Child care teacher working with young students at a table\" height=\"800\" width=\"1200\" title=\"Insegnante di assistenza all&#039;infanzia che garantisce un buon inizio per i bambini\" onerror=\"this.style.display='none'\" loading=\"lazy\" \/>\n\t<\/figure>\n<figure itemscope itemtype=\"https:\/\/schema.org\/ImageObject\">\n\t\t\t\t<img decoding=\"async\" src=\"https:\/\/marylandefc.org\/wp-content\/uploads\/2024\/02\/MEC-Icons_v2_strong-start.svg\" alt=\"Ensure strong start icon with baby carriage and family\" height=\"300\" width=\"300\" title=\"MEC-Icons_v2_strong-start\" onerror=\"this.style.display='none'\" loading=\"lazy\" \/>\n\t<\/figure>\n\t<h2>Garantire ai bambini un buon inizio.<\/h2>\n\t<p>Fin dalle prime fasi della vita, il cervello dei bambini si forma grazie alle interazioni con gli ambienti in cui crescono, imparano e giocano. Le persone e le relazioni sono parte integrante dell&#039;ambiente in cui vivono i bambini, inclusi genitori, fratelli, famiglie allargate, operatori dell&#039;assistenza all&#039;infanzia, operatori sanitari e altro ancora. <\/p>\nInsieme, queste esperienze ed esposizioni modellano la qualit\u00e0 del cervello <a href=\"\/it\/grownups\/early-years\/\">architettura<\/a> e stabilire una base solida o fragile per tutto l&#039;apprendimento, la salute e il comportamento che ne conseguono. Politiche e programmi che promuovono una solida architettura cerebrale preparano i bambini a prosperare e a portare benefici a tutti noi nel lungo termine.<br \/>\n\n<figure itemscope itemtype=\"https:\/\/schema.org\/ImageObject\">\n\t\t\t\t<img decoding=\"async\" src=\"https:\/\/marylandefc.org\/wp-content\/uploads\/2024\/02\/MEC-Icons_v2_connect-to-adults-and-activities.svg\" alt=\"Connect youth to caring adults icon with two people holding hands\" height=\"300\" width=\"300\" title=\"MEC-Icons_v2_connect per adulti e attivit\u00e0\" onerror=\"this.style.display='none'\" loading=\"lazy\" \/>\n\t<\/figure>\n\t<h2>Mettere in contatto i giovani con adulti attenti e con attivit\u00e0 mirate.<\/h2>\n\t<p>Le strette relazioni con adulti, coetanei e coetanei aiutano i giovani a coltivare la capacit\u00e0 di plasmare la propria vita, a sviluppare resilienza e a prosperare. Quando i giovani affrontano esperienze o ambienti avversi, le relazioni di sviluppo possono proteggerli dagli effetti negativi a lungo termine. <\/p>\nLe politiche e i programmi che mettono in contatto i giovani con adulti attenti e con attivit\u00e0 mirate li aiutano a scoprire chi sono, a coltivare la capacit\u00e0 di plasmare la propria vita e il proprio destino e a imparare come contribuire positivamente al mondo.<br \/>\n\n<figure data-animation-delay=\"0\" data-animation-duration=\"1\" itemscope itemtype=\"https:\/\/schema.org\/ImageObject\">\n\t\t\t\t<img decoding=\"async\" src=\"https:\/\/marylandefc.org\/wp-content\/uploads\/2024\/02\/Caring-adult-helping-a-child-with-ballet.jpg\" alt=\"Caring adult helping a child with ballet\" height=\"800\" width=\"1200\" title=\"Un adulto premuroso aiuta un bambino con il balletto\" onerror=\"this.style.display='none'\" loading=\"lazy\" \/>\n\t<\/figure>\n<figure data-animation-delay=\"0\" data-animation-duration=\"1\" itemscope itemtype=\"https:\/\/schema.org\/ImageObject\">\n\t\t\t\t<img decoding=\"async\" src=\"https:\/\/marylandefc.org\/wp-content\/uploads\/2024\/02\/Doctor-talking-to-child-with-teddy-bear-helping-her-during-adversity.jpg\" alt=\"Doctor talking to child with teddy bear\" height=\"800\" width=\"1200\" title=\"Il dottore parla con la bambina con l&#039;orsacchiotto che la aiuta nei momenti difficili\" onerror=\"this.style.display='none'\" loading=\"lazy\" \/>\n\t<\/figure>\n<figure itemscope itemtype=\"https:\/\/schema.org\/ImageObject\">\n\t\t\t\t<img decoding=\"async\" src=\"https:\/\/marylandefc.org\/wp-content\/uploads\/2024\/02\/MEC-Icons_v2_lessen-harm.svg\" alt=\"Lessen harm icon with heart on hand\" height=\"300\" width=\"300\" title=\"MEC-Icons_v2_attenua i danni\" onerror=\"this.style.display='none'\" loading=\"lazy\" \/>\n\t<\/figure>\n\t<h2>Rispondere responsabilmente per ridurre i danni.<\/h2>\n\t<p>Quando bambini e ragazzi affrontano gravi avversit\u00e0, abbiamo la responsabilit\u00e0 condivisa di attutirne l&#039;impatto. Esistono molti approcci per farlo, ma tutti partono dall&#039;idea di base che l&#039;aggiunta di supporti positivi pu\u00f2 controbilanciare il peso delle esperienze negative. Sebbene sia sempre meglio prevenire le avversit\u00e0 in primo luogo, non sempre possiamo farlo. Ecco perch\u00e9 abbiamo bisogno che i nostri sistemi siano preparati a rispondere quando si verificano eventi dannosi. <\/p>\n<figure itemscope itemtype=\"https:\/\/schema.org\/ImageObject\">\n\t\t\t\t<img decoding=\"async\" src=\"https:\/\/marylandefc.org\/wp-content\/uploads\/2024\/02\/MEC-Icons_v3_protect.svg\" alt=\"Social norms icon with people and text messages\" height=\"281\" width=\"281\" title=\"MEC-Icone_v3_protezione\" onerror=\"this.style.display='none'\" loading=\"lazy\" \/>\n\t<\/figure>\n\t<h2>Promuovere norme sociali che proteggano i giovani.<\/h2>\n<p>&nbsp;<\/p>\n\t<p>Assistere o subire violenza pu\u00f2 essere particolarmente dannoso per i giovani, eppure \u00e8 comune imbattersi in immagini e atteggiamenti che suggeriscono che non sia un grosso problema. Non deve essere per forza cos\u00ec. Possiamo cambiare le norme sociali che espongono bambini e adolescenti a violenza, ostilit\u00e0 e abusi. <\/p>\n<p>Ecco perch\u00e9 sosteniamo approcci che promuovono idee sane sulle relazioni e modi migliori per risolvere i conflitti.<\/p>\n<figure data-animation-delay=\"0\" data-animation-duration=\"1\" itemscope itemtype=\"https:\/\/schema.org\/ImageObject\">\n\t\t\t\t<img decoding=\"async\" src=\"https:\/\/marylandefc.org\/wp-content\/uploads\/2024\/02\/Teens-taking-selfies-to-keep-up-with-social-norms.jpg\" alt=\"Teens taking selfies\" height=\"800\" width=\"1200\" title=\"Gli adolescenti si scattano selfie per rispettare le norme sociali\" onerror=\"this.style.display='none'\" loading=\"lazy\" \/>\n\t<\/figure>\n<figure data-animation-delay=\"0\" data-animation-duration=\"1\" itemscope itemtype=\"https:\/\/schema.org\/ImageObject\">\n\t\t\t\t<img decoding=\"async\" src=\"https:\/\/marylandefc.org\/wp-content\/uploads\/2024\/02\/Grandpa-teaching-his-child-mindfulness-skills.jpg\" alt=\"Grandpa teaching his grandchild mindfulness skills\" height=\"800\" width=\"1200\" title=\"Il nonno insegna al figlio tecniche di consapevolezza\" onerror=\"this.style.display='none'\" loading=\"lazy\" \/>\n\t<\/figure>\n<figure itemscope itemtype=\"https:\/\/schema.org\/ImageObject\">\n\t\t\t\t<img decoding=\"async\" src=\"https:\/\/marylandefc.org\/wp-content\/uploads\/2024\/02\/MEC-Icons_v2_teach.svg\" alt=\"Teach skills icon with teacher at blackboard\" height=\"300\" width=\"300\" title=\"MEC-Icons_v2_teach\" onerror=\"this.style.display='none'\" loading=\"lazy\" \/>\n\t<\/figure>\n\t<h2>Insegnare competenze.<\/h2>\n\t<p>Quando bambini, adolescenti e genitori imparano metodi efficaci per gestire lo stress, risolvere i conflitti e gestire le proprie emozioni e i propri comportamenti, sono meglio attrezzati per affrontare situazioni difficili in modo sicuro e sano. <\/p>\n<p>\u00c8 stato dimostrato che i programmi che insegnano competenze sociali ed emotive portano a una riduzione della violenza nelle scuole, a maggiori progressi nell&#039;apprendimento accademico e a dinamiche familiari pi\u00f9 stabili e pacifiche.<\/p>","protected":false},"excerpt":{"rendered":"<p>PERCH\u00c9 LE POLITICHE SONO IMPORTANTI Le politiche plasmano gli ambienti Bambini e adolescenti crescono in un ambiente di relazioni e risorse in tutte le nostre comunit\u00e0. Le nostre politiche statali e locali plasmano tali ambienti. Ogni politica che definiamo dovrebbe promuovere uno sviluppo sano e ridurre gli oneri inutili per i bambini e gli adulti nella loro vita. Maryland Essentials for Childhood si concentra su sei...<\/p>","protected":false},"author":1,"featured_media":27091,"parent":3255,"menu_order":0,"comment_status":"closed","ping_status":"closed","template":"","meta":{"footnotes":""},"class_list":["post-26563","page","type-page","status-publish","has-post-thumbnail","hentry"],"_links":{"self":[{"href":"https:\/\/marylandefc.org\/it\/wp-json\/wp\/v2\/pages\/26563","targetHints":{"allow":["GET"]}}],"collection":[{"href":"https:\/\/marylandefc.org\/it\/wp-json\/wp\/v2\/pages"}],"about":[{"href":"https:\/\/marylandefc.org\/it\/wp-json\/wp\/v2\/types\/page"}],"author":[{"embeddable":true,"href":"https:\/\/marylandefc.org\/it\/wp-json\/wp\/v2\/users\/1"}],"replies":[{"embeddable":true,"href":"https:\/\/marylandefc.org\/it\/wp-json\/wp\/v2\/comments?post=26563"}],"version-history":[{"count":0,"href":"https:\/\/marylandefc.org\/it\/wp-json\/wp\/v2\/pages\/26563\/revisions"}],"up":[{"embeddable":true,"href":"https:\/\/marylandefc.org\/it\/wp-json\/wp\/v2\/pages\/3255"}],"wp:featuredmedia":[{"embeddable":true,"href":"https:\/\/marylandefc.org\/it\/wp-json\/wp\/v2\/media\/27091"}],"wp:attachment":[{"href":"https:\/\/marylandefc.org\/it\/wp-json\/wp\/v2\/media?parent=26563"}],"curies":[{"name":"wp","href":"https:\/\/api.w.org\/{rel}","templated":true}]}}