{"id":26909,"date":"2024-02-06T16:13:35","date_gmt":"2024-02-07T00:13:35","guid":{"rendered":"https:\/\/marylandefc.org\/?page_id=26909"},"modified":"2025-06-16T11:12:49","modified_gmt":"2025-06-16T18:12:49","slug":"protective-factors","status":"publish","type":"page","link":"https:\/\/marylandefc.org\/it\/grownups\/protective-factors\/","title":{"rendered":"Possiamo tutti proteggere i bambini dagli ACE (con esperienze infantili positive)"},"content":{"rendered":"<img decoding=\"async\" src=\"https:\/\/marylandefc.org\/wp-content\/uploads\/2024\/02\/Family-having-fun-on-beach-towel.jpg\" alt=\"family having fun on beach towel\" itemprop=\"image\" height=\"5464\" width=\"8192\" title=\"Vista,dall&#039;alto,di,genitori,afroamericani,e,bambini,che,ridono\" onerror=\"this.style.display='none'\" loading='lazy' \/>\n\t<h1>FATTORI PROTETTIVI<\/h1>\n\t<h2>Come proteggere i bambini quando la vita accade<\/h2>\n<p>Anche quando abbiamo costruito solide basi per il benessere delle nostre famiglie e comunit\u00e0, le &quot;tempeste&quot; della vita possono colpire duramente. Ci sono modi in cui possiamo proteggere bambini e adolescenti, individualmente e, cosa ancora pi\u00f9 importante, come comunit\u00e0.\u00a0<\/p>\n<h3>Cosa sono i fattori protettivi?<\/h3>\n<p>I fattori protettivi sono elementi tangibili che hanno effetti positivi sulla salute e lo sviluppo dei bambini. Quando un bambino presenta numerosi fattori protettivi nella sua vita, \u00e8 meno probabile che subisca gravi avversit\u00e0 o sviluppi una risposta tossica allo stress. Per i bambini che sperimentano numerose ACE nei primi anni di vita, i fattori protettivi sono particolarmente importanti come contrappeso.\u00a0<\/p>\n<p>I fattori protettivi possono essere presenti nella vita dei bambini, nelle famiglie e nelle comunit\u00e0. Continua a leggere per scoprire quali sono i fattori che proteggono un bambino dagli ACE e promuovono uno sviluppo sano.<\/p>\n\t<h2>Fattori di protezione dei bambini<\/h2>\n<ul>\n<li aria-level=\"1\">Amicizie positive e reti di pari.<\/li>\n<li aria-level=\"1\">Andare bene a scuola.<\/li>\n<li aria-level=\"1\">Adulti premurosi esterni alla famiglia che fungono da mentori\/modelli.<\/li>\n<\/ul>\n<p>Le ricerche dimostrano che i bambini prosperano quando hanno almeno due adulti nella loro vita che non siano i genitori, ma che si prendono cura di loro sinceramente. Questi adulti di fiducia possono essere membri della famiglia allargata come nonni, zii, zie o membri della comunit\u00e0 come allenatori, insegnanti, animatori di gruppi giovanili, vicini di casa o amici di famiglia. <\/p>\n\t\t\t\t<img decoding=\"async\" src=\"https:\/\/marylandefc.org\/wp-content\/uploads\/2024\/02\/teacher-helping-students.jpg\" alt=\"Group o felementary students\" itemprop=\"image\" height=\"5368\" width=\"10847\" title=\"Gruppo,di,scuola,elementare,bambini,in,piedi,intorno,a,un,tavolo,in\" onerror=\"this.style.display='none'\" loading='lazy' \/>\n\t\t\t\t<img decoding=\"async\" src=\"https:\/\/marylandefc.org\/wp-content\/uploads\/2024\/02\/family-swinging-on-swing-caring-for-children.jpg\" alt=\"Muslim family playing on swing in park\" itemprop=\"image\" height=\"1333\" width=\"2000\" title=\"Famiglia musulmana che gioca sull&#039;altalena nel parco\" onerror=\"this.style.display='none'\" loading='lazy' \/>\n\t<h2>Fattori di protezione della famiglia<\/h2>\n<p>Questi includono:<\/p>\n<ul>\n<li aria-level=\"1\">I bisogni primari di un bambino, come cibo, alloggio e servizi sanitari, sono soddisfatti. Se hai bisogno di aiuto per bisogni essenziali, chiama il 2-1-1 o <a href=\"http:\/\/search.marylandefc.org\" target=\"_blank\" rel=\"noopener\">cerca risorse nel nostro database<\/a>.<\/li>\n<li aria-level=\"1\">I membri adulti della famiglia hanno solide reti di sostegno sociale e relazioni positive con le persone che li circondano.<\/li>\n<li aria-level=\"1\">I membri adulti della famiglia affrontano i loro conflitti in modo pacifico e aiutano i bambini ad affrontare le sfide della loro vita, sia in ambito <a href=\"https:\/\/marylandefc.org\/it\/grownups\/developmental-challenges\/\">primi anni<\/a> O <a href=\"https:\/\/marylandefc.org\/it\/grownups\/teen-challenges\/\">preadolescenti\/adolescenti<\/a>.\u00a0<\/li>\n<li aria-level=\"1\">Le famiglie si impegnano insieme in attivit\u00e0 divertenti e positive.<\/li>\n<\/ul>\n\t<h2>Fattori protettivi della comunit\u00e0<\/h2>\n<p>Maryland Essentials for Childhood lavora per comunit\u00e0 in cui tutti i bambini, i giovani e le loro famiglie prosperano <a href=\"https:\/\/marylandefc.org\/it\/grownups\/protective-factors\/#stable-nurturing-relationships\">relazioni sicure, stabili e nutrienti<\/a> e ambienti. Il nostro lavoro, che si tratti di informare le politiche, di collaborare con organizzazioni basate sulla comunit\u00e0 o di fornire risorse alle famiglie, si basa su questa visione.\u00a0<\/p>\n<p>Dobbiamo tutti lavorare insieme per supportare i bambini e creare comunit\u00e0 in cui tutti prosperino. I fattori protettivi in una comunit\u00e0 includono cose come:<\/p>\n<ul>\n<li>Tutte le famiglie hanno accesso a opportunit\u00e0 di lavoro con politiche a favore della famiglia.\u00a0<\/li>\n<li>Aiuto economico e finanziario.<\/li>\n<li>Assistenza medica e servizi di salute mentale.<\/li>\n<li>Alloggi sicuri e stabili.<\/li>\n<li>Assistenza all&#039;infanzia di alta qualit\u00e0.<\/li>\n<li>Programmi e attivit\u00e0 extrascolastiche sicuri e coinvolgenti.<\/li>\n<li>Quartieri senza violenza, in cui i residenti si sentono uniti tra loro e coinvolti nella comunit\u00e0.<\/li>\n<\/ul>\n\t\t\t\t<img decoding=\"async\" src=\"https:\/\/marylandefc.org\/wp-content\/uploads\/2024\/02\/donating-food-to-neighbor.jpg\" alt=\"Neighbors helping each other with food donation\" itemprop=\"image\" height=\"5464\" width=\"8192\" title=\"Aiutare,i,vicini.,Giovane,donna,con,una,rete,di,prodotti,in,visita\" onerror=\"this.style.display='none'\" loading='lazy' \/>\n\t<h3>Trova supporto nella comunit\u00e0<\/h3>\n<p>Il 211 pu\u00f2 aiutarti a metterti in contatto con molti di questi fattori protettivi della comunit\u00e0. Chiama il 211 per metterti in contatto con il supporto della comunit\u00e0. Puoi chiamare 24 ore su 24, 7 giorni su 7, 365 giorni all&#039;anno. Oppure, <a href=\"http:\/\/search.marylandefc.org\" target=\"_blank\" rel=\"noopener\">cerca risorse genitoriali ed essenziali vicino a te<\/a>.<\/p>\n\t\t\t\t<img decoding=\"async\" src=\"https:\/\/marylandefc.org\/wp-content\/uploads\/2024\/02\/doctor-listening-to-child-heart-with-stethescope.jpg\" alt=\"doctor listening to child heart with stethescope\" itemprop=\"image\" height=\"675\" width=\"1200\" title=\"medico-ascolta-il-cuore-del-bambino-con-lo-stetoscopio\" onerror=\"this.style.display='none'\" loading='lazy' \/>\n\t<h3>Come pu\u00f2 aiutarti il tuo pediatra<\/h3>\n<p>L&#039;accesso all&#039;assistenza medica \u00e8 un fattore protettivo fondamentale.\u00a0<\/p>\n<p>L&#039;American Academy of Pediatrics (AAP) raccomanda 15 visite di controllo durante i primi sei anni di vita del bambino. Le visite di controllo rappresentano un&#039;opportunit\u00e0 per te e i tuoi operatori sanitari di entrare in contatto e celebrare ci\u00f2 che sta andando bene, soddisfare le esigenze della tua famiglia e affrontare eventuali preoccupazioni.\u00a0<\/p>\n<p>\u00c8 anche un buon momento per gli operatori sanitari per informarsi sulle tradizioni familiari o sulle norme culturali che potrebbero avere un impatto sulla salute e sullo sviluppo del bambino. <\/p>\n<p>IL <a href=\"http:\/\/www.WellVisitPlanner.org\" target=\"_blank\" rel=\"noopener\">Strumento online Well Visit Planner<\/a> pu\u00f2 contribuire a rendere le visite dal pediatra il pi\u00f9 significative possibile.\u00a0<\/p>\n<p>Questo strumento gratuito in inglese e spagnolo, specificamente progettato da e per le famiglie, ha dimostrato di:<\/p>\n<ul>\n<li aria-level=\"1\">risparmiarti tempo durante la tua visita<\/li>\n<li aria-level=\"1\">dedica pi\u00f9 tempo a conversazioni personalizzate con il medico curante di tuo figlio\u00a0<\/li>\n<li aria-level=\"1\">aiuta te e il tuo team di assistenza a prepararvi a discutere le vostre priorit\u00e0 e i vostri obiettivi<\/li>\n<\/ul>\n<p>Lo strumento \u00e8 stato progettato con cura ed \u00e8 supportato dalla ricerca, quindi puoi essere certo che le informazioni e i risultati forniti sono di alta qualit\u00e0 e approvati dagli esperti. <a href=\"http:\/\/www.WellVisitPlanner.org\" target=\"_blank\" rel=\"noopener\">Ottieni il Well Visit Planner<\/a>.\u00a0<\/p>\n\t<h2>Le esperienze positive dell&#039;infanzia (PCE) gettano le basi per uno sviluppo sano<\/h2>\n<p>La nostra conoscenza dei fattori che influenzano lo sviluppo sano del bambino si \u00e8 ampliata notevolmente negli ultimi decenni. Sebbene la scienza orienti le nostre azioni presso Maryland Essentials for Childhood, tutti gli adulti di fiducia hanno gli strumenti per sviluppare il cervello di un bambino e favorirne uno sviluppo sano. Tu sei il fattore pi\u00f9 importante per aiutare un bambino a costruire solide basi. <\/p>\n<p>La scienza ci dice che le esperienze positive dell&#039;infanzia sono fattori protettivi per prevenire e ridurre l&#039;impatto di <a href=\"https:\/\/marylandefc.org\/it\/grownups\/aces\/\">esperienze infantili avverse<\/a>.\u00a0<\/p>\n<p>Le esperienze positive dell&#039;infanzia (PCE) sono esperienze vissute durante l&#039;infanzia che promuovono relazioni e ambienti sicuri, stabili e stimolanti (a casa, a scuola e nella comunit\u00e0) e sono fattori protettivi per le ACE.\u00a0<\/p>\n\t\t\t\t<img decoding=\"async\" src=\"https:\/\/marylandefc.org\/wp-content\/uploads\/2024\/02\/mom-and-daughter-blowing-bubbles-positive-interaction.jpg\" alt=\"Mom and daughter blowing bubbles\" itemprop=\"image\" height=\"1325\" width=\"2000\" title=\"Bambina riccia felice che gioca con le bolle di sapone in una natura estiva con la sua mamma, su uno sfondo sfocato\" onerror=\"this.style.display='none'\" loading='lazy' \/>\n\t<p><strong>I PCE gettano le basi per uno sviluppo ottimale del bambino e per la connessione sociale nonostante le avversit\u00e0<\/strong>I PCE possono anche prevenire le esperienze avverse infantili (ACE) e proteggere i bambini dall&#039;impatto negativo che queste esperienze hanno per tutta la vita sulla salute, sul comportamento e sulle relazioni quando si verificano. (CDC, 2019).<\/p>\n<h2>\n\t\t\tLe esperienze positive dell&#039;infanzia sono...\t<\/h2>\n\t\t<h3>1. La capacit\u00e0 di parlare dei propri sentimenti in famiglia.<\/h3>\t\n\t\t<h3>2. Sentire che la mia famiglia mi sostiene nei momenti difficili.<\/h3>\t\n\t\t<h3>3. Godere della partecipazione alle tradizioni della comunit\u00e0.<\/h3>\t\n\t\t<h3>4. Sentimenti di appartenenza alla scuola superiore.<\/h3>\t\n\t\t<h3>5. Sensazione di essere supportati dagli amici.<\/h3>\t\n\t\t<h3>6. Avere due adulti (non familiari) che si preoccupano veramente di te.<\/h3>\t\n\t\t<h3>7. Sentirsi al sicuro e protetti a casa.<\/h3>\t\n\t\t\t\t<img decoding=\"async\" src=\"https:\/\/marylandefc.org\/wp-content\/uploads\/2024\/01\/MEC-Icons_idea.svg\" alt=\"Light bulb icon for information\" itemprop=\"image\" height=\"300\" width=\"300\" title=\"MEC-Icone_idea\" onerror=\"this.style.display='none'\" loading='lazy' \/>\n\t<h3>Continua ad imparare guardando questo video<\/h3>\n\t<p>sulle esperienze positive dell&#039;infanzia.<\/p>\n\t<iframe loading=\"lazy\" width=\"560\" height=\"315\" src=\"https:\/\/www.youtube.com\/embed\/pFh6_lvioos?si=9ZHNRXN4g0O24QCw\" title=\"Lettore video di YouTube\" frameborder=\"0\" allow=\"accelerometer; autoplay; clipboard-write; encrypted-media; gyroscope; picture-in-picture; web-share\" allowfullscreen><\/iframe>\n\t\t\t\t<img decoding=\"async\" src=\"https:\/\/marylandefc.org\/wp-content\/uploads\/2024\/02\/dad-and-son-being-superheros-scaled.jpg\" alt=\"Father and son dressed as superheroes\" itemprop=\"image\" height=\"1709\" width=\"2560\" title=\"Padre,e,figlio,in,costumi,da,supereroe,rossi,che,giocano,con,una,mela\" onerror=\"this.style.display='none'\" loading='lazy' \/>\n\t<h3>Il superpotere delle relazioni sicure, stabili e nutrienti<\/h3>\n<p>Il CDC utilizza l&#039;espressione &quot;relazioni e ambienti sicuri, stabili e stimolanti&quot; per descrivere i tipi di relazioni personali e le condizioni quotidiane che prevengono i maltrattamenti sui minori, promuovono uno sviluppo sano e rafforzano la resilienza.\u00a0\u00a0<\/p>\n<p><strong>Definiscono i termini come:<\/strong><\/p>\n<p><strong>Sicuro <\/strong>\u2013 Un bambino \u00e8 libero dalla paura e al sicuro da danni fisici o psicologici all\u2019interno della relazione e dell\u2019ambiente.<\/p>\n<p><strong>Stabile<\/strong>\u00a0 \u2013 Il bambino pu\u00f2 contare sulla presenza dell&#039;adulto. Pu\u00f2 dipendere in modo prevedibile e costante dall&#039;ambiente fisico.<\/p>\n<p><strong>Nutrimento<\/strong> \u2013 L\u2019adulto soddisfa in modo coerente e sensibile i bisogni fisici, emotivi e di sviluppo del bambino.<\/p>\n<p>Essere un adulto premuroso che soddisfa i bisogni di un bambino, <strong>la perfezione non \u00e8 richiesta, ma la coerenza \u00e8 importante<\/strong>. Naturalmente, ci saranno momenti in cui avremo una brutta giornata, ci sentiremo gi\u00f9 o perderemo la calma. In quei momenti, potremmo essere meno propensi a sintonizzarci con il bambino o a esprimere premura e preoccupazione. Se quei momenti sono temporanei e occasionali, i bambini possono comunque sentirsi al sicuro e sapere di poter contare su di noi.\u00a0<\/p>\n\t<h3>Come creare queste relazioni<\/h3>\n<p>Prova questi metodi per incoraggiare uno sviluppo sano con amore, cura e attenzione nella tua relazione sicura, stabile e stimolante:<\/p>\n<ul>\n<li aria-level=\"1\">Impara a conoscere il bambino, a capire cosa sta succedendo nella sua vita e cosa gli interessa. Sii una persona interessata a lui.<\/li>\n<li aria-level=\"1\">Vivi il momento presente con il bambino. Ci sono momenti in cui \u00e8 importante semplicemente essere presenti e &quot;stare con&quot; il bambino... non c&#039;\u00e8 bisogno di &quot;risolvere&quot; ci\u00f2 che potrebbe essere un problema... a volte il tuo &quot;essere con&quot; e presente \u00e8 tutto ci\u00f2 di cui c&#039;\u00e8 bisogno. Sii qualcuno su cui possono contare.<\/li>\n<li aria-level=\"1\">Elimina o disattiva le distrazioni... telefoni, lavoro, TV, ecc.<\/li>\n<li aria-level=\"1\">Sii un buon ascoltatore, curioso, riflessivo e non giudicante.<\/li>\n<li aria-level=\"1\">Non usare la vergogna e il senso di colpa per controllare il comportamento.<\/li>\n<li aria-level=\"1\">Partecipa agli eventi importanti della vita del bambino. Sii qualcuno che crede in lui.<\/li>\n<li aria-level=\"1\">Offrite tante occasioni per ridere e giocare insieme.<\/li>\n<li aria-level=\"1\">Ricorda che n\u00e9 tu n\u00e9 il bambino dovete essere perfetti per costruire una relazione amorevole e di supporto.<\/li>\n<\/ul>\n\t\t\t\t<img decoding=\"async\" src=\"https:\/\/marylandefc.org\/wp-content\/uploads\/2024\/02\/Dad-helping-kid-learn-how-to-bike.jpg\" alt=\"Dad helping kid learn how to bike\" itemprop=\"image\" height=\"800\" width=\"1200\" title=\"Pap\u00e0 aiuta il figlio a imparare ad andare in bicicletta\" onerror=\"this.style.display='none'\" loading='lazy' \/>\n\t\t\t\t<img decoding=\"async\" src=\"https:\/\/marylandefc.org\/wp-content\/uploads\/2024\/01\/MEC-Icons_idea.svg\" alt=\"Light bulb icon for information\" itemprop=\"image\" height=\"300\" width=\"300\" title=\"MEC-Icone_idea\" onerror=\"this.style.display='none'\" loading='lazy' \/>\n<h3>211 e l&#039;albero genealogico possono offrire supporto<\/h3><p>Sappi che la comunit\u00e0 \u00e8 disponibile ad aiutarti! Se hai una domanda sulla genitorialit\u00e0, ottieni risposte chiamando <a href=\"https:\/\/www.familytreemd.org\/programs\/helpline\/\" target=\"_blank\" rel=\"noopener\">La linea di assistenza genitoriale 24 ore su 24, 7 giorni su 7 di The Family Tree<\/a> al numero 1-800-243-7337.\u00a0<\/p>\n<p>Se ti senti stressato o hai altri problemi di salute mentale, chiama il 211.\u00a0<\/p>","protected":false},"excerpt":{"rendered":"<p>FATTORI PROTETTIVI Come proteggere i bambini quando la vita accade Anche quando abbiamo costruito solide basi per il benessere nelle nostre famiglie e comunit\u00e0, le &quot;tempeste&quot; della vita possono colpire duramente. Ci sono modi in cui possiamo proteggere i bambini e gli adolescenti individualmente e, cosa ancora pi\u00f9 importante, come comunit\u00e0. Cosa sono i fattori protettivi? I fattori protettivi sono cose tangibili che...<\/p>","protected":false},"author":1,"featured_media":27130,"parent":26895,"menu_order":0,"comment_status":"closed","ping_status":"closed","template":"","meta":{"footnotes":""},"class_list":["post-26909","page","type-page","status-publish","has-post-thumbnail","hentry"],"_links":{"self":[{"href":"https:\/\/marylandefc.org\/it\/wp-json\/wp\/v2\/pages\/26909","targetHints":{"allow":["GET"]}}],"collection":[{"href":"https:\/\/marylandefc.org\/it\/wp-json\/wp\/v2\/pages"}],"about":[{"href":"https:\/\/marylandefc.org\/it\/wp-json\/wp\/v2\/types\/page"}],"author":[{"embeddable":true,"href":"https:\/\/marylandefc.org\/it\/wp-json\/wp\/v2\/users\/1"}],"replies":[{"embeddable":true,"href":"https:\/\/marylandefc.org\/it\/wp-json\/wp\/v2\/comments?post=26909"}],"version-history":[{"count":0,"href":"https:\/\/marylandefc.org\/it\/wp-json\/wp\/v2\/pages\/26909\/revisions"}],"up":[{"embeddable":true,"href":"https:\/\/marylandefc.org\/it\/wp-json\/wp\/v2\/pages\/26895"}],"wp:featuredmedia":[{"embeddable":true,"href":"https:\/\/marylandefc.org\/it\/wp-json\/wp\/v2\/media\/27130"}],"wp:attachment":[{"href":"https:\/\/marylandefc.org\/it\/wp-json\/wp\/v2\/media?parent=26909"}],"curies":[{"name":"wp","href":"https:\/\/api.w.org\/{rel}","templated":true}]}}