{"id":27731,"date":"2024-02-22T15:32:18","date_gmt":"2024-02-22T23:32:18","guid":{"rendered":"https:\/\/marylandefc.org\/?page_id=27731"},"modified":"2026-03-03T06:14:52","modified_gmt":"2026-03-03T14:14:52","slug":"ace-science","status":"publish","type":"page","link":"https:\/\/marylandefc.org\/it\/about\/ace-science\/","title":{"rendered":"ACE Scienza"},"content":{"rendered":"<figure itemscope itemtype=\"https:\/\/schema.org\/ImageObject\">\n\t\t\t\t<img decoding=\"async\" src=\"https:\/\/marylandefc.org\/wp-content\/uploads\/2024\/02\/Anda-talking-to-a-community-crowd.jpg\" alt=\"Anda discussion in the community\" height=\"800\" width=\"1200\" title=\"Anda parla con un pubblico della comunit\u00e0\" onerror=\"this.style.display='none'\" loading=\"lazy\" \/>\n\t<\/figure>\n\t<h1>SCIENZA ACE<\/h1>\n\t<h2>Comprendere la scienza alla base dello studio ACE<\/h2>\n<p>Learn more about this groundbreaking study and how it&#8217;s expanded our understanding of the impacts of adverse childhood experiences on brain development.\u00a0 <\/p>\n<figure data-animation-delay=\"0\" data-animation-duration=\"1\" itemscope itemtype=\"https:\/\/schema.org\/ImageObject\">\n\t\t\t\t<img decoding=\"async\" src=\"https:\/\/marylandefc.org\/wp-content\/uploads\/2024\/03\/Kids-holding-magnifying-glass.jpg\" alt=\"Kids holding magnifying glass\" height=\"800\" width=\"1200\" title=\"Bambini che tengono una lente d&#039;ingrandimento sul viso\" onerror=\"this.style.display='none'\" loading=\"lazy\" \/>\n\t<\/figure>\n\t<h2>Informazioni sullo studio ACE<\/h2>\n\t<p>Dr. Robert Anda and Dr. Vincent Felitti are the co-principal investigators of the groundbreaking ACE study sponsored by Kaiser Permanente and the Centers for Disease Control and Prevention (CDC) in the mid-1990&#8217;s.<\/p>\n<blockquote><p>Lo studio ACE \u00e8 uno dei pi\u00f9 grandi studi sulle avversit\u00e0 infantili e sulla loro correlazione con la salute e il benessere per tutta la vita, e ha coinvolto 17.000 partecipanti a San Diego, California.\u00a0<\/p><\/blockquote>\n<p>Questo studio \u00e8 stato importante perch\u00e9 ha confermato, con prove scientifiche, che <a href=\"https:\/\/marylandefc.org\/it\/grownups\/aces\/\">esperienze infantili avverse<\/a> Le malattie precoci non solo sono comuni, ma aumentano anche il rischio di problemi di salute fisica, mentale e comportamentale per tutto il corso della vita, comprese 5 delle 10 principali cause di morte negli Stati Uniti\u00a0<\/p>\n\t<h3>Risultati dello studio ACE<\/h3>\n\t<p>Quando si impara a conoscere lo studio ACE, \u00e8 importante ricordare che si tratta di uno studio epidemiologico sul rischio per la salute a livello di popolazione, non a livello individuale. <\/p>\n<p>Everyone&#8217;s ACE story is unique &#8211; our personal story and not our destiny.\u00a0\u00a0<\/p>\n<p>The ACE Study&#8217;s findings are also consistent with converging discoveries in neurobiology (<a href=\"\/it\/grownups\/early-years\/\">scienza del cervello<\/a>) e l&#039;effetto di <a href=\"\/it\/grownups\/aces\/\">stress tossico<\/a> sullo sviluppo del cervello e del corpo. <\/p>\n<p>Other scientific findings and ACE studies continue to expand our understanding of the impacts of adverse community experiences, historical trauma and generational hardship on families and healthy child development. What&#8217;s key to this ongoing research is the impact that childhood stressors have on larger public health concerns. <\/p>\n<figure data-animation-delay=\"0\" data-animation-duration=\"1\" itemscope itemtype=\"https:\/\/schema.org\/ImageObject\">\n\t\t\t\t<img decoding=\"async\" src=\"https:\/\/marylandefc.org\/wp-content\/uploads\/2024\/03\/Kids-navigating-challenges-on-obstacle-course-in-trees.jpg\" alt=\"Kids navigating challenges on obstacle course in trees\" height=\"800\" width=\"1200\" title=\"Un bambino che affronta un percorso ad ostacoli impegnativo tra gli alberi\" onerror=\"this.style.display='none'\" loading=\"lazy\" \/>\n\t<\/figure>\n<figure itemscope itemtype=\"https:\/\/schema.org\/ImageObject\">\n\t\t\t\t<img decoding=\"async\" src=\"https:\/\/marylandefc.org\/wp-content\/uploads\/2024\/01\/MEC-Icons_idea.svg\" alt=\"Light bulb icon for information\" height=\"300\" width=\"300\" title=\"MEC-Icone_idea\" onerror=\"this.style.display='none'\" loading=\"lazy\" \/>\n\t<\/figure>\n\t\t<h3>Continua a leggere<\/h3>\n\t\t<p>Il CDC fornisce una panoramica completa dei fatti e degli impatti dello studio ACE.<\/p>\n\t\t\t<a href=\"https:\/\/www.cdc.gov\/aces\/about\/index.html\" target=\"_self\" rel=\"noopener\">\n\t\t\t\t\t\t\tVisualizza la panoramica di ACE\n\t\t\t\t\t<\/a>\n\t<h3>Gli aspetti che vogliamo evidenziare<\/h3>\n<ul>\n<li aria-level=\"1\">Gli ACE sono comuni: circa il 64% degli adulti statunitensi ha riferito di aver sperimentato almeno un tipo di ACE prima dei 18 anni e quasi 1 su 6 (17,3%) ha riferito di aver sperimentato quattro o pi\u00f9 tipi di ACE. (CDC)<\/li>\n<li aria-level=\"1\">Gli ACE sono prevenibili. <br \/>\n&#8220;ACEs are highly predictive of many of our Nation&#8217;s worst health and social problems. The good news, however, is that what is predictive is preventable.&#8221; Dr. Robert Anda\u00a0<\/li>\n<\/ul>\n<a href=\"\/it\/grownups\/protective-factors\/\">Fattori protettivi<\/a> sono cose che tutti possiamo fare per attenuare l&#039;impatto dello stress nella vita dei bambini.\u00a0<br \/>\n\n<figure data-animation-delay=\"0\" data-animation-duration=\"1\" itemscope itemtype=\"https:\/\/schema.org\/ImageObject\">\n\t\t\t\t<img decoding=\"async\" src=\"https:\/\/marylandefc.org\/wp-content\/uploads\/2024\/02\/Community-gathering.jpg\" alt=\"Community gathering\" height=\"800\" width=\"1200\" title=\"Festa della comunit\u00e0\" onerror=\"this.style.display='none'\" loading=\"lazy\" \/>\n\t<\/figure>\n\t<h2>Pronti ad approfondire e ad agire?<\/h2>\n\t<p>In collaborazione con EFC, Family Tree sta guidando l&#039;iniziativa nel Maryland per informare le nostre comunit\u00e0 sulla scienza e l&#039;impatto degli ACE, attraverso il rinomato programma di formazione noto come ACE Interface.\u00a0<\/p>\n<p>I corsi di formazione ACE Interface sono progettati per favorire una consapevolezza diffusa, promuovere la comprensione e consentire alle comunit\u00e0 di migliorare la salute e il benessere nell&#039;intera societ\u00e0.<\/p>\n\t<iframe loading=\"lazy\" width=\"560\" height=\"315\" src=\"https:\/\/www.youtube.com\/embed\/49YZ2rn5R2M?si=Atuz1z7bg0XySREq\" title=\"Lettore video di YouTube\" frameborder=\"0\" allow=\"accelerometer; autoplay; clipboard-write; encrypted-media; gyroscope; picture-in-picture; web-share\" allowfullscreen><\/iframe>\n\t<h2>Ospitare una proiezione cinematografica<\/h2>\n\t<p>Nel 2016, James Redford ha diretto e prodotto <i>Resilienza: la biologia dello stress e la scienza della speranza, <\/i>Un documentario di un&#039;ora sugli impatti dello stress tossico sui bambini e sulla societ\u00e0. Il film ci incoraggia a esaminare i programmi che funzionano in tutto il paese e a trovare soluzioni creative per le nostre comunit\u00e0. <\/p>","protected":false},"excerpt":{"rendered":"<p>ACE SCIENCE Understand the science behind the ACE study Learn more about this groundbreaking study and how it&#8217;s expanded our understanding of the impacts of adverse childhood experiences on brain development.\u00a0 About the ACE study Dr. Robert Anda and Dr. Vincent Felitti are the co-principal investigators of the groundbreaking ACE study sponsored by Kaiser Permanente&hellip;<\/p>","protected":false},"author":1,"featured_media":27148,"parent":25,"menu_order":0,"comment_status":"closed","ping_status":"closed","template":"","meta":{"footnotes":""},"class_list":["post-27731","page","type-page","status-publish","has-post-thumbnail","hentry"],"_links":{"self":[{"href":"https:\/\/marylandefc.org\/it\/wp-json\/wp\/v2\/pages\/27731","targetHints":{"allow":["GET"]}}],"collection":[{"href":"https:\/\/marylandefc.org\/it\/wp-json\/wp\/v2\/pages"}],"about":[{"href":"https:\/\/marylandefc.org\/it\/wp-json\/wp\/v2\/types\/page"}],"author":[{"embeddable":true,"href":"https:\/\/marylandefc.org\/it\/wp-json\/wp\/v2\/users\/1"}],"replies":[{"embeddable":true,"href":"https:\/\/marylandefc.org\/it\/wp-json\/wp\/v2\/comments?post=27731"}],"version-history":[{"count":0,"href":"https:\/\/marylandefc.org\/it\/wp-json\/wp\/v2\/pages\/27731\/revisions"}],"up":[{"embeddable":true,"href":"https:\/\/marylandefc.org\/it\/wp-json\/wp\/v2\/pages\/25"}],"wp:featuredmedia":[{"embeddable":true,"href":"https:\/\/marylandefc.org\/it\/wp-json\/wp\/v2\/media\/27148"}],"wp:attachment":[{"href":"https:\/\/marylandefc.org\/it\/wp-json\/wp\/v2\/media?parent=27731"}],"curies":[{"name":"wp","href":"https:\/\/api.w.org\/{rel}","templated":true}]}}