{"id":27796,"date":"2024-02-25T01:38:33","date_gmt":"2024-02-25T09:38:33","guid":{"rendered":"https:\/\/marylandefc.org\/?page_id=27796"},"modified":"2024-10-21T15:49:56","modified_gmt":"2024-10-21T22:49:56","slug":"terms-of-use","status":"publish","type":"page","link":"https:\/\/marylandefc.org\/it\/terms-of-use\/","title":{"rendered":"Termini di utilizzo"},"content":{"rendered":"<p><strong>IN VIGORE DAL 18 OTTOBRE 2024<\/strong><\/p>\n<h3>IMPORTANT &#8211;<\/h3>\n<p><strong>THIS IS A LEGAL AGREEMENT BETWEEN YOU (referenced herein as &#8220;you&#8221; or &#8220;user&#8221; or with &#8220;your&#8221;) AND THE MARYLAND ESSENTIALS FOR CHILDHOOD (referenced herein as &#8220;Maryland Essentials&#8221;) THAT APPLIES EACH TIME YOU USE OR ACCESS THE MARYLAND ESSENTIALS WEBSITE AT marylandefc.org AND ANY OTHER ONLINE PROPERTIES CONTROLLED OR OPERATED BY US FROM TIME TO TIME (referenced collectively herein as the &#8220;Site&#8221;). YOU SHOULD THEREFORE READ CAREFULLY THE FOLLOWING TERMS AND CONDITIONS CONTAINED IN THIS TERMS OF USE AGREEMENT (&#8220;TOU&#8221;) AS THEY GOVERN YOUR USE OF THE SITE. IF YOU DO NOT AGREE TO THIS TOU, YOU ARE NOT PERMITTED TO USE OR OTHERWISE ACCESS THE SITE.<\/strong><\/p>\n<ol>\n<li><strong>CONTENUTO.<\/strong> Il Sito ha solo scopo informativo e didattico e non sostituisce la consulenza professionale, i servizi legali o le forze dell&#039;ordine.<\/li>\n<li><strong>CONCESSIONE DELLA LICENZA. <\/strong>Il Sito \u00e8 di propriet\u00e0 di Maryland Essentials e da questa reso disponibile, e le presenti Condizioni d&#039;Uso ti forniscono una licenza personale, revocabile, limitata, non esclusiva, non trasferibile e non sublicenziabile per l&#039;utilizzo del Sito, a condizione che tu continui a rispettare le presenti Condizioni d&#039;Uso. Puoi stampare e scaricare materiali e informazioni dal Sito esclusivamente per uso personale e per scopi didattici, a condizione che tutte le copie cartacee contengano tutti gli avvisi di copyright e gli altri avvisi applicabili contenuti in tali materiali e informazioni e che tu non distribuisca o divulghi ulteriormente tali materiali e informazioni. Non puoi accedere o utilizzare il Sito o qualsiasi materiale tramite il Sito per scopi non autorizzati, inclusi, a titolo esemplificativo ma non esaustivo, scopi commerciali.<\/li>\n<li><strong>RESTRIZIONI ALLA CONCESSIONE DELLA LICENZA. <\/strong>Le presenti Condizioni d&#039;Uso costituiscono solo una licenza e non una cessione o una vendita. Maryland Essentials non trasferisce a te o a nessun altro la propriet\u00e0, l&#039;interesse o il titolo di propriet\u00e0 intellettuale sul Sito. Inoltre, Maryland Essentials si riserva tutti i diritti non espressamente concessi dalle presenti Condizioni d&#039;Uso. Di conseguenza, non puoi modificare, tradurre, decompilare, creare opere derivate, copiare, distribuire, disassemblare, trasmettere, diffondere, pubblicare, rimuovere o alterare alcun avviso o etichetta di propriet\u00e0, concedere in licenza, sublicenza, trasferire, vendere, riprodurre in mirroring, frame, sfruttare, affittare, dare in leasing, creare un marchio privato, concedere un diritto di garanzia o altrimenti utilizzare il Sito in qualsiasi modo non espressamente consentito dalle presenti Condizioni d&#039;Uso. Inoltre, non puoi modificare copie di alcun materiale del Sito o immagini e grafica separatamente dal testo di accompagnamento, n\u00e9 eliminare o alterare alcun avviso di copyright, marchio commerciale o diritti di propriet\u00e0 dalle copie di qualsiasi materiale.<\/li>\n<li><strong>OBBLIGHI DELL&#039;UTENTE.<\/strong> Accedendo o utilizzando il Sito, dichiari e garantisci di avere almeno diciotto (18) anni (o di aver raggiunto la maggiore et\u00e0, a seconda di quale sia maggiore) e di fornire sempre informazioni veritiere, accurate, aggiornate e complete quando invii informazioni o materiali sul o tramite il Sito, incluso, a titolo esemplificativo ma non esaustivo, quando fornisci informazioni tramite un modulo di invio al Sito. Inoltre, accetti di rispettare tutte le leggi e i regolamenti locali, statali, nazionali e internazionali applicabili in relazione all&#039;utilizzo del Sito. Riconosci e accetti inoltre che l&#039;utilizzo di Internet \u00e8 esclusivamente a tuo rischio e pericolo.<\/li>\n<li><strong>ACCOUNT.<\/strong> Registration for an account for use of account-restricted areas or tools of the Site may require access credentials, such as an email address, username, phone number, or password, or adherence to other particular access requirements as designated by Maryland Essentials in its sole discretion from time to time. You hereby agree to consider and maintain your access credentials as confidential information and agree that your account is personal to you and you will not provide the account information to any other individual. You shall immediately notify Maryland Essentials if you suspect or become aware of any loss or theft of or unauthorized use of your access credentials. Maryland Essentials has the right, in its sole discretion, to disable any username, password, or other identifier if in Maryland Essentials&#8217; opinion you have violated any provision of this TOU or for any reason or for no reason.<\/li>\n<li><strong>DIRITTI DI PROPRIET\u00c0. <\/strong>Il Sito \u00e8 di propriet\u00e0 di Maryland Essentials for Childhood Copyright 2024 \u00a9 Maryland Essentials e\/o dei suoi licenziatari. Tutti i diritti riservati. Qualsiasi informazione o materiale scaricabile o stampabile disponibile tramite il Sito, salvo diversa indicazione, \u00e8 di propriet\u00e0 di Maryland Essentials e\/o dei suoi licenziatari. MARYLAND ESSENTIALS e tutti gli altri nomi, loghi e icone che identificano Maryland Essentials e i suoi servizi sono marchi registrati di Maryland Essentials e qualsiasi utilizzo di tali marchi senza l&#039;espressa autorizzazione scritta di Maryland Essentials \u00e8 severamente vietato.<\/li>\n<li><strong>ALTRI TERMINI E CONDIZIONI.<\/strong> Ulteriori avvisi, termini e condizioni potrebbero applicarsi all&#039;accesso a risorse esclusive, servizi di terze parti, SMS (servizio di messaggistica breve), comunicazioni telefoniche, pagamenti o altri servizi offerti sul Sito. L&#039;utente accetta di rispettare tali altri avvisi, termini e condizioni, ove applicabili. In caso di conflitto tra le presenti Condizioni d&#039;Uso e tali avvisi, termini e condizioni aggiuntivi, Maryland Essentials risolver\u00e0 qualsiasi conflitto in buona fede a sua esclusiva discrezione, ma questi ultimi termini prevarranno generalmente per quanto riguarda il rispettivo oggetto.<\/li>\n<li><strong>FEEDBACK. <\/strong>Maryland Essentials welcomes your feedback and suggestions about Maryland Essentials&#8217;s services, or with respect to how to improve the Site. By transmitting any suggestions, information, material, or other content (collectively, &#8220;Feedback&#8221;) to Maryland Essentials, you represent and warrant that you own all rights to such Feedback, and the Feedback does not infringe or violate the rights of any third party. In addition, the submission of Feedback will grant to Maryland Essentials an irrevocable, perpetual, royalty-free license for Maryland Essentials to use such Feedback in any manner, and for any purpose, and in any medium, in furtherance of Maryland Essentials&#8217;s mission.<\/li>\n<li><strong>POLITICA SULLA RISERVATEZZA. <\/strong>Please see Maryland Essentials&#8217; Privacy Policy for a summary of its personal information collection and use practices. <a href=\"\/it\/privacy-policy\/\">Vedi qui<\/a><\/li>\n<li><strong>LINK AD ALTRI SITI E MATERIALI DI TERZE PARTI. <\/strong>Il Sito pu\u00f2 includere link ad altri siti web di terze parti o fornire accesso a pagine di terze parti su piattaforme di social media. Tali altri siti o pagine, comprese le piattaforme di social media, sono gestiti da terze parti sulle quali Maryland Essentials non esercita alcun controllo. Questi link non implicano alcuna approvazione nei confronti di terze parti o delle informazioni, prodotti o servizi da esse forniti, salvo diversa indicazione espressa da parte di Maryland Essentials.<\/li>\n<li><strong>DISCLAIMER. <\/strong>THE SITE IS PROVIDED ON AN &#8220;AS-IS&#8221; AND &#8220;AS AVAILABLE&#8221; BASIS AND MAY INCLUDE ERRORS, OMISSIONS, OR OTHER INACCURACIES. MARYLAND ESSENTIALS EXPRESSLY DISCLAIMS ALL WARRANTIES, EXPRESS OR IMPLIED, INCLUDING, WITHOUT LIMITATION, ANY WARRANTY OF MERCHANTABILITY, FITNESS FOR A PARTICULAR PURPOSE, OR NON-INFRINGEMENT.<\/li>\n<li><strong>LIMITAZIONE DI RESPONSABILIT\u00c0. <\/strong>TO THE FULLEST EXTENT PROVIDED BY LAW, YOU EXPRESSLY ABSOLVE AND RELEASE MARYLAND ESSENTIALS FROM ANY CLAIM OF HARM RESULTING FROM A CAUSE BEYOND MARYLAND ESSENTIALS&#8217;S CONTROL. MOREOVER, IN NO EVENT SHALL MARYLAND ESSENTIALS BE LIABLE FOR ANY INDIRECT, PUNITIVE, INCIDENTAL, SPECIAL, OR CONSEQUENTIAL DAMAGES ARISING OUT OF OR IN ANY WAY CONNECTED WITH THE USE OF THE SITE OR WITH THE DELAY OR INABILITY TO USE THE SITE, EVEN IF MARYLAND ESSENTIALS HAS BEEN ADVISED OF THE POSSIBILITY OF SUCH DAMAGES. NOTWITHSTANDING THE FOREGOING, TOTAL LIABILITY OF MARYLAND ESSENTIALS FOR BREACH OF THIS TOU IS CESSATION OF USE OF THE SITE AND FOR ANY OTHER REASON RELATED TO YOUR USE OF THE SITE WHATSOEVER FOR AN AMOUNT NOT EXCEEDING ONE HUNDRED ($100) DOLLARS.<\/li>\n<\/ol>\n<h3>SOME JURISDICTIONS DO NOT ALLOW THE DISCLAIMER, EXCLUSION, OR LIMITATION OF CERTAIN WARRANTIES, CONDITIONS, LIABILITIES, AND DAMAGES AND, ACCORDINGLY, SOME OF THE ABOVE DISCLAIMERS AND LIMITATIONS MAY NOT APPLY TO YOU. IN SUCH JURISDICTIONS, MARYLAND ESSENTIALS&#8217;S LIABILITY WILL BE LIMITED TO THE FULLEST EXTENT PERMITTED BY APPLICABLE LAW.<\/h3>\n<ol start=\"13\">\n<li><strong>GARANTIRE LA SICUREZZA. <\/strong>You may not use the Site or any of Maryland Essentials&#8217; data, systems, network, or services to engage in, foster, or promote illegal, abusive, or irresponsible behavior including, without limitation, accessing or using Maryland Essentials&#8217; data, systems, or networks in an unauthorized manner, attempting to probe, scan, or test the vulnerability of Maryland Essentials&#8217; system or network, circumventing any security or authentication measures, monitoring any data or traffic, interfering with any services, collecting or using from the Site email addresses or other identifiers, collecting or using from the Site information without the consent of Maryland Essentials (herein or otherwise), using any false, misleading, or deceptive TCP-IP packet header information, using the Site to distribute software or tools that gather information, distributing advertisements, or engaging in conduct that is likely to result in retaliation against Maryland Essentials or its data, systems, or network. Actual or attempted unauthorized use of the Site may result in criminal and\/or civil prosecution, including, without limitation, punishment under the Computer Fraud and Abuse Act of 1986 under U.S. federal law. Maryland Essentials reserves the right to view, monitor, and\/or record activity on the Site in order to maintain security of the Site. Such recorded activity is subject to review by law enforcement organizations. Maryland Essentials will also comply with all court orders or subpoenas involving requests for information. Maryland Essentials reserves the right at any time to suspend or terminate operation of or access to the Site or any portion of the Site.<\/li>\n<li><strong>PROVVEDIMENTO INGIUNTIVO. <\/strong>L&#039;utente accetta che Maryland Essentials abbia il diritto, oltre ad altri rimedi disponibili, di richiedere e ottenere un&#039;ingiunzione o altro provvedimento equitativo appropriato da un tribunale di giurisdizione competente che impedisca qualsiasi violazione, minacciata o effettiva, dei propri obblighi ai sensi di qualsiasi disposizione delle presenti Condizioni d&#039;Uso. Di conseguenza, l&#039;utente rinuncia a qualsiasi obbligo che Maryland Essentials preveda il deposito di una cauzione o altra garanzia nel caso in cui venga richiesto o concesso un provvedimento ingiuntivo o equitativo da parte di Maryland Essentials per far rispettare qualsiasi disposizione delle presenti Condizioni d&#039;Uso.<\/li>\n<li><strong>DURATA E RISOLUZIONE. <\/strong>This TOU will take effect (or re-take effect) at the moment you acknowledge (e.g., check a box) that you have read, understand, and agree to abide by the terms and conditions of the Site, register for an account on the Site, respond through the Site to a request for information, and\/or begin downloading, accessing, or using the Site, whichever action or event is earliest. Maryland Essentials reserves the right at any time and on reasonable grounds to deny your access to the Site or to any portion thereof, and this TOU will also terminate automatically if you fail to comply with its terms and conditions, subject to the survival rights of certain provisions identified below. Termination will be effective without prior notice. You may also terminate this TOU at any time by ceasing to use the Site, but all applicable provisions of this TOU will survive termination, as identified below, and each re-access or use of the Site will reapply this TOU (then in effect) to you. Upon termination, you must destroy all copies of any aspect of the Site in your possession. The provisions concerning Maryland Essentials&#8217;s proprietary rights, Feedback, disclaimers (of warranty), limitations of liability, waiver and severability, entire agreement, injunctive relief, and governing law will survive the termination of this TOU for any reason.<\/li>\n<li><strong>LEGGE APPLICABILE. <\/strong>Il Sito \u00e8 controllato e gestito da Maryland Essentials dai suoi uffici negli Stati Uniti. Le presenti Condizioni d&#039;Uso sono state stipulate e saranno interpretate e applicate in conformit\u00e0 con le leggi dello Stato del Maryland, come applicate ai contratti stipulati e completamente eseguiti nello Stato del Maryland. Qualsiasi azione volta all&#039;applicazione delle presenti Condizioni d&#039;Uso sar\u00e0 intentata presso i tribunali dello Stato del Maryland e tutte le parti delle presenti Condizioni d&#039;Uso accettano espressamente di essere soggette alla giurisdizione di tali tribunali. L&#039;accesso al Sito potrebbe non essere legale per determinate persone o in determinati Paesi. Se accedete al Sito da fuori degli Stati Uniti, lo fate di vostra iniziativa e siete responsabili del rispetto delle leggi locali. Una versione stampata delle presenti Condizioni d&#039;Uso e di qualsiasi avviso correlato fornito in formato elettronico sar\u00e0 ammissibile in procedimenti giudiziari o amministrativi.<\/li>\n<li><strong>RINUNCIA E SEPARABILIT\u00c0. <\/strong>La mancata richiesta di rigorosa esecuzione di uno qualsiasi dei termini e delle condizioni delle presenti Condizioni d&#039;Uso non costituir\u00e0 una rinuncia a qualsiasi successivo inadempimento o mancata esecuzione. Nessuna rinuncia da parte di Maryland Essentials a qualsiasi diritto ai sensi delle presenti Condizioni d&#039;Uso sar\u00e0 considerata una rinuncia a qualsiasi altro diritto o disposizione, n\u00e9 una rinuncia allo stesso diritto o disposizione in qualsiasi altro momento. Qualora una qualsiasi parte delle presenti Condizioni d&#039;Uso venga ritenuta invalida o inapplicabile ai sensi della legge applicabile, incluse, a titolo esemplificativo ma non esaustivo, le esclusioni di garanzia, le limitazioni di competenza territoriale, di reclamo e di responsabilit\u00e0 di cui sopra, la disposizione invalida o inapplicabile sar\u00e0 considerata sostituita da una disposizione valida e applicabile che corrisponda il pi\u00f9 chiaramente possibile all&#039;intento della disposizione originale e la restante parte delle presenti Condizioni d&#039;Uso continuer\u00e0 ad avere effetto.<\/li>\n<li><strong>INTERO ACCORDO.<\/strong> Non esiste alcun rapporto di joint venture, partnership, rapporto di lavoro, affiliazione o agenzia tra te e Maryland Essentials a seguito delle presenti Condizioni d&#039;Uso o del tuo utilizzo del Sito. Le presenti Condizioni d&#039;Uso rappresentano l&#039;intero accordo tra te e Maryland Essentials in merito all&#039;utilizzo del Sito e sostituiscono tutte le comunicazioni e proposte precedenti o contemporanee, siano esse elettroniche, orali o scritte, tra te e Maryland Essentials in merito al Sito. Non puoi cedere, delegare o trasferire alcun diritto ai sensi delle presenti Condizioni d&#039;Uso senza il previo consenso scritto di Maryland Essentials. <strong>Si prega di notare che Maryland Essentials si riserva il diritto di modificare i termini e le condizioni delle presenti Condizioni d&#039;Uso pubblicando una versione rivista delle Condizioni d&#039;Uso e un corrispondente annuncio delle Condizioni d&#039;Uso riviste, oppure inviando un avviso per posta e\/o e-mail. Inoltre, Maryland Essentials pu\u00f2 aggiungere, modificare o eliminare qualsiasi aspetto, programma o funzionalit\u00e0 del Sito, ma non \u00e8 in alcun modo tenuta ad aggiungere aggiornamenti, miglioramenti o modifiche. L&#039;utilizzo continuato del Sito da parte dell&#039;utente dopo qualsiasi modifica annunciata sar\u00e0 considerato incondizionatamente come accettazione di qualsiasi modifica ai termini e alle condizioni delle presenti Condizioni d&#039;Uso. Di conseguenza, l&#039;utente \u00e8 tenuto a verificare la presenza di annunci e a rivedere periodicamente le presenti Condizioni d&#039;Uso.<\/strong><\/li>\n<li><strong>CONTATTO. <\/strong>Se hai domande riguardanti il Sito o se sei interessato a ottenere maggiori informazioni su Maryland Essentials, contatta info@marylandefc.org (e-mail).<\/li>\n<\/ol>","protected":false},"excerpt":{"rendered":"<p>EFFECTIVE AS OF OCTOBER 18, 2024 IMPORTANT &#8211; THIS IS A LEGAL AGREEMENT BETWEEN YOU (referenced herein as &#8220;you&#8221; or &#8220;user&#8221; or with &#8220;your&#8221;) AND THE MARYLAND ESSENTIALS FOR CHILDHOOD (referenced herein as &#8220;Maryland Essentials&#8221;) THAT APPLIES EACH TIME YOU USE OR ACCESS THE MARYLAND ESSENTIALS WEBSITE AT marylandefc.org AND ANY OTHER ONLINE PROPERTIES CONTROLLED&hellip;<\/p>","protected":false},"author":1,"featured_media":3204,"parent":0,"menu_order":0,"comment_status":"closed","ping_status":"closed","template":"","meta":{"footnotes":""},"class_list":["post-27796","page","type-page","status-publish","has-post-thumbnail","hentry"],"_links":{"self":[{"href":"https:\/\/marylandefc.org\/it\/wp-json\/wp\/v2\/pages\/27796","targetHints":{"allow":["GET"]}}],"collection":[{"href":"https:\/\/marylandefc.org\/it\/wp-json\/wp\/v2\/pages"}],"about":[{"href":"https:\/\/marylandefc.org\/it\/wp-json\/wp\/v2\/types\/page"}],"author":[{"embeddable":true,"href":"https:\/\/marylandefc.org\/it\/wp-json\/wp\/v2\/users\/1"}],"replies":[{"embeddable":true,"href":"https:\/\/marylandefc.org\/it\/wp-json\/wp\/v2\/comments?post=27796"}],"version-history":[{"count":0,"href":"https:\/\/marylandefc.org\/it\/wp-json\/wp\/v2\/pages\/27796\/revisions"}],"wp:featuredmedia":[{"embeddable":true,"href":"https:\/\/marylandefc.org\/it\/wp-json\/wp\/v2\/media\/3204"}],"wp:attachment":[{"href":"https:\/\/marylandefc.org\/it\/wp-json\/wp\/v2\/media?parent=27796"}],"curies":[{"name":"wp","href":"https:\/\/api.w.org\/{rel}","templated":true}]}}