{"id":27810,"date":"2024-02-26T00:01:10","date_gmt":"2024-02-26T08:01:10","guid":{"rendered":"https:\/\/marylandefc.org\/?page_id=27810"},"modified":"2026-02-12T15:26:07","modified_gmt":"2026-02-12T23:26:07","slug":"dive-deeper-policy-makers","status":"publish","type":"page","link":"https:\/\/marylandefc.org\/it\/dive-deeper-policy-makers\/","title":{"rendered":"Immergiti pi\u00f9 in profondit\u00e0 | Responsabili delle politiche"},"content":{"rendered":"<figure itemscope itemtype=\"https:\/\/schema.org\/ImageObject\">\n\t\t\t\t<img decoding=\"async\" src=\"https:\/\/marylandefc.org\/wp-content\/uploads\/2024\/02\/Maryland-statehouse-at-night.jpg\" alt=\"Maryland statehouse at night\" height=\"800\" width=\"1200\" title=\"Il palazzo del governo del Maryland di notte\" onerror=\"this.style.display='none'\" loading=\"lazy\" \/>\n\t<\/figure>\n\t<h1>APPROFONDIMENTO | POLICY MAKER<\/h1>\n\t<p>EFC understands that developing best practices and policy recommendations for Maryland means collecting and evaluating Maryland data and learning about what&#8217;s happening elsewhere across the country. You can dig deeper by subject matter here.<\/p>\n\t\t<h2>Avversit\u00e0 infantile<\/h2><p><b>Prevenire le esperienze infantili avverse (ACE): sfruttare le migliori prove disponibili<\/b><\/p>\n<p><i>Centro Nazionale per la Prevenzione e il Controllo degli Infortuni (Stati Uniti). Divisione per la Prevenzione della Violenza, 2019<\/i><\/p>\nDisporre <a href=\"https:\/\/stacks.cdc.gov\/view\/cdc\/82316\" target=\"_blank\" rel=\"noopener\">sei aree politiche chiave<\/a> per impedire in primo luogo che si verifichino gli ACE.<br \/>\n\n<p>&nbsp;<\/p>\n<p><b>Roadmap per la resilienza: <\/b><b>The California Surgeon General&#8217;s Report on Adverse Childhood Experiences, Toxic Stress, and Health<\/b><\/p>\n<p><i>California Surgeon General&#8217;s Office<\/i><\/p>\n<p><a href=\"https:\/\/osg.ca.gov\/wp-content\/uploads\/sites\/266\/2022\/05\/Roadmap-For-Resilience_CA-Surgeon-Generals-Report-on-ACEs-Toxic-Stress-and-Health_12092020.pdf\" target=\"_blank\" rel=\"noopener\">Questo rapporto completo<\/a> offre spunti essenziali per decisori politici, scienziati, operatori sanitari, educatori e sostenitori, ma propone anche soluzioni e approcci basati sull&#039;evidenza per migliorare la salute e la sicurezza.<\/p>\n\t\t<h3>Sviluppo del bambino<\/h3><p><b>Sviluppare le capacit\u00e0 degli adulti per migliorare i risultati dei bambini: una teoria del cambiamento<\/b><\/p>\n<p><i>Centro Harvard sullo sviluppo del bambino<\/i><\/p>\n<p><a href=\"https:\/\/www.youtube.com\/watch?v=urU-a_FsS5Y\" target=\"_blank\" rel=\"noopener\">Video di 5 minuti<\/a> depicting a theory of change for achieving breakthrough outcomes for vulnerable children and families. It describes the need to focus on building the capabilities of caregivers and strengthening the communities that together form the environment of relationships essential to children&#8217;s lifelong learning, health, and behavior.<\/p>\n<p>&nbsp;<\/p>\n<p><b>Come bambini e adulti possono sviluppare capacit\u00e0 fondamentali per la vita<\/b><\/p>\n<p><i>Centro Harvard sullo sviluppo del bambino<\/i><\/p>\n<p><a href=\"https:\/\/www.youtube.com\/watch?v=6NehuwDA45Q&amp;t=0s\" target=\"_blank\" rel=\"noopener\">Video di 5 minuti<\/a> exploring the importance of the development and use of core capabilities &#8211; known as executive function and self-regulation skills &#8211; from early childhood into adolescence and adulthood, so that we build communities that thrive.<\/p>\n\t\t<h3>Prima infanzia<\/h3><p><b>Sito web del Centro di impatto sulle politiche prenatali-a-3 anni<\/b><\/p>\n<p><i>Centro di impatto sulle politiche prenatali-3 anni, Universit\u00e0 di Vanderbilt<\/i><\/p>\n<p><a href=\"https:\/\/pn3policy.org\/\" target=\"_blank\" rel=\"noopener\">Centro di impatto sulla politica prenatale-a-3 anni<\/a> empowers states with rigorous evidence to implement effective and equitable policies that ensure all children thrive from the start. Based in Vanderbilt University&#8217;s Peabody College, our team of researchers and nonpartisan policy experts work directly with state leaders to achieve their goals for child and parent wellbeing-as well as the health, safety, and prosperity of communities.<\/p>\n<p>Vedere <a href=\"https:\/\/pn3policy.org\/pn-3-state-policy-roadmap-2023\/md\/,\" target=\"_blank\" rel=\"noopener\">Roadmap politica del Maryland per il periodo prenatale-3 anni<\/a>, Maryland&#8217;s current landscape of policies.<\/p>\n<p>&nbsp;<\/p>\n<p><b>Serie In breve: riassunti degli argomenti di ricerca sullo sviluppo infantile<\/b><\/p>\n<p><i>Centro Harvard sullo sviluppo del bambino<\/i><\/p>\n<p>Include <a href=\"https:\/\/developingchild.harvard.edu\/inbrief-series\/\" target=\"_blank\" rel=\"noopener\">Schede informative di 2-3 pagine<\/a> sui concetti fondamentali dello sviluppo sano del bambino, comprese le raccomandazioni politiche.\u00a0 <\/p>\n\t\t<h3>PACE del Maryland e altri dati sanitari<\/h3><p><b>MD-IBIS &#8211; Maryland&#8217;s Health Data Resource<\/b><\/p>\n<p><i>Dipartimento della Salute del Maryland<\/i><\/p>\nMD-IBIS fornisce accesso ai dati che possono contribuire a fornire risposte utili per raggiungere gli obiettivi sanitari del Maryland. Molti rischi e conseguenze per la salute possono essere ricercati a livello statale e locale.<br \/>\n\n<p><a href=\"https:\/\/ibis.health.maryland.gov\/ibisph-view\/about\/Welcome.html\" target=\"_blank\" rel=\"noopener\">Guarda il video<\/a> per cercare dati nella tua giurisdizione.<\/p>\n\n<p><strong>Dati ACE del Sistema di sorveglianza dei fattori di rischio comportamentali del Maryland (BRFSS) (2015, 2018, 2020)<\/strong><\/p>\n<p><em>Dipartimento della Salute del Maryland\u00a0<\/em><\/p>\n<p><a href=\"https:\/\/ibis.health.maryland.gov\/ibisph-view\/query\/selection\/brfss\/BRFSSSelection.html\" target=\"_blank\" rel=\"noopener\">Visualizzazione<\/a> i dati.<\/p>\n<p>&nbsp;<\/p>\n<p><strong>Dati PACE dell&#039;indagine sui fattori di rischio giovanili del Maryland\/indagine sul tabacco tra i giovani (YRBS\/YTS) (2018-19, 2020-21)<\/strong><\/p>\n<p><em>Dipartimento della Salute del Maryland\u00a0<\/em><\/p>\n<p><a href=\"https:\/\/health.maryland.gov\/phpa\/ccdpc\/Reports\/Pages\/State-Level-Data%2c-2021-2022.aspx\" target=\"_blank\" rel=\"noopener\">Vedere<\/a> i dati.<\/p>\n<p>&nbsp;<\/p>\n<p><strong>Strong Roots Grow a Strong Nation &#8211; Maryland Fact Sheet 2021<\/strong><\/p>\n<p><i>CAHMI, Iniziativa di misurazione della salute dei bambini e degli adolescenti, Johns Hopkins School of Public Health<\/i><\/p>\n<p><a href=\"https:\/\/www.cahmi.org\/docs\/default-source\/resources\/2021-aces-fact-sheets\/cahmi-state-fact-sheet---md.pdf?sfvrsn=8909459e_4\" target=\"_blank\" rel=\"noopener\">Visualizzazione<\/a> I dati PACE del Maryland sono stati raccolti dall&#039;indagine nazionale sulla salute infantile.<\/p>\n<p>&nbsp;<\/p>\n<p><b>Maryland&#8217;s Health Rankings<\/b><\/p>\n<p><i>America&#8217;s Health Rankings, United Health Foundation<\/i><\/p>\n<p>The longest-running state-by-state analysis of the nation&#8217;s health, the platform provides actionable, data-driven insights that stakeholders can use to effect change in Maryland and other states. The <a href=\"https:\/\/www.americashealthrankings.org\/explore\/states\/MD\" target=\"_blank\" rel=\"noopener\">piattaforma<\/a> ha lo scopo di aiutare i decisori politici, i leader delle comunit\u00e0 e i funzionari sanitari a comprendere meglio i problemi di salute specifici delle loro comunit\u00e0, in modo che tutti possano lavorare insieme per affrontare le sfide sanitarie.<\/p>\n\t\t<h3>Dati PACE nazionali<\/h3><p><b>Segni vitali del CDC<\/b><\/p>\n<p><em>Centri per il controllo e la prevenzione delle malattie<\/em><\/p>\n<p>IL <a href=\"https:\/\/www.cdc.gov\/vitalsigns\/aces\/pdf\/vs-1105-aces-H.pdf\" target=\"_blank\" rel=\"noopener\">Segni vitali del CDC<\/a> i rapporti riguardano importanti minacce per la salute, in particolare gli ACE, e cosa si pu\u00f2 fare per ridurre le malattie.<\/p>\n<b><br \/>\nProsperare in azione: dati nazionali, statali e locali<\/b>\n<p><i>CAMHI, Iniziativa per la misurazione della salute dei bambini e degli adolescenti, Johns Hopkins Bloomberg School of Public Health<\/i><\/p>\n<p>Confronto tra singoli stati\/nazionali <a href=\"https:\/\/www.cahmi.org\/our-work-in-action\/flourishing-in-action\/data\" target=\"_blank\" rel=\"noopener\">schede informative<\/a> using 2018\/2019 National Survey of Children&#8217;s Health data regarding the prevalence of adverse childhood experiences (ACEs) and key child outcomes such as bullying, school engagement, resilience and flourishing.<\/p>\n\t\t<h3>Dipendenza<\/h3><p><b>Facing Addiction in America: The Surgeon General&#8217;s Report on Alcohol, Drugs, and Health<\/b><\/p>\n<p><i>Ufficio del chirurgo generale<\/i><\/p>\n<p><a href=\"https:\/\/store.samhsa.gov\/sites\/default\/files\/surgeon-generals-report.pdf\" target=\"_blank\" rel=\"noopener\">Invito all&#039;azione di 413 pagine<\/a> per porre fine alla crisi di sanit\u00e0 pubblica causata dalla dipendenza, comprese le principali conclusioni e raccomandazioni per politiche e programmi basati sull&#039;evidenza.<\/p>\n\t\t<h3>Abuso sessuale sui minori<\/h3><p><b>Prevenire insieme: il piano nazionale per prevenire l&#039;abuso e lo sfruttamento sessuale dei minori<\/b><\/p>\n<p><i>Coalizione nazionale per la prevenzione degli abusi e dello sfruttamento sessuale dei minori<\/i><\/p>\n<p>Provides a framework &#8211; <a href=\"https:\/\/preventtogether.org\/wp-content\/uploads\/2023\/10\/National-Plan_Oct2023.pdf\" target=\"_blank\" rel=\"noopener\">Sei pilastri per prevenire l&#039;abuso e lo sfruttamento sessuale dei minori<\/a> &#8211; for effective, comprehensive, and holistic prevention interventions, including policies, to prevent child sexual abuse before it occurs.<\/p>\n<p>&nbsp;<\/p>\n<p><b>Child USA&#8217;s Gold Standard: Policy Recommendations for Preventing Child Sexual Abuse<\/b><\/p>\n<p><i>Bambino USA<\/i><\/p>\n<p><a href=\"https:\/\/childusa.org\/wp-content\/uploads\/2021\/07\/CHILD-USAs-Gold-Standard.pdf\" target=\"_blank\" rel=\"noopener\">Guida di 23 pagine<\/a> che illustra le misure che le organizzazioni che si occupano di bambini e giovani possono adottare per prevenire gli abusi sessuali sui minori.<\/p>\n\t\t<h3>povert\u00e0 infantile<\/h3><p><b>The Brain Architects Podcast: A New Lens on Poverty &#8211; Working Towards Fairness of Place in the United States<\/b><\/p>\n<p><em>Centro Harvard sullo sviluppo del bambino<\/em><\/p>\n<p><a href=\"https:\/\/developingchild.harvard.edu\/resources\/the-brain-architects-podcast-a-new-lens-on-poverty\/\" target=\"_blank\" rel=\"noopener\">Podcast<\/a> presenta una discussione con i coautori Mona Hanna-Attisha, MD, MPH, FAAP e H. Luke Shaefer, PhD, e il loro libro, <i>L&#039;ingiustizia del luogo: scoprire l&#039;eredit\u00e0 della povert\u00e0 in America<\/i>Esplora il nuovo programma rivoluzionario, <i>RxKids<\/i>, uno sforzo innovativo per affrontare la povert\u00e0 infantile e migliorare l&#039;equit\u00e0 sanitaria.<\/p>\n\t\t<h3>Servizi di intervento precoce\/Traguardi<\/h3><p><b>Intervento precoce: un supporto fondamentale per neonati, bambini piccoli e famiglie<\/b><\/p>\n<p><i>CLASP e Zero a Tre<\/i><\/p>\n<p><a href=\"https:\/\/www.clasp.org\/wp-content\/uploads\/2022\/01\/2017_EarlyInterventionACriticalSupport.pdf\" target=\"_blank\" rel=\"noopener\">Policy brief di 4 pagine<\/a> sull&#039;importanza dell&#039;intervento precoce e sulle lacune nelle politiche statali e federali.<\/p>\n\t\t<h3>Epigenetica<\/h3><p><b>Cos&#039;\u00e8 l&#039;epigenetica? E che relazione ha con lo sviluppo infantile?<\/b><\/p>\n<p><i>Centro Harvard sullo sviluppo del bambino<\/i><\/p>\n<p><a href=\"https:\/\/drive.google.com\/file\/d\/16H-LghnJUNp9PMOe78wajhQ-kooePuQt\/view\" target=\"_blank\" rel=\"noopener\">Infografica<\/a> spiegare la scienza epigenetica e le implicazioni politiche per migliorare i risultati per i bambini e la societ\u00e0.<\/p>\n<p>&nbsp;<\/p>\n<p><b>Epigenetica: perch\u00e9 l&#039;ereditariet\u00e0 \u00e8 pi\u00f9 strana di quanto pensassimo<\/b><\/p>\n<p><i>Terra Minuta<\/i><\/p>\n<p><a href=\"https:\/\/www.youtube.com\/watch?v=AvB0q3mg4sQ\" target=\"_blank\" rel=\"noopener\">Video di 3 minuti<\/a> sull&#039;epigenetica e il suo impatto sul comportamento umano.<\/p>\n\t\t<h3>Solitudine e isolamento<\/h3><p><b>Our Epidemic of Loneliness &amp; Isolation: The Surgeon General&#8217;s Advisory on the Healing Effects of Social Connection and Community, 2023<\/b><\/p>\n<p><i>Ufficio del chirurgo generale<\/i><\/p>\n<p><a href=\"https:\/\/www.hhs.gov\/sites\/default\/files\/surgeon-general-social-connection-advisory.pdf\" target=\"_blank\" rel=\"noopener\">82-page Surgeon General&#8217;s Advisory<\/a> that calls the American people&#8217;s attention to an urgent public health of loneliness and isolation and provides recommendations for how it should be addressed.<\/p>\n\t\t<h3>Razzismo<\/h3><p><b>Understanding Racism&#8217;s Impact on Child Development<\/b><\/p>\n<p><em>Centro Harvard sullo sviluppo del bambino\u00a0\u00a0<\/em><\/p>\n<p>Experts across various fields share their latest research and potential solutions to promote healthy child development and dismantle systemic racism; exploring how racism gets &#8220;under the skin&#8221; to impact children&#8217;s development as well as contributes to unequal access to opportunity. <a href=\"https:\/\/developingchild.harvard.edu\/resources\/understanding-racisms-impact-on-child-development\/\" target=\"_blank\" rel=\"noopener\">Guarda il video<\/a>.<\/p>\n<b><br \/>\nCome la scienza dello sviluppo pu\u00f2 aiutarci ad affrontare le disuguaglianze durante l&#039;adolescenza<\/b>\n<p><i>Centro UCLA per l&#039;adolescenza in via di sviluppo<\/i><\/p>\n<p><a href=\"https:\/\/developingadolescent.semel.ucla.edu\/assets\/uploads\/research\/resources\/Equity_brief_Nov20_%28updated_11421_by_KI%29.pdf\" target=\"_blank\" rel=\"noopener\">Politica di 4 pagine<\/a> brief that examines how principles of developmental science could play a part in creating more equity in outcomes for all adolescents.<\/p>\n<b><br \/>\nCome la scienza dello sviluppo pu\u00f2 aiutare ad affrontare il razzismo strutturale anti-nero durante l&#039;adolescenza<\/b>\u00a0\n<p><i>Centro UCLA per l&#039;adolescenza in via di sviluppo<\/i><\/p>\n<p><a href=\"https:\/\/developingadolescent.semel.ucla.edu\/assets\/uploads\/research\/resources\/Anti-racism_brief_Sep21.pdf\" target=\"_blank\" rel=\"noopener\">breve di 7 pagine<\/a> su come la scienza dello sviluppo possa supportare soluzioni volte ad affrontare le ingiustizie e le sfide basate sulla razza che devono affrontare gli adolescenti neri.<\/p>\n<b><br \/>\nCosa significa essere antirazzisti?<\/b>\n<p><i>Al di sopra del rumore<\/i><\/p>\n<p><a href=\"https:\/\/mpt.pbslearningmedia.org\/resource\/what-does-it-mean-to-be-anti-racist-video\/above-the-noise\/\" target=\"_blank\" rel=\"noopener\">Video di 10 minuti<\/a> su cosa significa essere antirazzisti e perch\u00e9 \u00e8 importante.<\/p>\n\t\t<h3>Youth Depression &#038; Suicide<\/h3><p><b>Di cosa hanno bisogno i giovani in crisi dalle loro comunit\u00e0?<\/b><\/p>\n<p><i>Linea di testo di crisi<\/i><\/p>\n<p><a href=\"https:\/\/www.crisistextline.org\/wp-content\/uploads\/2024\/02\/community-resilience-report.pdf\" target=\"_blank\" rel=\"noopener\">Leggi questo rapporto<\/a> sulle soluzioni all&#039;epidemia di depressione e suicidio tra gli adolescenti negli Stati Uniti.<\/p>\n\t<h3>Indice<\/h3>\n<ul>\n<li><a href=\"#childhood-adversity\">Avversit\u00e0 infantile<\/a><\/li>\n<li><a href=\"#childhood-development\">Sviluppo infantile<\/a><\/li>\n<li><a href=\"#early-childhood\">Prima infanzia<\/a><\/li>\n<li><a href=\"#paces-health-data\">PACE del Maryland e altri dati sanitari<\/a><\/li>\n<li><a href=\"#national-paces-data\">Dati PACE nazionali<\/a><\/li>\n<li><a href=\"#addiction\">Dipendenza<\/a><\/li>\n<li><a href=\"#child-sexual-abuse\">Abuso sessuale sui minori<\/a><\/li>\n<li><a href=\"#child-poverty\">povert\u00e0 infantile<\/a><\/li>\n<li><a href=\"#intervention\">Intervento<\/a><\/li>\n<li><a href=\"#epigenetics\">Epigenetica<\/a><\/li>\n<li><a href=\"#loneliness\">Solitudine e isolamento<\/a><\/li>\n<li><a href=\"#racism\">Razzismo<\/a><\/li>\n<li><a href=\"#youth-depression\">Depressione giovanile<\/a><\/li>\n<\/ul>","protected":false},"excerpt":{"rendered":"<p>DIVE DEEPER | POLICY MAKERS EFC understands that developing best practices and policy recommendations for Maryland means collecting and evaluating Maryland data and learning about what&#8217;s happening elsewhere across the country. You can dig deeper by subject matter here. Childhood Adversity Preventing adverse childhood experiences (ACEs): leveraging the best available evidence National Center for Injury&hellip;<\/p>","protected":false},"author":1,"featured_media":28022,"parent":0,"menu_order":0,"comment_status":"closed","ping_status":"closed","template":"","meta":{"footnotes":""},"class_list":["post-27810","page","type-page","status-publish","has-post-thumbnail","hentry"],"_links":{"self":[{"href":"https:\/\/marylandefc.org\/it\/wp-json\/wp\/v2\/pages\/27810","targetHints":{"allow":["GET"]}}],"collection":[{"href":"https:\/\/marylandefc.org\/it\/wp-json\/wp\/v2\/pages"}],"about":[{"href":"https:\/\/marylandefc.org\/it\/wp-json\/wp\/v2\/types\/page"}],"author":[{"embeddable":true,"href":"https:\/\/marylandefc.org\/it\/wp-json\/wp\/v2\/users\/1"}],"replies":[{"embeddable":true,"href":"https:\/\/marylandefc.org\/it\/wp-json\/wp\/v2\/comments?post=27810"}],"version-history":[{"count":0,"href":"https:\/\/marylandefc.org\/it\/wp-json\/wp\/v2\/pages\/27810\/revisions"}],"wp:featuredmedia":[{"embeddable":true,"href":"https:\/\/marylandefc.org\/it\/wp-json\/wp\/v2\/media\/28022"}],"wp:attachment":[{"href":"https:\/\/marylandefc.org\/it\/wp-json\/wp\/v2\/media?parent=27810"}],"curies":[{"name":"wp","href":"https:\/\/api.w.org\/{rel}","templated":true}]}}