{"id":27812,"date":"2024-02-26T00:01:30","date_gmt":"2024-02-26T08:01:30","guid":{"rendered":"https:\/\/marylandefc.org\/?page_id=27812"},"modified":"2026-03-03T06:37:22","modified_gmt":"2026-03-03T14:37:22","slug":"dive-deeper-grown-ups","status":"publish","type":"page","link":"https:\/\/marylandefc.org\/it\/dive-deeper-grown-ups\/","title":{"rendered":"Immergiti pi\u00f9 in profondit\u00e0 | Adulti"},"content":{"rendered":"<figure itemscope itemtype=\"https:\/\/schema.org\/ImageObject\">\n\t\t\t\t<img decoding=\"async\" src=\"https:\/\/marylandefc.org\/wp-content\/uploads\/2024\/02\/grown-ups-looking-at-resources-on-a-computer.jpg\" alt=\"grown-ups looking at resources on a computer\" height=\"800\" width=\"1200\" title=\"adulti che guardano le risorse su un computer\" onerror=\"this.style.display='none'\" loading=\"lazy\" \/>\n\t<\/figure>\n\t<h1>IMMERGITI PI\u00d9 A FONDO | ADULTI<\/h1>\n\t<p>Looking for more information on a specific topic? You can dig deeper here. Need to talk to someone right now? Here&#8217;s available <a href=\"https:\/\/marylandefc.org\/it\/grownups\/hotlines\/\">linee di assistenza e hotline<\/a> che pu\u00f2 fornire supporto e connessione.<\/p>\n\t\t<h2>Esperienze infantili avverse<\/h2><p><strong>Understanding ACE&#8217;s<\/strong><\/p>\n<p><i>Connessione PACE<\/i><\/p>\n<p>Volantino di due pagine per i genitori in <a href=\"https:\/\/www.pacesconnection.com\/ws\/UnderstandingACEs_English.pdf\" target=\"_blank\" rel=\"noopener\">Inglese<\/a> E <a href=\"https:\/\/www.pacesconnection.com\/ws\/UnderstandingACEs_Spanish.pdf\" target=\"_blank\" rel=\"noopener\">spagnolo<\/a> per spiegare gli ACE, il loro impatto e come creare resilienza.<\/p>\n\t\t<h3>Genitorialit\u00e0 con ACE<\/h3><p><i>Rete di risorse ACE<\/i><\/p>\n<p><a href=\"https:\/\/numberstory.org\/\" target=\"_blank\" rel=\"noopener\">NumberStory.Org<\/a><\/p>\n<p>Comprendi la tua storia ACE personale e trova percorsi di guarigione.<\/p>\n<p><b>Genitorialit\u00e0 per prevenire e curare gli ACE<\/b><\/p>\n<p><i>Donna Jackson Nakazawa e la connessione PACEs<\/i><\/p>\n<p>Infografica di due pagine che descrive il supporto per genitori adulti con ACE per aiutarli a guarire e anche a prevenire gli ACE nei loro figli. Disponibile in <a href=\"https:\/\/www.pacesconnection.com\/ws\/ParentingPreventACEs-English.pdf\" target=\"_blank\" rel=\"noopener\">Inglese<\/a> E <a href=\"https:\/\/www.pacesconnection.com\/ws\/ParentingPreventACEs-Spanish.pdf\" target=\"_blank\" rel=\"noopener\">spagnolo<\/a>.<\/p>\n\t\t<h3>Cura di s\u00e9 per adulti<\/h3><p><b>Strumento di auto-cura ACEs Aware per adulti<\/b><\/p>\n<p><i>ACE consapevoli<\/i><\/p>\n<p><a href=\"https:\/\/www.acesaware.org\/wp-content\/uploads\/2019\/12\/Self-Care-Tool-for-Adults.pdf\" target=\"_blank\" rel=\"noopener\">Suggerimenti e una lista di controllo<\/a> per aiutarti a gestire la tua risposta allo stress.<\/p>\n<p>&nbsp;<\/p>\n<p><b>Cura di s\u00e9 per chi presta assistenza<\/b><\/p>\n<p><i>Scuola di medicina di Harvard<\/i><\/p>\n<p><a href=\"https:\/\/www.health.harvard.edu\/blog\/self-care-for-the-caregiver-2018101715003\" target=\"_blank\" rel=\"noopener\">L&#039;articolo<\/a> descrive l&#039;impatto dello stress da assistenza e 5 modi scientificamente provati per controbilanciare lo stress dei genitori e di chi si prende cura dei bambini.<\/p>\n\t\t<h3>Salute mentale nella prima infanzia<\/h3><p><b>In breve: Salute mentale nella prima infanzia<\/b><\/p>\n<p><i>Centro Harvard sullo sviluppo del bambino<\/i><\/p>\n<p><a href=\"https:\/\/www.youtube.com\/watch?v=L41k2p-YRCs\" target=\"_blank\" rel=\"noopener\">Video di 8 minuti<\/a> che definisce la salute mentale nella prima infanzia e ci\u00f2 che sappiamo su come sviluppare le basi di una buona salute mentale e ridurre i problemi di salute mentale in et\u00e0 avanzata.<\/p>\n\t\t<h3>Adolescenti e preadolescenti<\/h3><p><b>Dai 10 ai 25 anni: un gioco di scoperta per adolescenti<\/b><\/p>\n<p><em>Centro UCLA per l&#039;adolescenza in via di sviluppo<\/em><\/p>\n<p><a href=\"https:\/\/developingadolescent.semel.ucla.edu\/core-science-of-adolescence\/from-10-to-25-a-game-of-adolescent-discovery\" target=\"_blank\" rel=\"noopener\">Un gioco di carte di narrazione collaborativa<\/a> about adolescent discovery created by the UCLA Center for the Developing Adolescent and FrameWorks Institute. The game is designed to be played by adults who have influence on the lives of young people to build understanding of what adolescence is, why it&#8217;s such an important time, and what young people need to establish positive trajectories.<\/p>\n\t\t<h3>Grief &#038; Loss<\/h3><p><b>RISPONDERE AL CAMBIAMENTO E ALLA PERDITA, a sostegno di bambini, adolescenti e famiglie<\/b><\/p>\n<p><i>Un kit di strumenti della National Alliance for Grieving Children<\/i><\/p>\n<p><a href=\"https:\/\/indd.adobe.com\/view\/c213f5cc-0e37-4c6d-b1b9-1aacd7a10aa7\" target=\"_blank\" rel=\"noopener\">Un libro di lavoro<\/a> to process and create space for everyone&#8217;s emotions and connect your family&#8217;s stories. For their more thorough <a href=\"https:\/\/nacg.org\/resource-library\/\" target=\"_blank\" rel=\"noopener\">biblioteca di risorse<\/a> su circostanze particolari del lutto, ad esempio, morte per abuso di sostanze, suicidio o nonni che crescono i nipoti, vedere.<\/p>\n<p><b>After a Loved One Dies-How Children Grieve and How Parents and Other Adults Can Support Them<\/b><\/p>\n<p><i>Fondazione New York Life<\/i><\/p>\n<p><a href=\"https:\/\/www.newyorklife.com\/assets\/docs\/pdfs\/claims\/Bereavement-bklet-English.pdf\" target=\"_blank\" rel=\"noopener\">Guida completa<\/a> affinch\u00e9 genitori e altri adulti possano sostenere bambini e adolescenti nel processo di elaborazione del lutto.<\/p>\n<p>&nbsp;<\/p>\n<p><b>Lutto. Il vostro amore e il vostro sostegno possono aiutare i bambini a comprendere la morte e ad affrontare il dolore.<\/b><\/p>\n<p><i>Laboratorio di sesamo<\/i><\/p>\n<p><a href=\"https:\/\/sesameworkshop.org\/topics\/grief\/\" target=\"_blank\" rel=\"noopener\">Video e risorse sul lutto<\/a> per aiutare i genitori e gli altri adulti a sostenere i loro bambini piccoli durante la morte e il dolore.<\/p>\n\t\t<h3>Sviluppo emotivo e benessere<\/h3><p><b>Kit di strumenti per lo sviluppo emotivo di Sesame Street per i genitori<\/b><\/p>\n<p><em>Sesame Street<\/em><\/p>\n<p><a href=\"https:\/\/www.sesamestreet.org\/parents\/learning-areas\/emotional-development\" target=\"_blank\" rel=\"noopener\">Video<\/a> con strategie per aiutare i bambini a imparare a identificare, etichettare, comprendere e gestire i propri sentimenti.<\/p>\n<p>&nbsp;<\/p>\n<p><b>Strumenti digitali per supportare il benessere emotivo di bambini e adolescenti<\/b><\/p>\n<p><i>Accademie nazionali di scienze, ingegneria e medicina (National Academies), ICF International e Centers for Disease Control, Prevention (CDC, 200-2011-38807\/75D30120F00087)<\/i><\/p>\n<p><a href=\"https:\/\/nap.nationalacademies.org\/resource\/other\/dbasse\/wellbeing-tools\/interactive\/pdf\/CDC%20Forum%20Digital%20Tools%20Fact%20Sheet.pdf\" target=\"_blank\" rel=\"noopener\">Strumenti gratuiti e interattivi<\/a> Disponibile in inglese e spagnolo, consente alle famiglie di insegnare ai bambini come evitare che piccole preoccupazioni diventino grandi.<\/p>\n<p>&nbsp;<\/p>\n\t\t<h3>Abilit\u00e0 delle funzioni esecutive<\/h3><p><b>Libri e suggerimenti che promuovono le competenze di vita<\/b><\/p>\n<p><i>Mente in divenire<\/i><\/p>\n<p><a href=\"https:\/\/www.mindinthemaking.org\/book-tips\" target=\"_blank\" rel=\"noopener\">Consigli per i libri<\/a> Contribuiscono a promuovere l&#039;apprendimento basato sulla scienza per specifiche competenze di vita, e a creare divertimento e coinvolgimento tra bambini e adulti. I libri sono disponibili in inglese e spagnolo e sono pensati per tre fasce d&#039;et\u00e0: neonati e bambini piccoli, bambini in et\u00e0 prescolare e bambini in et\u00e0 scolare.<\/p>\n<p><strong>Sviluppare il cervello attraverso il gioco: attivit\u00e0 per neonati, bambini piccoli e ragazzi\u00a0<\/strong><\/p>\n<p><em>Centro per lo sviluppo infantile e Fondazione LEGO<\/em><\/p>\n<p>Play is an important part of a child&#8217;s life, and grown-ups can build meaningful moments with children of all ages through play and games. These moments develop and strengthen executive function skills that will help children throughout life. <a href=\"https:\/\/developingchild.harvard.edu\/resources\/handouts-tools\/brainbuildingthroughplay\" target=\"_blank\" rel=\"noopener\">Scarica le schede delle attivit\u00e0<\/a> Per neonati e ragazzi.<\/p>\n\t\t<h3>Prevenire gli abusi sessuali sui minori<\/h3><p><b>Talk to Me First, Everything You Need to Know to Become Your Kids&#8217; &#8220;Go-To&#8221; Person About Sex; and other books<\/b><\/p>\n<p><i>Deborah Roffman, educatrice sessuale<\/i><\/p>\n<p>UN <a href=\"https:\/\/sexandsensibility.net\/books\/\" target=\"_blank\" rel=\"noopener\">guida<\/a> to help you become your kids&#8217; number one source for information and guidance on human sexuality. Just as children develop physically, cognitively, and emotionally in developmental stages, they do so sexually as well. The author gives strategies for handling embarrassing or difficult conversations, offering the best ways to make sure you both keep talking (and listening) at different developmental stages.<\/p>\n<p>&nbsp;<\/p>\n<p><b>Risorse per genitori, tutori e bambini per prevenire gli abusi sessuali sui minori<\/b><\/p>\n<p><i>Centro Moore per la prevenzione degli abusi sessuali sui minori, Johns Hopkins School of Public Health<\/i><\/p>\n<p><a href=\"https:\/\/publichealth.jhu.edu\/moore-center-for-the-prevention-of-child-sexual-abuse\/get-support\/resources-for-parents-caregivers-and-children-to-prevent-child-sexual-abuse\" target=\"_blank\" rel=\"noopener\">Risorse<\/a> per prevenire gli abusi sessuali sui minori prima che si verifichino.<\/p>\n\t\t<h3>Salute mentale dei giovani<\/h3><p><b>Salute mentale dei giovani: ti aiutiamo a trovare il supporto di cui hai bisogno<\/b><\/p>\n<p><i>Dipartimento della Salute del Maryland<\/i><\/p>\n<p><a href=\"https:\/\/health.maryland.gov\/bha\/Documents\/Youth%20Mental%20Health%201-pager.pdf\" target=\"_blank\" rel=\"noopener\">Linee telefoniche di assistenza, numeri verdi e risorse chiave per supportare la salute mentale dei giovani.<\/a><\/p>\n<p><b>JED&#8217;s Mental Health Resource Center<\/b><\/p>\n<p><em>La Fondazione JED<\/em><\/p>\n<p>The Jed Foundation is a nonprofit that protects emotional health and prevents suicide for our nation&#8217;s teens and young adults, giving them the skills and support they need to thrive.\u00a0 The <a href=\"https:\/\/jedfoundation.org\/mental-health-resource-center\/\" target=\"_blank\" rel=\"noopener\">sito web<\/a> contiene risorse per adolescenti, giovani adulti e adulti e comunit\u00e0 che li sostengono.<\/p>\n\t\t<h3>Resilienza<\/h3><p><b>Aumentare la resilienza, Strong4Life<\/b><\/p>\n<p><i>Children&#8217;s Healthcare of Atlanta<\/i><\/p>\n<p><a href=\"https:\/\/www.strong4life.com\/en\/emotional-wellness\/raising-resilience\" target=\"_blank\" rel=\"noopener\">Strumenti e schede informative<\/a> per tutte le fasi dello sviluppo.<\/p>\n\t\t<h3>Motivazione<\/h3><p><b>Come motivare i bambini: approcci basati sulla scienza per genitori, tutori e insegnanti<\/b><\/p>\n<p><i>Centro Harvard sullo sviluppo del bambino<\/i><\/p>\n<p>La ricerca indica 9 modi in cui genitori e professionisti possono promuovere la motivazione e l&#039;apprendimento positivi durante lo sviluppo. <a href=\"https:\/\/developingchild.harvard.edu\/resources\/how-to-motivate-children-science-based-approaches-for-parents-caregivers-and-teachers\/\" target=\"_blank\" rel=\"noopener\">Imparare<\/a> su questi 9 modi e altro ancora!<\/p>\n\t\t<h3>Siti web affidabili per genitori<\/h3><p><b>BambiniSani.org <\/b><\/p>\n<p><em>Sito web per genitori dell&#039;American Academy of Pediatrics\/ \u200bLa pagina sull&#039;allevamento dei bambini dell&#039;AAP<\/em><\/p>\n<p>Sito web per genitori dell&#039;Accademia Americana di Pediatria, disponibile in <a href=\"https:\/\/healthychildren.org\/English\/Pages\/default.aspx\" target=\"_blank\" rel=\"noopener\">Inglese<\/a> E <a href=\"https:\/\/www.healthychildren.org\/spanish\/Paginas\/default.aspx\" target=\"_blank\" rel=\"noopener\">spagnolo<\/a>.<\/p>\n<p>&nbsp;<\/p>\n<p><strong>Concetti chiave per lo sviluppo del bambino<\/strong><\/p>\n<p><em>Centro Harvard sullo sviluppo del bambino<\/em><\/p>\n<p>Condivide concetti scientifici chiave dello sviluppo infantile, tra cui <a href=\"https:\/\/developingchild.harvard.edu\/science\/key-concepts\/\" target=\"_blank\" rel=\"noopener\">videoclip e altre risorse<\/a> per tradurre la scienza in strumenti utilizzabili da genitori, decisori politici e membri della comunit\u00e0.<\/p>\n<p>&nbsp;<\/p>\n<p><strong>Concetti chiave per gli adolescenti<\/strong><\/p>\n<p><em>Centro UCLA per l&#039;adolescenza in via di sviluppo<\/em><\/p>\n<p><a href=\"https:\/\/developingadolescent.semel.ucla.edu\/core-science-of-adolescence\/key-concepts\" target=\"_blank\" rel=\"noopener\">Azioni<\/a> la scienza dello sviluppo dell&#039;adolescenza per renderla utile e accessibile ai decisori politici, ai professionisti che si occupano dei giovani, ai genitori e ai giovani stessi.<\/p>\n\t\t<h3>Immigration &#038; Deportation<\/h3><p><b>Piano di preparazione familiare passo dopo passo<\/b><\/p>\n<p><i>Centro risorse legali per gli immigrati<\/i><\/p>\n<p>Questo <a href=\"https:\/\/www.ilrc.org\/resources\/step-step-family-preparedness-plan\" target=\"_blank\" rel=\"noopener\">Kit di risorse<\/a> Aiuta gli adulti a creare un Piano di Preparazione Familiare in caso di emergenza migratoria. Ottieni informazioni sull&#039;assistenza all&#039;infanzia in caso di assenza di un genitore e su dove trovare i servizi per l&#039;immigrazione.<\/p>\n<strong><br \/>\nLove and Monsters in Sofia&#8217;s Life<\/strong>\n<p><em>Autore: Belinda Hern\u00e1ndez Arriaga<\/em><\/p>\n<p>IL <a href=\"https:\/\/www.conocimientospressllc.com\/books\/love-and-monsters\" target=\"_blank\" rel=\"noopener\">libro illustrato a colori<\/a> racconta la storia di Sofia che impara a contare sull&#039;amore e sulla fiducia della sua famiglia per superare le sue paure legate al mostro La Migra.<\/p>\n<p>&nbsp;<\/p>\n<p><strong>Come parlare con un bambino preoccupato per l&#039;espulsione<\/strong><\/p>\n<p><em>Centro per lo stress e la salute infantile presso la Facolt\u00e0 di Medicina della Florida State University<\/em><\/p>\n<p>IL <a href=\"http:\/\/fsustress.org\/pdfs\/CCSH_Deportation_EN.pdf\" target=\"_blank\" rel=\"noopener\">Foglio informativo in PDF<\/a> elenca i problemi pi\u00f9 comuni riscontrati nei bambini durante periodi di stress e come \u00e8 possibile aiutarli.<\/p>\n<p>&nbsp;<\/p>\n<p><strong>Guarigione e resilienza: un libro di attivit\u00e0 per bambini latini colpiti dalla deportazione<\/strong><\/p>\n<p><em>Children&#8217;s Psychological Health Center<\/em><\/p>\n<p>Il libro delle attivit\u00e0 guidate (<a href=\"http:\/\/www.childrenspsychologicalhealthcenter.org\/wp-content\/uploads\/2014\/11\/Healing-and-Resilience%E2%80%94An-Activity-Book-for-Latino-Children-Impacted-by-Deportation%E2%80%94English.pdf\" target=\"_blank\" rel=\"noopener\">Inglese<\/a> | <a href=\"http:\/\/www.childrenspsychologicalhealthcenter.org\/wp-content\/uploads\/2014\/11\/Recuperacio%CC%81n-y-Resiliencia%E2%80%94Un-Libro-de-Actividades-para-Nin%CC%83os-Latinos-Impactados-por-la-Deportacio%CC%81n%E2%80%94Espan%CC%83ol.pdf\" target=\"_blank\" rel=\"noopener\">spagnolo<\/a>) aiuta i bambini che rischiano l&#039;espulsione di un genitore o che ne hanno subito l&#039;esperienza. Sebbene sia rivolto a bambini dagli 8 ai 12 anni, pu\u00f2 essere utile anche a bambini pi\u00f9 grandi e pi\u00f9 piccoli.<\/p>\n<p>&nbsp;<\/p>\n\t<h3>Indice<\/h3>\n<ul>\n<li><a href=\"#adverse-childhood-experiences\">Esperienze infantili avverse<\/a><\/li>\n<li><a href=\"#parenting-with-aces\">Genitorialit\u00e0 con ACE<\/a><\/li>\n<li><a href=\"#self-care-grownups\">Cura di s\u00e9 per adulti<\/a><\/li>\n<li><a href=\"#early-childhood-mental-health\">Salute mentale nella prima infanzia<\/a><\/li>\n<li><a href=\"#teens-tweens\">Adolescenti e preadolescenti<\/a><\/li>\n<li><a href=\"#grief-loss\">Lutto e perdita<\/a><\/li>\n<li><a href=\"#emotional-development\">Sviluppo emotivo e benessere<\/a><\/li>\n<li><a href=\"#executive-function-skills\">Abilit\u00e0 delle funzioni esecutive<\/a><\/li>\n<li><a href=\"#preventing-child-sexual-abuse\">Prevenire gli abusi sessuali sui minori<\/a><\/li>\n<li><a href=\"#youth-mental-health\">Salute mentale dei giovani<\/a><\/li>\n<li><a href=\"#resilience\">Resilienza<\/a><\/li>\n<li><a href=\"#motivation\">Motivazione<\/a><\/li>\n<li><a href=\"#trusted-parenting-websites\">Siti web affidabili per genitori<\/a><\/li>\n<li><a href=\"#immigration\">Immigrazione e deportazione<\/a><\/li>\n<\/ul>","protected":false},"excerpt":{"rendered":"<p>DIVE DEEPER | GROWN-UPS Looking for more information on a specific topic? You can dig deeper here. Need to talk to someone right now? Here&#8217;s available helplines and hotlines that can provide support and connection. Adverse Childhood Experiences Understanding ACE&#8217;s PACEs Connection Two-page flyer for parents in English and Spanish to explain ACEs, their impact,&hellip;<\/p>","protected":false},"author":1,"featured_media":28024,"parent":0,"menu_order":0,"comment_status":"closed","ping_status":"closed","template":"","meta":{"footnotes":""},"class_list":["post-27812","page","type-page","status-publish","has-post-thumbnail","hentry"],"_links":{"self":[{"href":"https:\/\/marylandefc.org\/it\/wp-json\/wp\/v2\/pages\/27812","targetHints":{"allow":["GET"]}}],"collection":[{"href":"https:\/\/marylandefc.org\/it\/wp-json\/wp\/v2\/pages"}],"about":[{"href":"https:\/\/marylandefc.org\/it\/wp-json\/wp\/v2\/types\/page"}],"author":[{"embeddable":true,"href":"https:\/\/marylandefc.org\/it\/wp-json\/wp\/v2\/users\/1"}],"replies":[{"embeddable":true,"href":"https:\/\/marylandefc.org\/it\/wp-json\/wp\/v2\/comments?post=27812"}],"version-history":[{"count":0,"href":"https:\/\/marylandefc.org\/it\/wp-json\/wp\/v2\/pages\/27812\/revisions"}],"wp:featuredmedia":[{"embeddable":true,"href":"https:\/\/marylandefc.org\/it\/wp-json\/wp\/v2\/media\/28024"}],"wp:attachment":[{"href":"https:\/\/marylandefc.org\/it\/wp-json\/wp\/v2\/media?parent=27812"}],"curies":[{"name":"wp","href":"https:\/\/api.w.org\/{rel}","templated":true}]}}