{"id":27814,"date":"2024-02-26T00:02:07","date_gmt":"2024-02-26T08:02:07","guid":{"rendered":"https:\/\/marylandefc.org\/?page_id=27814"},"modified":"2025-04-28T08:10:02","modified_gmt":"2025-04-28T15:10:02","slug":"dive-deeper-partners","status":"publish","type":"page","link":"https:\/\/marylandefc.org\/it\/dive-deeper-partners\/","title":{"rendered":"Immergiti pi\u00f9 in profondit\u00e0 | Partner"},"content":{"rendered":"<img loading=\"lazy\" decoding=\"async\" src=\"https:\/\/marylandefc.org\/wp-content\/uploads\/2024\/02\/Partners-Gathering.jpg\" alt=\"Partners gathering\" itemprop=\"image\" height=\"800\" width=\"1200\" title=\"Incontro dei partner\" onerror=\"this.style.display='none'\"  \/>\n\t<h1>IMMERGITI PI\u00d9 A FONDO | PARTNER<\/h1>\n\t<h2>Partner della comunit\u00e0<\/h2>\n<p>EFC si affida all&#039;esperienza, alla competenza e alla profonda conoscenza dei nostri partner in molti campi e settori diversi per guidare il nostro lavoro collettivo. Prenditi il tempo di approfondire e <a href=\"https:\/\/marylandefc.org\/it\/partners\/\">connettiti direttamente qui<\/a>.<\/p>\n\t\t<h3>Reti online PACE<\/h3><p><strong>Avviare e far crescere le iniziative PACE<\/strong><\/p>\n<p><em>Connessione PACE<\/em><\/p>\n<p>Mettono in contatto persone da tutto il mondo interessate alle esperienze positive e negative dell&#039;infanzia e forniscono opportunit\u00e0 alle comunit\u00e0 statali e locali per <a href=\"https:\/\/www.pacesconnection.com\/\" target=\"_blank\" rel=\"noopener\">lanciare e far crescere le iniziative PACE<\/a>, online e di persona, e fornire strumenti per aiutarli a misurare i propri progressi. <\/p>\n\t\t<h3>Formazione ACE<\/h3><p><b>Abbiamo tutti un ruolo da svolgere<\/b><\/p>\n<p><i>CDC&#8217;s Veto Violence Online ACEs Training<\/i><\/p>\n<p><a href=\"https:\/\/vetoviolence.cdc.gov\/apps\/aces-training\/#\/\" target=\"_blank\" rel=\"noopener\">Formazione online di 90 minuti<\/a> sulla prevenzione delle esperienze infantili negative.<\/p>\n\t\t<h3>Sviluppo delle capacit\u00e0 delle funzioni esecutive per gli adulti<\/h3><p><b>Costruire le competenze di cui gli adulti hanno bisogno per la vita: una guida per i professionisti<\/b><\/p>\n<p><i>Centro Harvard sullo sviluppo del bambino<\/i><\/p>\n<p><a href=\"https:\/\/harvardcenter.wpenginepowered.com\/wp-content\/uploads\/2017\/08\/HCDC_BuildingCoreLifeSkills.pdf\" target=\"_blank\" rel=\"noopener\">Include<\/a> 5 ways practitioners can help the adults in children&#8217;s lives learn core life skills.<\/p>\n\t\t<h3>Comunicare la scienza dello sviluppo<\/h3><p><b>La scala di resilienza: usare la metafora per comunicare una prospettiva evolutiva sulla resilienza<\/b><\/p>\n<p><i>The FrameWorks Institute, Nathaniel Kendall-Taylor maggio 2012<\/i><\/p>\n<p>UN <a href=\"https:\/\/www.frameworksinstitute.org\/wp-content\/uploads\/2020\/03\/resilience_em_report_final.pdf\" target=\"_blank\" rel=\"noopener\">guida<\/a> utilizzare la metafora della scala di resilienza per spiegare la scienza della resilienza.<\/p>\n<p>&nbsp;<\/p>\n<p><b>Sharing the Brain Story &#8211; Using Metaphors to Explain Child Development<\/b><\/p>\n<p><i>NSPCC 2021. National Society for the Prevention of Cruelty to Children. Ente di beneficenza registrato England and Wales 216401, Scotland SC037717 e Jersey 384. Illustrazioni di Fred ed Eric. J20201187.<\/i><\/p>\n<p>UN <a href=\"https:\/\/learning.nspcc.org.uk\/media\/2547\/sharing-the-brain-story-metaphors-summary-booklet.pdf\" target=\"_blank\" rel=\"noopener\">guida<\/a> all&#039;uso di metafore per spiegare la scienza dello sviluppo infantile.<\/p>\n<p>&nbsp;<\/p>\n<p><b>Riformulare le avversit\u00e0 infantili: promuovere approcci a monte<\/b><\/p>\n<p><i>Istituto FrameWorks<\/i><\/p>\n<p>UN <a href=\"https:\/\/www.frameworksinstitute.org\/wp-content\/uploads\/2021\/03\/ReframingChildhoodAdversity2021.pdf\" target=\"_blank\" rel=\"noopener\">guida<\/a> basato sulla ricerca in comunicazione su come inquadrare e comunicare in modo efficace la scienza delle avversit\u00e0 infantili.<\/p>\n\t\t<h3>Elementi essenziali per l&#039;infanzia<\/h3><p><b>CDC&#8217;s Essentials for Childhood:\u00a0 Creating Safe, Stable, Nurturing Relationships and Environments for All Children<\/b><\/p>\n<p><i>Centri per il controllo e la prevenzione delle malattie<\/i><\/p>\n<p><a href=\"https:\/\/www.cdc.gov\/violenceprevention\/pdf\/essentials-for-childhood-framework508.pdf\" target=\"_blank\" rel=\"noopener\">Quadro essenziale di 36 pagine per l&#039;infanzia<\/a> include strategie per aiutare gli stati a promuovere relazioni e ambienti che possono contribuire a creare quartieri, comunit\u00e0 e un mondo in cui ogni bambino possa prosperare.<\/p>\n\t\t<h3>Film per proiezioni e discussioni comunitarie<\/h3><p><b>Ragazzi neri<\/b><\/p>\n<p><i>Non sussurrare mai la giustizia<\/i><\/p>\n<p>In a nation still struggling to rectify its racial legacy &#8211; <a href=\"https:\/\/www.blackboysfilm.com\/\" target=\"_blank\" rel=\"noopener\">FILM PER RAGAZZI NERI<\/a> illumina la piena umanit\u00e0 dei ragazzi e degli uomini neri in America.<\/p>\n<p>&nbsp;<\/p>\n<p><b>Ragazze nere <\/b>&#8211;<i>prossimamente<\/i><\/p>\n<p><i>Non sussurrare mai la giustizia<\/i><\/p>\n<p>Il film illumina lo spettro dell&#039;umanit\u00e0 per le donne nere in America. Un&#039;esplorazione intima e intergenerazionale, <a href=\"https:\/\/neverwhisperjustice.com\/portfolio\/black-girls\/\" target=\"_blank\" rel=\"noopener\">RAGAZZE NERE<\/a> si sforza di approfondire l&#039;identit\u00e0 e le opportunit\u00e0 nel nesso tra cultura, istruzione e impegno incentrato sulla guarigione.<\/p>\n<p>&nbsp;<\/p>\n<p><b>Cracked Up: la storia di Darrell Hammond<\/b><\/p>\n<p><i>Michelle Esrick<\/i><\/p>\n<p>IL <a href=\"https:\/\/www.crackedupmovie.com\/\" target=\"_blank\" rel=\"noopener\">Film di Cracked Up<\/a> esplora l&#039;impatto che le esperienze infantili avverse possono avere nel corso della vita attraverso l&#039;incredibile storia dell&#039;attore, comico, maestro imitatore e veterano del Saturday Night Live, Darrell Hammond. Ci aiuta a comprendere gli effetti del trauma infantile sotto una nuova luce, abbattendo le barriere dello stigma e sostituendo la vergogna con compassione e speranza.<\/p>\n<p>&nbsp;<\/p>\n<p><b>Bella foto, bella vita<\/b><\/p>\n<p><i>HBO Max<\/i><\/p>\n<p>Nel film <a href=\"https:\/\/www.hbo.com\/movies\/great-photo-lovely-life-facing-a-familys-secrets\" target=\"_blank\" rel=\"noopener\">Bella foto, bella vita<\/a>, photojournalist Amanda Mustard investigates the decades of serial sexual abuse committed by her grandfather. Revealing interviews, archival photographs, and intimate home movies unravel a world of secrets while illustrating Mustard&#8217;s efforts to disrupt the cycle of intergenerational trauma and empower the survivors to move forward. Conversation guides are available on the website.<\/p>\n<p>&nbsp;<\/p>\n<p><b>Guarigione Neen<\/b><\/p>\n<p><em>Cain pi\u00f9 tonico<\/em><\/p>\n<p>La storia di <a href=\"https:\/\/www.youtube.com\/watch?v=AnK00sXdTW8\" target=\"_blank\" rel=\"noopener\">the amazing recovery of Tonier &#8216;Neen&#8217;<\/a> Cain from a lifetime of abuse and drug addiction to a career as a nationally-known speaker and educator on the devastation of trauma and the hope of recovery. Neen&#8217;s story points to the individual and societal consequences of untreated trauma and the need for trauma-informed approaches and services across our systems, including child welfare, mental health, addiction, judicial, housing and corrections.<\/p>\n<p>&nbsp;<\/p>\n<p><b>Tigri di carta<\/b><\/p>\n<p><i>Film di KPJR<\/i><\/p>\n<p><a href=\"https:\/\/kpjrfilms.co\/paper-tigers\/\" target=\"_blank\" rel=\"noopener\">Tigri di carta<\/a> racconta un anno di vita di una scuola superiore che ha cambiato radicalmente il suo approccio alla disciplina dei suoi studenti, diventando un modello di assistenza basata sui traumi e di come spezzare i cicli di povert\u00e0, violenza e malattia che colpiscono le famiglie.<\/p>\n<p>&nbsp;<\/p>\n<p><b>La maschera in cui vivi<\/b><\/p>\n<p><i>Il progetto di restauro<\/i><\/p>\n<p><a href=\"https:\/\/therepproject.org\/films\/the-mask-you-live-in\/\" target=\"_blank\" rel=\"noopener\">La maschera in cui vivi<\/a> follows boys and young men as they struggle to stay true to themselves while negotiating America&#8217;s narrow definition of masculinity.<\/p>\n<p>&nbsp;<\/p>\n<p><b>La crescita dell&#039;America<\/b><\/p>\n<p><i>Documentario Raising of America<\/i><\/p>\n<p>Questo <a href=\"https:\/\/www.raisingofamerica.org\/\" target=\"_blank\" rel=\"noopener\">serie documentaristica in cinque parti<\/a> e strumenti complementari illustrano come un buon inizio per tutti i nostri bambini possa portare a migliori risultati individuali e a un&#039;America pi\u00f9 sana, pi\u00f9 sicura, pi\u00f9 prospera ed equa.<\/p>\n<p>&nbsp;<\/p>\n<p><b>Resilienza, la biologia dello stress e la scienza della speranza<\/b><\/p>\n<p><a href=\"https:\/\/kpjrfilms.co\/resilience\/\" target=\"_blank\" rel=\"noopener\"><i>Film di KPJR<\/i><\/a><\/p>\n<p>Questo documentario d\u00e0 vita alla scienza degli ACE e della resilienza e analizza cosa stanno facendo le comunit\u00e0 per mettere in pratica concretamente la scienza.<\/p>\n\t\t<h3>Incentrato sulla guarigione<\/h3><p><b>Che cosa \u00e8 l&#039;impegno incentrato sulla guarigione<\/b><\/p>\n<p><i>Costruire sistemi di salute comportamentale curativi sponsorizzati dal Dipartimento della Salute del Maryland, Behavioral Health Administration<\/i><\/p>\n<p>Definisce l&#039;impegno incentrato sulla guarigione e fornisce ulteriori <a href=\"https:\/\/www.healingsystemsdata.org\/wp-content\/uploads\/2023\/07\/6.-Healing-Centered-Prinicples-CARMA.pdf\" target=\"_blank\" rel=\"noopener\">risorse sull&#039;impegno incentrato sulla guarigione<\/a>.\u00a0<\/p>\n<p>&nbsp;<\/p>\n<p><b>Comunit\u00e0 auto-guaritrici: un modello trasformativo per migliorare la salute intergenerazionale<\/b><\/p>\n<p><i>Fondazione Robert Wood Johnson, Laura Porter, Kimberly Martin, PhD, Robert Anda, MD, MS\u00a0<\/i><\/p>\n<p><a href=\"https:\/\/cmfdn.org\/wp-content\/uploads\/2018\/06\/Self-Healing-Communities-ES_RWJ-Final.pdf\" target=\"_blank\" rel=\"noopener\">Questo articolo<\/a> presenta il modello delle comunit\u00e0 di auto-guarigione che ha dimostrato di avere successo nel migliorare i tassi di molti problemi sanitari e sociali interrelati e intergenerazionali, investendo nelle persone pi\u00f9 a rischio e riducendo e prevenendo la causa principale di questi problemi: le esperienze infantili avverse (ACE).<\/p>\n\t\t<h3>Informato sul trauma<\/h3><p><b>Guida pratica per l&#039;implementazione di un approccio basato sul trauma<\/b><\/p>\n<p><i>SAMHSA<\/i><\/p>\n<p><a href=\"https:\/\/store.samhsa.gov\/sites\/default\/files\/pep23-06-05-005.pdf\" target=\"_blank\" rel=\"noopener\">Guida di 51 pagine<\/a> per aiutare i sistemi sanitari e di salute comportamentale a essere informati sui traumi.<\/p>\n<p>&nbsp;<\/p>\n<p><b>Kit di strumenti per trasformare i dati in azioni per i sistemi di guarigione<\/b><\/p>\n<p><i>Costruire sistemi di salute comportamentale curativa (BHBHS), Dipartimento della Salute del Maryland, Facolt\u00e0 di Medicina dell&#039;Universit\u00e0 del Maryland, Dipartimento di Psichiatria, Bowie State University, in collaborazione con organizzazioni comunitarie e persone con esperienza vissuta<\/i><\/p>\n<p><a href=\"https:\/\/www.healingsystemsdata.org\/\" target=\"_blank\" rel=\"noopener\">Questo kit di strumenti<\/a> was created to help Maryland&#8217;s Public Behavioral Health Systems become trauma-informed and healing-centered. It has applicability to other systems, agencies, and organizations that wish to become trauma-informed and healing-centered.<\/p>\n<p>&nbsp;<\/p>\n<p><b><i>Stress traumatico secondario: una scheda informativa per i professionisti che si occupano di bambini<\/i><\/b><\/p>\n<p><a href=\"https:\/\/www.nctsn.org\/sites\/default\/files\/resources\/fact-sheet\/secondary_traumatic_stress_child_serving_professionals.pdf\" target=\"_blank\" rel=\"noopener\">Scheda informativa di 7 pagine<\/a> per i professionisti che si occupano di bambini sull&#039;impatto del trauma secondario e sulle misure da adottare per alleviarlo.<\/p>\n<p>&nbsp;<\/p>\n<p><b>Trattamenti basati sulle prove per i traumi<\/b><\/p>\n<p><i>Costruire sistemi di salute comportamentale curativi sponsorizzati dal Dipartimento della Salute del Maryland, Behavioral Health Administration<\/i><\/p>\n<p><a href=\"https:\/\/www.healingsystemsdata.org\/?page_id=224\" target=\"_blank\" rel=\"noopener\">Un elenco non esaustivo<\/a> di tipologie di trattamenti basati sull&#039;evidenza scientifica per adulti, famiglie e bambini che hanno affrontato eventi stressanti e\/o traumatici.\u00a0<\/p>\n\t\t<h3>Leader aziendali<\/h3><p><b>Creare un business case per la prevenzione degli ACE<\/b><\/p>\n<p><i>Prevent Child Abuse Kansas and Kansas Children&#8217;s Service League<\/i><\/p>\n<p><a href=\"https:\/\/www.kdhe.ks.gov\/DocumentCenter\/View\/11429\/Business-Case-for-Prevention-PDF\" target=\"_blank\" rel=\"noopener\">Diapositive della presentazione di PowerPoint<\/a> che sostengono che le aziende dovrebbero impegnarsi attivamente nella prevenzione degli ACE e indicano le misure da adottare per farlo.<\/p>\n<p>&nbsp;<\/p>\n<p><b>What&#8217;s Good for Business is Good for Children<\/b><\/p>\n<p><em>EPIC &#8211; Executives Partnering to Invest in Children &#8211; Colorado<\/em><\/p>\n<p><a href=\"https:\/\/www.coloradoepic.org\/\" target=\"_blank\" rel=\"noopener\">Leader aziendali in Colorado<\/a> collaborare per investire nei bambini e lasciare un&#039;eredit\u00e0 di vero progresso e cambiamento duraturo che andr\u00e0 a beneficio della forza lavoro del futuro.<\/p>\n\t\t<h3>Educatori<\/h3><p><b>CDC&#8217;s Veto Violence Preventing ACEs Online Training for Educators<\/b><\/p>\n<p><i>Centri per il controllo e la prevenzione delle malattie (CDC)<\/i><\/p>\n<p><a href=\"https:\/\/vetoviolence.cdc.gov\/apps\/aces-training\/#\/edu#top\" target=\"_blank\" rel=\"noopener\">Formazione online di 90 minuti<\/a> per gli educatori nella prevenzione degli ACE.<\/p>\n<p>&nbsp;<\/p>\n<p><b>Scuole sensibili ai traumi<\/b><\/p>\n<p><i>Iniziativa politica sui traumi e l&#039;apprendimento<\/i><\/p>\n<p><a href=\"https:\/\/traumasensitiveschools.org\/\" target=\"_blank\" rel=\"noopener\">Strumenti e risorse<\/a> affinch\u00e9 le scuole diventino sensibili ai traumi in modo da garantire che tutti gli studenti, compresi quelli colpiti dal trauma, raggiungano i massimi livelli di successo a scuola e nella vita<\/p>\n\t\t<h3>Fede, comunit\u00e0 spirituali e religiose<\/h3><p><b>CDC&#8217;s Veto Violence &#8211; ACEs Online Training for Faith, Spiritual, and Religious Communities<\/b><\/p>\n<p><i>Centri per il controllo e la prevenzione delle malattie (CDC)<\/i><\/p>\n<p><a href=\"https:\/\/vetoviolence.cdc.gov\/apps\/aces-training\/#\/fsr#top\" target=\"_blank\" rel=\"noopener\">Formazione online di 90 minuti<\/a> sulla prevenzione degli ACE per le comunit\u00e0 religiose, spirituali e di fede.<\/p>\n\t\t<h3>Sistemi di giustizia<\/h3><p><b>Elementi essenziali di un sistema di giustizia minorile informato sul trauma<\/b><\/p>\n<p><i>Rete nazionale per lo stress traumatico infantile<\/i><\/p>\n<p><a href=\"https:\/\/www.nctsn.org\/sites\/default\/files\/resources\/\/essential_elements_trauma_informed_juvenile_justice_system.pdf\" target=\"_blank\" rel=\"noopener\">Breve riassunto di 9 pagine<\/a> sulla creazione di un sistema di giustizia minorile basato sul trauma.<\/p>\n\t\t<h3>Professionisti medici<\/h3><p><b>CDC&#8217;s Veto Violence &#8211; ACEs Online Training for Pediatric Medical Providers<\/b><\/p>\n<p><i>Centri per il controllo e la prevenzione delle malattie (CDC)<\/i><\/p>\n<p><a href=\"https:\/\/vetoviolence.cdc.gov\/apps\/aces-training\/#\/ped\/4-0-1\" target=\"_blank\" rel=\"noopener\">Formazione online di 70 minuti<\/a> sulla prevenzione degli ACE per i professionisti sanitari.<\/p>\n<p>&nbsp;<\/p>\n<p><b>Formazione e risorse per i professionisti medici<\/b><\/p>\n<p><i>ACE consapevoli<\/i><\/p>\n<p><a href=\"https:\/\/training.acesaware.org\/aa\/\" target=\"_blank\" rel=\"noopener\">Formazione online<\/a> per i professionisti sanitari in materia di ACE e screening.<\/p>\n\t\t<h3>Forze dell&#039;ordine<\/h3><p><b>Risoluzione sugli ACE\u00a0<\/b><\/p>\n<p><em>Capi della Polizia Internazionale<\/em><\/p>\n<p><a href=\"https:\/\/www.theiacp.org\/sites\/default\/files\/Adopted%202019%20Resolutions__Final.pdf\" target=\"_blank\" rel=\"noopener\">Vedi pagina 23<\/a> per la risoluzione sul sostegno alla consapevolezza e sullo sviluppo di risorse adeguate.<\/p>\n<p>&nbsp;<\/p>\n<p><b>Creare un sistema di applicazione della legge basato sui traumi<\/b><\/p>\n<p><i>Rete nazionale per lo stress traumatico infantile<\/i><\/p>\n<p><a href=\"https:\/\/www.nctsn.org\/sites\/default\/files\/resources\/\/creating_trauma_informed_law_enforcement_systems.pdf\" target=\"_blank\" rel=\"noopener\">Guida di 7 pagine<\/a> per creare sistemi di applicazione della legge basati sui traumi.<\/p>\n<p>&nbsp;<\/p>\n<p><b>Formazione sui traumi per i professionisti della giustizia penale<\/b><\/p>\n<p><em>Amministrazione per i servizi di abuso di sostanze e salute mentale<\/em><\/p>\n<p>Il GAINS Center offre una formazione che aiuta a istruire i professionisti della giustizia penale sull&#039;impatto del trauma e su come sviluppare risposte informate sul trauma. Puoi<a href=\"https:\/\/www.samhsa.gov\/gains-center\/trauma-training-criminal-justice-professionals\" target=\"_blank\" rel=\"noopener\"> cerca istruttori nella tua zona<\/a>.<\/p>\n<p>&nbsp;<\/p>\n<p><b>Police Reform &amp; Trauma Informed Care &#8211; Campaign for Trauma-Informed Policy &amp; Practice (CTIPP) Webinar<\/b><\/p>\n<p><i>Campagna per una politica e una pratica informate sul trauma<\/i><\/p>\n<p>Webinar con 5 rappresentanti delle forze dell&#039;ordine, tra cui due capi della polizia, provenienti da tutto il Paese, che condividono i loro sforzi per aiutare le forze dell&#039;ordine a essere informate sui traumi. <a href=\"https:\/\/www.ctipp.org\/post\/october-2020-ctipp-can-call\" target=\"_blank\" rel=\"noopener\">Avvia il video al minuto 15:04.<\/a><\/p>\n\t\t<h3>Professionisti dei servizi sociali<\/h3><p><b>Kit di strumenti per trasformare i dati in azioni per i sistemi di guarigione<\/b><\/p>\n<p><i>Costruire sistemi di salute comportamentale curativa (BHBHS), Dipartimento della Salute del Maryland, Facolt\u00e0 di Medicina dell&#039;Universit\u00e0 del Maryland, Dipartimento di Psichiatria, Bowie State University, in collaborazione con organizzazioni comunitarie e persone con esperienza vissuta<\/i><\/p>\n<p><a href=\"https:\/\/www.healingsystemsdata.org\/\" target=\"_blank\" rel=\"noopener\">Questo kit di strumenti<\/a> was created to help Maryland&#8217;s Public Behavioral Health Systems become trauma-informed and healing-centered. It has applicability to other systems, agencies, and organizations that wish to become trauma-informed and healing-centered.<\/p>\n<p>&nbsp;<\/p>\n<p><b>Le cose che trasportano: promuovere risposte basate sul trauma agli abusi sugli anziani<\/b><\/p>\n<p><i>Il centro Harry e Jeanette Weinberg per la giustizia degli anziani presso la Hebrew Home a Riverdale<\/i><\/p>\n<p><a href=\"https:\/\/theweinbergcenter.org\/wp-content\/uploads\/2020\/01\/TheThingsTheyCarry-JAN2020.pdf\" target=\"_blank\" rel=\"noopener\">Breve riassunto di 52 pagine<\/a> culls information and insights on trauma in older adults and makes recommendations to make organizations, systems and communities more attuned and responsive to the elders who are suffering in body, mind, heart and spirit as a result of abuse and other traumatic experiences to support healing and hope.<\/p>\n\t\t<h3>Professionisti della salute comportamentale<\/h3><p><b>CDC&#8217;s Veto Violence ACEs Online Training for Mental Health Providers<\/b><\/p>\n<p><i>Centri per il controllo e la prevenzione delle malattie (CDC)<\/i><\/p>\n<p><a href=\"https:\/\/vetoviolence.cdc.gov\/apps\/aces-training\/#\/mhp\/3-0-1#top\" target=\"_blank\" rel=\"noopener\">Formazione online di 60 minuti<\/a> sulla prevenzione degli ACE per gli operatori sanitari della salute mentale.<\/p>\n<p>&nbsp;<\/p>\n<p><b>Kit di strumenti per trasformare i dati in azioni per i sistemi di guarigione<\/b><\/p>\n<p><i>Costruire sistemi di salute comportamentale curativa (BHBHS), Dipartimento della Salute del Maryland, Facolt\u00e0 di Medicina dell&#039;Universit\u00e0 del Maryland, Dipartimento di Psichiatria, Bowie State University, in collaborazione con organizzazioni comunitarie e persone con esperienza vissuta<\/i><\/p>\n<p><a href=\"https:\/\/www.healingsystemsdata.org\/\" target=\"_blank\" rel=\"noopener\">Questo kit di strumenti<\/a> was created to help Maryland&#8217;s Public Behavioral Health Systems become trauma-informed and healing-centered. It has applicability to other systems, agencies, and organizations that wish to become trauma-informed and healing-centered.<\/p>\n\t\t<h3>Professionisti del benessere dei minori<\/h3><p><b><i>Applicazione della scienza dello sviluppo infantile nei sistemi di benessere infantile<\/i><\/b><\/p>\n<p><a href=\"https:\/\/harvardcenter.wpenginepowered.com\/wp-content\/uploads\/2019\/04\/HCDC_InBrief_Child_Welfare_Systems.pdf\" target=\"_blank\" rel=\"noopener\">Breve riassunto di 2 pagine<\/a> che espone i principi scientifici dello sviluppo infantile e fornisce indicazioni affinch\u00e9 le agenzie pubbliche e private, i tribunali, i genitori affidatari e i volontari che lavorano nel sistema di assistenza all&#039;infanzia possano mettere in pratica i principi scientifici.<\/p>\n<p>&nbsp;<\/p>\n<p><b>Kit di strumenti per la formazione sui traumi del benessere dei bambini<\/b><\/p>\n<p><i>Rete nazionale per lo stress traumatico infantile<\/i><\/p>\n<p><a href=\"https:\/\/www.nctsn.org\/resources\/child-welfare-trauma-training-toolkit\" target=\"_blank\" rel=\"noopener\">Formazione online<\/a> per i professionisti del benessere dei minori nell&#039;implementazione di conoscenze e competenze basate sui traumi nelle loro interazioni quotidiane, nei servizi professionali e nella cultura organizzativa.<\/p>\n\t\t<h3>Genitori affidatari\/risorse<\/h3><p><b>Curriculum genitoriale di risorse online<\/b><\/p>\n<p><i>Rete nazionale per lo stress traumatico infantile<\/i><\/p>\n<p><a href=\"https:\/\/www.nctsn.org\/resources\/resource-parent-curriculum-rpc-online\" target=\"_blank\" rel=\"noopener\">Un curriculum online<\/a> per i fornitori e i genitori affidatari\/di risorse che utilizzano o sono interessati a utilizzare il <i>Prendersi cura dei bambini che hanno subito traumi: un workshop per genitori risorse<\/i> programmi di studio nelle loro comunit\u00e0.<\/p>\n\t<h3>Indice<\/h3>\n<ul>\n<li><a href=\"#paces-online-network\">Reti online PACE<\/a><\/li>\n<li><a href=\"#aces-training\">Formazione ACE<\/a><\/li>\n<li><a href=\"#adult-executive-function-skills\">Sviluppo delle capacit\u00e0 delle funzioni esecutive per gli adulti<\/a><\/li>\n<li><a href=\"#communicating-developmental-science\">Comunicare la scienza dello sviluppo<\/a><\/li>\n<li><a href=\"#essentials-for-childhood\">Elementi essenziali per l&#039;infanzia<\/a><\/li>\n<li><a href=\"#community-screenings-discussions\">Film per proiezioni e discussioni comunitarie<\/a><\/li>\n<li><a href=\"#healing-centered\">Incentrato sulla guarigione<\/a><\/li>\n<li><a href=\"#trauma-informed\">Informato sul trauma<\/a><\/li>\n<\/ul>\n<h3>Risorse professionali<\/h3>\n<ul>\n<li><a href=\"#business-leaders\">Leader aziendali<\/a><\/li>\n<li><a href=\"#educators\">Educatori<\/a><\/li>\n<li><a href=\"#religious-communities\">Comunit\u00e0 religiose<\/a><\/li>\n<li><a href=\"#justice-systems\">Sistemi di giustizia<\/a><\/li>\n<li><a href=\"#medical-professionals\">Professionisti medici<\/a><\/li>\n<li><a href=\"#law-enforcement\">Forze dell&#039;ordine<\/a><\/li>\n<li><a href=\"#social-services-professionals\">Professionisti dei servizi sociali<\/a><\/li>\n<li><a href=\"#behavioral-health-professionals\">Professionisti della salute comportamentale<\/a><\/li>\n<li><a href=\"#child-welfare-professionals\">Professionisti del benessere dei minori<\/a><\/li>\n<li><a href=\"#foster-parents\">Risorse \/ Genitori affidatari<\/a><\/li>\n<\/ul>","protected":false},"excerpt":{"rendered":"<p>DIVE DEEPER | PARTNERS Community Partners EFC relies on the experience, expertise and depth of knowldedge of our partners across many different fields and sectors to guide our collective work. Take the time to dig deeper and connect directly here. PACEs Online Networks Launch and Grow PACEs Initiatives PACEs Connection They connect people from across&hellip;<\/p>","protected":false},"author":1,"featured_media":28027,"parent":0,"menu_order":0,"comment_status":"closed","ping_status":"closed","template":"","meta":{"footnotes":""},"class_list":["post-27814","page","type-page","status-publish","has-post-thumbnail","hentry"],"_links":{"self":[{"href":"https:\/\/marylandefc.org\/it\/wp-json\/wp\/v2\/pages\/27814","targetHints":{"allow":["GET"]}}],"collection":[{"href":"https:\/\/marylandefc.org\/it\/wp-json\/wp\/v2\/pages"}],"about":[{"href":"https:\/\/marylandefc.org\/it\/wp-json\/wp\/v2\/types\/page"}],"author":[{"embeddable":true,"href":"https:\/\/marylandefc.org\/it\/wp-json\/wp\/v2\/users\/1"}],"replies":[{"embeddable":true,"href":"https:\/\/marylandefc.org\/it\/wp-json\/wp\/v2\/comments?post=27814"}],"version-history":[{"count":0,"href":"https:\/\/marylandefc.org\/it\/wp-json\/wp\/v2\/pages\/27814\/revisions"}],"wp:featuredmedia":[{"embeddable":true,"href":"https:\/\/marylandefc.org\/it\/wp-json\/wp\/v2\/media\/28027"}],"wp:attachment":[{"href":"https:\/\/marylandefc.org\/it\/wp-json\/wp\/v2\/media?parent=27814"}],"curies":[{"name":"wp","href":"https:\/\/api.w.org\/{rel}","templated":true}]}}