{"id":28336,"date":"2025-04-28T12:10:24","date_gmt":"2025-04-28T19:10:24","guid":{"rendered":"https:\/\/marylandefc.org\/?page_id=28336"},"modified":"2026-03-31T12:39:48","modified_gmt":"2026-03-31T19:39:48","slug":"vroom","status":"publish","type":"page","link":"https:\/\/marylandefc.org\/it\/vroom\/","title":{"rendered":"Maryland Grown-Ups: Ottieni i consigli di Vroom\u2122 e diventa un vero mentore"},"content":{"rendered":"<figure itemscope itemtype=\"https:\/\/schema.org\/ImageObject\">\n\t\t\t\t<img decoding=\"async\" src=\"https:\/\/marylandefc.org\/wp-content\/uploads\/2025\/04\/Grandfather-blowing-bubbles-with-grandaughter.jpg\" alt=\"Grandfather blowing bubbles with grandaughter\" height=\"800\" width=\"1200\" title=\"Nonno che soffia bolle con la nipote\" onerror=\"this.style.display='none'\" loading=\"lazy\" \/>\n\t<\/figure>\n\t<h2>Sii uno sviluppatore di cervelli!<\/h2>\n<p>Hai tutto ci\u00f2 che serve per aiutare tuo figlio a crescere bene! Apporta piccoli cambiamenti alle tue interazioni quotidiane e fai una grande differenza nella vita di tuo figlio.<\/p>\n<p>Sii un vero e proprio mentore e arricchisci l&#039;apprendimento durante i pasti, il gioco, il bagnetto e la nanna. Ogni momento pu\u00f2 essere un momento per entrare in contatto con un bambino, anche mentre si aspetta in fila! Abbiamo collaborato con Vroom per mettere in contatto i genitori con questi consigli semplici e divertenti.<\/p>\n<p>Ricevi gratuitamente i Vroom Tips\u2122.<\/p>\n\t\t\t<a href=\"https:\/\/app.vroom.org\/?lng=en\" target=\"_blank\" rel=\"noopener\">\n\t\t\t\t\t\t\tOttieni Vroom\n\t\t\t\t\t<\/a>\n<figure itemscope itemtype=\"https:\/\/schema.org\/ImageObject\">\n\t\t\t\t<img decoding=\"async\" src=\"https:\/\/marylandefc.org\/wp-content\/uploads\/2024\/02\/BrainArchitecture_EFC_icon.svg\" alt=\"Brain Architecture icons with brain and scaffolding\" height=\"376\" width=\"376\" title=\"Icona_EFC_Architecture_Brain\" onerror=\"this.style.display='none'\" loading=\"lazy\" \/>\n\t<\/figure>\n\t\t<h2>Vroom nel Maryland<\/h2><p>I Vroom Tips\u2122 semplificano la scienza del cervello. Tre principi fondamentali guidano i suggerimenti, e sono gli stessi che guidano la scienza alla base del nostro <a href=\"https:\/\/marylandefc.org\/it\/grownups\/\">Kit di strumenti per la costruzione del cervello<\/a>. Ecco perch\u00e9 Maryland Essentials for Childhood ha collaborato con Vroom per portare queste risorse nel Maryland.<\/p>\n<p>I tre principi fondamentali sono:<\/p>\n<ol>\n<li>Relazioni positive tra adulti e bambini<\/li>\n<li>Interazione avanti e indietro: ci\u00f2 che ci piace chiamare &quot;servire e restituire&quot;\u201c<\/li>\n<li>Abilit\u00e0 di vita che promuovono la funzione esecutiva<\/li>\n<\/ol>\n<p>Possiamo tutti aiutare i bambini a prosperare, un momento, una connessione alla volta!<\/p>\n<h3>Sviluppo cerebrale per i futuri genitori<\/h3>\n<p>Vroom now has new tools for expecting parents. Whether it&#8217;s your first time or you have other children, boost your confidence, connection, and calm even before the baby arrives. Start building parenting skills before the baby even arrives.<\/p>\n<p>&nbsp;<\/p>\n<h2>\n\t\t\tCome usare Vroom\t<\/h2>\n\t\t<figure itemscope itemtype=\"https:\/\/schema.org\/ImageObject\">\n\t\t\t\t<a href=\"\/it\/get-involved\/ace-science\/\"  target=\"_self\" itemprop=\"url\">\n\t\t\t\t<img decoding=\"async\" src=\"https:\/\/marylandefc.org\/wp-content\/uploads\/2024\/02\/MEC-Icons_v2_websearch.svg\" alt=\"web search icon\" height=\"300\" width=\"300\" title=\"MEC-Icone_v2_ricerca web\" onerror=\"this.style.display='none'\" loading=\"lazy\" \/>\n\t\t\t\t<\/a>\n\t<\/figure>\n<h3><a href=\"\/it\/get-involved\/ace-science\/\" target=\"_self\">In linea<\/a><\/h3><p>Se ti prendi cura o sostieni un bambino di et\u00e0 compresa tra 0 e 5 anni, questi suggerimenti sono perfetti per te!<\/p>\n<a href=\"https:\/\/app.vroom.org\/?lng=en\" target=\"_blank\" rel=\"noopener\">Ottieni Vroom<\/a><br \/>\n(Disponibile in inglese e spagnolo)\n\t\t<figure itemscope itemtype=\"https:\/\/schema.org\/ImageObject\">\n\t\t\t\t<a href=\"\/it\/get-involved\/ace-science\/\"  target=\"_self\" itemprop=\"url\">\n\t\t\t\t<img decoding=\"async\" src=\"https:\/\/marylandefc.org\/wp-content\/uploads\/2024\/01\/MEC-Icons_digital-talk.svg\" alt=\"Talking online with someone icon\" height=\"300\" width=\"300\" title=\"MEC-Icone_discussione digitale\" onerror=\"this.style.display='none'\" loading=\"lazy\" \/>\n\t\t\t\t<\/a>\n\t<\/figure>\n<h3><a href=\"\/it\/get-involved\/ace-science\/\" target=\"_self\">Sull&#039;app<\/a><\/h3><p>Scarica l&#039;app e scopri oltre 1.000 attivit\u00e0 per aiutare il cervello del tuo bambino a crescere. Disponibile in inglese e spagnolo.<\/p>\n<p><a href=\"https:\/\/apps.apple.com\/us\/app\/vroom-early-learning\/id885948312\" target=\"_blank\" rel=\"noopener\">Scarica dall&#039;App Store (Apple)<\/a><\/p>\n<p><a href=\"https:\/\/play.google.com\/store\/apps\/details?id=org.joinvroom.dailyvroom&amp;hl=en_US&amp;pli=1\" target=\"_blank\" rel=\"noopener\">Scarica su Google Play (Android)<\/a><\/p>\n\t\t<figure itemscope itemtype=\"https:\/\/schema.org\/ImageObject\">\n\t\t\t\t<a href=\"\/it\/get-involved\/ace-science\/\"  target=\"_self\" itemprop=\"url\">\n\t\t\t\t<img decoding=\"async\" src=\"https:\/\/marylandefc.org\/wp-content\/uploads\/2024\/01\/MEC-Icons_discussion.svg\" alt=\"text message icons\" height=\"300\" width=\"300\" title=\"MEC-Icone_discussione\" onerror=\"this.style.display='none'\" loading=\"lazy\" \/>\n\t\t\t\t<\/a>\n\t<\/figure>\n<h3><a href=\"\/it\/get-involved\/ace-science\/\" target=\"_self\">Messaggi di testo<\/a><\/h3><p>Ricevi Vroom Tips\u2122 tramite messaggio di testo.<\/p>\n<p><a href=\"https:\/\/www.vroom.org\/sms\" target=\"_blank\" rel=\"noopener\">Iscrizione<\/a><\/p>\n<p>(Disponibile in inglese e spagnolo)<\/p>\n\t<h2>Vroom Tips\u2122 per bambini da 0 a 5 anni<\/h2>\n<p>Ottieni oltre 1000 idee per costruire connessioni positive con i bambini da 0 a 5 anni ogni giorno. Puoi personalizzare i tuoi consigli in base all&#039;et\u00e0. Ogni consiglio include informazioni per metterlo in pratica e informazioni di Brainy Background\u2122 che spiegano i principi scientifici alla base del consiglio. Leggi alcuni esempi di consigli qui sotto.<\/p>\n\t\t<ul>\n\t\t\t\t<li>\n\t\t\t\t<h2>Detective dell&#039;immagine <br \/> (dai 2 ai 4 anni)<\/h2><h4>Mancia<\/h4>\n<p>Incoraggia tuo figlio a fare il detective delle immagini. Guarda un&#039;immagine in un libro o in una rivista. Pu\u00f2 anche essere su un giornale o in una pubblicit\u00e0 su un autobus o un treno. Parlate insieme dell&#039;immagine. Riesci a trovare determinati oggetti? Fai domande come: &quot;Guarda la faccia di quel ragazzo. Come pensi che si senta?&quot;\u201c<\/p>\n<p><img loading=\"lazy\" decoding=\"async\" role=\"img\" src=\"https:\/\/marylandefc.org\/wp-content\/uploads\/2024\/03\/Kids-holding-magnifying-glass.jpg\" alt=\"Book icon\" width=\"400\" height=\"400\" \/><\/p>\n<h4>Sfondo Intelligente\u2122<\/h4>\n<p>Le immagini aiutano il bambino a stabilire connessioni e a comprendere il significato delle parole. Fargli osservare attentamente rafforza la concentrazione e l&#039;autocontrollo. L&#039;esempio qui riportato lo aiuta anche a imparare a riconoscere i sentimenti degli altri.<\/p>\n<p><img loading=\"lazy\" decoding=\"async\" role=\"img\" src=\"https:\/\/marylandefc.org\/wp-content\/uploads\/2025\/05\/Vroom_Logo_PoweredBy_Orange_RGB_R.png\" alt=\"Book icon\" width=\"400\" height=\"400\" \/><\/p>\n\t\t<\/li>\n\t\t\t<li>\n\t\t\t\t<h2>Un altro tentativo <br \/> (dai 2 ai 5 anni)<\/h2><h4>Mancia<\/h4>\n<p>Se tuo figlio si arrende facilmente, mostragli come riprovare. Puoi dire: &quot;Non riesco a trovare il mio cappello&quot;. Poi aggiungi: &quot;Ancora un tentativo! L&#039;ho trovato!&quot;. Festeggia e rifletti su quanto accaduto. &quot;Ci ho riprovato e ce l&#039;ho fatta!&quot;. La prossima volta che vorr\u00e0 rinunciare, prova a dire: &quot;Ancora un tentativo!&quot; con un tono di voce allegro e positivo.<\/p>\n<p><img loading=\"lazy\" decoding=\"async\" role=\"img\" src=\"https:\/\/marylandefc.org\/wp-content\/uploads\/2025\/04\/Mom-hugging-and-comforting-son.jpg\" alt=\"Mom comforting son\" width=\"400\" height=\"400\" \/><\/p>\n<h4>Sfondo Intelligente\u2122<\/h4>\n<p>Dare &quot;Un altro tentativo&quot; a qualcosa \u00e8 facile. Pu\u00f2 aiutare tuo figlio a imparare ad affrontare un compito un po&#039; alla volta. Imparare a non arrendersi pu\u00f2 richiedere tempo, quindi cerca di essere paziente e di renderlo divertente! Perseverare con i compiti aiuter\u00e0 tuo figlio quando cercher\u00e0 di acquisire nuove competenze e raggiungere i suoi obiettivi.<\/p>\n<p><img loading=\"lazy\" decoding=\"async\" role=\"img\" src=\"https:\/\/marylandefc.org\/wp-content\/uploads\/2025\/05\/Vroom_Logo_PoweredBy_Orange_RGB_R.png\" alt=\"Book icon\" width=\"400\" height=\"400\" \/><\/p>\n\t\t<\/li>\n\t\t\t<li>\n\t\t\t\t<h2>Meraviglia dentata <br \/> (Et\u00e0 12 mesi \u2013 2)<\/h2><p>Quando lavate i denti al vostro bambino, guardatevi allo specchio insieme. Parlate di come i vostri denti siano uguali e diversi dai suoi. Ad esempio, avete pi\u00f9 denti e denti pi\u00f9 grandi, ma entrambi fate facce buffe. Seguite il loro esempio e parlate di ci\u00f2 che notano.<\/p>\n<p><img loading=\"lazy\" decoding=\"async\" role=\"img\" src=\"https:\/\/marylandefc.org\/wp-content\/uploads\/2025\/04\/Dad-helping-child-brush-his-teeth.jpg\" alt=\"Dad helping kid brush teeth\" width=\"400\" height=\"400\" \/><\/p>\n<h4>Sfondo Intelligente\u2122<\/h4>\n<p>Confrontare cose uguali e diverse aiuter\u00e0 tuo figlio a classificare le proprie esperienze e a stabilire collegamenti: competenze che saranno importanti in lettura, matematica e scienze in futuro. Questo rafforza anche il suo legame con te!<\/p>\n<p><img loading=\"lazy\" decoding=\"async\" role=\"img\" src=\"https:\/\/marylandefc.org\/wp-content\/uploads\/2025\/05\/Vroom_Logo_PoweredBy_Orange_RGB_R.png\" alt=\"Book icon\" width=\"400\" height=\"400\" \/><\/p>\n\t\t<\/li>\n\t\t<\/ul>\n\t\t\t<a href=\"https:\/\/app.vroom.org\/?lng=en\" target=\"_self\" rel=\"noopener\">\n\t\t\t\t\t\t\tProva Vroom\n\t\t\t\t\t<\/a>\n\t<h2>Vroom \u00e8 per tutti<\/h2>\nOttieni schede di suggerimenti stampabili per adulti, educatori e gruppi della comunit\u00e0.<br \/>\nStampateli e dedicate qualche minuto al giorno ad aiutare il cervello del vostro bambino a crescere forte.\n\t\t<figure itemscope itemtype=\"https:\/\/schema.org\/ImageObject\">\n\t\t\t\t<a href=\"\/it\/get-involved\/ace-science\/\"  target=\"_self\" itemprop=\"url\">\n\t\t\t\t<img decoding=\"async\" src=\"https:\/\/marylandefc.org\/wp-content\/uploads\/2024\/02\/MEC-Icons_v2_strong-start.svg\" alt=\"Ensure strong start icon with baby carriage and family\" height=\"300\" width=\"300\" title=\"MEC-Icons_v2_strong-start\" onerror=\"this.style.display='none'\" loading=\"lazy\" \/>\n\t\t\t\t<\/a>\n\t<\/figure>\n<h3><a href=\"\/it\/get-involved\/ace-science\/\" target=\"_self\">Adulti<\/a><\/h3><p>Se ti prendi cura o sostieni un bambino di et\u00e0 compresa tra 0 e 5 anni, questi suggerimenti sono perfetti per te!<\/p>\n\t\t<figure itemscope itemtype=\"https:\/\/schema.org\/ImageObject\">\n\t\t\t\t<a href=\"\/it\/get-involved\/ace-science\/\"  target=\"_self\" itemprop=\"url\">\n\t\t\t\t<img decoding=\"async\" src=\"https:\/\/marylandefc.org\/wp-content\/uploads\/2024\/01\/MEC-Icons_school.svg\" alt=\"School icon\" height=\"300\" width=\"300\" title=\"MEC-Icone_scuola\" onerror=\"this.style.display='none'\" loading=\"lazy\" \/>\n\t\t\t\t<\/a>\n\t<\/figure>\n<h3><a href=\"\/it\/get-involved\/ace-science\/\" target=\"_self\">Educatori<\/a><\/h3><p>Utilizzare gli strumenti per la creazione di programmi di studio o dispense per genitori e tutori.<\/p>\n\t\t<figure itemscope itemtype=\"https:\/\/schema.org\/ImageObject\">\n\t\t\t\t<a href=\"\/it\/get-involved\/ace-science\/\"  target=\"_self\" itemprop=\"url\">\n\t\t\t\t<img decoding=\"async\" src=\"https:\/\/marylandefc.org\/wp-content\/uploads\/2024\/02\/CaringRespectforSelfOthers_EFC_icon.svg\" alt=\"Caring respect for others icon hands with heart\" height=\"377\" width=\"377\" title=\"AttenzioneRispettoPerS\u00e9Altri_EFC_icon\" onerror=\"this.style.display='none'\" loading=\"lazy\" \/>\n\t\t\t\t<\/a>\n\t<\/figure>\n<h3><a href=\"\/it\/get-involved\/ace-science\/\" target=\"_self\">Gruppi comunitari<\/a><\/h3><p>Incoraggiare i genitori a utilizzare gli strumenti e fornire opuscoli a genitori e tutori.<\/p>\n\t\t\t<a href=\"https:\/\/www.vroom.org\/vroom-materials\" target=\"_self\" rel=\"noopener\">\n\t\t\t\t\t\t\tScaricamento\n\t\t\t\t\t<\/a>","protected":false},"excerpt":{"rendered":"<p>Sii un Costruttore di Cervello! Hai quello che serve per aiutare il tuo bambino a crescere! Apporta piccoli cambiamenti alle tue interazioni quotidiane e fai una grande differenza nella vita di un bambino. Sii un Costruttore di Cervello e aggiungi apprendimento durante i pasti, il gioco, il bagno e la nanna. Ogni momento pu\u00f2 essere un momento per entrare in contatto con un bambino \u2013\u2026<\/p>","protected":false},"author":2,"featured_media":0,"parent":0,"menu_order":0,"comment_status":"closed","ping_status":"closed","template":"","meta":{"footnotes":""},"class_list":["post-28336","page","type-page","status-publish","hentry"],"_links":{"self":[{"href":"https:\/\/marylandefc.org\/it\/wp-json\/wp\/v2\/pages\/28336","targetHints":{"allow":["GET"]}}],"collection":[{"href":"https:\/\/marylandefc.org\/it\/wp-json\/wp\/v2\/pages"}],"about":[{"href":"https:\/\/marylandefc.org\/it\/wp-json\/wp\/v2\/types\/page"}],"author":[{"embeddable":true,"href":"https:\/\/marylandefc.org\/it\/wp-json\/wp\/v2\/users\/2"}],"replies":[{"embeddable":true,"href":"https:\/\/marylandefc.org\/it\/wp-json\/wp\/v2\/comments?post=28336"}],"version-history":[{"count":0,"href":"https:\/\/marylandefc.org\/it\/wp-json\/wp\/v2\/pages\/28336\/revisions"}],"wp:attachment":[{"href":"https:\/\/marylandefc.org\/it\/wp-json\/wp\/v2\/media?parent=28336"}],"curies":[{"name":"wp","href":"https:\/\/api.w.org\/{rel}","templated":true}]}}