{"id":3272,"date":"2024-01-18T13:28:19","date_gmt":"2024-01-18T21:28:19","guid":{"rendered":"https:\/\/marylandefc.org\/?page_id=3272"},"modified":"2026-02-13T12:52:18","modified_gmt":"2026-02-13T20:52:18","slug":"how-we-started","status":"publish","type":"page","link":"https:\/\/marylandefc.org\/it\/about\/how-we-started\/","title":{"rendered":"Come abbiamo iniziato"},"content":{"rendered":"<figure itemscope itemtype=\"https:\/\/schema.org\/ImageObject\">\n\t\t\t\t<img decoding=\"async\" src=\"https:\/\/marylandefc.org\/wp-content\/uploads\/2024\/02\/Vision-board-for-an-organization-on-how-it-starts-and-grows.jpg\" alt=\"Leaders at a vision board pointing to sticky notes\" height=\"800\" width=\"1200\" title=\"Vision board per un&#039;organizzazione su come inizia e cresce\" onerror=\"this.style.display='none'\" loading=\"lazy\" \/>\n\t<\/figure>\n\t<h1>COME ABBIAMO INIZIATO<\/h1>\n\t<h2>Dove tutto \u00e8 iniziato<\/h2>\n<p>Il Maryland vanta una lunga tradizione di professionisti e organizzazioni che si uniscono per lavorare insieme e dare priorit\u00e0 alla prevenzione.<\/p>\n<strong><a href=\"https:\/\/www.healthcarevaluehub.org\/advocate-resources\/what-are-backbone-organizations\" target=\"_blank\" rel=\"noopener\">\u201cOrganizzazioni di base<\/a> fungere da organi di coordinamento che riuniscono una variet\u00e0 di parti interessate e guidano uno sforzo sincronizzato per raggiungere un obiettivo comune.&quot;<br \/>\n<\/strong>\n<p><a href=\"https:\/\/www.healthcarevaluehub.org\/\" target=\"_blank\" rel=\"noopener\">~ Hub del valore dell&#039;assistenza sanitaria<\/a><\/p>\n<h2>\n\t\t\tOrganizzazioni di base\t<\/h2>\n\t<p>Le nostre organizzazioni di riferimento, The Family Tree e il Maryland State Council on Child Abuse and Neglect (SCCAN), hanno da tempo compreso il profondo impatto che il maltrattamento infantile e altre esperienze avverse infantili (ACE) hanno sul benessere dei bambini. I dati sono ampiamente documentati, dalle sfide a breve e lungo termine in termini di salute, comportamento e sviluppo, al successo scolastico, al futuro impiego e al potenziale di guadagno.\u00a0<\/p>\n<figure data-animation-delay=\".2\" data-animation-duration=\"1\" itemscope itemtype=\"https:\/\/schema.org\/ImageObject\">\n\t\t\t\t<img decoding=\"async\" src=\"https:\/\/marylandefc.org\/wp-content\/uploads\/2024\/02\/EFC-Leadership-Pat-Cronin-in-crowd-listening.jpg\" alt=\"EFC Leadership Pat Cronin in crowd listening\" height=\"800\" width=\"1200\" title=\"Il leader dell&#039;EFC Pat Cronin tra la folla\" onerror=\"this.style.display='none'\" loading=\"lazy\" \/>\n\t<\/figure>\n<figure data-animation-delay=\".4\" data-animation-duration=\"1\" itemscope itemtype=\"https:\/\/schema.org\/ImageObject\">\n\t\t\t\t<img decoding=\"async\" src=\"https:\/\/marylandefc.org\/wp-content\/uploads\/2024\/02\/ACE-Interface-Policy-Maker-Reception-Attendees.jpg\" alt=\"ACE Interface Policy Maker Reception Attendees\" height=\"800\" width=\"1200\" title=\"Gruppo di accoglienza dei policy maker dell&#039;interfaccia ACE\" onerror=\"this.style.display='none'\" loading=\"lazy\" \/>\n\t<\/figure>\n\t<p>Tuttavia, non esiste un&#039;agenzia o una strategia formale intersettoriale a livello statale per promuovere il benessere dei bambini e sia per prevenire le esperienze avverse dell&#039;infanzia (ACE) sia per mitigare l&#039;impatto delle ACE sui bambini e sulle loro famiglie.\u00a0<\/p>\n<p>Colmare questa lacuna \u00e8 ci\u00f2 che ha spinto i nostri partner a formare Maryland Essentials for Childhood. Le organizzazioni portanti originali, SCCAN e The Family Tree, e pi\u00f9 di recente, Maryland Information Network, forniscono supporto al lavoro collettivo e alla crescita di Maryland Essentials for Childhood convocando partner, guidando la visione e la strategia, stabilendo misure condivise, supportando attivit\u00e0 allineate, costruendo la volont\u00e0 pubblica, promuovendo le politiche e mobilitando i finanziamenti.<\/p>\n\t\t<h2>SCCAN | Consiglio di Stato del Maryland per l&#039;abuso e la negligenza sui minori<\/h2>\n\t\t<p>Il Maryland State Council on Child Abuse and Neglect (SCCAN), fondato nel 1999, \u00e8 un comitato consultivo del governatore del Maryland e dell&#039;Assemblea generale del Maryland.\u00a0<\/p>\n<p>Il governatore nomina quindici cittadini dello SCCAN che hanno competenze o esperienza diretta di abusi e negligenze sui minori: sopravvissuti, pediatri, avvocati, forze dell&#039;ordine, professionisti della salute mentale, educatori, leader religiosi e sostenitori.\u00a0<\/p>\n<p>Altri otto membri sono designati dal Senato del Maryland, dalla Camera dei rappresentanti del Maryland, dalla magistratura del Maryland e dagli enti del Maryland che si occupano di infanzia e famiglia: il Dipartimento dei servizi umani, il Dipartimento della salute, il Dipartimento dell&#039;istruzione, il Dipartimento dei servizi minorili e l&#039;Associazione degli avvocati dello Stato.\u00a0<\/p>\n<p>SCCAN riferisce annualmente al Governatore e all&#039;Assemblea generale sulla prevenzione, l&#039;individuazione, l&#039;azione penale e il trattamento dell&#039;abuso e della negligenza sui minori. Tiene riunioni aperte per fornire sensibilizzazione e input pubblici per valutare l&#039;impatto delle attuali politiche e pratiche sui bambini e sulle famiglie nella comunit\u00e0.<\/p>\n\t\t\t<a href=\"\/it\/partners\/meetings-reports\/\"  target=\"_self\">\n\t\t\t\t\t\tRapporti SCAAN \/ Partner \/ Gruppi di lavoro\n\t\t\t\t\t<\/a>\n<figure itemscope itemtype=\"https:\/\/schema.org\/ImageObject\">\n\t\t\t\t<img decoding=\"async\" src=\"https:\/\/marylandefc.org\/wp-content\/uploads\/2019\/01\/SCCAN-LOGO-CLEAR.png\" alt=\"SCCAN logo\" height=\"333\" width=\"579\" title=\"LOGO SCCAN CHIARO\" onerror=\"this.style.display='none'\" loading=\"lazy\" \/>\n\t<\/figure>\n<figure itemscope itemtype=\"https:\/\/schema.org\/ImageObject\">\n\t\t\t\t<img decoding=\"async\" src=\"https:\/\/marylandefc.org\/wp-content\/uploads\/2019\/01\/cropped-LBH_TFT_VERT_logo_rgb.png\" alt=\"The Family Tree logo\" height=\"332\" width=\"1046\" title=\"ritagliato-LBH_TFT_VERT_logo_rgb\" onerror=\"this.style.display='none'\" loading=\"lazy\" \/>\n\t<\/figure>\n\t\t<h2>L&#039;albero genealogico<\/h2>\n\t\t<p>Fondata nel 1997, la Family Tree \u00e8 un&#039;organizzazione statale e un&#039;autorit\u00e0 leader nella prevenzione degli abusi e della negligenza sui minori.\u00a0<\/p>\n<p>The Family Tree \u00e8 l&#039;affiliato nazionale di Prevent Child Abuse America, Circle of Parents e Parents as Teachers. La loro visione \u00e8 che tutti i bambini crescano in famiglie e comunit\u00e0 sicure e solidali. Realizzano la loro missione attraverso programmi comprovati e basati sulla ricerca che rafforzano le famiglie e interrompono il ciclo di abusi e negligenza.\u00a0<\/p>\n\t\t\t<a href=\"https:\/\/www.familytreemd.org\/\" target=\"_self\" rel=\"noopener\">\n\t\t\t\t\t\tVisita familytreemd.org\n\t\t\t\t\t<\/a>\n\t\t<h2>Rete informativa del Maryland<\/h2>\n\t\t<p>Il Maryland Information Network \u00e8 il sistema di informazione e segnalazione sanitaria e dei servizi sociali pi\u00f9 completo dello Stato. Con oltre 7.500 risorse, le persone con bisogni essenziali possono accedere all&#039;assistenza locale 24 ore su 24, 7 giorni su 7, 365 giorni all&#039;anno.<\/p>\n<p>The\u00a0Maryland Information Network has been a nonprofit organization since 2010.<\/p>\n\t\t\t<a href=\"https:\/\/mdinfonet.org\/\" target=\"_self\" rel=\"noopener\">\n\t\t\t\t\t\tVisita mdinfonet.org\n\t\t\t\t\t<\/a>\n<figure itemscope itemtype=\"https:\/\/schema.org\/ImageObject\">\n\t\t\t\t<img decoding=\"async\" src=\"https:\/\/marylandefc.org\/wp-content\/uploads\/2025\/05\/2022_MIN_Logo_RGB.svg\" alt=\"Maryland Information Network RGB Logo\" height=\"444\" width=\"1270\" title=\"2022_MIN_Logo_RGB\" onerror=\"this.style.display='none'\" loading=\"lazy\" \/>\n\t<\/figure>\n<h2>\n\t\t\tPartner di pensiero\t<\/h2>\n\t<h3>Mentre Maryland Essentials for Childhood (EFC) continua a evolversi e crescere, continuiamo a riconoscere l&#039;importanza dei partner di pensiero che danno forma alla scienza e aiutano a metterla in pratica. <\/h3>\n<figure itemscope itemtype=\"https:\/\/schema.org\/ImageObject\">\n\t\t\t\t<img decoding=\"async\" src=\"https:\/\/marylandefc.org\/wp-content\/uploads\/2024\/01\/Essentials-for-Childhood-logo-cropped-e1705972680811.png\" alt=\"Essentials for Childhood logo\" height=\"151\" width=\"413\" title=\"Logo Essentials for Childhood ritagliato\" onerror=\"this.style.display='none'\" loading=\"lazy\" \/>\n\t<\/figure>\n\t\t<h3>Proporre strategie<\/h3>\n\t\t<p>Il libro Essentials for Childhood, pubblicato dai Centers for Disease Control and Prevention (CDC), propone strategie che le comunit\u00e0 possono prendere in considerazione per promuovere i tipi di relazioni e di ambienti che aiutano i bambini a crescere e diventare cittadini sani e produttivi, in modo che, a loro volta, possano costruire famiglie e comunit\u00e0 pi\u00f9 forti e sicure per i propri figli.<\/p>\n<p>L&#039;iniziativa statale originale del CDC &quot;Essentials for Childhood&quot; era destinata agli stati impegnati nello sviluppo positivo dei bambini e delle famiglie, e in particolare nella prevenzione di ogni forma di abuso e abbandono sui minori. Nel 2023 il programma originale si \u00e8 concluso e il CDC ha riconcentrato i suoi sforzi in &quot;Essentials for Childhood: Preventing Adverse Childhood Experiences through Data to Action&quot; (Essenziali per l&#039;infanzia: prevenire esperienze infantili negative attraverso i dati e l&#039;azione).\u00a0<\/p>\n<p>Maryland Essentials for Childhood continua a ricevere assistenza tecnica e riconosce il supporto che riceviamo dal CDC nel definire i nostri obiettivi comuni.\u00a0<\/p>\n<p>Prevent Child Abuse America ha presentato Maryland Essentials for Childhood come caso di studio nella sua pubblicazione di gennaio 2026 di <em>Collegamenti essenziali<\/em>. Il Maryland \u00e8 uno stato autosufficiente, mentre l&#039;altro stato menzionato, la Georgia, \u00e8 uno stato finanziato.<\/p>\n\t\t\t<a href=\"https:\/\/preventchildabuse.org\/wp-content\/uploads\/2025\/12\/EfC-Case-Study-Nov-2025.pdf\" target=\"_self\" rel=\"noopener\">\n\t\t\t\t\t\tLeggi il caso di studio\n\t\t\t\t\t<\/a>\n<figure itemscope itemtype=\"https:\/\/schema.org\/ImageObject\">\n\t\t\t\t<img decoding=\"async\" src=\"https:\/\/marylandefc.org\/wp-content\/uploads\/2024\/02\/ACE-Interface-Policy-Maker-Reception-Group-Photo.jpg\" alt=\"ACE Interface Policy Maker Reception\" height=\"800\" width=\"1200\" title=\"Foto di gruppo del responsabile della politica di interfaccia ACE\" onerror=\"this.style.display='none'\" loading=\"lazy\" \/>\n\t<\/figure>\n<h2>\n\t\t\tAttraverso gli anni\t<\/h2>\n\t<p>Maryland Essentials for Childhood \u00e8 stata creata nel 2014, ma i primi passi verso questa iniziativa di impatto collettivo hanno iniziato a prendere forma decenni prima.<\/p>\n<p><a href=\"\/it\/about\/timeline\/\">Visualizza la nostra cronologia<\/a><\/p>","protected":false},"excerpt":{"rendered":"<p>COME ABBIAMO INIZIATO Dove tutto ha avuto inizio Il Maryland vanta una lunga tradizione di professionisti e organizzazioni che si uniscono per lavorare insieme e dare priorit\u00e0 alla prevenzione. &quot;Le organizzazioni di base fungono da organismi di coordinamento che riuniscono una variet\u00e0 di stakeholder e guidano uno sforzo sincronizzato per raggiungere un obiettivo comune&quot;. ~ Health Care Value Hub Organizzazioni di base Il nostro...<\/p>","protected":false},"author":1,"featured_media":26978,"parent":25,"menu_order":0,"comment_status":"closed","ping_status":"closed","template":"","meta":{"footnotes":""},"class_list":["post-3272","page","type-page","status-publish","has-post-thumbnail","hentry"],"_links":{"self":[{"href":"https:\/\/marylandefc.org\/it\/wp-json\/wp\/v2\/pages\/3272","targetHints":{"allow":["GET"]}}],"collection":[{"href":"https:\/\/marylandefc.org\/it\/wp-json\/wp\/v2\/pages"}],"about":[{"href":"https:\/\/marylandefc.org\/it\/wp-json\/wp\/v2\/types\/page"}],"author":[{"embeddable":true,"href":"https:\/\/marylandefc.org\/it\/wp-json\/wp\/v2\/users\/1"}],"replies":[{"embeddable":true,"href":"https:\/\/marylandefc.org\/it\/wp-json\/wp\/v2\/comments?post=3272"}],"version-history":[{"count":0,"href":"https:\/\/marylandefc.org\/it\/wp-json\/wp\/v2\/pages\/3272\/revisions"}],"up":[{"embeddable":true,"href":"https:\/\/marylandefc.org\/it\/wp-json\/wp\/v2\/pages\/25"}],"wp:featuredmedia":[{"embeddable":true,"href":"https:\/\/marylandefc.org\/it\/wp-json\/wp\/v2\/media\/26978"}],"wp:attachment":[{"href":"https:\/\/marylandefc.org\/it\/wp-json\/wp\/v2\/media?parent=3272"}],"curies":[{"name":"wp","href":"https:\/\/api.w.org\/{rel}","templated":true}]}}