{"id":3276,"date":"2024-01-18T13:29:52","date_gmt":"2024-01-18T21:29:52","guid":{"rendered":"https:\/\/marylandefc.org\/?page_id=3276"},"modified":"2026-02-13T17:34:29","modified_gmt":"2026-02-14T01:34:29","slug":"leadership","status":"publish","type":"page","link":"https:\/\/marylandefc.org\/it\/about\/leadership\/","title":{"rendered":"Team di azione di leadership"},"content":{"rendered":"<figure itemscope itemtype=\"https:\/\/schema.org\/ImageObject\">\n\t\t\t\t<img decoding=\"async\" src=\"https:\/\/marylandefc.org\/wp-content\/uploads\/2024\/02\/Multicultural-leadership-team-with-hands-together-in-circle.jpg\" alt=\"Multicultural leadership team with hands together in circle\" height=\"800\" width=\"1200\" title=\"Team di leadership multiculturale con le mani unite in cerchio\" onerror=\"this.style.display='none'\" loading=\"lazy\" \/>\n\t<\/figure>\n\t<h1>TEAM DI AZIONE DI LEADERSHIP<\/h1>\n\t<h2>I nostri sforzi collaborativi<\/h2>\n<p>Maryland Essentials for Childhood (EFC) \u00e8 un&#039;organizzazione guidata da volontari aperta a collaborare con individui, organizzazioni e agenzie che supportano la nostra missione e i nostri obiettivi. <\/p>\n<p>Le persone che fanno parte del nostro Leadership Action Team si sono impegnate a guidare la nostra organizzazione verso la prossima fase di crescita.<\/p>\n<h2>\n\t\t\tSedia\t<\/h2>\n\t\t<h3>La corsia di Wendy G.<\/h3><strong>Sedia<br \/>\n<\/strong>Lei\/La sua\n<strong>Direttore, Programma di residenza in medicina preventiva<br \/>\nUniversit\u00e0 del Maryland, Facolt\u00e0 di Medicina<\/strong>\n<p>Wendy&#8217;s past experience as the Chair of the Maryland State Council for Child Abuse and Neglect, and her current role as Chair of the Foster Care and Child Maltreatment Committee for the Maryland Chapter of the American Academy of Pediatrics simply add to her wealth of professional experience as a pediatrician. <\/p>\n<p>Wendy vive a Pikesville con il marito da 25 anni e mantiene i contatti con i suoi due figli adulti, uno all&#039;universit\u00e0 e l&#039;altro nel mondo del lavoro.<\/p>\n\t<h4><strong>Perch\u00e9 il lavoro di squadra \u00e8 importante per l&#039;attivit\u00e0 dell&#039;EFC?<\/strong><strong><br \/>\n<\/strong><\/h4>\n<p>&#8220;There are so many organizations, groups, and individuals doing wonderful things to help prevent child maltreatment and improve the well-being of children. None can do this on their own, but if we work synergistically, we can limit redundancy and build on what others are doing to effect meaningful change.&#8221;<\/p>\n<p>&nbsp;<\/p>\n<h2>\n\t\t\tMembri\t<\/h2>\n\t\t<h3>Quinton traverso<\/h3><strong>Membro<br \/>\n<\/strong>Lui\/Lui\n<p><b>Consulente<\/b><\/p>\n<p>Quinton porta all&#039;organizzazione la sua esperienza nei settori non profit e governativo, insieme al suo impegno nel ruolo di consulente dell&#039;Howard County Opioid Crisis Community Council e fondatore della Conscious Minds Foundation.\u00a0<\/p>\n<p>Quinton vive a Gwynn Oak con i suoi due gemelli, un maschio e una femmina.\u00a0<\/p>\n<p>\u00c8 il direttore esecutivo di <a href=\"https:\/\/ohanahc.org\/\" target=\"_blank\" rel=\"noopener\">Ohana della contea di Howard<\/a> (OhanaHC) and former President and CEO of the Maryland Information Network, which powers 211 services in Maryland.<\/p>\n\t<h4><strong>What&#8217;s one thing you wish you&#8217;d known when you first became a parent?<\/strong><strong><br \/>\n<\/strong><\/h4>\n<p>&#8220;I wish I had known the importance of self-care. Taking care of myself allows me to be a better parent. I wish I had known that asking for help is a strength, not a weakness. Building a support system is crucial in navigating the challenges of parenthood. Finally, understanding the importance of being flexible and parenting. Every child is unique, and you must be adaptable.&#8221;<\/p>\n\t\t<h3>Kenyn Benjamin<\/h3><strong>Membro<br \/>\n<\/strong>Lui\/Lui\n<strong>Presidente e CEO<br \/>\nLa rete informativa del Maryland\u00a0<\/strong>\n<p>Kenyn vanta oltre vent&#039;anni di esperienza nei servizi sociali del settore pubblico, con particolare attenzione al progresso dei sistemi sociali che rafforzano individui, famiglie e comunit\u00e0. Leader con una mentalit\u00e0 sistemica, Kenyn si impegna a trasformare la visione in azione, costruendo strutture che offrano un supporto concreto e guidino un cambiamento duraturo nei sistemi pubblici.<\/p>\n<p>Grazie alla sua competenza in architettura aziendale, sviluppo organizzativo ed esecuzione strategica, Kenyn sfida i presupposti e reinventa il modo in cui le organizzazioni creano valore, dando vita a comunit\u00e0 pi\u00f9 forti e resilienti.<\/p>\n<p>Kenyn builds resilience in his own life by creating structure amid chaos, whether through music, routines, or reflection. It keeps his mind steady so he can operate under pressure. He&#8217;s actively involved in the Business Architecture Guild and is a musician.<\/p>\n<p>Kenyn&#8217;s childhood in East Baltimore, where co-op gardens and the Shares program were a vital food resource for his family and neighbors, anchors his dedication to community-centered solutions. He brings that lived experience to his work at <a href=\"https:\/\/mdinfonet.org\/\" target=\"_blank\" rel=\"noopener\">Rete informativa del Maryland<\/a>, che alimenta i servizi 211.<\/p>\n\t<h4><strong>Cosa ti entusiasma della neuroscienza e dell&#039;insegnamento della resilienza?<\/strong><strong><br \/>\n<\/strong><\/h4>\n<p>&#8220;Brain science gives people language for what they&#8217;ve lived through. It turns survival into something understandable, and resilience into something teachable.&#8221;<\/p>\n<p>&nbsp;<\/p>\n\t\t<h3>Stacey Marrone<\/h3><strong>Membro<br \/>\n<\/strong>Lei\/La sua\n<strong>Direttore esecutivo<br \/>\nL&#039;albero genealogico<\/strong>\n<p>Stacey vanta una profonda conoscenza ed esperienza nella prevenzione degli abusi sui minori, nei servizi di supporto alla genitorialit\u00e0 e nella costruzione di comunit\u00e0, maturata grazie alla sua carriera nel settore non-profit. Attualmente \u00e8 Direttore Esecutivo di The Family Tree, che \u00e8 anche la sezione del Maryland di Prevent Child Abuse America. Oltre alla sua leadership presso <a href=\"https:\/\/www.familytreemd.org\/\" target=\"_blank\" rel=\"noopener\">L&#039;albero genealogico<\/a>,\u00a0Stacey\u00a0is also a member of the Coalition to Protect Maryland&#8217;s Children and the State Council on Child Abuse and Neglect.<\/p>\n<p>Stacey vive a Middle River con la sua famiglia e le piace essere una mamma di calciatori e restare in contatto con l&#039;associazione degli ex studenti del suo liceo.<\/p>\n<p>&nbsp;<\/p>\n\t<h4><strong>Quali sono le cose che fai per rafforzare la tua resilienza?<\/strong><strong><br \/>\n<\/strong><\/h4>\n<p>&#8220;In order to build and maintain resilience, I practice self-care which includes meditating and utilizing my support system.&#8221;<\/p>\n\t\t<h3>Edward &#8220;Ted&#8221; Gallo<\/h3><strong>Membro<br \/>\n<\/strong>Lui\/Lui\n<b>Direttore esecutivo<\/b><br \/>\n<b>Consiglio di Stato per gli abusi e la negligenza sui minori (SCCAN)<\/b>\n<p>Ted&#8217;s experience as a certified social worker and his leadership with SCCAN put him at the forefront of issues impacting Maryland&#8217;s children and families. SCCAN is an advisory board that makes recommendations to the Governor and General Assembly on policies and training to prevent child abuse and neglect. Ted is dedicated to strengthening systems and building a safer, more responsive child protection framework through public policy, child welfare, and community engagement.<\/p>\n<p>Vive a Chestertown, la contea pi\u00f9 piccola del Maryland (la contea di Kent), con la moglie con cui \u00e8 sposato da 25 anni. Hanno tre figli, tra cui due gemelli identici.\u00a0<\/p>\n<p>Ted \u00e8 attivo nella sua comunit\u00e0: ha prestato servizio presso la Commissione per il distretto storico e attualmente \u00e8 membro della Commissione etica di Chestertown.<\/p>\n\t<h4><strong>What&#8217;s one thing you wish you&#8217;d known when you first became a parent?<\/strong><strong><br \/>\n<\/strong><\/h4>\n<p>&#8220;As the parent of a child with special needs, I wish that I had known how difficult it can be to get services. I wish that I had known where to get help. I wish that I could go back in time and tell myself that everything will be okay with the supports that we put in place ourselves.&#8221;<\/p>\n\t\t<h3>Frank Kros<\/h3><strong>Membro<br \/>\n<\/strong>Lui\/Lui<br \/>\n<strong><br \/>\nPresidente<br \/>\n<\/strong><strong>Gruppo di apprendimento Kros<\/strong>\n<p>Frank is an award-winning public speaker, trainer, and change agent who educates adults on childhood trauma and resilience. He is a skilled child advocate with experience practicing child custody and juvenile law, an author, a visionary leader, and he&#8217;s passionate and committed to improving services for traumatized children on the local, state, and national levels through <a href=\"https:\/\/www.kroslearninggroup.com\/\" target=\"_blank\" rel=\"noopener\">Gruppo di apprendimento Kros<\/a>.<\/p>\n<p>He was selected as an Adverse Childhood Experiences Master Trainer for the state of Maryland (ACE Interface), provided expert testimony on childhood trauma to the United States Senate, and received the 2025 Unsung Hero award from The Family Tree for certifying trainers for Maryland&#8217;s ACE Aware Project.<\/p>\n<p>Frank vive a Fallston con la moglie, Shawn Reagle Kros, ed \u00e8 orgoglioso padre di due figli adulti, oltre a essere un volontario presso la Highlands School e il SARC (Centro Risorse per le Violenze Sessuali e gli Abusi Coniugali). Come oratore pubblico sul tema della resilienza, tra un viaggio e l&#039;altro, Frank rafforza la propria resilienza dedicandosi al giardinaggio, all&#039;attivit\u00e0 fisica, alla lettura e alla pratica della consapevolezza.<\/p>\n\t<h4><strong>Cosa ti entusiasma della neuroscienza e dell&#039;insegnamento della resilienza?<\/strong><strong><br \/>\n<\/strong><\/h4>\n<p>&#8220;The fact that resilience can be taught! Through consistent, intentional practices, adults, communities, counties, and states can dramatically boost the resilience of their children and youth.&#8221;<\/p>\n\t\t<h3>Mitchell Y. Mirviss<\/h3><strong>Membro<br \/>\n<\/strong>Lui\/Lui\n<strong>Partner<\/strong><br \/>\n<strong>Studio legale Venable LLP<\/strong>\n<p>Mitch porta la sua vasta competenza legale e la sua passione per il servizio alle esigenze dei bambini in affidamento a Maryland Essentials for Childhood. La sua passione per il servizio agli altri include la fornitura di servizi pro bono a migliaia di bambini in affidamento di Baltimora City in una class action federale di lunga data iniziata nel 1988.<\/p>\n<p>Mitch e sua moglie vivono nella contea di Montgomery e hanno due figli adulti.<\/p>\n<p>Scopri di pi\u00f9 sul suo lavoro come Partner presso Venable <a href=\"https:\/\/www.venable.com\/\" target=\"_blank\" rel=\"noopener\">Qui.<\/a><\/p>\n\t<h4><strong>Perch\u00e9 il lavoro di squadra \u00e8 importante per l&#039;attivit\u00e0 dell&#039;EFC?<\/strong><strong><br \/>\n<\/strong><\/h4>\n<p>&#8220;One of the main reasons we haven&#8217;t achieved the policies and programs we know will work is that we are too siloed and stuck focused on our own priorities and issues. We are much stronger when we collaborate.&#8221;<\/p>\n<h2>\n\t\t\tMembri emeriti\t<\/h2>\n\t\t<h3>Patricia Cronin<\/h3><p>Lei\/La sua<\/p>\n<strong>Pensionato<br \/>\nEx direttore esecutivo, The Family Tree<\/strong>\n<p>Pat brings decades of expertise to the organization, having been at the table since Maryland Essentials for Childhood&#8217;s inception in addition to the leadership she provided at The Family Tree for 25 years prior to her recent retirement.<\/p>\n<p>Pat vive a Lutherville ed \u00e8 madre di due figli e nonna di altri due nipoti.<\/p>\n<p>&nbsp;<\/p>\n\t<h4><strong>Cosa ti entusiasma della neuroscienza e dell&#039;insegnamento della resilienza?<\/strong><strong><br \/>\n<\/strong><\/h4>\n<p>&#8220;The field continues to be new and exciting. I think back to how I was trained as a social worker on the causes of mental illness and the blame that was placed on families, particularly mothers. The research and development of brain science and resilience has transformed medicine. The more we learn, the more relief and hope we can provide to people. We have the tools we need to foster understanding and impact lives.&#8221;<\/p>\n\t\t<h3>Claudia Remington<\/h3><p>Lei\/La sua<\/p>\n<strong>Pensionato<br \/>\nEx direttore esecutivo, Consiglio dello Stato del Maryland per l&#039;abuso e la negligenza sui minori<\/strong>\nClaudia brings her extensive consensus-building and policy expertise to Maryland Essentials for Childhood as a mediator, attorney, and the former Executive Director of SCCAN. Claudia&#8217;s service to children and their families over decades includes volunteering for Stand for Children and serving as a CASA as well as an ACE Interface Master Trainer.<br \/>\nClaudia vive a Edgewater con il suo labrador bianco Chloe e ha due figli adulti.\n\t<h4><strong>Perch\u00e9 il lavoro di squadra \u00e8 importante per il lavoro presso Maryland EFC?<\/strong><\/h4>\n<p>&#8220;The PACEs science is clear about what children need to thrive. Effectively promoting healthy child development and preventing ACEs will require a statewide public-private, cross-sector plan that is grounded in PACEs science. We owe it to our children and future generations to work together to make that plan and its implementation a reality.&#8221;<\/p>\n\t\t<h3>Giovanna Stine<\/h3><p>Lei\/La sua<\/p>\n<strong>Pensionato<br \/>\nEx direttore del Centro per la promozione della salute, l&#039;istruzione e l&#039;uso del tabacco presso il Dipartimento della salute del Maryland\u00a0<\/strong>\n<p>Joan continua a portare la sua competenza in sanit\u00e0 pubblica, nonch\u00e9 teoria e pratica dell&#039;attaccamento a Maryland Essentials for Childhood, dove ha ricoperto il ruolo di presidente per l&#039;ultimo decennio. Offre consulenza e fornisce corsi di formazione Circle of Security-Parenting per genitori ed educatori sanitari della comunit\u00e0; e fa parte del consiglio direttivo del Maryland Legislative Agenda for Women.<\/p>\n\t<h4><strong>What&#8217;s one thing you want to teach your great-grandchildren?<br \/>\n<\/strong><strong><br \/>\n<\/strong><\/h4>\n<p>&#8220;You&#8217;ve got great and wonderful things ahead of you.\u00a0 Just learn to roll with the punches and all will be well.&#8221;<\/p>\n<figure itemscope itemtype=\"https:\/\/schema.org\/ImageObject\">\n\t\t\t\t<img decoding=\"async\" src=\"https:\/\/marylandefc.org\/wp-content\/uploads\/2024\/01\/MD-EFC-Governance-Structure-.png\" alt=\"Infographic showing EFC organization with backbone orgs, leadership, and workgroups\" height=\"816\" width=\"1056\" title=\"Struttura di governance MD EFC\" onerror=\"this.style.display='none'\" loading=\"lazy\" \/>\n\t<\/figure>\n<h2>\n\t\t\tGruppi di lavoro\t<\/h2>\n\t<p>Il lavoro collettivo di Maryland Essentials for Childhood (EFC) \u00e8 reso possibile grazie alla generosa donazione di tempo, competenza e passione dei nostri <a href=\"https:\/\/marylandefc.org\/it\/partners\/meet-our-partners\/\">soci<\/a>.<\/p>\n<p>We work together at our Maryland Essentials for Childhood bi-monthly meetings and in workgroups to provide the opportunity to look thoroughly at issues and make recommendations based on science, data and the needs of Maryland&#8217;s children.<\/p>\n\t\t\t<a href=\"\/it\/partners\/meetings-reports\/\"  target=\"_self\">\n\t\t\t\t\t\t\tSaperne di pi\u00f9\n\t\t\t\t\t<\/a>","protected":false},"excerpt":{"rendered":"<p>LEADERSHIP ACTION TEAM Our Collaborative Efforts Maryland Essentials for Childhood (EFC) is a volunteer-led organization open to partnering with individuals, organizations and agencies that support our mission and goals. The individuals serving on our Leadership Action Team have committed to leading our organization into its next stage of growth. Chair Wendy G. Lane Chair She\/Her&hellip;<\/p>","protected":false},"author":1,"featured_media":27607,"parent":25,"menu_order":0,"comment_status":"closed","ping_status":"closed","template":"","meta":{"footnotes":""},"class_list":["post-3276","page","type-page","status-publish","has-post-thumbnail","hentry"],"_links":{"self":[{"href":"https:\/\/marylandefc.org\/it\/wp-json\/wp\/v2\/pages\/3276","targetHints":{"allow":["GET"]}}],"collection":[{"href":"https:\/\/marylandefc.org\/it\/wp-json\/wp\/v2\/pages"}],"about":[{"href":"https:\/\/marylandefc.org\/it\/wp-json\/wp\/v2\/types\/page"}],"author":[{"embeddable":true,"href":"https:\/\/marylandefc.org\/it\/wp-json\/wp\/v2\/users\/1"}],"replies":[{"embeddable":true,"href":"https:\/\/marylandefc.org\/it\/wp-json\/wp\/v2\/comments?post=3276"}],"version-history":[{"count":0,"href":"https:\/\/marylandefc.org\/it\/wp-json\/wp\/v2\/pages\/3276\/revisions"}],"up":[{"embeddable":true,"href":"https:\/\/marylandefc.org\/it\/wp-json\/wp\/v2\/pages\/25"}],"wp:featuredmedia":[{"embeddable":true,"href":"https:\/\/marylandefc.org\/it\/wp-json\/wp\/v2\/media\/27607"}],"wp:attachment":[{"href":"https:\/\/marylandefc.org\/it\/wp-json\/wp\/v2\/media?parent=3276"}],"curies":[{"name":"wp","href":"https:\/\/api.w.org\/{rel}","templated":true}]}}