{"id":3278,"date":"2024-01-18T13:30:27","date_gmt":"2024-01-18T21:30:27","guid":{"rendered":"https:\/\/marylandefc.org\/?page_id=3278"},"modified":"2026-03-03T05:57:18","modified_gmt":"2026-03-03T13:57:18","slug":"values","status":"publish","type":"page","link":"https:\/\/marylandefc.org\/it\/about\/values\/","title":{"rendered":"I nostri valori"},"content":{"rendered":"<figure itemscope=\"\" itemtype=\"https:\/\/schema.org\/ImageObject\">\n\t\t\t\t<img decoding=\"async\" src=\"https:\/\/marylandefc.org\/wp-content\/uploads\/2024\/02\/Community-members-holding-hands-united-in-the-same-values.jpg\" alt=\"Community members working together united in the same values\" height=\"800\" width=\"1200\" title=\"I membri della comunit\u00e0 si tengono per mano uniti dagli stessi valori\" onerror=\"this.style.display='none'\" loading=\"lazy\">\n\t<\/figure>\n\t<h1>VALORI<\/h1>\n\t<h2>Cosa apprezziamo?<\/h2>\n<p>Maryland Essentials for Childhood (EFC) serve a collegare scienza, politica e persone, affinch\u00e9 i bambini prosperino. Rendere realt\u00e0 questo obiettivo significa <strong>trasformare il Maryland in una comunit\u00e0 informata sui traumi, aperta a tutti.<\/strong><\/p>\n\t<h2>Collaborazione<\/h2>\n<p>EFC si impegna a riunire le persone per sfruttare le loro competenze, esperienze vissute e competenze per raggiungere la nostra missione. Questo processo include lo sviluppo di un&#039;ampia agenda comune e l&#039;utilizzo di un approccio di impatto collettivo per raggiungere il successo.&nbsp;<\/p>\n<figure data-animation-delay=\"0\" data-animation-duration=\"1\" itemscope=\"\" itemtype=\"https:\/\/schema.org\/ImageObject\">\n\t\t\t\t<img decoding=\"async\" src=\"https:\/\/marylandefc.org\/wp-content\/uploads\/2024\/01\/MEC-Graphics_mid-orange-circle.svg\" alt=\"orange circle\" height=\"374\" width=\"374\" title=\"MEC-Graphics_cerchio arancione medio\" onerror=\"this.style.display='none'\" loading=\"lazy\">\n\t<\/figure>\n<figure itemscope=\"\" itemtype=\"https:\/\/schema.org\/ImageObject\">\n\t\t\t\t<img decoding=\"async\" src=\"https:\/\/marylandefc.org\/wp-content\/uploads\/2024\/02\/Trauma_Labeled_EFC_icons.svg\" alt=\"Trauma Informed process with icons\" height=\"429\" width=\"1291\" title=\"Trauma_Etichettato_EFC_icone\" onerror=\"this.style.display='none'\" loading=\"lazy\">\n\t<\/figure>\n\t\t<h2>Processo informato sul trauma<\/h2>\n\t\t<p>EFC riconosce che ci sono dei passaggi da seguire per diventare consapevoli del trauma. Sosteniamo individui, comunit\u00e0, organizzazioni e funzionari eletti nel percorrere questo processo dall&#039;essere:<\/p>\n<ul>\n<li>Consapevolezza del trauma = consapevolezza<\/li>\n<li>Sensibile al trauma = Conoscenze e abilit\u00e0<\/li>\n<li>Trauma Responsive = Cambiamento e Integrazione<\/li>\n<li>Trauma-Informato = Leadership<\/li>\n<\/ul>\n\t\t\t<a href=\"https:\/\/marylandefc.org\/wp-content\/uploads\/2024\/01\/FINAL-Toward-A-More-Prosperous-Maryland-ACEs-Legislative-Brief.pdf\" target=\"_self\">\n\t\t\t\t\t\tSaperne di pi\u00f9\n\t\t\t\t\t<\/a>\n\t\t<h2>Agenda comune<\/h2><h3>Gli sforzi di Maryland Essentials for Childhood seguono questi principi guida:<\/h3>\n<figure data-animation-delay=\"0\" data-animation-duration=\"1\" itemscope=\"\" itemtype=\"https:\/\/schema.org\/ImageObject\">\n\t\t\t\t<img decoding=\"async\" src=\"https:\/\/marylandefc.org\/wp-content\/uploads\/2024\/01\/MEC-Graphics_rayeshalf-light-aqua.svg\" alt=\"aqua colored circle with speckled dots\" height=\"374\" width=\"374\" title=\"MEC-Graphics_rayes+mezza luce acquamarina\" onerror=\"this.style.display='none'\" loading=\"lazy\">\n\t<\/figure>\n\t\t<h3>1. Garantire relazioni e ambienti sicuri, stabili e stimolanti<\/h3><p>affinch\u00e9 tutti i bambini e le famiglie possano realizzare appieno il loro potenziale come cittadini autosufficienti, socialmente impegnati e produttivi.<\/p>\n\t\t<h3>2. Mantenere una collaborazione tra pi\u00f9 settori<\/h3><p>per svolgere attivit\u00e0 strategiche e reciprocamente rafforzative, allineate al nostro programma comune.<\/p>\n\t\t<h3>3. Il raggiungimento dei nostri obiettivi richiede cambiamenti in pi\u00f9 sistemi,<\/h3><p>concentrandosi sui principali determinanti sociali ed economici, modificando le norme sociali e le politiche governative e istituzionali.<\/p>\n\t\t<h3>4. I sistemi di messa a terra cambiano in base alle migliori prove disponibili<\/h3><p>e impegnandosi costantemente a migliorare la qualit\u00e0 dei programmi, dei servizi e dei sistemi.<\/p>\n\t\t<h3>5. Fornire un&#039;assistenza culturalmente e linguisticamente congruente<\/h3><p>a coloro che sono assistiti nell&#039;ambito di programmi, servizi e sistemi.<\/p>\n\t\t<h3>6. Adottare misure per ridurre le disuguaglianze e le disparit\u00e0<\/h3><p>che sono evitabili, ingiusti e prevenibili per migliorare la salute e il benessere generale dei bambini.<\/p>\n\t\t\t<a href=\"https:\/\/marylandefc.org\/wp-content\/uploads\/2025\/02\/EFC-Anti-Racist-Statement-FINAL-2025.pdf\" target=\"_blank\" rel=\"noopener\">\n\t\t\t\t\t\tLeggi la dichiarazione antirazzista del Maryland EFC\n\t\t\t\t\t<\/a>\n\t\t<h3>Scopri di pi\u00f9 sull&#039;agenda comune<\/h3>\n\t\t\t<a href=\"https:\/\/marylandefc.org\/wp-content\/uploads\/2024\/01\/Maryland-Common-Agenda-Document-10-3.docx.pdf\" target=\"_blank\" rel=\"noopener\">\n\t\t\t\t\t\tImmergiti pi\u00f9 a fondo\n\t\t\t\t\t<\/a>","protected":false},"excerpt":{"rendered":"<p>VALUES What do we value? Maryland Essentials for Childhood (EFC) serves to connect science, policy and people, so children thrive. Making that goal a reality means transforming Maryland into a trauma-informed community for everyone. Collaboration EFC strives to bring people together to leverage their skills, lived experience and expertise to achieve our mission. This process&hellip;<\/p>","protected":false},"author":1,"featured_media":27611,"parent":25,"menu_order":0,"comment_status":"closed","ping_status":"closed","template":"","meta":{"footnotes":""},"class_list":["post-3278","page","type-page","status-publish","has-post-thumbnail","hentry"],"_links":{"self":[{"href":"https:\/\/marylandefc.org\/it\/wp-json\/wp\/v2\/pages\/3278","targetHints":{"allow":["GET"]}}],"collection":[{"href":"https:\/\/marylandefc.org\/it\/wp-json\/wp\/v2\/pages"}],"about":[{"href":"https:\/\/marylandefc.org\/it\/wp-json\/wp\/v2\/types\/page"}],"author":[{"embeddable":true,"href":"https:\/\/marylandefc.org\/it\/wp-json\/wp\/v2\/users\/1"}],"replies":[{"embeddable":true,"href":"https:\/\/marylandefc.org\/it\/wp-json\/wp\/v2\/comments?post=3278"}],"version-history":[{"count":0,"href":"https:\/\/marylandefc.org\/it\/wp-json\/wp\/v2\/pages\/3278\/revisions"}],"up":[{"embeddable":true,"href":"https:\/\/marylandefc.org\/it\/wp-json\/wp\/v2\/pages\/25"}],"wp:featuredmedia":[{"embeddable":true,"href":"https:\/\/marylandefc.org\/it\/wp-json\/wp\/v2\/media\/27611"}],"wp:attachment":[{"href":"https:\/\/marylandefc.org\/it\/wp-json\/wp\/v2\/media?parent=3278"}],"curies":[{"name":"wp","href":"https:\/\/api.w.org\/{rel}","templated":true}]}}