{"id":25,"date":"2019-04-05T20:40:50","date_gmt":"2019-04-05T20:40:50","guid":{"rendered":"https:\/\/marylandefc.org\/?page_id=25"},"modified":"2026-02-13T15:17:14","modified_gmt":"2026-02-13T23:17:14","slug":"about","status":"publish","type":"page","link":"https:\/\/marylandefc.org\/pt\/about\/","title":{"rendered":"Sobre"},"content":{"rendered":"<figure itemscope itemtype=\"https:\/\/schema.org\/ImageObject\">\n\t\t\t\t<img decoding=\"async\" src=\"https:\/\/marylandefc.org\/wp-content\/uploads\/2024\/02\/Community-members-planting-a-tree.jpg\" alt=\"Community members planting a tree\" height=\"800\" width=\"1200\" title=\"Pessoas plantando uma \u00e1rvore\" onerror=\"this.style.display='none'\" loading=\"lazy\" \/>\n\t<\/figure>\n\t<h1>SOBRE N\u00d3S<\/h1>\n\t<h2>Quem somos<\/h2>\n<p>Maryland Essentials for Childhood (EFC) \u00e9 uma iniciativa estadual de impacto coletivo para prevenir experi\u00eancias adversas na inf\u00e2ncia. <\/p>\n<p>N\u00f3s encorajamos <strong>uma abordagem multigeracional que promove relacionamentos e ambientes seguros, est\u00e1veis e estimulantes que ajudam as crian\u00e7as a crescerem e se tornarem cidad\u00e3os saud\u00e1veis e produtivos. <\/strong><\/p>\n<p>Por sua vez, esses cidad\u00e3os podem construir fam\u00edlias e comunidades mais fortes e seguras para seus filhos.<\/p>\n\t<h3>Nossa Vis\u00e3o<\/h3>\n<p>Todas as crian\u00e7as, jovens e suas fam\u00edlias de Maryland prosperam em relacionamentos e ambientes seguros, est\u00e1veis e acolhedores.<\/p>\n<figure data-animation-delay=\"0\" data-animation-duration=\"1\" itemscope itemtype=\"https:\/\/schema.org\/ImageObject\">\n\t\t\t\t<img decoding=\"async\" src=\"https:\/\/marylandefc.org\/wp-content\/uploads\/2024\/02\/Adolescents-with-skateboardsand-weighing-risks-and-rewards.jpg\" alt=\"Adolescents with skateboards weighing risks and rewards\" height=\"800\" width=\"1200\" title=\"Adolescentes com skates discutem riscos e benef\u00edcios.\" onerror=\"this.style.display='none'\" loading=\"lazy\" \/>\n\t<\/figure>\n<figure data-animation-delay=\"0\" data-animation-duration=\"1\" itemscope itemtype=\"https:\/\/schema.org\/ImageObject\">\n\t\t\t\t<img decoding=\"async\" src=\"https:\/\/marylandefc.org\/wp-content\/uploads\/2024\/02\/Girls-on-a-mission-raking-leaves.jpg\" alt=\"Girls on a mission raking leaves\" height=\"800\" width=\"1200\" title=\"Meninas varrendo folhas\" onerror=\"this.style.display='none'\" loading=\"lazy\" \/>\n\t<\/figure>\n\t<h3>Nossa Miss\u00e3o<\/h3>\n<p>Desenvolver uma agenda comum entre diversas ag\u00eancias e partes interessadas para alinhar atividades, programas, pol\u00edticas e financiamento para que todas as crian\u00e7as, jovens e suas fam\u00edlias de Maryland tenham relacionamentos e ambientes seguros, est\u00e1veis e estimulantes.<\/p>\n\t<h2>Nossos Objetivos<\/h2>\n<p>A EFC emprega os princ\u00edpios de impacto coletivo e a pesquisa em constante evolu\u00e7\u00e3o em ci\u00eancia do c\u00e9rebro, epigen\u00e9tica e resili\u00eancia para promover nossos objetivos.<\/p>\n<p><strong>Conseguimos isso por meio de:<\/strong><\/p>\n\t\t<figure itemscope itemtype=\"https:\/\/schema.org\/ImageObject\">\n\t\t\t\t<img decoding=\"async\" src=\"https:\/\/marylandefc.org\/wp-content\/uploads\/2024\/01\/MEC-Icons_brain.svg\" alt=\"Brain icon\" height=\"300\" width=\"300\" title=\"MEC-\u00cdcones_c\u00e9rebro\" onerror=\"this.style.display='none'\" loading=\"lazy\" \/>\n\t<\/figure>\n<h3>Educar todos sobre a ci\u00eancia do c\u00e9rebro,<\/h3><p>Experi\u00eancias Adversas na Inf\u00e2ncia (ACEs) e resili\u00eancia; a fim de colocar a ci\u00eancia em a\u00e7\u00e3o para reduzir as ACEs e criar relacionamentos e ambientes seguros, est\u00e1veis e acolhedores para todas as crian\u00e7as de Maryland.<\/p>\n<p><strong><a href=\"\/pt\/grownups\/\">Saber mais<\/a><\/strong><\/p>\n\t\t<figure itemscope itemtype=\"https:\/\/schema.org\/ImageObject\">\n\t\t\t\t<a href=\"\/pt\/partners\/meetings-reports\/\"  target=\"_self\" itemprop=\"url\">\n\t\t\t\t<img decoding=\"async\" src=\"https:\/\/marylandefc.org\/wp-content\/uploads\/2024\/01\/MEC-Icons_data.svg\" alt=\"Data icon\" height=\"300\" width=\"300\" title=\"MEC-\u00cdcones_dados\" onerror=\"this.style.display='none'\" loading=\"lazy\" \/>\n\t\t\t\t<\/a>\n\t<\/figure>\n<h3><a href=\"\/pt\/partners\/meetings-reports\/\" target=\"_self\">Coleta, avalia\u00e7\u00e3o e uso de dados<\/a><\/h3><p>para informar a\u00e7\u00f5es e fazer recomenda\u00e7\u00f5es para melhoria do sistema.<\/p>\n<a href=\"\/pt\/partners\/meetings-reports\/\"  target=\"_self\">Saber mais<\/a>\t\n\t\t<figure itemscope itemtype=\"https:\/\/schema.org\/ImageObject\">\n\t\t\t\t<a href=\"\/pt\/partners\/\"  target=\"_self\" itemprop=\"url\">\n\t\t\t\t<img decoding=\"async\" src=\"https:\/\/marylandefc.org\/wp-content\/uploads\/2024\/01\/MEC-Icons_people.svg\" alt=\"People icon\" height=\"300\" width=\"300\" title=\"MEC-\u00cdcones_pessoas\" onerror=\"this.style.display='none'\" loading=\"lazy\" \/>\n\t\t\t\t<\/a>\n\t<\/figure>\n<h3><a href=\"\/pt\/partners\/\" target=\"_self\">Trabalhando coletivamente<\/a><\/h3><p>incorporar a ci\u00eancia das Experi\u00eancias Positivas e Adversas na Inf\u00e2ncia (PACEs) em sistemas, servi\u00e7os e programas.<\/p>\n<a href=\"\/pt\/partners\/\"  target=\"_self\">Saber mais<\/a>\t\n\t\t<figure itemscope itemtype=\"https:\/\/schema.org\/ImageObject\">\n\t\t\t\t<a href=\"\/pt\/policy\/\"  target=\"_self\" itemprop=\"url\">\n\t\t\t\t<img decoding=\"async\" src=\"https:\/\/marylandefc.org\/wp-content\/uploads\/2024\/02\/LegislatureGovernment_EFC_icon.svg\" alt=\"Legislature Government icon\" height=\"376\" width=\"376\" title=\"LegislaturaGoverno_EFC_icon\" onerror=\"this.style.display='none'\" loading=\"lazy\" \/>\n\t\t\t\t<\/a>\n\t<\/figure>\n<h3><a href=\"\/pt\/policy\/\" target=\"_self\">Trabalhando com governos estaduais e locais<\/a><\/h3><p>para integrar a ci\u00eancia do PACE nas recomenda\u00e7\u00f5es de pol\u00edticas e financiamento.<\/p>\n<a href=\"\/pt\/policy\/\"  target=\"_self\">Saber mais<\/a>","protected":false},"excerpt":{"rendered":"<p>SOBRE N\u00d3S Quem Somos O Maryland Essentials for Childhood (EFC) \u00e9 uma iniciativa estadual de impacto coletivo para prevenir experi\u00eancias adversas na inf\u00e2ncia. Incentivamos uma abordagem multigeracional que promova relacionamentos e ambientes seguros, est\u00e1veis e acolhedores que ajudem as crian\u00e7as a se tornarem cidad\u00e3os saud\u00e1veis e produtivos. Por sua vez, esses cidad\u00e3os podem construir um ambiente mais forte e seguro\u2026<\/p>","protected":false},"author":1,"featured_media":27614,"parent":0,"menu_order":0,"comment_status":"closed","ping_status":"closed","template":"","meta":{"footnotes":""},"class_list":["post-25","page","type-page","status-publish","has-post-thumbnail","hentry"],"_links":{"self":[{"href":"https:\/\/marylandefc.org\/pt\/wp-json\/wp\/v2\/pages\/25","targetHints":{"allow":["GET"]}}],"collection":[{"href":"https:\/\/marylandefc.org\/pt\/wp-json\/wp\/v2\/pages"}],"about":[{"href":"https:\/\/marylandefc.org\/pt\/wp-json\/wp\/v2\/types\/page"}],"author":[{"embeddable":true,"href":"https:\/\/marylandefc.org\/pt\/wp-json\/wp\/v2\/users\/1"}],"replies":[{"embeddable":true,"href":"https:\/\/marylandefc.org\/pt\/wp-json\/wp\/v2\/comments?post=25"}],"version-history":[{"count":0,"href":"https:\/\/marylandefc.org\/pt\/wp-json\/wp\/v2\/pages\/25\/revisions"}],"wp:featuredmedia":[{"embeddable":true,"href":"https:\/\/marylandefc.org\/pt\/wp-json\/wp\/v2\/media\/27614"}],"wp:attachment":[{"href":"https:\/\/marylandefc.org\/pt\/wp-json\/wp\/v2\/media?parent=25"}],"curies":[{"name":"wp","href":"https:\/\/api.w.org\/{rel}","templated":true}]}}