{"id":26563,"date":"2024-01-18T14:45:10","date_gmt":"2024-01-18T22:45:10","guid":{"rendered":"https:\/\/marylandefc.org\/?page_id=26563"},"modified":"2026-02-12T15:15:49","modified_gmt":"2026-02-12T23:15:49","slug":"policies-matter","status":"publish","type":"page","link":"https:\/\/marylandefc.org\/pt\/policy\/policies-matter\/","title":{"rendered":"Por que as pol\u00edticas s\u00e3o importantes"},"content":{"rendered":"<figure itemscope itemtype=\"https:\/\/schema.org\/ImageObject\">\n\t\t\t\t<img decoding=\"async\" src=\"https:\/\/marylandefc.org\/wp-content\/uploads\/2024\/02\/Time-to-Care-Act-legislation-with-Maryland-Governor.jpg\" alt=\"Time to Care Act legislators with Maryland Governor\" height=\"800\" width=\"1200\" title=\"Legisla\u00e7\u00e3o da Lei Time to Care com o governador de Maryland\" onerror=\"this.style.display='none'\" loading=\"lazy\" \/>\n\t<\/figure>\n\t<h1>POR QUE AS POL\u00cdTICAS S\u00c3O IMPORTANTES<\/h1>\n\t<h2>Pol\u00edticas moldam ambientes<\/h2>\n<p>Crian\u00e7as e adolescentes se desenvolvem em um ambiente de relacionamentos e recursos em nossas comunidades. Nossas pol\u00edticas estaduais e locais moldam esses ambientes. Cada pol\u00edtica que definimos deve promover o desenvolvimento saud\u00e1vel e reduzir encargos desnecess\u00e1rios para as crian\u00e7as e os adultos em suas vidas.<\/p>\n<p>Maryland Essentials for Childhood se concentra em seis \u00e1reas de pol\u00edticas que t\u00eam um efeito comprovado e poderoso no desenvolvimento de crian\u00e7as e adolescentes. <\/p>\n<figure itemscope itemtype=\"https:\/\/schema.org\/ImageObject\">\n\t\t\t\t<img decoding=\"async\" src=\"https:\/\/marylandefc.org\/wp-content\/uploads\/2024\/02\/FinancialAssistance_EFC_icon.svg\" alt=\"Strengthen economic supports icon with hand and heart with money\" height=\"376\" width=\"376\" title=\"Assist\u00eancia Financeira_EFC_icon\" onerror=\"this.style.display='none'\" loading=\"lazy\" \/>\n\t<\/figure>\n\t<h2>Fortalecer o apoio econ\u00f4mico \u00e0s fam\u00edlias.<\/h2>\n\t<p>Dificuldades financeiras s\u00e3o uma fonte significativa de estresse, que pode causar ou agravar depress\u00e3o, ansiedade e desafios nos relacionamentos. Quando fam\u00edlias e cuidadores est\u00e3o sob forte estresse, isso pode sobrecarregar suas capacidades de proporcionar \u00e0s crian\u00e7as ambientes seguros, est\u00e1veis e acolhedores. <\/p>\n<p>On the other hand, policies that strengthen families&#8217; financial security and increase family income can reduce stress and increase families&#8217; ability to meet children&#8217;s needs. <\/p>\n<figure data-animation-delay=\"0\" data-animation-duration=\"1\" itemscope itemtype=\"https:\/\/schema.org\/ImageObject\">\n\t\t\t\t<img decoding=\"async\" src=\"https:\/\/marylandefc.org\/wp-content\/uploads\/2024\/02\/Community-farm-workers.jpg\" alt=\"Community farm workers\" height=\"800\" width=\"1200\" title=\"Trabalhadores agr\u00edcolas comunit\u00e1rios\" onerror=\"this.style.display='none'\" loading=\"lazy\" \/>\n\t<\/figure>\n<figure data-animation-delay=\"0\" data-animation-duration=\"1\" itemscope itemtype=\"https:\/\/schema.org\/ImageObject\">\n\t\t\t\t<img decoding=\"async\" src=\"https:\/\/marylandefc.org\/wp-content\/uploads\/2024\/02\/Child-care-teacher-ensuring-a-strong-start-for-children.jpg\" alt=\"Child care teacher working with young students at a table\" height=\"800\" width=\"1200\" title=\"Professora de creche garante um come\u00e7o forte para as crian\u00e7as\" onerror=\"this.style.display='none'\" loading=\"lazy\" \/>\n\t<\/figure>\n<figure itemscope itemtype=\"https:\/\/schema.org\/ImageObject\">\n\t\t\t\t<img decoding=\"async\" src=\"https:\/\/marylandefc.org\/wp-content\/uploads\/2024\/02\/MEC-Icons_v2_strong-start.svg\" alt=\"Ensure strong start icon with baby carriage and family\" height=\"300\" width=\"300\" title=\"MEC-\u00cdcones_v2_strong-start\" onerror=\"this.style.display='none'\" loading=\"lazy\" \/>\n\t<\/figure>\n\t<h2>Garanta um come\u00e7o forte para as crian\u00e7as.<\/h2>\n\t<p>From the earliest stages of life, children&#8217;s brains are being built from interactions with the environments where they grow, learn and play. People and relationships are part of children&#8217;s environments, including parents, siblings, extended families, childcare providers, medical care providers and more. <\/p>\nTogether, these experiences and exposures shape the quality of brain <a href=\"\/pt\/grownups\/early-years\/\">arquitetura<\/a> e estabelecer uma base s\u00f3lida ou fr\u00e1gil para todo o aprendizado, sa\u00fade e comportamento que se seguem. Pol\u00edticas e programas que promovem uma arquitetura cerebral s\u00f3lida equipam as crian\u00e7as para prosperar e beneficiar a todos n\u00f3s a longo prazo.<br \/>\n\n<figure itemscope itemtype=\"https:\/\/schema.org\/ImageObject\">\n\t\t\t\t<img decoding=\"async\" src=\"https:\/\/marylandefc.org\/wp-content\/uploads\/2024\/02\/MEC-Icons_v2_connect-to-adults-and-activities.svg\" alt=\"Connect youth to caring adults icon with two people holding hands\" height=\"300\" width=\"300\" title=\"MEC-Icons_v2_conecte-se a adultos e atividades\" onerror=\"this.style.display='none'\" loading=\"lazy\" \/>\n\t<\/figure>\n\t<h2>Conecte jovens a adultos atenciosos e atividades.<\/h2>\n\t<p>Conex\u00f5es pr\u00f3ximas com adultos, pessoas pr\u00f3ximas e colegas ajudam os jovens a desenvolver suas habilidades para moldar suas pr\u00f3prias vidas, desenvolver resili\u00eancia e prosperar. Quando os jovens se deparam com experi\u00eancias ou ambientes adversos, os relacionamentos de desenvolvimento podem proteg\u00ea-los de efeitos negativos a longo prazo. <\/p>\nPol\u00edticas e programas que conectam jovens a adultos atenciosos e atividades propositais ajudam os jovens a descobrir quem s\u00e3o, cultivar a capacidade de moldar suas pr\u00f3prias vidas e destinos e aprender como contribuir positivamente para o mundo.<br \/>\n\n<figure data-animation-delay=\"0\" data-animation-duration=\"1\" itemscope itemtype=\"https:\/\/schema.org\/ImageObject\">\n\t\t\t\t<img decoding=\"async\" src=\"https:\/\/marylandefc.org\/wp-content\/uploads\/2024\/02\/Caring-adult-helping-a-child-with-ballet.jpg\" alt=\"Caring adult helping a child with ballet\" height=\"800\" width=\"1200\" title=\"Adulto atencioso ajudando uma crian\u00e7a com bal\u00e9\" onerror=\"this.style.display='none'\" loading=\"lazy\" \/>\n\t<\/figure>\n<figure data-animation-delay=\"0\" data-animation-duration=\"1\" itemscope itemtype=\"https:\/\/schema.org\/ImageObject\">\n\t\t\t\t<img decoding=\"async\" src=\"https:\/\/marylandefc.org\/wp-content\/uploads\/2024\/02\/Doctor-talking-to-child-with-teddy-bear-helping-her-during-adversity.jpg\" alt=\"Doctor talking to child with teddy bear\" height=\"800\" width=\"1200\" title=\"M\u00e9dico conversando com crian\u00e7a com ursinho de pel\u00facia ajudando-a durante adversidade\" onerror=\"this.style.display='none'\" loading=\"lazy\" \/>\n\t<\/figure>\n<figure itemscope itemtype=\"https:\/\/schema.org\/ImageObject\">\n\t\t\t\t<img decoding=\"async\" src=\"https:\/\/marylandefc.org\/wp-content\/uploads\/2024\/02\/MEC-Icons_v2_lessen-harm.svg\" alt=\"Lessen harm icon with heart on hand\" height=\"300\" width=\"300\" title=\"MEC-Icons_v2_reduz os danos\" onerror=\"this.style.display='none'\" loading=\"lazy\" \/>\n\t<\/figure>\n\t<h2>Responda com responsabilidade para diminuir os danos.<\/h2>\n\t<p>When children and youth experience serious adversity, we have a shared responsibility to buffer the impact. There are many approaches to doing this, but all work from the basic idea that adding positive supports can counterbalance the weight of negative experiences. While it&#8217;s always better to prevent adversity from happening in the first place, we can&#8217;t always do that. That&#8217;s why we need our systems to be prepared to respond when harmful events do occur. <\/p>\n<figure itemscope itemtype=\"https:\/\/schema.org\/ImageObject\">\n\t\t\t\t<img decoding=\"async\" src=\"https:\/\/marylandefc.org\/wp-content\/uploads\/2024\/02\/MEC-Icons_v3_protect.svg\" alt=\"Social norms icon with people and text messages\" height=\"281\" width=\"281\" title=\"MEC-\u00cdcones_v3_proteger\" onerror=\"this.style.display='none'\" loading=\"lazy\" \/>\n\t<\/figure>\n\t<h2>Promova normas sociais que protejam os jovens.<\/h2>\n<p>&nbsp;<\/p>\n\t<p>Witnessing or experiencing violence can be especially harmful to young people, yet it&#8217;s common to encounter images and attitudes that suggest it&#8217;s no big deal. It doesn&#8217;t have to be this way. We can change social norms that expose children and adolescents to violence, hostility, and abuse. <\/p>\n<p>That&#8217;s why we support approaches that promote healthy ideas about relationships and better ways to resolve conflicts.<\/p>\n<figure data-animation-delay=\"0\" data-animation-duration=\"1\" itemscope itemtype=\"https:\/\/schema.org\/ImageObject\">\n\t\t\t\t<img decoding=\"async\" src=\"https:\/\/marylandefc.org\/wp-content\/uploads\/2024\/02\/Teens-taking-selfies-to-keep-up-with-social-norms.jpg\" alt=\"Teens taking selfies\" height=\"800\" width=\"1200\" title=\"Adolescentes tirando selfies para acompanhar as normas sociais\" onerror=\"this.style.display='none'\" loading=\"lazy\" \/>\n\t<\/figure>\n<figure data-animation-delay=\"0\" data-animation-duration=\"1\" itemscope itemtype=\"https:\/\/schema.org\/ImageObject\">\n\t\t\t\t<img decoding=\"async\" src=\"https:\/\/marylandefc.org\/wp-content\/uploads\/2024\/02\/Grandpa-teaching-his-child-mindfulness-skills.jpg\" alt=\"Grandpa teaching his grandchild mindfulness skills\" height=\"800\" width=\"1200\" title=\"Av\u00f4 ensinando habilidades de aten\u00e7\u00e3o plena ao filho\" onerror=\"this.style.display='none'\" loading=\"lazy\" \/>\n\t<\/figure>\n<figure itemscope itemtype=\"https:\/\/schema.org\/ImageObject\">\n\t\t\t\t<img decoding=\"async\" src=\"https:\/\/marylandefc.org\/wp-content\/uploads\/2024\/02\/MEC-Icons_v2_teach.svg\" alt=\"Teach skills icon with teacher at blackboard\" height=\"300\" width=\"300\" title=\"MEC-\u00cdcones_v2_ensinar\" onerror=\"this.style.display='none'\" loading=\"lazy\" \/>\n\t<\/figure>\n\t<h2>Ensine habilidades.<\/h2>\n\t<p>Quando crian\u00e7as, adolescentes e pais aprendem maneiras eficazes de lidar com o estresse, resolver conflitos e controlar suas emo\u00e7\u00f5es e comportamentos, eles ficam mais bem equipados para lidar com situa\u00e7\u00f5es dif\u00edceis de maneira segura e saud\u00e1vel. <\/p>\n<p>Foi comprovado que programas que ensinam habilidades sociais e emocionais levam a menos viol\u00eancia nas escolas, maiores ganhos no aprendizado acad\u00eamico e din\u00e2micas familiares mais est\u00e1veis e pac\u00edficas.<\/p>","protected":false},"excerpt":{"rendered":"<p>WHY POLICIES MATTER Policies Shape Environments Children and adolescents develop in an environment of relationships and resources across our communities. Our state and local policies shape those environments. Every policy we set should promote healthy development and reduce unnecessary burdens on children and the adults in their lives. Maryland Essentials for Childhood focuses on six&hellip;<\/p>","protected":false},"author":1,"featured_media":27091,"parent":3255,"menu_order":0,"comment_status":"closed","ping_status":"closed","template":"","meta":{"footnotes":""},"class_list":["post-26563","page","type-page","status-publish","has-post-thumbnail","hentry"],"_links":{"self":[{"href":"https:\/\/marylandefc.org\/pt\/wp-json\/wp\/v2\/pages\/26563","targetHints":{"allow":["GET"]}}],"collection":[{"href":"https:\/\/marylandefc.org\/pt\/wp-json\/wp\/v2\/pages"}],"about":[{"href":"https:\/\/marylandefc.org\/pt\/wp-json\/wp\/v2\/types\/page"}],"author":[{"embeddable":true,"href":"https:\/\/marylandefc.org\/pt\/wp-json\/wp\/v2\/users\/1"}],"replies":[{"embeddable":true,"href":"https:\/\/marylandefc.org\/pt\/wp-json\/wp\/v2\/comments?post=26563"}],"version-history":[{"count":0,"href":"https:\/\/marylandefc.org\/pt\/wp-json\/wp\/v2\/pages\/26563\/revisions"}],"up":[{"embeddable":true,"href":"https:\/\/marylandefc.org\/pt\/wp-json\/wp\/v2\/pages\/3255"}],"wp:featuredmedia":[{"embeddable":true,"href":"https:\/\/marylandefc.org\/pt\/wp-json\/wp\/v2\/media\/27091"}],"wp:attachment":[{"href":"https:\/\/marylandefc.org\/pt\/wp-json\/wp\/v2\/media?parent=26563"}],"curies":[{"name":"wp","href":"https:\/\/api.w.org\/{rel}","templated":true}]}}