{"id":26565,"date":"2024-01-18T14:45:21","date_gmt":"2024-01-18T22:45:21","guid":{"rendered":"https:\/\/marylandefc.org\/?page_id=26565"},"modified":"2026-02-12T15:05:07","modified_gmt":"2026-02-12T23:05:07","slug":"timeline","status":"publish","type":"page","link":"https:\/\/marylandefc.org\/pt\/about\/timeline\/","title":{"rendered":"Linha do tempo"},"content":{"rendered":"<figure itemscope itemtype=\"https:\/\/schema.org\/ImageObject\">\n\t\t\t\t<img decoding=\"async\" src=\"https:\/\/marylandefc.org\/wp-content\/uploads\/2024\/02\/Group-of-people-running-in-a-race.jpg\" alt=\"Group of people running in a race\" height=\"800\" width=\"1200\" title=\"Hist\u00f3ria da EFC de Maryland\" onerror=\"this.style.display='none'\" loading=\"lazy\" \/>\n\t<\/figure>\n\t<h1>NOSSA HIST\u00d3RIA<\/h1>\n\t<h2>Atrav\u00e9s dos Anos<\/h2>\n<p>O Maryland Essentials for Childhood foi criado em 2014, mas os alicerces dessa iniciativa de impacto coletivo come\u00e7aram a tomar forma d\u00e9cadas antes.<\/p>\n\t<h3>1974<\/h3>\n<p>Lei de Preven\u00e7\u00e3o e Tratamento do Abuso Infantil (CAPTA) promulgada como lei federal.<\/p>\n\t<h3>1999<\/h3>\n<p>Conselho Estadual sobre Abuso e Neglig\u00eancia Infantil (SCCAN) estabelecido pela Assembleia Geral de Maryland.<\/p>\n\t<h3>2006<\/h3>\n<p>O SCCAN cria o Grupo de Trabalho de Preven\u00e7\u00e3o.<\/p>\n\t<h3>2007-2009<\/h3>\n<p>SCCAN&#8217;s Prevention Workgroup team participates in The PREVENT Child Maltreatment Institute funded by the Doris Duke Foundation and the CDC.<\/p>\n\t<h3>2012<\/h3>\n<p>O SCCAN adota as metas do CDC Essentials for Childhood para direcionar seu trabalho.<\/p>\n\t<h3>2014<\/h3>\n<p>O Comit\u00ea de Preven\u00e7\u00e3o da SCCAN se expande e se torna Maryland Essentials for Childhood. A SCCAN e a The Family Tree concordam em atuar como organiza\u00e7\u00f5es de base.<\/p>\n\t<h3>2015<\/h3>\n<p>Maryland come\u00e7a a coletar <a href=\"https:\/\/health.maryland.gov\/phpa\/ccdpc\/Reports\/Documents\/MD-BRFSS\/2018%20Maryland%20BRFSS%20-%20ACEs%20by%20County%20-%201-29-2020.pdf\" target=\"_blank\" rel=\"noopener\">Dados ACEs<\/a> em sua Pesquisa de Fatores de Risco Comportamentais.<\/p>\n\t<h3>2017<\/h3>\n<p>Maryland&#8217;s <a href=\"https:\/\/marylandefc.org\/pt\/get-involved\/ace-impact\/\">Projeto de Interface ACE<\/a> iniciado.<\/p>\n\t<h3>2018<\/h3>\n<p>Maryland come\u00e7a a coletar dados PACEs em seu <a href=\"https:\/\/health.maryland.gov\/phpa\/ccdpc\/Reports\/Pages\/YRBS-Main.aspx\" target=\"_blank\" rel=\"noopener\">Pesquisa sobre comportamento de risco entre jovens\/Pesquisa sobre tabaco entre jovens.<\/a><\/p>\n\t<h3>2019<\/h3>\n<p>Maryland Essentials for Childhood hospeda o <a href=\"https:\/\/marylandefc.org\/pt\/policy\/informing-policy\/\">Mesa Redonda ACEs<\/a> para os membros da Assembleia Geral de Maryland.<\/p>\n\t<h3>2020<\/h3>\n<p>Grupo de trabalho para alcan\u00e7ar a equidade racial e equipe de a\u00e7\u00e3o para a resili\u00eancia infantil formados.<\/p>\n\t<h3>2020-2021<\/h3>\n<p>SCCAN and other state agency partners participate in the National Governors Association&#8217;s ACEs State Learning Collaborative.<\/p>\n\t<h3>2021<\/h3>\n<p>O governador emite a Ordem Executiva dos ACEs e a Assembleia Geral estabelece a <a href=\"https:\/\/goccp.maryland.gov\/councils-commissions-and-workgroups\/commission-on-trauma-informed-care\/\" target=\"_blank\" rel=\"noopener\">Comiss\u00e3o de Cuidados Informados sobre Traumas de Maryland.<\/a><\/p>\n\t<h3>2022<\/h3>\n<p>A Maryland Information Network, que fornece suporte a 211 servi\u00e7os em Maryland, se une \u00e0 The Family Tree e \u00e0 SCCAN como uma organiza\u00e7\u00e3o central.<\/p>\n\t<h3>2024<\/h3>\n<p>Maryland Essentials for Childhood reformula a marca e lan\u00e7a novo <a href=\"https:\/\/marylandefc.org\/pt\/grownups\/\">Kit de ferramentas para constru\u00e7\u00e3o do c\u00e9rebro<\/a>.<\/p>\n\t<h3>2026<\/h3>\n<p>A organiza\u00e7\u00e3o Prevent Child Abuse America destaca o programa Maryland Essentials for Childhood como um exemplo. <a href=\"https:\/\/preventchildabuse.org\/wp-content\/uploads\/2025\/12\/EfC-Case-Study-Nov-2025.pdf\" target=\"_blank\" rel=\"noopener\">estudo de caso<\/a> em <em>Conex\u00f5es Essenciais<\/em>.<\/p>","protected":false},"excerpt":{"rendered":"<p>OUR HISTORY Through the Years Maryland Essentials for Childhood was created in 2014, but the stepping stones to this collective impact initiative began taking shape decades earlier. 1974 Child Abuse Prevention &amp; Treatment Act (CAPTA) enacted into Federal law. 1999 State Council on Child Abuse and Neglect (SCCAN) established by the Maryland General Assembly. 2006&hellip;<\/p>","protected":false},"author":1,"featured_media":27091,"parent":25,"menu_order":0,"comment_status":"closed","ping_status":"closed","template":"","meta":{"footnotes":""},"class_list":["post-26565","page","type-page","status-publish","has-post-thumbnail","hentry"],"_links":{"self":[{"href":"https:\/\/marylandefc.org\/pt\/wp-json\/wp\/v2\/pages\/26565","targetHints":{"allow":["GET"]}}],"collection":[{"href":"https:\/\/marylandefc.org\/pt\/wp-json\/wp\/v2\/pages"}],"about":[{"href":"https:\/\/marylandefc.org\/pt\/wp-json\/wp\/v2\/types\/page"}],"author":[{"embeddable":true,"href":"https:\/\/marylandefc.org\/pt\/wp-json\/wp\/v2\/users\/1"}],"replies":[{"embeddable":true,"href":"https:\/\/marylandefc.org\/pt\/wp-json\/wp\/v2\/comments?post=26565"}],"version-history":[{"count":0,"href":"https:\/\/marylandefc.org\/pt\/wp-json\/wp\/v2\/pages\/26565\/revisions"}],"up":[{"embeddable":true,"href":"https:\/\/marylandefc.org\/pt\/wp-json\/wp\/v2\/pages\/25"}],"wp:featuredmedia":[{"embeddable":true,"href":"https:\/\/marylandefc.org\/pt\/wp-json\/wp\/v2\/media\/27091"}],"wp:attachment":[{"href":"https:\/\/marylandefc.org\/pt\/wp-json\/wp\/v2\/media?parent=26565"}],"curies":[{"name":"wp","href":"https:\/\/api.w.org\/{rel}","templated":true}]}}