{"id":26567,"date":"2024-01-18T14:45:51","date_gmt":"2024-01-18T22:45:51","guid":{"rendered":"https:\/\/marylandefc.org\/?page_id=26567"},"modified":"2024-03-08T01:05:00","modified_gmt":"2024-03-08T09:05:00","slug":"legislative-action","status":"publish","type":"page","link":"https:\/\/marylandefc.org\/pt\/policy\/legislative-action\/","title":{"rendered":"A\u00e7\u00e3o Legislativa"},"content":{"rendered":"<img loading=\"lazy\" decoding=\"async\" src=\"https:\/\/marylandefc.org\/wp-content\/uploads\/2024\/02\/Clippinger-Paid-Family-Leave-Act.jpg\" alt=\"Clippinger Paid Family Leave Act\" itemprop=\"image\" height=\"800\" width=\"1200\" title=\"Lei de Licen\u00e7a Familiar Remunerada da Clippinger\" onerror=\"this.style.display='none'\"  \/>\n\t<h1>A\u00c7\u00c3O LEGISLATIVA<\/h1>\n\t<h2>Sucesso da pol\u00edtica<\/h2>\n<p>A Maryland Essentials for Childhoods trabalha incansavelmente com nossos parceiros, grupos comunit\u00e1rios e outras coaliz\u00f5es l\u00edderes, defendendo leis e a\u00e7\u00f5es executivas que visam atingir nossos objetivos pol\u00edticos. Temos orgulho do trabalho realizado por Maryland e esperamos continuar a consolidar esses sucessos. <\/p>\n<h3>\n\t\tEste cronograma reflete a legisla\u00e7\u00e3o aprovada na Assembleia Geral de Maryland.\n\t<\/h3>\n\t<h4>2012:\u00a0<a href=\"https:\/\/legiscan.com\/MD\/bill\/SB566\/2012\" target=\"_blank\" rel=\"noopener\">Lei de Responsabilidade de Visitas Domiciliares de 2012 SB 566<\/a><\/h4>\n<p>Requires the State to fund only evidence-based and promising home visiting programs for improving parent and child outcomes; and, requires regular reports by home visiting programs and the Governor&#8217;s Office for Children.<\/p>\n\t<h4>2016:\u00a0<a href=\"https:\/\/legiscan.com\/MD\/bill\/HB72\/2016\" target=\"_blank\" rel=\"noopener\">Sexual Abuse and Assault Awareness and Prevention Program &#8211; Development and Implementation HB 72<\/a><\/h4>\n<p>Known as Erin&#8217;s Law, it requires age-appropriate education for school-age students on awareness and prevention of sexual abuse and assault. <\/p>\n\t<h4>2017: <a href=\"https:\/\/legiscan.com\/MD\/bill\/HB1\/2017\" target=\"_blank\" rel=\"noopener\">Lei de Fam\u00edlias Trabalhadoras Saud\u00e1veis de Maryland HB 1<\/a><\/h4>\n<p>Exige que empregadores com 15 ou mais funcion\u00e1rios forne\u00e7am aos funcion\u00e1rios licen\u00e7a m\u00e9dica e de seguran\u00e7a remuneradas; e empregadores com 14 ou menos funcion\u00e1rios forne\u00e7am licen\u00e7a m\u00e9dica e de seguran\u00e7a remuneradas n\u00e3o remuneradas.<\/p>\n\t<h4>2018: <a href=\"https:\/\/legiscan.com\/MD\/bill\/HB1072\/2018\" target=\"_blank\" rel=\"noopener\">Child Sexual Abuse Prevention &#8211; Instruction and Training HB 1072<\/a><\/h4>\n<p>Exige que todas as escolas que recebem financiamento estadual forne\u00e7am treinamento anual sobre preven\u00e7\u00e3o, identifica\u00e7\u00e3o e den\u00fancia de abuso sexual infantil a todos os funcion\u00e1rios.<\/p>\n\t<h4><a href=\"https:\/\/legiscan.com\/MD\/bill\/HB1582\/2018\" target=\"_blank\" rel=\"noopener\">2018: Diretor M\u00e9dico de Bem-Estar Infantil HB 1582<\/a><\/h4>\n<p>Estabelece um Diretor M\u00e9dico Estadual para crian\u00e7as que recebem Servi\u00e7os de Bem-Estar Infantil e o estabelecimento de um programa centralizado e abrangente de monitoramento de assist\u00eancia m\u00e9dica. <\/p>\n\t<h4><a href=\"https:\/\/legiscan.com\/MD\/bill\/HB486\/2019\" target=\"_blank\" rel=\"noopener\">2019: SESAME (Acabe com o abuso sexual, a m\u00e1 conduta e a explora\u00e7\u00e3o de educadores) HB 486 \/ SB 541<\/a><\/h4>\n<p>Establishes requirements for school personnel that identify applicants who&#8217;ve been the subject of sexual abuse or sexual misconduct involving a child.<\/p>\n\t<h4><a href=\"https:\/\/legiscan.com\/MD\/bill\/SB567\/2019\" target=\"_blank\" rel=\"noopener\">2019: Grupo de trabalho para estudar processos judiciais de cust\u00f3dia de crian\u00e7as envolvendo alega\u00e7\u00f5es de abuso infantil ou viol\u00eancia dom\u00e9stica SB 567<\/a><\/h4>\n<p>Estabeleceu um grupo de trabalho para estudar processos judiciais de cust\u00f3dia de crian\u00e7as envolvendo alega\u00e7\u00f5es de abuso infantil ou viol\u00eancia dom\u00e9stica. <\/p>\n\t<h4>2019: <a href=\"https:\/\/legiscan.com\/MD\/bill\/HB166\/2019\" target=\"_blank\" rel=\"noopener\">Payment of Wages &#8211; Minimum Wage HB 166<\/a><\/h4>\n<p>Known as the &#8220;Fight for $15&#8221;, proposed an annual increase in the state&#8217;s minimum wage to reach $15 per hour in 2025. <i>Observa\u00e7\u00e3o:<\/i> <a href=\"https:\/\/legiscan.com\/MD\/bill\/SB555\/2023\" target=\"_blank\" rel=\"noopener\">Lei do Sal\u00e1rio Justo de 2023 SB 555<\/a> acelerou o cronograma. <\/p>\n\t<h4><a href=\"https:\/\/legiscan.com\/MD\/bill\/HB1007\/2019\" target=\"_blank\" rel=\"noopener\">2019: Child Advocacy Center &#8211; Expansion<\/a><\/h4>\n<p>Requires the Governor&#8217;s Office on Crime Control and Prevention to provide every child access to an accredited child advocacy center. <\/p>\n\t<h4><a href=\"https:\/\/legiscan.com\/MD\/bill\/HB277\/2020\" target=\"_blank\" rel=\"noopener\">2020: Diretrizes sobre a Abordagem Informada sobre Trauma HB 277<\/a><\/h4>\n<p>Exige que o Departamento de Educa\u00e7\u00e3o de Maryland estabele\u00e7a diretrizes sobre uma abordagem informada sobre traumas e as distribua aos distritos escolares. <\/p>\n\t<h4><a href=\"https:\/\/legiscan.com\/MD\/bill\/HB548\/2021\" target=\"_blank\" rel=\"noopener\">2021: Trauma Informed Care Commission and Training (Healing Maryland&#8217;s Trauma Act) HB 548 \/ SB 299<\/a><\/h4>\n<p>Estabelece uma comiss\u00e3o para coordenar iniciativas que priorizam a presta\u00e7\u00e3o de servi\u00e7os estaduais com base em informa\u00e7\u00f5es e respostas a traumas.<\/p>\n\t<h4><a href=\"https:\/\/legiscan.com\/MD\/bill\/HB771\/2021\" target=\"_blank\" rel=\"noopener\">2021: Centers for Disease Control and Prevention Surveys &#8211; Revisions HB 771 \/ SB 548<\/a><\/h4>\n<p>Exige que o Departamento Estadual de Educa\u00e7\u00e3o, juntamente com o Departamento de Sa\u00fade, inclua pelo menos cinco perguntas sobre ACEs\/PACEs na Pesquisa de Risco Comportamental Juvenil (YRBS). <\/p>\n\t<h4><a href=\"https:\/\/legiscan.com\/MD\/bill\/HB258\/2021\" target=\"_blank\" rel=\"noopener\">2021: State Child Welfare System &#8211; Reporting HB 258 \/ SB 592<\/a><\/h4>\n<p>Exige que o Departamento de Servi\u00e7os Humanos e o Departamento de Educa\u00e7\u00e3o de Maryland forne\u00e7am dados desagregados sobre os resultados para crian\u00e7as e jovens no sistema de bem-estar infantil. <\/p>\n\t<h4><a href=\"https:\/\/legiscan.com\/MD\/bill\/SB275\/2022\" target=\"_blank\" rel=\"noopener\">2022: Programa de Seguro de Licen\u00e7a M\u00e9dica e Familiar SB 275<\/a><\/h4>\n<p>A Lei Time to Care estabelece um programa de seguro para fornecer 12 semanas de licen\u00e7a remunerada por ano aos funcion\u00e1rios que prestam cuidados a um rec\u00e9m-nascido ou membro da fam\u00edlia com uma condi\u00e7\u00e3o m\u00e9dica.<\/p>\n<p><a href=\"https:\/\/marylandefc.org\/pt\/policy\/recent-impact\/\">Leia mais sobre esse recente sucesso pol\u00edtico.<\/a><\/p>\n\t<h4><a href=\"https:\/\/legiscan.com\/MD\/bill\/HB561\/2022\" target=\"_blank\" rel=\"noopener\">2022: Child Custody &#8211; Cases Involving Child Abuse or Domestic Violence &#8211; Training for Judges HB 561\/ SB 17<\/a><\/h4>\n<p>Exige que o Judici\u00e1rio de Maryland desenvolva um programa de treinamento para ju\u00edzes que presidem casos de cust\u00f3dia de crian\u00e7as envolvendo abuso infantil e viol\u00eancia dom\u00e9stica.\u00a0 <\/p>\n\t<h4><a href=\"https:\/\/legiscan.com\/MD\/bill\/HB001\/2023\" target=\"_blank\" rel=\"noopener\">2023: Child Sexual Abuse &#8211; Definition, Damages, and Statute of Limitations (The Child Victims Act of 2023) HB 01 \/ SB 686<\/a><\/h4>\n<p>Revoga o prazo de prescri\u00e7\u00e3o civil em casos de abuso sexual infantil e prev\u00ea a aplica\u00e7\u00e3o retroativa da lei.\u00a0 <\/p>\n<p><a href=\"\/pt\/policy\/recent-impact\/\">Saiba mais sobre esse recente sucesso pol\u00edtico.<\/a><\/p>","protected":false},"excerpt":{"rendered":"<p>LEGISLATIVE ACTION Policy Success Maryland Essentials for Childhoods works tirelessly with our partners, community groups and other leading coalitions championing legislation and executive action that works to address our policy goals. We are proud of the work that Maryland has done and look forward to continuing to build on these successes. This timeline reflects legislation&hellip;<\/p>","protected":false},"author":1,"featured_media":26994,"parent":3255,"menu_order":0,"comment_status":"closed","ping_status":"closed","template":"","meta":{"footnotes":""},"class_list":["post-26567","page","type-page","status-publish","has-post-thumbnail","hentry"],"_links":{"self":[{"href":"https:\/\/marylandefc.org\/pt\/wp-json\/wp\/v2\/pages\/26567","targetHints":{"allow":["GET"]}}],"collection":[{"href":"https:\/\/marylandefc.org\/pt\/wp-json\/wp\/v2\/pages"}],"about":[{"href":"https:\/\/marylandefc.org\/pt\/wp-json\/wp\/v2\/types\/page"}],"author":[{"embeddable":true,"href":"https:\/\/marylandefc.org\/pt\/wp-json\/wp\/v2\/users\/1"}],"replies":[{"embeddable":true,"href":"https:\/\/marylandefc.org\/pt\/wp-json\/wp\/v2\/comments?post=26567"}],"version-history":[{"count":0,"href":"https:\/\/marylandefc.org\/pt\/wp-json\/wp\/v2\/pages\/26567\/revisions"}],"up":[{"embeddable":true,"href":"https:\/\/marylandefc.org\/pt\/wp-json\/wp\/v2\/pages\/3255"}],"wp:featuredmedia":[{"embeddable":true,"href":"https:\/\/marylandefc.org\/pt\/wp-json\/wp\/v2\/media\/26994"}],"wp:attachment":[{"href":"https:\/\/marylandefc.org\/pt\/wp-json\/wp\/v2\/media?parent=26567"}],"curies":[{"name":"wp","href":"https:\/\/api.w.org\/{rel}","templated":true}]}}