{"id":26575,"date":"2024-01-18T14:47:11","date_gmt":"2024-01-18T22:47:11","guid":{"rendered":"https:\/\/marylandefc.org\/?page_id=26575"},"modified":"2025-04-10T11:40:36","modified_gmt":"2025-04-10T18:40:36","slug":"how-we-work","status":"publish","type":"page","link":"https:\/\/marylandefc.org\/pt\/partners\/how-we-work\/","title":{"rendered":"Como trabalhamos"},"content":{"rendered":"<img loading=\"lazy\" decoding=\"async\" src=\"https:\/\/marylandefc.org\/wp-content\/uploads\/2024\/02\/Group-of-community-members-workign-together.jpg\" alt=\"Group of community members working together\" itemprop=\"image\" height=\"800\" width=\"1200\" title=\"Grupo de membros da comunidade trabalhando juntos\" onerror=\"this.style.display='none'\"  \/>\n\t<h1>COMO TRABALHAMOS<\/h1>\n\t<h2>Nosso Processo<\/h2>\n<p>A EFC reconhece que nossa vis\u00e3o de um estado onde todas as crian\u00e7as, jovens e suas fam\u00edlias prosperem em relacionamentos e ambientes seguros, est\u00e1veis e acolhedores exigir\u00e1 a\u00e7\u00f5es em diversos sistemas p\u00fablicos e privados para alcan\u00e7\u00e1-la. \u00c9 por isso que nosso trabalho se baseia na colabora\u00e7\u00e3o e em uma agenda comum para conduzir nossa conversa e tra\u00e7ar nosso caminho a seguir. <\/p>\n\t<h2>Colabora\u00e7\u00e3o<\/h2>\n<p>Trabalhando em diversos setores, desde o governo at\u00e9 organiza\u00e7\u00f5es sem fins lucrativos, do ensino superior a grupos de defesa comunit\u00e1rios, a Maryland EFC reconhece a import\u00e2ncia de oferecer oportunidades para que todos participem do processo. Ao incentivar e acolher uma ampla gama de vozes, fazemos recomenda\u00e7\u00f5es baseadas em ci\u00eancia, guiadas por pesquisas e embasadas em experi\u00eancias vividas.\u00a0<\/p>\n<p>H\u00e1 \u00e1reas problem\u00e1ticas em que a EFC exerce lideran\u00e7a na formula\u00e7\u00e3o de recomenda\u00e7\u00f5es pol\u00edticas, na defesa de interesses junto aos legisladores e na constru\u00e7\u00e3o de uma coaliz\u00e3o de parceiros. H\u00e1 outras ocasi\u00f5es em que a EFC empresta sua expertise a outras organiza\u00e7\u00f5es e apresenta l\u00edderes de pensamento de todo o pa\u00eds. Nosso processo nos permite ser responsivos no momento, liderar quando necess\u00e1rio e caminhar lado a lado em colabora\u00e7\u00e3o. <\/p>\n\t\t\t\t<img loading=\"lazy\" decoding=\"async\" src=\"https:\/\/marylandefc.org\/wp-content\/uploads\/2024\/02\/Legislators-Dave--scaled.jpg\" alt=\"Legislators gathered at EFC award ceremony\" itemprop=\"image\" height=\"2410\" width=\"2560\" title=\"Legisladores e Dave\" onerror=\"this.style.display='none'\"  \/>\n\t\t<h2>Agenda Comum<\/h2><h3>Os esfor\u00e7os do Maryland Essentials for Childhood seguem estes princ\u00edpios orientadores:<\/h3>\n\t\t<h3>1. Garantir relacionamentos e ambientes seguros, est\u00e1veis e estimulantes<\/h3><p>para que todas as crian\u00e7as e fam\u00edlias possam atingir seu pleno potencial como cidad\u00e3os autossuficientes, socialmente engajados e produtivos.<\/p>\n\t\t<h3>2. Manter uma colabora\u00e7\u00e3o entre v\u00e1rios setores<\/h3><p>para conduzir atividades estrat\u00e9gicas e de refor\u00e7o m\u00fatuo alinhadas \u00e0 nossa agenda comum.<\/p>\n\t\t<h3>3. Atingir os nossos objetivos requer mudan\u00e7as em v\u00e1rios sistemas,<\/h3><p>com foco em amplos determinantes sociais e econ\u00f4micos, mudando normas sociais e pol\u00edticas governamentais e institucionais.<\/p>\n\t\t<h3>4. Os sistemas de aterramento mudam com a melhor evid\u00eancia dispon\u00edvel<\/h3><p>e se esfor\u00e7ando continuamente para melhorar a qualidade dos programas, servi\u00e7os e sistemas.<\/p>\n\t\t<h3>5. Fornecer cuidados cultural e linguisticamente congruentes<\/h3><p>para aqueles atendidos em programas, servi\u00e7os e sistemas.<\/p>\n\t\t<h3>6. Tomar medidas para reduzir desigualdades e disparidades<\/h3><p>que s\u00e3o evit\u00e1veis, injustos e preven\u00edveis, a fim de melhorar a sa\u00fade e o bem-estar geral da crian\u00e7a.<\/p>\n\t\t\t<a href=\"https:\/\/marylandefc.org\/wp-content\/uploads\/2024\/01\/Maryland-Common-Agenda-Document-10-3.docx.pdf\" target=\"_blank\" rel=\"noopener\">\n\t\t\t\t\t\tContinue lendo\n\t\t\t\t\t<\/a>\n\t\t\t\t<img loading=\"lazy\" decoding=\"async\" src=\"https:\/\/marylandefc.org\/wp-content\/uploads\/2025\/04\/MD-EFC-Awards-full-group.jpg\" alt=\"MD EFC Awards Full Group\" itemprop=\"image\" height=\"1920\" width=\"1920\" title=\"MD-EFC-Pr\u00eamios-grupo-completo\" onerror=\"this.style.display='none'\"  \/>\n\t<h3>Pr\u00eamios de Lideran\u00e7a SCCAN e MD EFC<\/h3>\n<p>Desde 2019, <a href=\"\/pt\/about\/how-we-started\/\">junto com o SCCAN<\/a>A EFC concedeu pr\u00eamios a indiv\u00edduos e organiza\u00e7\u00f5es importantes nas seguintes categorias por vis\u00e3o, dedica\u00e7\u00e3o e comprometimento excepcionais com a ACE e a Pol\u00edtica Informada sobre Resili\u00eancia:\u00a0<\/p>\n<h4>Legislador do Ano:<\/h4>\n<ul>\n<li>2019 Delegado CT Wilson<\/li>\n<li>O congressista Elijah Cummings de 2020, emitido postumamente<\/li>\n<li>Senador de 2023 William C. Smith, Jr.<\/li>\n<\/ul>\n<p>Em 2023, o Pr\u00eamio Legado de Lideran\u00e7a Legislativa foi concedido ao Delegado CT Wilson em reconhecimento ao seu profundo e inabal\u00e1vel apoio \u00e0s crian\u00e7as e ao seu compromisso em buscar justi\u00e7a para os sobreviventes.\u00a0<\/p>\n<h4>Parceiro Comunit\u00e1rio do Ano:<\/h4>\n<ul>\n<li>2018 O Conselho de Administra\u00e7\u00e3o e a equipe da The Family Tree<\/li>\n<li>2019 O Conselho de Administra\u00e7\u00e3o e a equipe do No More Stolen Childhoods<\/li>\n<li>2024 Taghi Modarressi Centro de Estudos Infantis, UMMS<\/li>\n<\/ul>\n<h4>Advogado do Ano: <\/h4>\n<ul>\n<li>2018 Frank Kros, MSW, JD<\/li>\n<li>2019 Joan L. Stine, MHS, MS<\/li>\n<li>2022 Wendy G. Lane, MD, MPH<\/li>\n<li>2024 D&#039;Lisa Worthy, M.Ed<\/li>\n<\/ul>","protected":false},"excerpt":{"rendered":"<p>COMO TRABALHAMOS Nosso Processo A EFC reconhece que nossa vis\u00e3o de um estado onde todas as crian\u00e7as, jovens e suas fam\u00edlias prosperem em relacionamentos e ambientes seguros, est\u00e1veis e acolhedores exigir\u00e1 a\u00e7\u00f5es em diversos sistemas p\u00fablicos e privados para alcan\u00e7\u00e1-la. \u00c9 por isso que nosso trabalho se baseia na colabora\u00e7\u00e3o e em uma agenda comum para conduzir nossa conversa\u2026<\/p>","protected":false},"author":1,"featured_media":27464,"parent":26571,"menu_order":0,"comment_status":"closed","ping_status":"closed","template":"","meta":{"footnotes":""},"class_list":["post-26575","page","type-page","status-publish","has-post-thumbnail","hentry"],"_links":{"self":[{"href":"https:\/\/marylandefc.org\/pt\/wp-json\/wp\/v2\/pages\/26575","targetHints":{"allow":["GET"]}}],"collection":[{"href":"https:\/\/marylandefc.org\/pt\/wp-json\/wp\/v2\/pages"}],"about":[{"href":"https:\/\/marylandefc.org\/pt\/wp-json\/wp\/v2\/types\/page"}],"author":[{"embeddable":true,"href":"https:\/\/marylandefc.org\/pt\/wp-json\/wp\/v2\/users\/1"}],"replies":[{"embeddable":true,"href":"https:\/\/marylandefc.org\/pt\/wp-json\/wp\/v2\/comments?post=26575"}],"version-history":[{"count":0,"href":"https:\/\/marylandefc.org\/pt\/wp-json\/wp\/v2\/pages\/26575\/revisions"}],"up":[{"embeddable":true,"href":"https:\/\/marylandefc.org\/pt\/wp-json\/wp\/v2\/pages\/26571"}],"wp:featuredmedia":[{"embeddable":true,"href":"https:\/\/marylandefc.org\/pt\/wp-json\/wp\/v2\/media\/27464"}],"wp:attachment":[{"href":"https:\/\/marylandefc.org\/pt\/wp-json\/wp\/v2\/media?parent=26575"}],"curies":[{"name":"wp","href":"https:\/\/api.w.org\/{rel}","templated":true}]}}