{"id":26577,"date":"2024-01-18T14:47:26","date_gmt":"2024-01-18T22:47:26","guid":{"rendered":"https:\/\/marylandefc.org\/?page_id=26577"},"modified":"2026-01-12T11:56:20","modified_gmt":"2026-01-12T19:56:20","slug":"meetings-reports","status":"publish","type":"page","link":"https:\/\/marylandefc.org\/pt\/get-involved\/meetings-reports\/","title":{"rendered":"Reuni\u00f5es e Relat\u00f3rios"},"content":{"rendered":"<img decoding=\"async\" src=\"https:\/\/marylandefc.org\/wp-content\/uploads\/2024\/02\/AACF-Safe-Babies-Court-Courtesy-Zero-to-Three.jpg\" alt=\"AACF Safe Babies Court\" itemprop=\"image\" height=\"1440\" width=\"1920\" title=\"Cortesia do Tribunal de Beb\u00eas Seguros da AACF Zero to Three\" onerror=\"this.style.display='none'\" loading=\"lazy\" \/>\n\t<h1>REUNI\u00d5ES E RELAT\u00d3RIOS<\/h1>\n\t<h2>Participe, leia e compartilhe<\/h2>\n<p>Convidamos voc\u00ea a participar de nossas reuni\u00f5es, ler nossos relat\u00f3rios anuais e compartilhar as informa\u00e7\u00f5es com seus colegas. Juntos, podemos aumentar nossa rede de parceiros para fortalecer nossos esfor\u00e7os e levar Maryland adiante. <\/p>\n\t<h3>Participar de uma reuni\u00e3o<\/h3>\n<p>O EFC se re\u00fane na primeira quinta-feira de certos meses, alternando com as reuni\u00f5es mensais do Conselho Estadual de Maryland sobre Abuso e Neglig\u00eancia Infantil (SCCAN). <\/p>\n<p>Meetings may be held either virtually or in-person from 1:00 &#8211; 3:00PM (EST).\u00a0<\/p>\n<p>Meses das reuni\u00f5es: 5 de fevereiro | 2 de abril | 4 de junho | 1 de outubro | 3 de dezembro<\/p>\n<p>As reuni\u00f5es s\u00e3o abertas a membros da comunidade e organiza\u00e7\u00f5es parceiras. Por favor <a href=\"https:\/\/marylandefc.org\/pt\/contact\/\">Contate-nos<\/a> para receber nossas atualiza\u00e7\u00f5es por e-mail.\u00a0<\/p>\n<p>&nbsp;<\/p>\n\t\t\t\t<img decoding=\"async\" src=\"https:\/\/marylandefc.org\/wp-content\/uploads\/2019\/01\/SCCAN-LOGO-CLEAR.png\" alt=\"SCCAN logo\" itemprop=\"image\" height=\"333\" width=\"579\" title=\"LOGOTIPO SCCAN CLARO\" onerror=\"this.style.display='none'\" loading=\"lazy\" \/>\n\t<h3>Leia os relat\u00f3rios do SCCAN<\/h3>\n\t<p><strong>Maryland SCCAN<\/strong> emite um relat\u00f3rio anual ao Governador e \u00e0 Assembleia Geral para fornecer uma estrutura para o trabalho conclu\u00eddo pelo Conselho e fazer recomenda\u00e7\u00f5es para avan\u00e7ar o trabalho. Inclu\u00eddos nesses relat\u00f3rios anuais est\u00e3o atualiza\u00e7\u00f5es sobre as atividades da Maryland EFC e nossos esfor\u00e7os compartilhados para aquele ano. <\/p>\n\t<h3>Relat\u00f3rios Anuais<\/h3>\n\t\t\t<a href=\"\/wp-content\/uploads\/2025\/01\/2022-2023-Annual-Report-Final.pdf\" target=\"_blank\" rel=\"noopener\">\n\t\t\t\t\t\t2022 &#8211; 2023 SCCAN Annual Report\n\t\t\t\t\t<\/a>\n\t\t\t<a href=\"\/wp-content\/uploads\/2024\/02\/MSAR-5519-2021_FL5-7A-09b_DHS_State-Council-on-Child-Abuse-and-Neglect-SCCAN-2020-2021-Annual-Report.pdf\" target=\"_blank\" rel=\"noopener\">\n\t\t\t\t\t\t2020 &#8211; 2021 SCCAN Annual Report\n\t\t\t\t\t<\/a>\n\t\t\t<a href=\"https:\/\/marylandefc.org\/wp-content\/uploads\/2024\/02\/2019-SCCAN-Annual-Report-with-Appendices-FINAL-Report-Approved.pdf\" target=\"_blank\" rel=\"noopener\">\n\t\t\t\t\t\tRelat\u00f3rio Anual SCCAN 2019\n\t\t\t\t\t<\/a>\n\t\t\t<a href=\"\/wp-content\/uploads\/2024\/02\/2018-SCCAN-Annual-Report-FINAL-_6-28-2019.pdf\" target=\"_blank\" rel=\"noopener\">\n\t\t\t\t\t\tRelat\u00f3rio Anual SCCAN 2018\n\t\t\t\t\t<\/a>\n\t\t\t<a href=\"\/wp-content\/uploads\/2024\/02\/FINAL-1-2017-SCCAN-Annual-Report-7-12-18-1.pdf\" target=\"_blank\" rel=\"noopener\">\n\t\t\t\t\t\tRelat\u00f3rio Anual SCCAN 2017\n\t\t\t\t\t<\/a>\n\t\t\t\t<img decoding=\"async\" src=\"https:\/\/marylandefc.org\/wp-content\/uploads\/2024\/02\/Girls-on-a-mission-raking-leaves.jpg\" alt=\"Girls on a mission raking leaves\" itemprop=\"image\" height=\"800\" width=\"1200\" title=\"Meninas em miss\u00e3o recolhendo folhas\" onerror=\"this.style.display='none'\" loading=\"lazy\" \/>\n\t<h3>Compartilhar dados<\/h3>\n\t<p>Junto com a maioria dos estados, Maryland participa da Pesquisa sobre Comportamento de Risco Juvenil (YRBS) e da Pesquisa sobre Tabaco Juvenil (YTS) patrocinadas pelo CDC.<\/p>\n<p>O Maryland YRBS\/YTS pesquisa anonimamente alunos em escolas p\u00fablicas de ensino fundamental e m\u00e9dio de Maryland. Ele se concentra em comportamentos que contribuem para as principais causas de morte e incapacidade, incluindo, mas n\u00e3o se limitando a, uso de \u00e1lcool e outras drogas, uso de tabaco, comportamentos sexuais, ferimentos n\u00e3o intencionais e viol\u00eancia e atividade f\u00edsica e comportamentos alimentares inadequados.<\/p>\n<h3>Pesquisa PACEs para adolescentes<\/h3>\n<p>Em 2018-2019, Maryland se tornou o primeiro dos dois estados a come\u00e7ar a coletar dados de experi\u00eancias positivas e adversas na inf\u00e2ncia (PACEs) entre estudantes do ensino m\u00e9dio.<\/p>\n<p>A Assembleia Geral de Maryland institucionalizou a coleta de dados PACEs entre alunos do ensino m\u00e9dio e fundamental no YRBS\/YTS em 2021.<\/p>\n\t\t\t<a href=\"https:\/\/health.maryland.gov\/newsroom\/Pages\/Maryland-Department-of-Health-releases-2021-2022-Youth-Risk-Behavior-Survey-and-Youth-Tobacco-Survey-data.aspx\" target=\"_blank\" rel=\"noopener\">\n\t\t\t\t\t\tVer comunicado de imprensa\n\t\t\t\t\t<\/a>\n\t\t\t\t<img decoding=\"async\" src=\"https:\/\/marylandefc.org\/wp-content\/uploads\/2024\/02\/MEC-Icons_v2_teach.svg\" alt=\"Teach skills icon with teacher at blackboard\" itemprop=\"image\" height=\"300\" width=\"300\" title=\"MEC-\u00cdcones_v2_ensinar\" onerror=\"this.style.display='none'\" loading=\"lazy\" \/>\n\t\t<h3><a href=\"\/wp-content\/uploads\/2024\/02\/Adverse-Childhood-Experiences-2021-2022-YRBS-YTS.pdf\" target=\"_blank\"  rel=\"noopener\">Pesquisa YRBS\/YTS de Maryland<\/a><\/h3><p>O Maryland YRBS\/YTS foi realizado no outono de 2021 entre quase 60.000 alunos em 366 escolas p\u00fablicas de ensino fundamental e m\u00e9dio em todo o estado.<\/p>\n<p>Nossos parceiros do Departamento de Sa\u00fade de Maryland compartilharam uma vis\u00e3o geral dos resultados dos dados do YRBS\/YTS PACEs.<\/p>\n\t\t\t<a href=\"\/wp-content\/uploads\/2024\/02\/Adverse-Childhood-Experiences-2021-2022-YRBS-YTS.pdf\" target=\"_blank\" rel=\"noopener\">\n\t\t\t\t\t\tVer apresenta\u00e7\u00e3o\n\t\t\t\t\t<\/a>\n\t\t\t\t<img decoding=\"async\" src=\"https:\/\/marylandefc.org\/wp-content\/uploads\/2026\/01\/PCA-Case-Study-Report.jpg\" alt=\"Prevent Child Abuse America Case Study on Maryland EFC\" itemprop=\"image\" height=\"800\" width=\"1200\" title=\"Relat\u00f3rio de estudo de caso de PCA\" onerror=\"this.style.display='none'\" loading=\"lazy\" \/>\n\t\t<h3><a href=\"https:\/\/preventchildabuse.org\/wp-content\/uploads\/2025\/12\/EfC-Case-Study-Nov-2025.pdf\" target=\"_blank\" rel=\"noopener\">Maryland \u00e9 destaque na Prevent Child Abuse America.<\/a><\/h3><p>O programa Maryland Essentials for Childhood (Maryland EFC) foi um dos dois estados destacados pela Prevent Child Abuse America (PCA). A PCA entrevistou l\u00edderes antigos e atuais do Maryland EFC e apresentou o hist\u00f3rico do programa, a implementa\u00e7\u00e3o de medidas de preven\u00e7\u00e3o e as li\u00e7\u00f5es aprendidas como um estado autossustent\u00e1vel.<\/p>\n<blockquote><p>&#8220;I think what&#8217;s really important in the work, is to know who can lead that (policy) best and sometimes you follow, and sometimes you lead, and people start to respect you as a partner that way.&#8221;<\/p>\n<p>&#8211; Claudia Remington, former executive director fo Maryland SCCAN<\/p><\/blockquote>\n<p>A Ge\u00f3rgia, que \u00e9 um estado financiado, tamb\u00e9m foi mencionada.<\/p>\n<p>&nbsp;<\/p>\n\t\t\t<a href=\"https:\/\/preventchildabuse.org\/wp-content\/uploads\/2025\/12\/EfC-Case-Study-Nov-2025.pdf\" target=\"_blank\" rel=\"noopener\">\n\t\t\t\t\t\tLeia o estudo de caso\n\t\t\t\t\t<\/a>","protected":false},"excerpt":{"rendered":"<p>MEETINGS &amp; REPORTS Attend, Read and Share We invite you to attend our meetings, read our annual reports and share the information with your colleagues. Together we can grow our network of partners to strengthen our efforts and move Maryland forward. Attend a Meeting EFC meets on the first Thursday of certain months, alternating with&hellip;<\/p>","protected":false},"author":1,"featured_media":27470,"parent":26597,"menu_order":0,"comment_status":"closed","ping_status":"closed","template":"","meta":{"footnotes":""},"class_list":["post-26577","page","type-page","status-publish","has-post-thumbnail","hentry"],"_links":{"self":[{"href":"https:\/\/marylandefc.org\/pt\/wp-json\/wp\/v2\/pages\/26577","targetHints":{"allow":["GET"]}}],"collection":[{"href":"https:\/\/marylandefc.org\/pt\/wp-json\/wp\/v2\/pages"}],"about":[{"href":"https:\/\/marylandefc.org\/pt\/wp-json\/wp\/v2\/types\/page"}],"author":[{"embeddable":true,"href":"https:\/\/marylandefc.org\/pt\/wp-json\/wp\/v2\/users\/1"}],"replies":[{"embeddable":true,"href":"https:\/\/marylandefc.org\/pt\/wp-json\/wp\/v2\/comments?post=26577"}],"version-history":[{"count":0,"href":"https:\/\/marylandefc.org\/pt\/wp-json\/wp\/v2\/pages\/26577\/revisions"}],"up":[{"embeddable":true,"href":"https:\/\/marylandefc.org\/pt\/wp-json\/wp\/v2\/pages\/26597"}],"wp:featuredmedia":[{"embeddable":true,"href":"https:\/\/marylandefc.org\/pt\/wp-json\/wp\/v2\/media\/27470"}],"wp:attachment":[{"href":"https:\/\/marylandefc.org\/pt\/wp-json\/wp\/v2\/media?parent=26577"}],"curies":[{"name":"wp","href":"https:\/\/api.w.org\/{rel}","templated":true}]}}