{"id":26748,"date":"2024-01-29T13:07:38","date_gmt":"2024-01-29T21:07:38","guid":{"rendered":"https:\/\/marylandefc.org\/?page_id=26748"},"modified":"2026-03-03T06:14:20","modified_gmt":"2026-03-03T14:14:20","slug":"recent-impact","status":"publish","type":"page","link":"https:\/\/marylandefc.org\/pt\/policy\/recent-impact\/","title":{"rendered":"Sucessos pol\u00edticos recentes"},"content":{"rendered":"<figure itemscope itemtype=\"https:\/\/schema.org\/ImageObject\">\n\t\t\t\t<img decoding=\"async\" src=\"https:\/\/marylandefc.org\/wp-content\/uploads\/2024\/01\/Legislative-impact-Essentials-for-childhood-Maryland-.jpeg\" alt=\"EFC members and partners standing in the Maryland legislature\" height=\"1536\" width=\"2048\" title=\"Impacto legislativo - Essenciais para a inf\u00e2ncia em Maryland\" onerror=\"this.style.display='none'\" loading=\"lazy\" \/>\n\t<\/figure>\n\t<h1>IMPACTO POL\u00cdTICO RECENTE<\/h1>\n\t<h2>Impacto da pol\u00edtica<\/h2>\n<p>A Maryland Essentials for Childhood valoriza todas as a\u00e7\u00f5es legislativas, executivas e judiciais que visam aprimorar nossos sistemas e orientar nossas ag\u00eancias. Acreditamos que todas as pol\u00edticas que definimos devem promover o desenvolvimento saud\u00e1vel e reduzir encargos desnecess\u00e1rios para as crian\u00e7as e os adultos em suas vidas.<\/p>\n<p>Tr\u00eas sucessos recentes que demonstram esse impacto:\u00a0<\/p>\n<ul>\n<li aria-level=\"1\">Lei Time to Care de 2022\u00a0<\/li>\n<li aria-level=\"1\">Lei das Crian\u00e7as V\u00edtimas de 2023\u00a0<\/li>\n<li aria-level=\"1\">Healing Maryland&#8217;s Trauma Act of 2021<\/li>\n<\/ul>\n\t\t<h2><a href=\"https:\/\/legiscan.com\/MD\/bill\/HB1\/2023\" target=\"_blank\" rel=\"noopener\">Lei das Crian\u00e7as V\u00edtimas de 2023<\/a><\/h2><h3>Estatuto de limita\u00e7\u00f5es removido para alega\u00e7\u00f5es de abuso sexual infantil<\/h3>\n<p>O esfor\u00e7o para aprovar a Lei das Crian\u00e7as V\u00edtimas exigiu anos de tenacidade e coragem por parte de sobreviventes de abuso sexual infantil. Sob a lideran\u00e7a da Maryland Essentials for Childhood e da Justice4MDSurvivors, um grupo de sobreviventes, defensores, organiza\u00e7\u00f5es e legisladores, liderado por volunt\u00e1rios, lutou pela cria\u00e7\u00e3o de uma legisla\u00e7\u00e3o que proporcionasse acesso \u00e0 justi\u00e7a para sobreviventes de abuso sexual infantil e <strong>previne que o abuso sexual infantil aconte\u00e7a em primeiro lugar.<\/strong>\u00a0<\/p>\n<p><strong>A nova lei elimina o prazo de prescri\u00e7\u00e3o para a\u00e7\u00f5es civis de abuso sexual infantil e abriu uma janela de reavivamento permanente.<\/strong> Isso proporciona aos adultos que foram impedidos por estatutos anteriores a oportunidade de entrar com uma a\u00e7\u00e3o judicial quando estiverem prontos. Os processos c\u00edveis proporcionam ao p\u00fablico um maior n\u00edvel de divulga\u00e7\u00e3o. <strong>n\u00e3o apenas sobre suspeitos de abuso, mas sobre as institui\u00e7\u00f5es que poderiam ter evitado que o abuso acontecesse.\u00a0<\/strong><\/p>\n<p>Esta legisla\u00e7\u00e3o oferece outra oportunidade para institui\u00e7\u00f5es p\u00fablicas e privadas revisitarem suas pol\u00edticas e procedimentos para a preven\u00e7\u00e3o do abuso sexual infantil. <strong>Tamb\u00e9m oferece uma oportunidade de responsabilizar as falhas das mesmas institui\u00e7\u00f5es que n\u00e3o fizeram o suficiente para manter as crian\u00e7as seguras. <\/strong><\/p>\n\t\t\t<a href=\"https:\/\/legiscan.com\/MD\/bill\/HB1\/2023\" target=\"_blank\" rel=\"noopener\">\n\t\t\t\t\t\tLeia a lei\n\t\t\t\t\t<\/a>\n<figure itemscope itemtype=\"https:\/\/schema.org\/ImageObject\">\n\t\t\t\t<img decoding=\"async\" src=\"https:\/\/marylandefc.org\/wp-content\/uploads\/2024\/02\/Kathryn-Robb-and-Delegate-CT-Wilson-scaled.jpg\" alt=\"Kathryn Robb and Delegate CT Wilson\" height=\"2560\" width=\"1932\" title=\"Kathryn Robb e o Delegado CT Wilson\" onerror=\"this.style.display='none'\" loading=\"lazy\" \/>\n\t\t<figcaption>Kathryn Robb e o Delegado CT Wilson<\/figcaption>\n\t<\/figure>\n\t<h3>Kathryn Robb<br \/>\nDiretor Executivo da Child USAdvocacy<\/h3>\n<blockquote><p>A Lei de V\u00edtimas Infantis de Maryland \u00e9 uma das melhores do pa\u00eds porque n\u00e3o apenas proporciona justi\u00e7a a todos os sobreviventes, mas tamb\u00e9m protege as crian\u00e7as no futuro.<\/p><\/blockquote>\n<h3>\n\t\t\tA Lei das Crian\u00e7as V\u00edtimas \u00e9 liderada por\t<\/h3>\n<figure itemscope itemtype=\"https:\/\/schema.org\/ImageObject\">\n\t\t\t\t<img decoding=\"async\" src=\"https:\/\/marylandefc.org\/wp-content\/uploads\/2024\/01\/MEFC_Logo-RGB.svg\" alt=\"Maryland Essentials for Childhood logo\" height=\"247\" width=\"758\" title=\"MEFC_Logotipo-RGB\" onerror=\"this.style.display='none'\" loading=\"lazy\" \/>\n\t<\/figure>\n<figure itemscope itemtype=\"https:\/\/schema.org\/ImageObject\">\n\t\t\t\t<img decoding=\"async\" src=\"https:\/\/marylandefc.org\/wp-content\/uploads\/2024\/01\/J4MDS_logo.webp\" alt=\"Justice 4 MD Survivors logo\" height=\"216\" width=\"570\" title=\"Logotipo J4MDS\" onerror=\"this.style.display='none'\" loading=\"lazy\" \/>\n\t<\/figure>\n\t\t<h2><a href=\"https:\/\/legiscan.com\/MD\/bill\/SB275\/2022\" target=\"_blank\" rel=\"noopener\">Lei Time to Care de 2022<\/a><\/h2><h3>Licen\u00e7a familiar e m\u00e9dica remunerada<\/h3>\n<p>Sob a lideran\u00e7a da Maryland Family Network e de outras organiza\u00e7\u00f5es importantes, a <a href=\"https:\/\/www.timetocare.net\/\" target=\"_blank\" rel=\"noopener\">Coaliz\u00e3o Hora de Cuidar<\/a> reuniu indiv\u00edduos, organiza\u00e7\u00f5es e legisladores que lutaram durante anos para construir um consenso para uma legisla\u00e7\u00e3o que impactaria positivamente as fam\u00edlias por gera\u00e7\u00f5es. <\/p>\n<p>A Maryland Essentials for Childhood e nossos parceiros t\u00eam orgulho de ser membros da coaliz\u00e3o e somar nossas vozes e esfor\u00e7os para tornar a licen\u00e7a familiar remunerada uma realidade em Maryland.<\/p>\n<p>A nova lei cria uma <b>fundo de seguro para fornecer substitui\u00e7\u00e3o parcial de sal\u00e1rio para trabalhadores que se ausentam do trabalho para cuidar de beb\u00eas, entes queridos com problemas de sa\u00fade graves ou defici\u00eancias ou para si pr\u00f3prios.<\/b><\/p>\n\t\t\t<a href=\"https:\/\/legiscan.com\/MD\/bill\/SB275\/2022\" target=\"_blank\" rel=\"noopener\">\n\t\t\t\t\t\tLeia a lei\n\t\t\t\t\t<\/a>\n\t<p>Sabemos que a licen\u00e7a remunerada para novas m\u00e3es \u00e9 um fator que contribui para melhorar os resultados de sa\u00fade mental e f\u00edsica da m\u00e3e e do novo beb\u00ea. <\/p>\n<p><strong>A licen\u00e7a remunerada beneficia as fam\u00edlias, permitindo tempo para conex\u00e3o social e emocional nas primeiras semanas juntos como fam\u00edlia. <\/strong><\/p>\n<figure data-animation-delay=\"0\" data-animation-duration=\"1\" itemscope itemtype=\"https:\/\/schema.org\/ImageObject\">\n\t\t\t\t<img decoding=\"async\" src=\"https:\/\/marylandefc.org\/wp-content\/uploads\/2024\/02\/Parents-at-home-in-nursery-with-child-on-paid-time-off.jpg\" alt=\"Parents in nursery with child\" height=\"800\" width=\"1200\" title=\"Pais em casa na creche com a crian\u00e7a em folga remunerada\" onerror=\"this.style.display='none'\" loading=\"lazy\" \/>\n\t<\/figure>\n<figure itemscope itemtype=\"https:\/\/schema.org\/ImageObject\">\n\t\t\t\t<img decoding=\"async\" src=\"https:\/\/marylandefc.org\/wp-content\/uploads\/2024\/01\/ashley-schappell.jpeg\" alt=\"Ashley Schappell photo\" height=\"800\" width=\"800\" title=\"Ashley Schappell\" onerror=\"this.style.display='none'\" loading=\"lazy\" \/>\n\t<\/figure>\n<h4>\n\t\t\tAshely Schappell D&#8217;Inverno, PhD\t<\/h4>\n<h5>\n\t\t\tDivis\u00e3o de Preven\u00e7\u00e3o da Viol\u00eancia dos Centros de Controle e Preven\u00e7\u00e3o de Doen\u00e7as\t<\/h5>\n\t<blockquote><p>A licen\u00e7a parental remunerada pode reduzir o estresse financeiro, permitir que os pais se concentrem em criar la\u00e7os com os filhos e aumentar a igualdade de g\u00eanero quando os pais t\u00eam mais tempo para participar das tarefas de cuidado dos filhos.<\/p>\n<p>Todos esses efeitos positivos beneficiam a crian\u00e7a e a fam\u00edlia como um todo.<\/p><\/blockquote>\n\t\t\t<a href=\"https:\/\/paidleave.maryland.gov\/Pages\/default.aspx\" target=\"_blank\" rel=\"noopener\">\n\t\t\t\t\t\tSaber mais\n\t\t\t\t\t<\/a>\n<h3>\n\t\t\tA lei Time to Care \u00e9 liderada por:\t<\/h3>\n<figure itemscope itemtype=\"https:\/\/schema.org\/ImageObject\">\n\t\t\t\t<img decoding=\"async\" src=\"https:\/\/marylandefc.org\/wp-content\/uploads\/2024\/01\/Time-to-Care-Logo.png\" alt=\"Time to Care Logo\" height=\"1120\" width=\"1120\" title=\"Logotipo da Time to Care\" onerror=\"this.style.display='none'\" loading=\"lazy\" \/>\n\t<\/figure>\n<figure itemscope itemtype=\"https:\/\/schema.org\/ImageObject\">\n\t\t\t\t<img decoding=\"async\" src=\"https:\/\/marylandefc.org\/wp-content\/uploads\/2024\/01\/Marylanf-Family-Network-Logo.jpg\" alt=\"Maryland Family Network logo\" height=\"259\" width=\"477\" title=\"Logotipo da rede familiar Marylanf\" onerror=\"this.style.display='none'\" loading=\"lazy\" \/>\n\t<\/figure>\n\t<h2>Healing Maryland&#8217;s Trauma Act of 2021<\/h2>\n<h2>Comiss\u00e3o de Cuidados Informados sobre Traumas<\/h2>\n<p>Em 2021, o ent\u00e3o governador Larry Hogan emitiu uma Ordem Executiva sobre Experi\u00eancias Adversas na Inf\u00e2ncia. <\/p>\n\t\t<h3>6 de maio \u00e9 o Dia de Conscientiza\u00e7\u00e3o sobre Experi\u00eancias Adversas na Inf\u00e2ncia<\/h3>\t\n\t<figure itemscope itemtype=\"https:\/\/schema.org\/ImageObject\">\n\t\t\t\t<img decoding=\"async\" src=\"https:\/\/marylandefc.org\/wp-content\/uploads\/2024\/02\/Person-holding-someones-hand-to-comfort-during-trauma.jpg\" alt=\"Person holding someones hand to comfort during trauma\" height=\"800\" width=\"1200\" title=\"Pessoa segurando a m\u00e3o de algu\u00e9m para confortar durante um trauma\" onerror=\"this.style.display='none'\" loading=\"lazy\" \/>\n\t<\/figure>\n\t<h3>Comiss\u00e3o de Cuidados Informados sobre Traumas<\/h3>\n<p>No mesmo m\u00eas, a Assembleia Geral de Maryland aprovou uma legisla\u00e7\u00e3o que estabelece a Comiss\u00e3o de Atendimento Informado sobre Traumas.<\/p>\n<p>The Commission&#8217;s role is to coordinate a statewide initiative to prioritize the trauma-responsive and trauma-informed delivery of State services that affect children, youth, families, and older adults.\u00a0<\/p>\n<p>Em 2022, o governador Wes Moore se tornou o primeiro candidato do pa\u00eds a um cargo pol\u00edtico de alto n\u00edvel a criar uma plataforma de campanha sobre ACEs e traumas.<\/p>\n<h3>\n\t\t\tContinue lendo\t<\/h3>\n\t\t\t<a href=\"https:\/\/goccp.maryland.gov\/councils-commissions-and-workgroups\/commission-on-trauma-informed-care\/\" target=\"_blank\" rel=\"noopener\">\n\t\t\t\t\t\tKeep reading about Maryland&#8217;s Commission on Trauma Informed Care\n\t\t\t\t\t<\/a>\n\t\t\t<a href=\"https:\/\/legiscan.com\/MD\/bill\/HB548\/2021\" target=\"_blank\" rel=\"noopener\">\n\t\t\t\t\t\t2021: Trauma Informed Care Commission and Training (Healing Maryland&#8217;s Trauma Act) HB548 \/ SB299\n\t\t\t\t\t<\/a>\n\t\t\t<a href=\"\/wp-content\/uploads\/2024\/01\/Maryland-Governors-ACEs-Executive-Order-5-6-21.pdf\"  target=\"_blank\" rel=\"noopener\">\n\t\t\t\t\t\tRead Governor Hogan&#8217;s Executive Order\n\t\t\t\t\t<\/a>\n\t\t\t<a href=\"https:\/\/wesmoore.com\/wp-content\/uploads\/2022\/06\/Wes-Moore-For-Maryland-Trauma-Informed-Care-One-Pager.pdf%20\" target=\"_blank\" rel=\"noopener\">\n\t\t\t\t\t\tRead Governor Moore&#8217;s ACEs and Trauma Campaign Platform\n\t\t\t\t\t<\/a>","protected":false},"excerpt":{"rendered":"<p>RECENT POLICY IMPACT Policy Impact Maryland Essentials for Childhood values all legislative, executive and judicial action that works to improve our systems and provides guidance to our agencies. We believe that every policy we set should promote healthy development and reduce unnecessary burdens on children and the adults in their lives. Three recent successes that&hellip;<\/p>","protected":false},"author":1,"featured_media":27091,"parent":3255,"menu_order":0,"comment_status":"closed","ping_status":"closed","template":"","meta":{"footnotes":""},"class_list":["post-26748","page","type-page","status-publish","has-post-thumbnail","hentry"],"_links":{"self":[{"href":"https:\/\/marylandefc.org\/pt\/wp-json\/wp\/v2\/pages\/26748","targetHints":{"allow":["GET"]}}],"collection":[{"href":"https:\/\/marylandefc.org\/pt\/wp-json\/wp\/v2\/pages"}],"about":[{"href":"https:\/\/marylandefc.org\/pt\/wp-json\/wp\/v2\/types\/page"}],"author":[{"embeddable":true,"href":"https:\/\/marylandefc.org\/pt\/wp-json\/wp\/v2\/users\/1"}],"replies":[{"embeddable":true,"href":"https:\/\/marylandefc.org\/pt\/wp-json\/wp\/v2\/comments?post=26748"}],"version-history":[{"count":0,"href":"https:\/\/marylandefc.org\/pt\/wp-json\/wp\/v2\/pages\/26748\/revisions"}],"up":[{"embeddable":true,"href":"https:\/\/marylandefc.org\/pt\/wp-json\/wp\/v2\/pages\/3255"}],"wp:featuredmedia":[{"embeddable":true,"href":"https:\/\/marylandefc.org\/pt\/wp-json\/wp\/v2\/media\/27091"}],"wp:attachment":[{"href":"https:\/\/marylandefc.org\/pt\/wp-json\/wp\/v2\/media?parent=26748"}],"curies":[{"name":"wp","href":"https:\/\/api.w.org\/{rel}","templated":true}]}}