{"id":26765,"date":"2024-01-29T14:32:11","date_gmt":"2024-01-29T22:32:11","guid":{"rendered":"https:\/\/marylandefc.org\/?page_id=26765"},"modified":"2026-02-12T15:24:59","modified_gmt":"2026-02-12T23:24:59","slug":"informing-policy","status":"publish","type":"page","link":"https:\/\/marylandefc.org\/pt\/policy\/informing-policy\/","title":{"rendered":"Informando a pol\u00edtica"},"content":{"rendered":"<figure itemscope itemtype=\"https:\/\/schema.org\/ImageObject\">\n\t\t\t\t<img decoding=\"async\" src=\"https:\/\/marylandefc.org\/wp-content\/uploads\/2024\/01\/The-Science-of-the-Developing-Child.jpg\" alt=\"The Science of the Developing Child white paper mockup\" height=\"800\" width=\"1200\" title=\"A Ci\u00eancia do Desenvolvimento Infantil\" onerror=\"this.style.display='none'\" loading=\"lazy\" \/>\n\t<\/figure>\n\t<h1>FORMULADORES DE POL\u00cdTICAS<\/h1>\n\t<h2>Informando a pol\u00edtica<\/h2>\n<p>Para defender pol\u00edticas eficazes, a Maryland Essentials for Childhood investe significativamente na identifica\u00e7\u00e3o de melhores pr\u00e1ticas nacionais, internacionais e em outros estados, aprendendo com pesquisadores da \u00e1rea e proporcionando uma oportunidade de di\u00e1logo entre nossos parceiros.\u00a0<\/p>\n<p>Em 2016, a Maryland EFC lan\u00e7ou uma estrutura para nossas prioridades, fundamentada nos campos emergentes da neuroci\u00eancia e experi\u00eancias adversas na inf\u00e2ncia. Esse white paper, <i>A ci\u00eancia do c\u00e9rebro em desenvolvimento, ACEs e resili\u00eancia: um forte argumento para uma Maryland pr\u00f3spera<\/i> ainda molda o trabalho que fazemos hoje. <\/p>\n\t\t\t<a href=\"https:\/\/marylandefc.org\/wp-content\/uploads\/2024\/03\/Prosperous-Maryland-white-paper-by-Maryland-Essentials-for-Childhood.pdf\"  target=\"_blank\" rel=\"noopener\">\n\t\t\t\t\t\t\tContinue lendo\n\t\t\t<\/a>\n\t<h3>Rumo a um Maryland mais pr\u00f3spero<\/h3>\n<p>Em 2019, a Maryland Essentials for Childhood lan\u00e7ou um white paper, <i>Rumo a um Maryland mais pr\u00f3spero: solu\u00e7\u00f5es legislativas para prevenir e mitigar experi\u00eancias adversas na inf\u00e2ncia (ACEs) e construir comunidades resilientes. <\/i>Legisladores em todo o pa\u00eds est\u00e3o se educando sobre neuroci\u00eancia de ponta, epigen\u00e9tica, o estudo ACE e resili\u00eancia (NEAR Science) e tomando medidas pol\u00edticas para promover o desenvolvimento saud\u00e1vel e um futuro pr\u00f3spero para seus eleitores.<\/p>\n<p>This brief shares the basics of the NEAR &#8211; neurobiology, epigenetics, ACEs and resilience Science &#8211; along with the evidence-based and innovative policies being implemented by federal and state governments to prevent and mitigate childhood trauma and promote family and community resilience.\u00a0<\/p>\n<p>Este documento tem sido uma ferramenta poderosa para educar legisladores e l\u00edderes de pensamento sobre ci\u00eancia e solu\u00e7\u00f5es.\u00a0<\/p>\n<p>O white paper n\u00e3o teria sido poss\u00edvel sem o trabalho dedicado de nossos parceiros do Maryland Essentials for Childhood, Change the Conversation, anteriormente No More Stolen Childhoods, SCCAN e o Sondheim Nonprofit Leadership Program.\u00a0<\/p>\n\t\t\t<a href=\"https:\/\/marylandefc.org\/wp-content\/uploads\/2024\/01\/FINAL-Toward-A-More-Prosperous-Maryland-ACEs-Legislative-Brief.pdf\"  target=\"_blank\" rel=\"noopener\">\n\t\t\t\t\t\t\tContinue lendo\n\t\t\t<\/a>\n<figure data-animation-delay=\"0\" data-animation-duration=\"1\" itemscope itemtype=\"https:\/\/schema.org\/ImageObject\">\n\t\t\t\t<a href=\"\/wp-content\/uploads\/2024\/01\/FINAL-Toward-A-More-Prosperous-Maryland-ACEs-Legislative-Brief.pdf\"  target=\"_blank\" rel=\"noopener\"  itemprop=\"url\">\n\t\t\t\t<img decoding=\"async\" src=\"https:\/\/marylandefc.org\/wp-content\/uploads\/2024\/01\/Toward-a-More-Prosperous-Maryland.jpg\" alt=\"Toward a More Prosperous Maryland white paper mockup\" height=\"800\" width=\"1200\" title=\"Rumo a um Maryland mais pr\u00f3spero\" onerror=\"this.style.display='none'\" loading=\"lazy\" \/>\n\t\t\t\t<\/a>\n\t<\/figure>\n\t\t<p>&#8220;Safe, stable, and nurturing relationships and environments serve as protective factors and are essential for the health and well-being of our children, ensuring that every child in Maryland has equal opportunity to thrive. All Marylanders play a role in ensuring the health and well-being of the next generation and a prosperous future for all. No one individual, organization, sector, or branch of government alone can prevent ACEs and trauma or mitigate their impact.&#8221;<\/p>\n<p>&nbsp;<\/p>\n<p><strong>~ De <i>Rumo a um Maryland mais pr\u00f3spero: solu\u00e7\u00f5es legislativas para prevenir e mitigar experi\u00eancias adversas na inf\u00e2ncia (ACEs) e construir comunidades resilientes.<\/i>\u00a0\u00a0<\/strong><\/p>\n\t<h2>Sess\u00e3o de Mesa Redonda ACEs<\/h2>\n<p><b>Patrocinado por: Delegada Vanessa E. Atterbeary e Senador Antonio Hayes<\/b><\/p>\n<p>Em dezembro de 2019, a Maryland Essentials for Childhood realizou uma Mesa Redonda sobre ACEs para membros da Assembleia Geral de Maryland. O evento proporcionou a legisladores e l\u00edderes comunit\u00e1rios a oportunidade de ouvir especialistas e discutir maneiras de aprovar e implementar pol\u00edticas e pr\u00e1ticas que: <\/p>\n<ul>\n<li>Tem um efeito comprovado e poderoso em <a href=\"https:\/\/marylandefc.org\/pt\/grownups\/early-years\/\">crian\u00e7a saud\u00e1vel<\/a> e <a href=\"https:\/\/marylandefc.org\/pt\/grownups\/teen-development\/\">desenvolvimento do adolescente<\/a>.<\/li>\n<li>Prevenir, reduzir e curar <a href=\"https:\/\/marylandefc.org\/pt\/get-involved\/ace-impact\/\">adversidade e trauma<\/a>.<\/li>\n<li>Construir <a href=\"https:\/\/marylandefc.org\/pt\/grownups\/resilience\/\">resili\u00eancia<\/a>.<\/li>\n<\/ul>\n<figure itemscope itemtype=\"https:\/\/schema.org\/ImageObject\">\n\t\t\t\t<img decoding=\"async\" src=\"https:\/\/marylandefc.org\/wp-content\/uploads\/2024\/01\/ACEs-Roundtable-Image-BrainScience-1-scaled.jpg\" alt=\"Infographic of ACEs roundtable findings\" height=\"1205\" width=\"2560\" title=\"Imagem da Mesa Redonda ACEs BrainScience (1)\" onerror=\"this.style.display='none'\" loading=\"lazy\" \/>\n\t<\/figure>\n<figure itemscope itemtype=\"https:\/\/schema.org\/ImageObject\">\n\t\t\t\t<img decoding=\"async\" src=\"https:\/\/marylandefc.org\/wp-content\/uploads\/2024\/02\/ACE-Roundtable-Drawing-about-Surprises-with-the-Science-scaled.jpg\" alt=\"ACE Roundtable drawing about surprises with the science\" height=\"1205\" width=\"2560\" title=\"Mesa Redonda da ACE sobre Surpresas com a Ci\u00eancia\" onerror=\"this.style.display='none'\" loading=\"lazy\" \/>\n\t<\/figure>\n\t<h3>O dia incluiu apresenta\u00e7\u00f5es e discuss\u00f5es com:<\/h3>\n<ul>\n<li aria-level=\"1\">Frank Kros da Kros Learning\u00a0<\/li>\n<li aria-level=\"1\">Melissa Merrick, CEO, Prevent Child Abuse America and served as a lead scientist for the ACE study at CDC\u00a0<\/li>\n<li aria-level=\"1\">Kate Blackman, Confer\u00eancia Nacional de Legisladores Estaduais<\/li>\n<li aria-level=\"1\"><a href=\"https:\/\/www.youtube.com\/watch?v=NyEcWHURXPw&amp;t=30s\" target=\"_blank\" rel=\"noopener\">Primeira-dama de Delaware, Tracey Quillen Carney<\/a>\u00a0<\/li>\n<li aria-level=\"1\">Mary Rolando, ACEs Innovations Director in the Tennessee Department of Children&#8217;s Services <\/li>\n<li aria-level=\"1\">Michael Castognola, equipe do Comit\u00ea de Supervis\u00e3o e Reforma da C\u00e2mara dos Representantes e o falecido congressista Elijah Cummings\u00a0<\/li>\n<li aria-level=\"1\">Joan Gillece da Associa\u00e7\u00e3o Nacional de Diretores de Programas Estaduais de Sa\u00fade Mental<\/li>\n<\/ul>\n<p>Durante um almo\u00e7o com legisladores, especialistas locais, l\u00edderes de iniciativas comunit\u00e1rias da ACE de Maryland e parceiros do Maryland Essentials for Childhood de todo o estado tiveram a oportunidade de compartilhar <b>como a ci\u00eancia est\u00e1 sendo traduzida em a\u00e7\u00f5es pr\u00e1ticas em comunidades por todo o estado.<\/b>\u00a0<\/p>\n<p>Os legisladores foram encorajados a aderir <a href=\"https:\/\/www.pacesconnection.com\/g\/maryland-state-aces\" target=\"_blank\" rel=\"noopener\">A\u00e7\u00e3o ACEs de Maryland<\/a> to stay connected to organizations across the state working to promote ACEs research awareness and trauma-informed\/resilience-building practices.<\/p>\n<p>A Funda\u00e7\u00e3o Abell forneceu apoio generoso para facilita\u00e7\u00e3o e registro gr\u00e1fico do evento.<\/p>","protected":false},"excerpt":{"rendered":"<p>POLICY MAKERS Informing Policy To advocate for effective policy, Maryland Essentials for Childhood invests significantly in identifying best practices nationally, internationally and in other states, learning from researchers in the field and providing an opportunity for dialogue among our partners.\u00a0 In 2016, Maryland EFC released a framework for our priorities, grounded in the emerging fields&hellip;<\/p>","protected":false},"author":1,"featured_media":26773,"parent":3255,"menu_order":0,"comment_status":"closed","ping_status":"closed","template":"","meta":{"footnotes":""},"class_list":["post-26765","page","type-page","status-publish","has-post-thumbnail","hentry"],"_links":{"self":[{"href":"https:\/\/marylandefc.org\/pt\/wp-json\/wp\/v2\/pages\/26765","targetHints":{"allow":["GET"]}}],"collection":[{"href":"https:\/\/marylandefc.org\/pt\/wp-json\/wp\/v2\/pages"}],"about":[{"href":"https:\/\/marylandefc.org\/pt\/wp-json\/wp\/v2\/types\/page"}],"author":[{"embeddable":true,"href":"https:\/\/marylandefc.org\/pt\/wp-json\/wp\/v2\/users\/1"}],"replies":[{"embeddable":true,"href":"https:\/\/marylandefc.org\/pt\/wp-json\/wp\/v2\/comments?post=26765"}],"version-history":[{"count":0,"href":"https:\/\/marylandefc.org\/pt\/wp-json\/wp\/v2\/pages\/26765\/revisions"}],"up":[{"embeddable":true,"href":"https:\/\/marylandefc.org\/pt\/wp-json\/wp\/v2\/pages\/3255"}],"wp:featuredmedia":[{"embeddable":true,"href":"https:\/\/marylandefc.org\/pt\/wp-json\/wp\/v2\/media\/26773"}],"wp:attachment":[{"href":"https:\/\/marylandefc.org\/pt\/wp-json\/wp\/v2\/media?parent=26765"}],"curies":[{"name":"wp","href":"https:\/\/api.w.org\/{rel}","templated":true}]}}