{"id":26903,"date":"2024-02-06T16:12:20","date_gmt":"2024-02-07T00:12:20","guid":{"rendered":"https:\/\/marylandefc.org\/?page_id=26903"},"modified":"2024-11-30T07:17:49","modified_gmt":"2024-11-30T15:17:49","slug":"teen-challenges","status":"publish","type":"page","link":"https:\/\/marylandefc.org\/pt\/grownups\/teen-challenges\/","title":{"rendered":"Desafios no desenvolvimento de pr\u00e9-adolescentes e adolescentes e como lidar com eles."},"content":{"rendered":"<img loading=\"lazy\" decoding=\"async\" src=\"https:\/\/marylandefc.org\/wp-content\/uploads\/2024\/02\/Mom-helping-teen-daughter-drive-scaled.jpg\" alt=\"Mom helping teen daughter drive\" itemprop=\"image\" height=\"1440\" width=\"2560\" title=\"Adolescente, menina, no, carro, tendo, aula, de, dire\u00e7\u00e3o, de, instrutora, feminina\" onerror=\"this.style.display='none'\"  \/>\n\t<h1>DESAFIOS DE DESENVOLVIMENTO DE ADOLESCENTES E PR\u00c9-ADOLESCENTES<\/h1>\n\t<h2>Preven\u00e7\u00e3o e gerenciamento de desafios<\/h2>\n<p>Assim como cada fase da vida oferece oportunidades \u00fanicas, cada fase tamb\u00e9m traz consigo seus desafios. Embora alguns desafios, como mau humor ou impulsividade, fa\u00e7am parte <a href=\"https:\/\/marylandefc.org\/pt\/grownups\/teen-development\/\">desenvolvimento saud\u00e1vel para adolescentes<\/a>, Algumas experi\u00eancias podem representar um desafio para o desenvolvimento saud\u00e1vel. Aprenda como prevenir e ajudar seu adolescente a construir relacionamentos e habilidades para lidar com os desafios da vida.\u00a0<\/p>\n\t<h2>Relacionamentos<\/h2>\n<p>Os relacionamentos est\u00e3o no cerne da vida humana: uma experi\u00eancia humana fundamental que come\u00e7a no nascimento. \u00c0 medida que crescemos, interagimos com amigos, familiares, professores, treinadores e muito mais. Essas pessoas nos ajudam a aprender quem somos e quem podemos nos tornar.\u00a0<\/p>\n<p>Fortes la\u00e7os de desenvolvimento s\u00e3o importantes para jovens de todas as idades, ra\u00e7as e origens socioecon\u00f4micas. Essas conex\u00f5es pr\u00f3ximas s\u00e3o especialmente importantes para jovens que crescem em circunst\u00e2ncias desafiadoras.\u00a0<\/p>\n<p>Os jovens prosperam quando vivenciam uma forte rede de relacionamentos de desenvolvimento em suas fam\u00edlias, salas de aula, programas para jovens e comunidades religiosas. \u00c9 especialmente importante para <a href=\"https:\/\/marylandefc.org\/pt\/grownups\/teen-development\/\">desenvolvimento do adolescente<\/a> e sa\u00fade mental para ter adultos com quem conversar sobre seus sentimentos.<\/p>\n<blockquote><p>No entanto, em Maryland, apenas 36,81 TP3T dos estudantes do ensino m\u00e9dio entrevistados sentem que t\u00eam um adulto com quem podem conversar sobre seus sentimentos, de acordo com a <a href=\"https:\/\/health.maryland.gov\/phpa\/ccdpc\/Reports\/Pages\/State-Level-Data,-2021-2022.aspx\" target=\"_blank\" rel=\"noopener\">Pesquisa de Risco Juvenil do Departamento de Sa\u00fade de Maryland\/Pesquisa sobre Tabagismo em Jovens em Escolas de Ensino M\u00e9dio<\/a> (2021-2022).\u00a0<\/p>\n<p>Outros t\u00eam relacionamentos que envolvem viol\u00eancia, bullying ou outros aspectos prejudiciais. <\/p><\/blockquote>\n<p>Por isso, \u00e9 importante que os adultos saibam como ajudar os jovens a formar relacionamentos saud\u00e1veis e a lidar com os mais dif\u00edceis.\u00a0<\/p>\n\t\t\t\t<img loading=\"lazy\" decoding=\"async\" src=\"https:\/\/marylandefc.org\/wp-content\/uploads\/2024\/02\/teens-building-their-relationship-by-talking-scaled.jpg\" alt=\"Teens laughing in the hallway\" itemprop=\"image\" height=\"1707\" width=\"2560\" title=\"Menina adolescente alegre se divertindo enquanto estuda no ensino m\u00e9dio\" onerror=\"this.style.display='none'\"  \/>\n\t<iframe loading=\"lazy\" title=\"Eles moldam quem somos\" width=\"500\" height=\"281\" src=\"https:\/\/www.youtube.com\/embed\/0i4Hv5xGFNI?feature=oembed\" frameborder=\"0\" allow=\"accelerometer; autoplay; clipboard-write; encrypted-media; gyroscope; picture-in-picture; web-share\" referrerpolicy=\"strict-origin-when-cross-origin\" allowfullscreen><\/iframe>\n\t<p>Fonte: <a href=\"https:\/\/searchinstitute.org\/\" target=\"_blank\" rel=\"noopener\">Instituto de Pesquisa<\/a><\/p>\n\t\t<p>Para prosperar, os adolescentes precisam estar enraizados em relacionamentos que promovam o desenvolvimento. Continue lendo com <a href=\"https:\/\/info.searchinstitute.org\/developmental-relationships-help-young-people-thrive\" target=\"_blank\" rel=\"noopener\">esta estrutura de relacionamento de desenvolvimento de 5 etapas<\/a> do Instituto de Pesquisa.<\/p>\n<p>E ou\u00e7a os jovens falarem sobre o impacto dos relacionamentos de desenvolvimento em suas vidas. <\/p>\n\t\t\t\t<img loading=\"lazy\" decoding=\"async\" src=\"https:\/\/marylandefc.org\/wp-content\/uploads\/2024\/01\/MEC-Icons_idea.svg\" alt=\"Light bulb icon for information\" itemprop=\"image\" height=\"300\" width=\"300\" title=\"MEC-\u00cdcones_ideia\" onerror=\"this.style.display='none'\"  \/>\n\t\t<h3><a href=\"https:\/\/podcasts.apple.com\/us\/podcast\/episode-2-5-clay-cook-establish-maintain-restore\/id1593749081?i=1000569761799\" target=\"_blank\" rel=\"noopener\">Continue aprendendo<\/a><\/h3><p>Ent\u00e3o, como construir relacionamentos com jovens e mant\u00ea-los fortes ao longo dos anos? Ou\u00e7a este epis\u00f3dio do podcast Rooted in Relationships, que apresenta especialistas em bem-estar adolescente.<\/p>\n\t\t\t<a href=\"https:\/\/podcasts.apple.com\/us\/podcast\/episode-2-5-clay-cook-establish-maintain-restore\/id1593749081?i=1000569761799\" target=\"_blank\" rel=\"noopener\">\n\t\t\t\t\t\t\tOu\u00e7a agora\n\t\t\t\t\t<\/a>\n\t\t\t\t<img loading=\"lazy\" decoding=\"async\" src=\"https:\/\/marylandefc.org\/wp-content\/uploads\/2024\/02\/kid-painting-in-community-building-positive-mental-health-scaled.jpg\" alt=\"Teen painting a mural in the city\" itemprop=\"image\" height=\"1707\" width=\"2560\" title=\"Grupo de adolescentes prestativos criando e mantendo um projeto de arte comunit\u00e1rio\" onerror=\"this.style.display='none'\"  \/>\n\t<h2>Sa\u00fade Mental Positiva<\/h2>\n<p>A sa\u00fade mental positiva proporciona aos jovens uma sensa\u00e7\u00e3o de seguran\u00e7a e felicidade, promove relacionamentos positivos e permite que eles desenvolvam habilidades para a vida de forma constante. Quando oferecemos aos adolescentes condi\u00e7\u00f5es e experi\u00eancias que apoiam suas necessidades de desenvolvimento, os jovens podem prosperar.\u00a0<\/p>\n<h2>\n\t\tCrie experi\u00eancias positivas garantindo que os adolescentes vivenciem:\n\t<\/h2>\n\t\t<h3>Cen\u00e1rios do mundo real<\/h3><p>que auxiliam na tomada de decis\u00f5es e nas habilidades de regula\u00e7\u00e3o emocional. <\/p>\n\t\t<h3>Riscos \u00e0 sa\u00fade<\/h3><p>para testar novas ideias. Voc\u00ea pode incentiv\u00e1-los explorando aulas desafiadoras, atividades extracurriculares e outras experi\u00eancias.<\/p>\n\t\t<h3>Oportunidades que os ajudem a desenvolver significado e prop\u00f3sito.<\/h3><p>Esta pode ser uma oportunidade de voluntariado ou outra atividade em que eles contribuam para seus colegas, familiares e comunidades.<\/p>\n\t\t<h3>Situa\u00e7\u00f5es positivas que os ajudam a ganhar respeito e a socializar<\/h3><p>com colegas, adolescentes e adultos. Para isso, podem participar de atividades comunit\u00e1rias e escolares, al\u00e9m de esportes, para desenvolver compet\u00eancias e respeito por si mesmos e pelos outros.\u00a0<\/p>\n\t\t<h3>Situa\u00e7\u00f5es que definem valores pessoais,<\/h3><p>objetivos e um senso positivo de identidade.<\/p>\n\t\t<h3>Adultos que oferecem compaix\u00e3o<\/h3><p>e suporte.<\/p>\n\t<h3>Gerenciando o estresse e a adversidade<\/h3>\n<p>Por outro lado, diferentes tipos de estresse ou adversidade podem prejudicar a sa\u00fade mental dos adolescentes. \u00c0 medida que exploram o mundo ao seu redor, podem desenvolver medos sobre problemas sociais como viol\u00eancia armada, mudan\u00e7as clim\u00e1ticas, conflitos globais ou outras quest\u00f5es importantes.\u00a0<\/p>\n<p>Eles podem sofrer bullying ou discrimina\u00e7\u00e3o com base em ra\u00e7a, g\u00eanero, orienta\u00e7\u00e3o sexual, idioma, religi\u00e3o, defici\u00eancia, peso ou outros aspectos de sua identidade em forma\u00e7\u00e3o. Os adolescentes podem enfrentar problemas relacionados \u00e0s finan\u00e7as familiares ou \u00e0 moradia, ou sentir press\u00e3o para fazer tudo certo e definir seu futuro.\u00a0<\/p>\n<p>Continue lendo sobre algumas das press\u00f5es que os adolescentes enfrentam e as <a href=\"https:\/\/www.healthychildren.org\/English\/ages-stages\/teen\/Pages\/Mental-Health-and-Teens-Watch-for-Danger-Signs.aspx\" target=\"_blank\" rel=\"noopener\">condi\u00e7\u00f5es de sa\u00fade mental mais comuns<\/a>.<\/p>\n\t<h3><b>Apoiando seu(s) filho(s) adolescente(s)<\/b><\/h3>\n<p>Pais e cuidadores s\u00e3o fontes vitais de apoio \u00e0 sa\u00fade mental de adolescentes e pr\u00e9-adolescentes. Continue aprendendo como ajudar os jovens a lidar com o sofrimento e superar os desafios de sa\u00fade mental. Aja com essas <a href=\"https:\/\/parentandteen.com\/support-teen-mental-health-stand-by-teens\/\" target=\"_blank\" rel=\"noopener\">5 maneiras de apoiar seu filho adolescente<\/a>.<\/p>\n\t<iframe loading=\"lazy\" width=\"560\" height=\"315\" src=\"https:\/\/www.youtube.com\/embed\/yWkepfPInnk?si=CrykbTWBhfk-8tms\" title=\"Reprodutor de v\u00eddeo do YouTube\" frameborder=\"0\" allow=\"accelerometer; autoplay; clipboard-write; encrypted-media; gyroscope; picture-in-picture; web-share\" allowfullscreen><\/iframe>\n\t\t\t\t<img loading=\"lazy\" decoding=\"async\" src=\"https:\/\/marylandefc.org\/wp-content\/uploads\/2024\/03\/Black-Lives-Matter-march.jpg\" alt=\"Black Lives Matter March\" itemprop=\"image\" height=\"800\" width=\"1200\" title=\"Marcha Black Lives Matter\" onerror=\"this.style.display='none'\"  \/>\n\t<h2>O racismo afeta adolescentes<\/h2>\n<p>Como o racismo se manifesta na sociedade de muitas formas, os adolescentes o enfrentam de diferentes maneiras \u00e0 medida que exploram o mundo.<\/p>\n<p>Adolescentes e pr\u00e9-adolescentes podem testemunhar ou vivenciar pessoas falando ou agindo de forma preconceituosa e tendenciosa contra pessoas de cor, de maneiras que podem ser \u00f3bvias ou sutis. \u00c0 medida que adolescentes exploram m\u00fasicas, filmes e outros conte\u00fados de m\u00eddia, eles podem ser expostos a imagens e narrativas repletas de estere\u00f3tipos raciais, uma forma de racismo cultural.<\/p>\n<p>O racismo tamb\u00e9m se manifesta na sociedade quando sistemas como educa\u00e7\u00e3o, emprego e policiamento funcionam de maneira a beneficiar pessoas brancas, mas prejudicam, excluem ou prejudicam pessoas n\u00e3o brancas. Como os adolescentes e suas fam\u00edlias interagem com esses sistemas, o racismo estrutural molda a maneira como os jovens desenvolvem suas identidades e encontram seu lugar no mundo.<\/p>\n\t<p>Para os jovens negros, essas diferentes formas de racismo os exp\u00f5em a estressores constantes. <a href=\"https:\/\/harvardcenter.wpenginepowered.com\/wp-content\/uploads\/2020\/11\/RacismInfographic_2020.pdf\" target=\"_blank\" rel=\"noopener\">Estressores cont\u00ednuos podem prejudicar o desenvolvimento saud\u00e1vel<\/a> e criar barreiras para a concretiza\u00e7\u00e3o das oportunidades da adolesc\u00eancia. Uma sobrecarga de estresse pode causar danos reais e duradouros a crian\u00e7as, adolescentes e fam\u00edlias.<\/p>\n<ul>\n<li>\u00c9 importante que n\u00f3s, como pais e respons\u00e1veis, reconhe\u00e7amos que o racismo \u00e9 uma das influ\u00eancias negativas no ambiente de nossos filhos adolescentes.<\/li>\n<li>\u00c9 importante que os adolescentes possam recorrer a um adulto atencioso e de confian\u00e7a para discutir seus pensamentos e sentimentos sobre o racismo.<\/li>\n<li>Podemos trabalhar para contrabalan\u00e7ar as experi\u00eancias e os efeitos negativos do racismo com <a href=\"https:\/\/marylandefc.org\/pt\/grownups\/protective-factors\/#PCE\">experi\u00eancias positivas<\/a>, apoio ativo e <a href=\"http:\/\/search.marylandefc.org\" target=\"_blank\" rel=\"noopener\">acesso aos recursos vitais para a sa\u00fade e o bem-estar<\/a>.<\/li>\n<\/ul>\n<p>Assim como buscar\u00edamos maneiras de prevenir outras formas de adversidade, podemos buscar maneiras de reduzir os efeitos do racismo sist\u00eamico em crian\u00e7as, jovens e fam\u00edlias, trabalhando ativamente por condi\u00e7\u00f5es sociais e econ\u00f4micas mais equitativas.<\/p>\n\t\t\t\t<img loading=\"lazy\" decoding=\"async\" src=\"https:\/\/marylandefc.org\/wp-content\/uploads\/2024\/03\/Barber-cutting-teens-hair-courtesy-Healing-City-Baltimore-scaled.jpg\" alt=\"Barber-cutting-teens-hair-courtesy-Healing-City-Baltimore\" itemprop=\"image\" height=\"2560\" width=\"1707\" title=\"Barbeiro-corte-de-cabelo-adolescentes-cortesia-Healing-City-Baltimore\" onerror=\"this.style.display='none'\"  \/>\n<h2>\n\t\tO que os adultos podem fazer para ajudar?\n\t<\/h2>\n\t\t<h3>Procure e reduza preconceitos inconscientes em n\u00f3s mesmos.<\/h3><p>Ler <a href=\"https:\/\/www.aafp.org\/pubs\/fpm\/blogs\/inpractice\/entry\/implicit_bias.html\" target=\"_blank\" rel=\"noopener\"><em>Oito t\u00e1ticas para identificar e reduzir seus erros impl\u00edcitos<\/em><\/a><em> preconceitos <\/em>pela Academia Americana de M\u00e9dicos de Fam\u00edlia.<\/p>\n\t\t<h3>Se nossos filhos vivenciarem ou testemunharem um evento racista odioso, podemos ficar atentos<\/h3><p>para <a href=\"https:\/\/www.mhanational.org\/racial-trauma\" target=\"_blank\" rel=\"noopener\">sinais e sintomas de trauma racial<\/a> e responder com suporte oportuno.<\/p>\n\t\t<h3>Modele e incentive comportamentos de enfrentamento, como o uso de distra\u00e7\u00f5es saud\u00e1veis,<\/h3><p>expressar suas emo\u00e7\u00f5es de maneira positiva, praticar t\u00e9cnicas de autocuidado e relaxamento, como exerc\u00edcios, aten\u00e7\u00e3o plena e ioga.<\/p>\n\t\t<h3>Converse com seus adolescentes e pr\u00e9-adolescentes sobre ra\u00e7a e identidade<\/h3><p>Lendo, assistindo, ouvindo, explorando e conversando juntos sobre racismo. Experimente este v\u00eddeo do programa Above the Noise, da emissora p\u00fablica de Maryland:\u00a0 <a href=\"https:\/\/mpt.pbslearningmedia.org\/resource\/what-does-it-mean-to-be-anti-racist-video\/above-the-noise\/\" target=\"_blank\" rel=\"noopener\">O que significa ser antirracista?<\/a><\/p>\n\t\t<h3>Desenvolver um sistema de apoio comunit\u00e1rio<\/h3><p>de amigos, familiares, educadores, l\u00edderes religiosos e prestadores de servi\u00e7os.<\/p>\n\t\t<h3>Saiba mais sobre o racismo institucional em nossas pol\u00edticas sociais e econ\u00f4micas,<\/h3><p>incluindo exemplos promissores de estrat\u00e9gias eficazes em todo o pa\u00eds. Assista a esta palestra no TedTalk <a href=\"https:\/\/www.youtube.com\/watch?v=VzyjDR_AWzE\" target=\"_blank\" rel=\"noopener\">Como o racismo nos deixa doentes<\/a> pelo Dr. David R. Williams, PhD, MPH, presidente do Departamento de Ci\u00eancias Sociais e Comportamentais da Escola de Sa\u00fade P\u00fablica Harvard TH Chan<\/p>\n\t\t<h3>Leia sobre<\/h3><p><a href=\"https:\/\/developingadolescent.semel.ucla.edu\/assets\/uploads\/research\/resources\/Anti-racism_brief_Sep21.pdf\" target=\"_blank\" rel=\"noopener\"><em>Como a ci\u00eancia do desenvolvimento pode ajudar a lidar com o racismo estrutural anti-negro durante a adolesc\u00eancia<\/em><\/a> do Centro para o Desenvolvimento do Adolescente da UCLA.<\/p>\n\t\t<h3>Todos n\u00f3s desempenhamos um papel importante na promo\u00e7\u00e3o da equidade!<\/h3><p><a href=\"https:\/\/marylandefc.org\/pt\/get-involved\/\">\u00a0Junte-se \u00e0 EFC<\/a> \u00e0 medida que pressionamos os formuladores de pol\u00edticas a considerar a equidade em todas as decis\u00f5es que afetam as fam\u00edlias.<\/p>\n\t\t\t\t<img loading=\"lazy\" decoding=\"async\" src=\"https:\/\/marylandefc.org\/wp-content\/uploads\/2024\/01\/MEC-Icons_idea.svg\" alt=\"Light bulb icon for information\" itemprop=\"image\" height=\"300\" width=\"300\" title=\"MEC-\u00cdcones_ideia\" onerror=\"this.style.display='none'\"  \/>\n<h3>Obtendo suporte de sa\u00fade mental<\/h3><p>Se seu filho adolescente est\u00e1 enfrentando desafios emocionais ou comportamentais, ou apresenta sinais de ansiedade ou depress\u00e3o, existem maneiras de obter ajuda. <\/p>\n<ol>\n<li><a href=\"http:\/\/search.marylandefc.org\" target=\"_blank\" rel=\"noopener\">Pesquisar no banco de dados de recursos do EFC<\/a> para servi\u00e7os de sa\u00fade mental por idade.<\/li>\n<li>Ligue para o 988 se seu filho adolescente tiver pensamentos suicidas ou se voc\u00ea tiver preocupa\u00e7\u00f5es sobre o uso de subst\u00e2ncias.*<\/li>\n<li>Envie um SMS com a palavra HOME para 741741 para entrar em contato com a Crisis Text Line.*<\/li>\n<\/ol>\n<p><i>*Ambos os recursos s\u00e3o gratuitos e confidenciais.<\/i><\/p>\n\t\t\t\t<img loading=\"lazy\" decoding=\"async\" src=\"https:\/\/marylandefc.org\/wp-content\/uploads\/2024\/02\/kids-taking-risks-skateboarding-scaled.jpg\" alt=\"kids taking risks skateboarding\" itemprop=\"image\" height=\"1709\" width=\"2560\" title=\"crian\u00e7as correndo riscos andando de skate\" onerror=\"this.style.display='none'\"  \/>\n\t<h2>Assun\u00e7\u00e3o de Riscos<\/h2>\n<p>N\u00e3o s\u00f3 \u00e9 normal que os adolescentes corram riscos e experimentem coisas novas, como \u00e9 uma parte essencial da aprendizagem durante esses anos.\u00a0<\/p>\n<p>Assim como crian\u00e7as pequenas deixam os brinquedos ca\u00edrem repetidamente para aprender que eles sempre caem, os adolescentes correm riscos repetidamente para aprender sobre resultados incertos. Temos um impulso natural para explorar coisas novas na adolesc\u00eancia para que possamos descobrir quem somos, expandir nossas habilidades e nos preparar para nos tornarmos adultos independentes.\u00a0<\/p>\n<p>Assumir riscos pode ser tanto negativo quanto positivo. Os adolescentes podem aprender e crescer explorando situa\u00e7\u00f5es onde o resultado \u00e9 desconhecido \u2013 desde participar de uma nova atividade at\u00e9 conhecer algu\u00e9m novo.\u00a0<\/p>\n<p>A explora\u00e7\u00e3o saud\u00e1vel permite que os adolescentes tenham a oportunidade de vivenciar riscos em um ambiente positivo e de apoio.\u00a0<\/p>\n<p>\u00c0s vezes, os adolescentes podem explorar de maneiras que colocam sua sa\u00fade e bem-estar em risco. Por exemplo, a explora\u00e7\u00e3o precoce com subst\u00e2ncias nocivas como tabaco, \u00e1lcool, maconha ou outras drogas pode levar a problemas imediatos, como acidentes ou les\u00f5es, bem como a problemas de sa\u00fade e comportamentais a longo prazo.\u00a0<\/p>\n<p>N\u00e3o importa se os adolescentes est\u00e3o explorando de maneiras saud\u00e1veis ou perigosas, o apoio eficaz dos adultos parece ser bem parecido.\u00a0<\/p>\n\t\t\t\t<img loading=\"lazy\" decoding=\"async\" src=\"https:\/\/marylandefc.org\/wp-content\/uploads\/2024\/01\/MEC-Icons_idea.svg\" alt=\"Light bulb icon for information\" itemprop=\"image\" height=\"300\" width=\"300\" title=\"MEC-\u00cdcones_ideia\" onerror=\"this.style.display='none'\"  \/>\n\t\t<p>Continue aprendendo como voc\u00ea pode apoiar os adolescentes em suas explora\u00e7\u00f5es. Aprenda o que voc\u00ea pode fazer como pai ou m\u00e3e para <a href=\"https:\/\/extension.umn.edu\/teen-development\/teens-and-risk-taking\" target=\"_blank\" rel=\"noopener\">ajude seu filho a explorar novas ideias<\/a>. <\/p>\n\t<h3><b>Dicas e Ferramentas<\/b><\/h3>\n<p>Quando os adultos fornecem suporte apropriado para a idade, os jovens podem crescer e aprender com as dificuldades. Mas nenhum de n\u00f3s precisa inventar conforme avan\u00e7amos. Existem maneiras comprovadas e apoiadas pela ci\u00eancia de abordar os desafios que as crian\u00e7as enfrentam em diferentes idades e est\u00e1gios.<\/p>\n<p><b>Quer se comunicar melhor com seu filho adolescente ou pr\u00e9-adolescente?\u00a0 <a href=\"https:\/\/parentandteen.com\/\" target=\"_blank\" rel=\"noopener\">Conhe\u00e7a o Centro de Comunica\u00e7\u00e3o entre Pais e Adolescentes<\/a>.<\/b><\/p>\n<p>&nbsp;<\/p>","protected":false},"excerpt":{"rendered":"<p>DESAFIOS DO DESENVOLVIMENTO NA ADOLESC\u00caNCIA E PR\u00c9-ADOLESC\u00caNCIA: Prevenindo e Lidando com Desafios. Assim como cada fase da vida oferece oportunidades \u00fanicas, cada uma tamb\u00e9m traz seus desafios. Enquanto alguns desafios, como altera\u00e7\u00f5es de humor ou impulsividade, fazem parte do desenvolvimento saud\u00e1vel dos adolescentes, outras experi\u00eancias podem representar um obst\u00e1culo. Aprenda como prevenir e ajudar seu adolescente a construir um desenvolvimento saud\u00e1vel\u2026<\/p>","protected":false},"author":1,"featured_media":27056,"parent":26895,"menu_order":0,"comment_status":"closed","ping_status":"closed","template":"","meta":{"footnotes":""},"class_list":["post-26903","page","type-page","status-publish","has-post-thumbnail","hentry"],"_links":{"self":[{"href":"https:\/\/marylandefc.org\/pt\/wp-json\/wp\/v2\/pages\/26903","targetHints":{"allow":["GET"]}}],"collection":[{"href":"https:\/\/marylandefc.org\/pt\/wp-json\/wp\/v2\/pages"}],"about":[{"href":"https:\/\/marylandefc.org\/pt\/wp-json\/wp\/v2\/types\/page"}],"author":[{"embeddable":true,"href":"https:\/\/marylandefc.org\/pt\/wp-json\/wp\/v2\/users\/1"}],"replies":[{"embeddable":true,"href":"https:\/\/marylandefc.org\/pt\/wp-json\/wp\/v2\/comments?post=26903"}],"version-history":[{"count":0,"href":"https:\/\/marylandefc.org\/pt\/wp-json\/wp\/v2\/pages\/26903\/revisions"}],"up":[{"embeddable":true,"href":"https:\/\/marylandefc.org\/pt\/wp-json\/wp\/v2\/pages\/26895"}],"wp:featuredmedia":[{"embeddable":true,"href":"https:\/\/marylandefc.org\/pt\/wp-json\/wp\/v2\/media\/27056"}],"wp:attachment":[{"href":"https:\/\/marylandefc.org\/pt\/wp-json\/wp\/v2\/media?parent=26903"}],"curies":[{"name":"wp","href":"https:\/\/api.w.org\/{rel}","templated":true}]}}