{"id":26909,"date":"2024-02-06T16:13:35","date_gmt":"2024-02-07T00:13:35","guid":{"rendered":"https:\/\/marylandefc.org\/?page_id=26909"},"modified":"2025-06-16T11:12:49","modified_gmt":"2025-06-16T18:12:49","slug":"protective-factors","status":"publish","type":"page","link":"https:\/\/marylandefc.org\/pt\/grownups\/protective-factors\/","title":{"rendered":"Todos n\u00f3s podemos proteger as crian\u00e7as dos ACEs (com experi\u00eancias positivas na inf\u00e2ncia)"},"content":{"rendered":"<img decoding=\"async\" src=\"https:\/\/marylandefc.org\/wp-content\/uploads\/2024\/02\/Family-having-fun-on-beach-towel.jpg\" alt=\"family having fun on beach towel\" itemprop=\"image\" height=\"5464\" width=\"8192\" title=\"Vis\u00e3o,de,alto,\u00e2ngulo,de,pais,e,crian\u00e7as,afro-americanas,rindo\" onerror=\"this.style.display='none'\" loading='lazy' \/>\n\t<h1>FATORES DE PROTE\u00c7\u00c3O<\/h1>\n\t<h2>Como proteger as crian\u00e7as quando a vida acontece<\/h2>\n<p>Mesmo quando constru\u00edmos uma base s\u00f3lida para o bem-estar em nossas fam\u00edlias e comunidades, as &quot;tempestades&quot; da vida podem nos atingir com for\u00e7a. H\u00e1 maneiras de protegermos crian\u00e7as e adolescentes individualmente e, mais importante, como comunidade.\u00a0<\/p>\n<h3>O que s\u00e3o fatores de prote\u00e7\u00e3o?<\/h3>\n<p>Fatores de prote\u00e7\u00e3o s\u00e3o coisas tang\u00edveis que s\u00e3o ben\u00e9ficas para a sa\u00fade e o desenvolvimento das crian\u00e7as. Quando uma crian\u00e7a possui muitos fatores de prote\u00e7\u00e3o em sua vida, \u00e9 menos prov\u00e1vel que ela enfrente adversidades severas ou desenvolva uma resposta t\u00f3xica ao estresse. Para crian\u00e7as que vivenciam muitas ACEs nos primeiros anos, os fatores de prote\u00e7\u00e3o s\u00e3o especialmente importantes como contrapeso.\u00a0<\/p>\n<p>Fatores de prote\u00e7\u00e3o podem existir na vida das crian\u00e7as, nas fam\u00edlias e nas comunidades. Continue lendo sobre esses fatores que protegem uma crian\u00e7a dos ACEs e promovem um desenvolvimento saud\u00e1vel.<\/p>\n\t<h2>Fatores de prote\u00e7\u00e3o \u00e0 crian\u00e7a<\/h2>\n<ul>\n<li aria-level=\"1\">Amizades positivas e redes de colegas.<\/li>\n<li aria-level=\"1\">Indo bem na escola.<\/li>\n<li aria-level=\"1\">Adultos atenciosos fora da fam\u00edlia que servem como mentores\/modelos.<\/li>\n<\/ul>\n<p>Pesquisas mostram que crian\u00e7as prosperam quando t\u00eam pelo menos dois adultos em suas vidas que n\u00e3o s\u00e3o seus pais, mas que realmente se importam com elas. Esses adultos de confian\u00e7a podem ser parentes, como av\u00f3s, tios, tias, ou membros da comunidade, como treinadores, professores, l\u00edderes de grupos de jovens, vizinhos ou amigos da fam\u00edlia. <\/p>\n\t\t\t\t<img decoding=\"async\" src=\"https:\/\/marylandefc.org\/wp-content\/uploads\/2024\/02\/teacher-helping-students.jpg\" alt=\"Group o felementary students\" itemprop=\"image\" height=\"5368\" width=\"10847\" title=\"Grupo,De,Escola,Elementar,Crian\u00e7as,Fique,Em,Todo,Um,Quadro,Em\" onerror=\"this.style.display='none'\" loading='lazy' \/>\n\t\t\t\t<img decoding=\"async\" src=\"https:\/\/marylandefc.org\/wp-content\/uploads\/2024\/02\/family-swinging-on-swing-caring-for-children.jpg\" alt=\"Muslim family playing on swing in park\" itemprop=\"image\" height=\"1333\" width=\"2000\" title=\"Fam\u00edlia mu\u00e7ulmana brincando de balan\u00e7o no parque\" onerror=\"this.style.display='none'\" loading='lazy' \/>\n\t<h2>Fatores de prote\u00e7\u00e3o familiar<\/h2>\n<p>Isso inclui:<\/p>\n<ul>\n<li aria-level=\"1\">As necessidades b\u00e1sicas de alimenta\u00e7\u00e3o, abrigo e servi\u00e7os de sa\u00fade de uma crian\u00e7a s\u00e3o atendidas. Se precisar de ajuda com necessidades essenciais, ligue para 2-1-1 ou <a href=\"http:\/\/search.marylandefc.org\" target=\"_blank\" rel=\"noopener\">procurar recursos em nosso banco de dados<\/a>.<\/li>\n<li aria-level=\"1\">Os membros adultos da fam\u00edlia t\u00eam fortes redes de apoio social e relacionamentos positivos com as pessoas ao seu redor.<\/li>\n<li aria-level=\"1\">Os membros adultos da fam\u00edlia resolvem os seus conflitos pacificamente e ajudam as crian\u00e7as a superar os desafios das suas vidas, seja na <a href=\"https:\/\/marylandefc.org\/pt\/grownups\/developmental-challenges\/\">primeiros anos<\/a> ou <a href=\"https:\/\/marylandefc.org\/pt\/grownups\/teen-challenges\/\">pr\u00e9-adolescentes\/adolescentes<\/a>.\u00a0<\/li>\n<li aria-level=\"1\">As fam\u00edlias se envolvem em atividades divertidas e positivas juntas.<\/li>\n<\/ul>\n\t<h2>Fatores de prote\u00e7\u00e3o da comunidade<\/h2>\n<p>Maryland Essentials for Childhood trabalha em prol de comunidades onde todas as crian\u00e7as, jovens e suas fam\u00edlias prosperam <a href=\"https:\/\/marylandefc.org\/pt\/grownups\/protective-factors\/#stable-nurturing-relationships\">relacionamentos seguros, est\u00e1veis e nutritivos<\/a> e ambientes. Nosso trabalho, seja informando pol\u00edticas, fazendo parcerias com organiza\u00e7\u00f5es comunit\u00e1rias ou fornecendo recursos para fam\u00edlias, \u00e9 baseado nessa vis\u00e3o.\u00a0<\/p>\n<p>Todos n\u00f3s precisamos trabalhar juntos para apoiar as crian\u00e7as e criar comunidades onde todos prosperem. Fatores de prote\u00e7\u00e3o em uma comunidade incluem coisas como:<\/p>\n<ul>\n<li>Todas as fam\u00edlias tendo acesso a oportunidades de trabalho com pol\u00edticas favor\u00e1veis \u00e0 fam\u00edlia.\u00a0<\/li>\n<li>Ajuda econ\u00f4mica e financeira.<\/li>\n<li>Assist\u00eancia m\u00e9dica e servi\u00e7os de sa\u00fade mental.<\/li>\n<li>Moradia segura e est\u00e1vel.<\/li>\n<li>Creche de alta qualidade.<\/li>\n<li>Programas e atividades extracurriculares seguros e envolventes.<\/li>\n<li>Bairros sem viol\u00eancia onde os moradores se sentem conectados uns aos outros e est\u00e3o envolvidos na comunidade.<\/li>\n<\/ul>\n\t\t\t\t<img decoding=\"async\" src=\"https:\/\/marylandefc.org\/wp-content\/uploads\/2024\/02\/donating-food-to-neighbor.jpg\" alt=\"Neighbors helping each other with food donation\" itemprop=\"image\" height=\"5464\" width=\"8192\" title=\"Ajudando,Vizinhos,Jovem,Mulher,Com,Saco,De,Rede,De,Produtos,Visitando\" onerror=\"this.style.display='none'\" loading='lazy' \/>\n\t<h3>Encontre suporte da comunidade<\/h3>\n<p>O 211 pode ajudar voc\u00ea a se conectar a muitos desses fatores de prote\u00e7\u00e3o da comunidade. Ligue para 211 para se conectar com o suporte da comunidade. Voc\u00ea pode ligar 24 horas por dia, 7 dias por semana, 365 dias por ano. Ou, <a href=\"http:\/\/search.marylandefc.org\" target=\"_blank\" rel=\"noopener\">pesquise por recursos parentais e essenciais perto de voc\u00ea<\/a>.<\/p>\n\t\t\t\t<img decoding=\"async\" src=\"https:\/\/marylandefc.org\/wp-content\/uploads\/2024\/02\/doctor-listening-to-child-heart-with-stethescope.jpg\" alt=\"doctor listening to child heart with stethescope\" itemprop=\"image\" height=\"675\" width=\"1200\" title=\"m\u00e9dico-ouvindo-o-cora\u00e7\u00e3o-da-crian\u00e7a-com-estetosc\u00f3pio\" onerror=\"this.style.display='none'\" loading='lazy' \/>\n\t<h3>Como o seu pediatra pode ajudar<\/h3>\n<p>Ter acesso a cuidados m\u00e9dicos \u00e9 um fator de prote\u00e7\u00e3o essencial.\u00a0<\/p>\n<p>A Academia Americana de Pediatria (AAP) recomenda 15 consultas de bem-estar infantil durante os primeiros seis anos de vida do seu filho. As consultas de bem-estar infantil s\u00e3o uma oportunidade para voc\u00ea e seus profissionais de sa\u00fade se conectarem e celebrarem o que est\u00e1 indo bem, atenderem \u00e0s necessidades da sua fam\u00edlia e abordarem quaisquer preocupa\u00e7\u00f5es.\u00a0<\/p>\n<p>Tamb\u00e9m \u00e9 um bom momento para os profissionais de sa\u00fade aprenderem sobre quaisquer tradi\u00e7\u00f5es familiares ou normas culturais que possam afetar a sa\u00fade e o desenvolvimento do seu filho. <\/p>\n<p>O <a href=\"http:\/\/www.WellVisitPlanner.org\" target=\"_blank\" rel=\"noopener\">Ferramenta online Well Visit Planner<\/a> pode ajudar a tornar essas visitas ao consult\u00f3rio do pediatra o mais significativas poss\u00edvel.\u00a0<\/p>\n<p>Esta ferramenta gratuita em ingl\u00eas e espanhol, projetada especificamente por e para fam\u00edlias, comprovadamente:<\/p>\n<ul>\n<li aria-level=\"1\">economize seu tempo durante sua visita<\/li>\n<li aria-level=\"1\">reserve mais tempo para conversas personalizadas com o profissional de sa\u00fade do seu filho\u00a0<\/li>\n<li aria-level=\"1\">ajuda voc\u00ea e sua equipe de atendimento a se prepararem para discutir suas prioridades e objetivos<\/li>\n<\/ul>\n<p>A ferramenta foi cuidadosamente projetada e apoiada por pesquisas, para que voc\u00ea possa confiar que as informa\u00e7\u00f5es e os resultados fornecidos s\u00e3o de alta qualidade e aprovados por especialistas. <a href=\"http:\/\/www.WellVisitPlanner.org\" target=\"_blank\" rel=\"noopener\">Obtenha o Planejador de Visitas de Bem-Estar<\/a>.\u00a0<\/p>\n\t<h2>Experi\u00eancias Positivas na Inf\u00e2ncia (ECPs) estabelecem a base para um desenvolvimento saud\u00e1vel<\/h2>\n<p>Nosso conhecimento sobre os fatores que impactam o desenvolvimento saud\u00e1vel das crian\u00e7as expandiu-se drasticamente nas \u00faltimas d\u00e9cadas. Embora a ci\u00eancia oriente nossas a\u00e7\u00f5es na Maryland Essentials for Childhood, todos os adultos de confian\u00e7a t\u00eam as ferramentas para desenvolver o c\u00e9rebro de uma crian\u00e7a e promover um desenvolvimento saud\u00e1vel. Voc\u00ea \u00e9 o fator mais importante para ajudar uma crian\u00e7a a desenvolver uma base s\u00f3lida. <\/p>\n<p>A ci\u00eancia diz-nos que as experi\u00eancias positivas na inf\u00e2ncia s\u00e3o factores de protec\u00e7\u00e3o para prevenir e reduzir o impacto da <a href=\"https:\/\/marylandefc.org\/pt\/grownups\/aces\/\">experi\u00eancias adversas na inf\u00e2ncia<\/a>.\u00a0<\/p>\n<p>Experi\u00eancias Positivas na Inf\u00e2ncia (ECPs) s\u00e3o experi\u00eancias durante a inf\u00e2ncia que promovem relacionamentos e ambientes seguros, est\u00e1veis e estimulantes \u2013 em casa, na escola e na comunidade \u2013 e s\u00e3o fatores de prote\u00e7\u00e3o para ACEs.\u00a0<\/p>\n\t\t\t\t<img decoding=\"async\" src=\"https:\/\/marylandefc.org\/wp-content\/uploads\/2024\/02\/mom-and-daughter-blowing-bubbles-positive-interaction.jpg\" alt=\"Mom and daughter blowing bubbles\" itemprop=\"image\" height=\"1325\" width=\"2000\" title=\"Menina feliz e cacheada brincando com bolhas de sab\u00e3o em uma natureza de ver\u00e3o com sua m\u00e3e, em um fundo desfocado\" onerror=\"this.style.display='none'\" loading='lazy' \/>\n\t<p><strong>Os PCEs estabelecem uma base para o desenvolvimento ideal da crian\u00e7a e para a liga\u00e7\u00e3o social, apesar da adversidade<\/strong>. As PCEs tamb\u00e9m podem prevenir Experi\u00eancias Adversas na Inf\u00e2ncia (ACEs) e proteger as crian\u00e7as do impacto negativo ao longo da vida das ACEs na sa\u00fade, no comportamento e nos relacionamentos quando elas ocorrem. (CDC, 2019).<\/p>\n<h2>\n\t\t\tExperi\u00eancias positivas na inf\u00e2ncia s\u00e3o\u2026\t<\/h2>\n\t\t<h3>1. A capacidade de conversar com a fam\u00edlia sobre sentimentos.<\/h3>\t\n\t\t<h3>2. Sentir que minha fam\u00edlia me apoia em momentos dif\u00edceis.<\/h3>\t\n\t\t<h3>3. Gostar de participar das tradi\u00e7\u00f5es da comunidade.<\/h3>\t\n\t\t<h3>4. Sentimentos de pertencimento no ensino m\u00e9dio.<\/h3>\t\n\t\t<h3>5. Sentimentos de apoio dos amigos.<\/h3>\t\n\t\t<h3>6. Ter dois adultos (que n\u00e3o sejam familiares) que realmente se importam.<\/h3>\t\n\t\t<h3>7. Sentir-se seguro e protegido em casa.<\/h3>\t\n\t\t\t\t<img decoding=\"async\" src=\"https:\/\/marylandefc.org\/wp-content\/uploads\/2024\/01\/MEC-Icons_idea.svg\" alt=\"Light bulb icon for information\" itemprop=\"image\" height=\"300\" width=\"300\" title=\"MEC-\u00cdcones_ideia\" onerror=\"this.style.display='none'\" loading='lazy' \/>\n\t<h3>Continue aprendendo assistindo a este v\u00eddeo<\/h3>\n\t<p>sobre a Ci\u00eancia das Experi\u00eancias Positivas na Inf\u00e2ncia.<\/p>\n\t<iframe loading=\"lazy\" width=\"560\" height=\"315\" src=\"https:\/\/www.youtube.com\/embed\/pFh6_lvioos?si=9ZHNRXN4g0O24QCw\" title=\"Reprodutor de v\u00eddeo do YouTube\" frameborder=\"0\" allow=\"accelerometer; autoplay; clipboard-write; encrypted-media; gyroscope; picture-in-picture; web-share\" allowfullscreen><\/iframe>\n\t\t\t\t<img decoding=\"async\" src=\"https:\/\/marylandefc.org\/wp-content\/uploads\/2024\/02\/dad-and-son-being-superheros-scaled.jpg\" alt=\"Father and son dressed as superheroes\" itemprop=\"image\" height=\"1709\" width=\"2560\" title=\"Pai,e,filho,em,vermelho,super-her\u00f3i,fantasias,brincando,com,a,ma\u00e7\u00e3\" onerror=\"this.style.display='none'\" loading='lazy' \/>\n\t<h3>O superpoder dos relacionamentos seguros, est\u00e1veis e nutritivos<\/h3>\n<p>O CDC usa a frase \u201crelacionamentos e ambientes seguros, est\u00e1veis e acolhedores\u201d para descrever os tipos de conex\u00f5es pessoais e condi\u00e7\u00f5es cotidianas que previnem maus-tratos infantis, promovem o desenvolvimento saud\u00e1vel e constroem resili\u00eancia.\u00a0\u00a0<\/p>\n<p><strong>Eles definem os termos como:<\/strong><\/p>\n<p><strong>Seguro <\/strong>\u2013 Uma crian\u00e7a est\u00e1 livre de medo e segura de danos f\u00edsicos ou psicol\u00f3gicos dentro do relacionamento e do ambiente.<\/p>\n<p><strong>Est\u00e1vel<\/strong>\u00a0 \u2013 A crian\u00e7a pode contar com a presen\u00e7a do adulto. A crian\u00e7a pode depender do ambiente f\u00edsico de forma previs\u00edvel e consistente.<\/p>\n<p><strong>Nutri\u00e7\u00e3o<\/strong> \u2013 O adulto atende de forma consistente e sens\u00edvel \u00e0s necessidades f\u00edsicas, emocionais e de desenvolvimento da crian\u00e7a.<\/p>\n<p>Ser um adulto atencioso que atenda \u00e0s necessidades de uma crian\u00e7a, <strong>perfei\u00e7\u00e3o n\u00e3o \u00e9 necess\u00e1ria, mas consist\u00eancia \u00e9 importante<\/strong>. Claro, haver\u00e1 momentos em que teremos um dia ruim, nos sentiremos deprimidos ou perderemos a paci\u00eancia. Nesses momentos, podemos estar menos propensos a nos sintonizar com a crian\u00e7a ou expressar carinho e preocupa\u00e7\u00e3o. Se esses momentos forem tempor\u00e1rios e ocasionais, as crian\u00e7as ainda podem se sentir seguras e saber que podem contar conosco.\u00a0<\/p>\n\t<h3>Como criar esses relacionamentos<\/h3>\n<p>Experimente estas maneiras de incentivar o desenvolvimento saud\u00e1vel com amor, cuidado e preocupa\u00e7\u00e3o em seu relacionamento seguro, est\u00e1vel e nutritivo:<\/p>\n<ul>\n<li aria-level=\"1\">Conhe\u00e7a a crian\u00e7a, o que est\u00e1 acontecendo em sua vida e o que a interessa. Seja algu\u00e9m que se interessa por ela.<\/li>\n<li aria-level=\"1\">Esteja presente com a crian\u00e7a. H\u00e1 momentos em que \u00e9 importante simplesmente estar presente e &quot;estar com&quot; a crian\u00e7a... n\u00e3o h\u00e1 necessidade de &quot;consertar&quot; o que pode ser uma preocupa\u00e7\u00e3o... \u00e0s vezes, seu &quot;estar com&quot; e presente \u00e9 tudo o que \u00e9 necess\u00e1rio. Seja algu\u00e9m em quem ela possa se apoiar.<\/li>\n<li aria-level=\"1\">Guarde ou desligue as distra\u00e7\u00f5es\u2026 telefones, trabalho, TV, etc.<\/li>\n<li aria-level=\"1\">Seja um bom ouvinte, curioso, reflexivo e sem julgamentos.<\/li>\n<li aria-level=\"1\">N\u00e3o use vergonha e culpa para controlar o comportamento.<\/li>\n<li aria-level=\"1\">Participe de eventos importantes na vida da crian\u00e7a. Seja algu\u00e9m que acredita neles.<\/li>\n<li aria-level=\"1\">Ofere\u00e7a muitas oportunidades para rir e brincar juntos.<\/li>\n<li aria-level=\"1\">Lembre-se, nem voc\u00ea nem a crian\u00e7a precisam ser perfeitos para construir um relacionamento amoroso e de apoio.<\/li>\n<\/ul>\n\t\t\t\t<img decoding=\"async\" src=\"https:\/\/marylandefc.org\/wp-content\/uploads\/2024\/02\/Dad-helping-kid-learn-how-to-bike.jpg\" alt=\"Dad helping kid learn how to bike\" itemprop=\"image\" height=\"800\" width=\"1200\" title=\"Pai ajudando crian\u00e7a a aprender a andar de bicicleta\" onerror=\"this.style.display='none'\" loading='lazy' \/>\n\t\t\t\t<img decoding=\"async\" src=\"https:\/\/marylandefc.org\/wp-content\/uploads\/2024\/01\/MEC-Icons_idea.svg\" alt=\"Light bulb icon for information\" itemprop=\"image\" height=\"300\" width=\"300\" title=\"MEC-\u00cdcones_ideia\" onerror=\"this.style.display='none'\" loading='lazy' \/>\n<h3>211 e a \u00c1rvore Geneal\u00f3gica podem oferecer suporte<\/h3><p>Saiba que a comunidade est\u00e1 dispon\u00edvel para ajudar voc\u00ea! Se voc\u00ea tem alguma d\u00favida sobre parentalidade, obtenha respostas ligando para <a href=\"https:\/\/www.familytreemd.org\/programs\/helpline\/\" target=\"_blank\" rel=\"noopener\">Linha de Ajuda Parental 24\/7 da \u00c1rvore Familiar<\/a> em 1-800-243-7337.\u00a0<\/p>\n<p>Se voc\u00ea estiver se sentindo estressado ou tiver outros problemas de sa\u00fade mental, ligue para 211.\u00a0<\/p>","protected":false},"excerpt":{"rendered":"<p>FATORES DE PROTE\u00c7\u00c3O: Como proteger as crian\u00e7as quando a vida acontece. Mesmo quando constru\u00edmos uma base s\u00f3lida para o bem-estar em nossas fam\u00edlias e comunidades, as &quot;tempestades&quot; da vida podem nos atingir com for\u00e7a. Existem maneiras de protegermos crian\u00e7as e adolescentes individualmente e, mais importante, como comunidade. O que s\u00e3o fatores de prote\u00e7\u00e3o? Fatores de prote\u00e7\u00e3o s\u00e3o coisas tang\u00edveis que...<\/p>","protected":false},"author":1,"featured_media":27130,"parent":26895,"menu_order":0,"comment_status":"closed","ping_status":"closed","template":"","meta":{"footnotes":""},"class_list":["post-26909","page","type-page","status-publish","has-post-thumbnail","hentry"],"_links":{"self":[{"href":"https:\/\/marylandefc.org\/pt\/wp-json\/wp\/v2\/pages\/26909","targetHints":{"allow":["GET"]}}],"collection":[{"href":"https:\/\/marylandefc.org\/pt\/wp-json\/wp\/v2\/pages"}],"about":[{"href":"https:\/\/marylandefc.org\/pt\/wp-json\/wp\/v2\/types\/page"}],"author":[{"embeddable":true,"href":"https:\/\/marylandefc.org\/pt\/wp-json\/wp\/v2\/users\/1"}],"replies":[{"embeddable":true,"href":"https:\/\/marylandefc.org\/pt\/wp-json\/wp\/v2\/comments?post=26909"}],"version-history":[{"count":0,"href":"https:\/\/marylandefc.org\/pt\/wp-json\/wp\/v2\/pages\/26909\/revisions"}],"up":[{"embeddable":true,"href":"https:\/\/marylandefc.org\/pt\/wp-json\/wp\/v2\/pages\/26895"}],"wp:featuredmedia":[{"embeddable":true,"href":"https:\/\/marylandefc.org\/pt\/wp-json\/wp\/v2\/media\/27130"}],"wp:attachment":[{"href":"https:\/\/marylandefc.org\/pt\/wp-json\/wp\/v2\/media?parent=26909"}],"curies":[{"name":"wp","href":"https:\/\/api.w.org\/{rel}","templated":true}]}}