{"id":27731,"date":"2024-02-22T15:32:18","date_gmt":"2024-02-22T23:32:18","guid":{"rendered":"https:\/\/marylandefc.org\/?page_id=27731"},"modified":"2026-03-03T06:14:52","modified_gmt":"2026-03-03T14:14:52","slug":"ace-science","status":"publish","type":"page","link":"https:\/\/marylandefc.org\/pt\/about\/ace-science\/","title":{"rendered":"Ci\u00eancia ACE"},"content":{"rendered":"<figure itemscope itemtype=\"https:\/\/schema.org\/ImageObject\">\n\t\t\t\t<img decoding=\"async\" src=\"https:\/\/marylandefc.org\/wp-content\/uploads\/2024\/02\/Anda-talking-to-a-community-crowd.jpg\" alt=\"Anda discussion in the community\" height=\"800\" width=\"1200\" title=\"Anda falando para uma multid\u00e3o da comunidade\" onerror=\"this.style.display='none'\" loading=\"lazy\" \/>\n\t<\/figure>\n\t<h1>ACE CI\u00caNCIA<\/h1>\n\t<h2>Entenda a ci\u00eancia por tr\u00e1s do estudo ACE<\/h2>\n<p>Learn more about this groundbreaking study and how it&#8217;s expanded our understanding of the impacts of adverse childhood experiences on brain development.\u00a0 <\/p>\n<figure data-animation-delay=\"0\" data-animation-duration=\"1\" itemscope itemtype=\"https:\/\/schema.org\/ImageObject\">\n\t\t\t\t<img decoding=\"async\" src=\"https:\/\/marylandefc.org\/wp-content\/uploads\/2024\/03\/Kids-holding-magnifying-glass.jpg\" alt=\"Kids holding magnifying glass\" height=\"800\" width=\"1200\" title=\"Crian\u00e7as segurando uma lupa em frente ao rosto.\" onerror=\"this.style.display='none'\" loading=\"lazy\" \/>\n\t<\/figure>\n\t<h2>Sobre o estudo ACE<\/h2>\n\t<p>Dr. Robert Anda and Dr. Vincent Felitti are the co-principal investigators of the groundbreaking ACE study sponsored by Kaiser Permanente and the Centers for Disease Control and Prevention (CDC) in the mid-1990&#8217;s.<\/p>\n<blockquote><p>O estudo ACE \u00e9 um dos maiores estudos sobre adversidades na inf\u00e2ncia e sua conex\u00e3o com a sa\u00fade e o bem-estar ao longo da vida, envolvendo 17.000 participantes em San Diego, Calif\u00f3rnia.\u00a0<\/p><\/blockquote>\n<p>Este estudo foi importante porque confirmou, com evid\u00eancias cient\u00edficas, que <a href=\"https:\/\/marylandefc.org\/pt\/grownups\/aces\/\">experi\u00eancias adversas na inf\u00e2ncia<\/a> no in\u00edcio da vida n\u00e3o s\u00e3o apenas comuns, mas aumentam o risco de problemas de sa\u00fade f\u00edsica, mental e comportamental ao longo da vida, incluindo 5 das 10 principais causas de morte nos EUA\u00a0<\/p>\n\t<h3>Resultados do estudo ACE<\/h3>\n\t<p>Ao aprender sobre o Estudo ACE, \u00e9 importante lembrar que \u00e9 um estudo epidemiol\u00f3gico sobre riscos \u00e0 sa\u00fade em n\u00edvel populacional, n\u00e3o em n\u00edvel individual. <\/p>\n<p>Everyone&#8217;s ACE story is unique &#8211; our personal story and not our destiny.\u00a0\u00a0<\/p>\n<p>The ACE Study&#8217;s findings are also consistent with converging discoveries in neurobiology (<a href=\"\/pt\/grownups\/early-years\/\">ci\u00eancia do c\u00e9rebro<\/a>) e o efeito de <a href=\"\/pt\/grownups\/aces\/\">estresse t\u00f3xico<\/a> no desenvolvimento do c\u00e9rebro e do corpo. <\/p>\n<p>Other scientific findings and ACE studies continue to expand our understanding of the impacts of adverse community experiences, historical trauma and generational hardship on families and healthy child development. What&#8217;s key to this ongoing research is the impact that childhood stressors have on larger public health concerns. <\/p>\n<figure data-animation-delay=\"0\" data-animation-duration=\"1\" itemscope itemtype=\"https:\/\/schema.org\/ImageObject\">\n\t\t\t\t<img decoding=\"async\" src=\"https:\/\/marylandefc.org\/wp-content\/uploads\/2024\/03\/Kids-navigating-challenges-on-obstacle-course-in-trees.jpg\" alt=\"Kids navigating challenges on obstacle course in trees\" height=\"800\" width=\"1200\" title=\"Uma crian\u00e7a percorrendo um percurso de obst\u00e1culos desafiador em meio \u00e0s \u00e1rvores.\" onerror=\"this.style.display='none'\" loading=\"lazy\" \/>\n\t<\/figure>\n<figure itemscope itemtype=\"https:\/\/schema.org\/ImageObject\">\n\t\t\t\t<img decoding=\"async\" src=\"https:\/\/marylandefc.org\/wp-content\/uploads\/2024\/01\/MEC-Icons_idea.svg\" alt=\"Light bulb icon for information\" height=\"300\" width=\"300\" title=\"MEC-\u00cdcones_ideia\" onerror=\"this.style.display='none'\" loading=\"lazy\" \/>\n\t<\/figure>\n\t\t<h3>Continue lendo<\/h3>\n\t\t<p>O CDC fornece uma vis\u00e3o geral completa dos fatos e impactos do estudo ACE.<\/p>\n\t\t\t<a href=\"https:\/\/www.cdc.gov\/aces\/about\/index.html\" target=\"_self\" rel=\"noopener\">\n\t\t\t\t\t\t\tVer Vis\u00e3o Geral do ACE\n\t\t\t\t\t<\/a>\n\t<h3>Os pontos que queremos destacar<\/h3>\n<ul>\n<li aria-level=\"1\">Os ACEs s\u00e3o comuns: cerca de 64% de adultos nos EUA relataram ter experimentado pelo menos um tipo de ACE antes dos 18 anos, e quase 1 em cada 6 (17,3%) relatou ter experimentado quatro ou mais tipos de ACEs. (CDC)<\/li>\n<li aria-level=\"1\">Os ACEs s\u00e3o evit\u00e1veis. <br \/>\n&#8220;ACEs are highly predictive of many of our Nation&#8217;s worst health and social problems. The good news, however, is that what is predictive is preventable.&#8221; Dr. Robert Anda\u00a0<\/li>\n<\/ul>\n<a href=\"\/pt\/grownups\/protective-factors\/\">Fatores de prote\u00e7\u00e3o<\/a> s\u00e3o coisas que todos podemos fazer para mitigar o impacto do estresse na vida das crian\u00e7as.\u00a0<br \/>\n\n<figure data-animation-delay=\"0\" data-animation-duration=\"1\" itemscope itemtype=\"https:\/\/schema.org\/ImageObject\">\n\t\t\t\t<img decoding=\"async\" src=\"https:\/\/marylandefc.org\/wp-content\/uploads\/2024\/02\/Community-gathering.jpg\" alt=\"Community gathering\" height=\"800\" width=\"1200\" title=\"Celebra\u00e7\u00e3o comunit\u00e1ria\" onerror=\"this.style.display='none'\" loading=\"lazy\" \/>\n\t<\/figure>\n\t<h2>Pronto para mergulhar mais fundo e agir?<\/h2>\n\t<p>A Family Tree, em parceria com a EFC, est\u00e1 liderando o esfor\u00e7o em Maryland para informar nossas comunidades sobre a ci\u00eancia e o impacto dos ACEs, por meio do renomado programa de treinamento conhecido como ACE Interface.\u00a0<\/p>\n<p>Os treinamentos da ACE Interface s\u00e3o projetados para apoiar a conscientiza\u00e7\u00e3o generalizada, promover a compreens\u00e3o e capacitar comunidades para melhorar a sa\u00fade e o bem-estar em toda a sociedade.<\/p>\n\t<iframe loading=\"lazy\" width=\"560\" height=\"315\" src=\"https:\/\/www.youtube.com\/embed\/49YZ2rn5R2M?si=Atuz1z7bg0XySREq\" title=\"Reprodutor de v\u00eddeo do YouTube\" frameborder=\"0\" allow=\"accelerometer; autoplay; clipboard-write; encrypted-media; gyroscope; picture-in-picture; web-share\" allowfullscreen><\/iframe>\n\t<h2>Organize uma exibi\u00e7\u00e3o de filme<\/h2>\n\t<p>Em 2016, James Redford dirigiu e produziu <i>Resili\u00eancia: A Biologia do Estresse e a Ci\u00eancia da Esperan\u00e7a, <\/i>um document\u00e1rio de uma hora sobre os impactos do estresse t\u00f3xico em crian\u00e7as e na sociedade. O filme nos encoraja a examinar programas que est\u00e3o funcionando em todo o pa\u00eds e a encontrar solu\u00e7\u00f5es criativas para nossas pr\u00f3prias comunidades. <\/p>","protected":false},"excerpt":{"rendered":"<p>ACE SCIENCE Understand the science behind the ACE study Learn more about this groundbreaking study and how it&#8217;s expanded our understanding of the impacts of adverse childhood experiences on brain development.\u00a0 About the ACE study Dr. Robert Anda and Dr. Vincent Felitti are the co-principal investigators of the groundbreaking ACE study sponsored by Kaiser Permanente&hellip;<\/p>","protected":false},"author":1,"featured_media":27148,"parent":25,"menu_order":0,"comment_status":"closed","ping_status":"closed","template":"","meta":{"footnotes":""},"class_list":["post-27731","page","type-page","status-publish","has-post-thumbnail","hentry"],"_links":{"self":[{"href":"https:\/\/marylandefc.org\/pt\/wp-json\/wp\/v2\/pages\/27731","targetHints":{"allow":["GET"]}}],"collection":[{"href":"https:\/\/marylandefc.org\/pt\/wp-json\/wp\/v2\/pages"}],"about":[{"href":"https:\/\/marylandefc.org\/pt\/wp-json\/wp\/v2\/types\/page"}],"author":[{"embeddable":true,"href":"https:\/\/marylandefc.org\/pt\/wp-json\/wp\/v2\/users\/1"}],"replies":[{"embeddable":true,"href":"https:\/\/marylandefc.org\/pt\/wp-json\/wp\/v2\/comments?post=27731"}],"version-history":[{"count":0,"href":"https:\/\/marylandefc.org\/pt\/wp-json\/wp\/v2\/pages\/27731\/revisions"}],"up":[{"embeddable":true,"href":"https:\/\/marylandefc.org\/pt\/wp-json\/wp\/v2\/pages\/25"}],"wp:featuredmedia":[{"embeddable":true,"href":"https:\/\/marylandefc.org\/pt\/wp-json\/wp\/v2\/media\/27148"}],"wp:attachment":[{"href":"https:\/\/marylandefc.org\/pt\/wp-json\/wp\/v2\/media?parent=27731"}],"curies":[{"name":"wp","href":"https:\/\/api.w.org\/{rel}","templated":true}]}}