{"id":28336,"date":"2025-04-28T12:10:24","date_gmt":"2025-04-28T19:10:24","guid":{"rendered":"https:\/\/marylandefc.org\/?page_id=28336"},"modified":"2026-03-31T12:39:48","modified_gmt":"2026-03-31T19:39:48","slug":"vroom","status":"publish","type":"page","link":"https:\/\/marylandefc.org\/pt\/vroom\/","title":{"rendered":"Adultos de Maryland: Recebam dicas do Vroom\u2122 e sejam um construtor cerebral"},"content":{"rendered":"<figure itemscope itemtype=\"https:\/\/schema.org\/ImageObject\">\n\t\t\t\t<img decoding=\"async\" src=\"https:\/\/marylandefc.org\/wp-content\/uploads\/2025\/04\/Grandfather-blowing-bubbles-with-grandaughter.jpg\" alt=\"Grandfather blowing bubbles with grandaughter\" height=\"800\" width=\"1200\" title=\"Av\u00f4 soprando bolhas com a neta\" onerror=\"this.style.display='none'\" loading=\"lazy\" \/>\n\t<\/figure>\n\t<h2>Seja um construtor cerebral!<\/h2>\n<p>You have what it takes to help your child thrive! Make little changes with your everyday interactions and make a big difference in a child&#8217;s life.<\/p>\n<p>Be a brain builder and add learning during mealtime, playtime, bathtime, and bedtime. Any moment can be a moment you connect with a child &#8211; even waiting in line! We&#8217;ve collaborated with Vroom to connect parents to these easy and fun tips.<\/p>\n<p>Receba dicas gratuitas do Vroom\u2122.<\/p>\n\t\t\t<a href=\"https:\/\/app.vroom.org\/?lng=en\" target=\"_blank\" rel=\"noopener\">\n\t\t\t\t\t\t\tPegue o Vroom\n\t\t\t\t\t<\/a>\n<figure itemscope itemtype=\"https:\/\/schema.org\/ImageObject\">\n\t\t\t\t<img decoding=\"async\" src=\"https:\/\/marylandefc.org\/wp-content\/uploads\/2024\/02\/BrainArchitecture_EFC_icon.svg\" alt=\"Brain Architecture icons with brain and scaffolding\" height=\"376\" width=\"376\" title=\"BrainArchitecture_EFC_icon\" onerror=\"this.style.display='none'\" loading=\"lazy\" \/>\n\t<\/figure>\n\t\t<h2>Vroom em Maryland<\/h2><p>Vroom Tips\u2122 make brain science simple. Three core principles guide the tips, and they&#8217;re the same ones that guide the science behind our <a href=\"https:\/\/marylandefc.org\/pt\/grownups\/\">Kit de ferramentas para constru\u00e7\u00e3o do c\u00e9rebro<\/a>. That&#8217;s why Maryland Essentials for Childhood collaborated with Vroom to bring these resources to Maryland.<\/p>\n<p>Os tr\u00eas princ\u00edpios fundamentais s\u00e3o:<\/p>\n<ol>\n<li>Relacionamentos positivos entre adultos e crian\u00e7as<\/li>\n<li>Back and Forth Interaction &#8211; what we like to call &#8220;serve and return&#8221;<\/li>\n<li>Habilidades de vida que promovem a fun\u00e7\u00e3o executiva<\/li>\n<\/ol>\n<p>Todos n\u00f3s podemos ajudar as crian\u00e7as a prosperar, um momento, uma conex\u00e3o de cada vez!<\/p>\n<h3>Fortalecimento cerebral para futuros pais<\/h3>\n<p>Vroom now has new tools for expecting parents. Whether it&#8217;s your first time or you have other children, boost your confidence, connection, and calm even before the baby arrives. Start building parenting skills before the baby even arrives.<\/p>\n<p>&nbsp;<\/p>\n<h2>\n\t\t\tComo usar o Vroom\t<\/h2>\n\t\t<figure itemscope itemtype=\"https:\/\/schema.org\/ImageObject\">\n\t\t\t\t<a href=\"\/pt\/get-involved\/ace-science\/\"  target=\"_self\" itemprop=\"url\">\n\t\t\t\t<img decoding=\"async\" src=\"https:\/\/marylandefc.org\/wp-content\/uploads\/2024\/02\/MEC-Icons_v2_websearch.svg\" alt=\"web search icon\" height=\"300\" width=\"300\" title=\"MEC-\u00cdcones_v2_pesquisa na web\" onerror=\"this.style.display='none'\" loading=\"lazy\" \/>\n\t\t\t\t<\/a>\n\t<\/figure>\n<h3><a href=\"\/pt\/get-involved\/ace-science\/\" target=\"_self\">On-line<\/a><\/h3><p>Se voc\u00ea cuida ou apoia uma crian\u00e7a de 0 a 5 anos, essas dicas s\u00e3o perfeitas para voc\u00ea!<\/p>\n<a href=\"https:\/\/app.vroom.org\/?lng=en\" target=\"_blank\" rel=\"noopener\">Pegue o Vroom<\/a><br \/>\n(Dispon\u00edvel em ingl\u00eas e espanhol)\n\t\t<figure itemscope itemtype=\"https:\/\/schema.org\/ImageObject\">\n\t\t\t\t<a href=\"\/pt\/get-involved\/ace-science\/\"  target=\"_self\" itemprop=\"url\">\n\t\t\t\t<img decoding=\"async\" src=\"https:\/\/marylandefc.org\/wp-content\/uploads\/2024\/01\/MEC-Icons_digital-talk.svg\" alt=\"Talking online with someone icon\" height=\"300\" width=\"300\" title=\"\u00cdcones MEC_discuss\u00e3o digital\" onerror=\"this.style.display='none'\" loading=\"lazy\" \/>\n\t\t\t\t<\/a>\n\t<\/figure>\n<h3><a href=\"\/pt\/get-involved\/ace-science\/\" target=\"_self\">No aplicativo<\/a><\/h3><p>Download the app and get 1,000+ activities to help your child&#8217;s brain grow. Available in English and Spanish.<\/p>\n<p><a href=\"https:\/\/apps.apple.com\/us\/app\/vroom-early-learning\/id885948312\" target=\"_blank\" rel=\"noopener\">Baixe na App Store (Apple)<\/a><\/p>\n<p><a href=\"https:\/\/play.google.com\/store\/apps\/details?id=org.joinvroom.dailyvroom&amp;hl=en_US&amp;pli=1\" target=\"_blank\" rel=\"noopener\">Baixar no Google Play (Android)<\/a><\/p>\n\t\t<figure itemscope itemtype=\"https:\/\/schema.org\/ImageObject\">\n\t\t\t\t<a href=\"\/pt\/get-involved\/ace-science\/\"  target=\"_self\" itemprop=\"url\">\n\t\t\t\t<img decoding=\"async\" src=\"https:\/\/marylandefc.org\/wp-content\/uploads\/2024\/01\/MEC-Icons_discussion.svg\" alt=\"text message icons\" height=\"300\" width=\"300\" title=\"MEC-\u00cdcones_discuss\u00e3o\" onerror=\"this.style.display='none'\" loading=\"lazy\" \/>\n\t\t\t\t<\/a>\n\t<\/figure>\n<h3><a href=\"\/pt\/get-involved\/ace-science\/\" target=\"_self\">Mensagens de texto<\/a><\/h3><p>Receba dicas do Vroom\u2122 por mensagem de texto.<\/p>\n<p><a href=\"https:\/\/www.vroom.org\/sms\" target=\"_blank\" rel=\"noopener\">Inscrever-se<\/a><\/p>\n<p>(Dispon\u00edvel em ingl\u00eas e espanhol)<\/p>\n\t<h2>Dicas Vroom\u2122 para crian\u00e7as de 0 a 5 anos<\/h2>\n<p>Receba mais de 1.000 ideias para construir conex\u00f5es positivas com crian\u00e7as de 0 a 5 anos todos os dias. Voc\u00ea pode personalizar suas dicas por idade. Cada dica vem com informa\u00e7\u00f5es para coloc\u00e1-la em pr\u00e1tica e informa\u00e7\u00f5es do Brainy Background\u2122 que explicam a ci\u00eancia por tr\u00e1s da dica. Leia exemplos de dicas abaixo.<\/p>\n\t\t<ul>\n\t\t\t\t<li>\n\t\t\t\t<h2>Detetive de Imagens <br \/> (idades 2-4)<\/h2><h4>Dica<\/h4>\n<p>Encourage your child to be a picture detective. Look at a picture in a book or magazine. It can even be in a newspaper or in an ad on a bus or train. Talk about the picture together. Can you find certain objects? Ask questions like, &#8220;Look at that boy&#8217;s face. How do you think he feels?&#8221;<\/p>\n<p><img loading=\"lazy\" decoding=\"async\" role=\"img\" src=\"https:\/\/marylandefc.org\/wp-content\/uploads\/2024\/03\/Kids-holding-magnifying-glass.jpg\" alt=\"Book icon\" width=\"400\" height=\"400\" \/><\/p>\n<h4>Brainy Background\u2122<\/h4>\n<p>Pictures help your child make connections and to understand that words have meaning. Having them look closely builds focus and self-control. The example here also helps them learn to recognize other people&#8217;s feelings.<\/p>\n<p><img loading=\"lazy\" decoding=\"async\" role=\"img\" src=\"https:\/\/marylandefc.org\/wp-content\/uploads\/2025\/05\/Vroom_Logo_PoweredBy_Orange_RGB_R.png\" alt=\"Book icon\" width=\"400\" height=\"400\" \/><\/p>\n\t\t<\/li>\n\t\t\t<li>\n\t\t\t\t<h2>Mais uma tentativa <br \/> (idades 2-5)<\/h2><h4>Dica<\/h4>\n<p>If your child gives up easily, show them how to try again. You can say, &#8220;I can&#8217;t find my hat.&#8221; Then add, &#8220;One More Try! I found it!&#8221; Celebrate and reflect on what happened. &#8220;I tried again, and I did it!&#8221; The next time they want to give up, try saying, &#8220;One More Try!&#8221; in a fun and positive voice.<\/p>\n<p><img loading=\"lazy\" decoding=\"async\" role=\"img\" src=\"https:\/\/marylandefc.org\/wp-content\/uploads\/2025\/04\/Mom-hugging-and-comforting-son.jpg\" alt=\"Mom comforting son\" width=\"400\" height=\"400\" \/><\/p>\n<h4>Brainy Background\u2122<\/h4>\n<p>Giving something &#8220;One More Try&#8221; is easy. It can help your child learn to tackle a job a little bit at a time. Learning not to give up can take time, so try to be patient and make it fun! Sticking with tasks will help your child when they try to learn new skills and reach goals.<\/p>\n<p><img loading=\"lazy\" decoding=\"async\" role=\"img\" src=\"https:\/\/marylandefc.org\/wp-content\/uploads\/2025\/05\/Vroom_Logo_PoweredBy_Orange_RGB_R.png\" alt=\"Book icon\" width=\"400\" height=\"400\" \/><\/p>\n\t\t<\/li>\n\t\t\t<li>\n\t\t\t\t<h2>Maravilha dentu\u00e7a <br \/> (Ages 12 mo &#8211; 2)<\/h2><p>When you&#8217;re brushing your child&#8217;s teeth, look in the mirror together. Talk about how your teeth are the same and different from theirs. For example, you have more teeth, and bigger teeth, but you both can make funny faces. Follow their lead and talk about what they notice.<\/p>\n<p><img loading=\"lazy\" decoding=\"async\" role=\"img\" src=\"https:\/\/marylandefc.org\/wp-content\/uploads\/2025\/04\/Dad-helping-child-brush-his-teeth.jpg\" alt=\"Dad helping kid brush teeth\" width=\"400\" height=\"400\" \/><\/p>\n<h4>Brainy Background\u2122<\/h4>\n<p>Comparing things that are the same and different will help your child sort their experiences into categories and make connections-skills that are important in reading, math, and science in the future. This also builds their connection with you!<\/p>\n<p><img loading=\"lazy\" decoding=\"async\" role=\"img\" src=\"https:\/\/marylandefc.org\/wp-content\/uploads\/2025\/05\/Vroom_Logo_PoweredBy_Orange_RGB_R.png\" alt=\"Book icon\" width=\"400\" height=\"400\" \/><\/p>\n\t\t<\/li>\n\t\t<\/ul>\n\t\t\t<a href=\"https:\/\/app.vroom.org\/?lng=en\" target=\"_self\" rel=\"noopener\">\n\t\t\t\t\t\t\tExperimente o Vroom\n\t\t\t\t\t<\/a>\n\t<h2>Vroom \u00e9 para todos<\/h2>\nObtenha folhas de dicas para impress\u00e3o para adultos, educadores e grupos comunit\u00e1rios.<br \/>\nPrint these out and spend a few minutes a day helping a child&#8217;s brain grow strong.\n\t\t<figure itemscope itemtype=\"https:\/\/schema.org\/ImageObject\">\n\t\t\t\t<a href=\"\/pt\/get-involved\/ace-science\/\"  target=\"_self\" itemprop=\"url\">\n\t\t\t\t<img decoding=\"async\" src=\"https:\/\/marylandefc.org\/wp-content\/uploads\/2024\/02\/MEC-Icons_v2_strong-start.svg\" alt=\"Ensure strong start icon with baby carriage and family\" height=\"300\" width=\"300\" title=\"MEC-\u00cdcones_v2_strong-start\" onerror=\"this.style.display='none'\" loading=\"lazy\" \/>\n\t\t\t\t<\/a>\n\t<\/figure>\n<h3><a href=\"\/pt\/get-involved\/ace-science\/\" target=\"_self\">Adultos<\/a><\/h3><p>Se voc\u00ea cuida ou apoia uma crian\u00e7a de 0 a 5 anos, essas dicas s\u00e3o perfeitas para voc\u00ea!<\/p>\n\t\t<figure itemscope itemtype=\"https:\/\/schema.org\/ImageObject\">\n\t\t\t\t<a href=\"\/pt\/get-involved\/ace-science\/\"  target=\"_self\" itemprop=\"url\">\n\t\t\t\t<img decoding=\"async\" src=\"https:\/\/marylandefc.org\/wp-content\/uploads\/2024\/01\/MEC-Icons_school.svg\" alt=\"School icon\" height=\"300\" width=\"300\" title=\"MEC-\u00cdcones_escola\" onerror=\"this.style.display='none'\" loading=\"lazy\" \/>\n\t\t\t\t<\/a>\n\t<\/figure>\n<h3><a href=\"\/pt\/get-involved\/ace-science\/\" target=\"_self\">Educadores<\/a><\/h3><p>Use as ferramentas para constru\u00e7\u00e3o de curr\u00edculo ou folhetos para pais e respons\u00e1veis.<\/p>\n\t\t<figure itemscope itemtype=\"https:\/\/schema.org\/ImageObject\">\n\t\t\t\t<a href=\"\/pt\/get-involved\/ace-science\/\"  target=\"_self\" itemprop=\"url\">\n\t\t\t\t<img decoding=\"async\" src=\"https:\/\/marylandefc.org\/wp-content\/uploads\/2024\/02\/CaringRespectforSelfOthers_EFC_icon.svg\" alt=\"Caring respect for others icon hands with heart\" height=\"377\" width=\"377\" title=\"CuidadoRespeitoporSi MesmoOutros_EFC_icon\" onerror=\"this.style.display='none'\" loading=\"lazy\" \/>\n\t\t\t\t<\/a>\n\t<\/figure>\n<h3><a href=\"\/pt\/get-involved\/ace-science\/\" target=\"_self\">Grupos Comunit\u00e1rios<\/a><\/h3><p>Incentive os pais a usar as ferramentas e forne\u00e7a folhetos para pais e respons\u00e1veis.<\/p>\n\t\t\t<a href=\"https:\/\/www.vroom.org\/vroom-materials\" target=\"_self\" rel=\"noopener\">\n\t\t\t\t\t\t\tDownload\n\t\t\t\t\t<\/a>","protected":false},"excerpt":{"rendered":"<p>Be A Brain Builder! You have what it takes to help your child thrive! Make little changes with your everyday interactions and make a big difference in a child&#8217;s life. Be a brain builder and add learning during mealtime, playtime, bathtime, and bedtime. Any moment can be a moment you connect with a child &#8211;&hellip;<\/p>","protected":false},"author":2,"featured_media":0,"parent":0,"menu_order":0,"comment_status":"closed","ping_status":"closed","template":"","meta":{"footnotes":""},"class_list":["post-28336","page","type-page","status-publish","hentry"],"_links":{"self":[{"href":"https:\/\/marylandefc.org\/pt\/wp-json\/wp\/v2\/pages\/28336","targetHints":{"allow":["GET"]}}],"collection":[{"href":"https:\/\/marylandefc.org\/pt\/wp-json\/wp\/v2\/pages"}],"about":[{"href":"https:\/\/marylandefc.org\/pt\/wp-json\/wp\/v2\/types\/page"}],"author":[{"embeddable":true,"href":"https:\/\/marylandefc.org\/pt\/wp-json\/wp\/v2\/users\/2"}],"replies":[{"embeddable":true,"href":"https:\/\/marylandefc.org\/pt\/wp-json\/wp\/v2\/comments?post=28336"}],"version-history":[{"count":0,"href":"https:\/\/marylandefc.org\/pt\/wp-json\/wp\/v2\/pages\/28336\/revisions"}],"wp:attachment":[{"href":"https:\/\/marylandefc.org\/pt\/wp-json\/wp\/v2\/media?parent=28336"}],"curies":[{"name":"wp","href":"https:\/\/api.w.org\/{rel}","templated":true}]}}