{"id":3255,"date":"2024-01-18T10:42:45","date_gmt":"2024-01-18T18:42:45","guid":{"rendered":"https:\/\/marylandefc.org\/?page_id=3255"},"modified":"2026-03-25T10:38:03","modified_gmt":"2026-03-25T17:38:03","slug":"policy","status":"publish","type":"page","link":"https:\/\/marylandefc.org\/pt\/policy\/","title":{"rendered":"Formuladores de pol\u00edticas e defensores"},"content":{"rendered":"<figure itemscope itemtype=\"https:\/\/schema.org\/ImageObject\">\n\t\t\t\t<img decoding=\"async\" src=\"https:\/\/marylandefc.org\/wp-content\/uploads\/2024\/01\/Maryland-statehouse-in-Annapolis-scaled.jpeg\" alt=\"Maryland state house in Annapolis\" height=\"1440\" width=\"2560\" title=\"Maryland State House em Annapolis\" onerror=\"this.style.display='none'\" loading=\"lazy\" \/>\n\t<\/figure>\n\t<h1>FORMULADORES DE POL\u00cdTICAS E DEFENSORES<\/h1>\n\t<h2>Pol\u00edticas impactam fam\u00edlias<\/h2>\n<p>Maryland Essentials for Childhood (EFC) entende que o trabalho pol\u00edtico \u00e9 importante. A a\u00e7\u00e3o legislativa e executiva pode impactar positivamente as vidas dos moradores de Maryland e ter impactos geracionais no tratamento e preven\u00e7\u00e3o de traumas. Junto com uma ampla coaliz\u00e3o de organiza\u00e7\u00f5es, defensores e membros da comunidade, a EFC fornece uma perspectiva valiosa aos membros da legislatura de Maryland e do governo estadual. <\/p>\n\t\t\t<a href=\"\/pt\/policy\/policies-matter\/\"  target=\"_self\">\n\t\t\t\t\t\t\tPor que as pol\u00edticas s\u00e3o importantes\n\t\t\t\t\t<\/a>\n\t\t<h2><a href=\"\/pt\/policy\/legislative-action\/\" target=\"_self\">Juntos, alcan\u00e7amos nossos objetivos pol\u00edticos<\/a><\/h2><p>Nosso trabalho colaborativo com parceiros, grupos comunit\u00e1rios e outras coaliz\u00f5es contribuiu para mais de uma d\u00fazia de sucessos pol\u00edticos para Maryland apenas nos \u00faltimos 7 anos. Alguns deles incluem:\u00a0<\/p>\n<ul>\n<li aria-level=\"1\">Diretor M\u00e9dico de Bem-Estar Infantil<\/li>\n<li aria-level=\"1\">SESAME (Acabe com o abuso sexual, a m\u00e1 conduta e a explora\u00e7\u00e3o de educadores)<\/li>\n<li aria-level=\"1\">Licen\u00e7a familiar remunerada<\/li>\n<\/ul>\n\t\t\t<a href=\"\/pt\/policy\/legislative-action\/\"  target=\"_self\">\n\t\t\t\t\t\t\tVeja o cronograma legislativo\n\t\t\t\t\t<\/a>\n<figure data-animation-delay=\"0\" data-animation-duration=\"1\" itemscope itemtype=\"https:\/\/schema.org\/ImageObject\">\n\t\t\t\t<img decoding=\"async\" src=\"https:\/\/marylandefc.org\/wp-content\/uploads\/2024\/01\/Together-We-reach-our-policy-goals-Essentials-for-Chilhood-maryland--scaled.jpg\" alt=\"Two people hugging\" height=\"1920\" width=\"2560\" title=\"Juntos, alcan\u00e7amos nossos objetivos pol\u00edticos - Essentials for Childhood Maryland\" onerror=\"this.style.display='none'\" loading=\"lazy\" \/>\n\t<\/figure>\n<figure data-animation-delay=\"0\" data-animation-duration=\"1\" itemscope itemtype=\"https:\/\/schema.org\/ImageObject\">\n\t\t\t\t<img decoding=\"async\" src=\"https:\/\/marylandefc.org\/wp-content\/uploads\/2024\/02\/Communitymember-at-trauma-informed-event-Courtesy-Healing-City-Baltimore.jpg\" alt=\"Community member at trauma-informed event\" height=\"800\" width=\"1200\" title=\"Membro da comunidade em evento informado sobre trauma Cortesia-Healing-City-Baltimore\" onerror=\"this.style.display='none'\" loading=\"lazy\" \/>\n\t\t<figcaption>Cortesia da Healing City Baltimore<\/figcaption>\n\t<\/figure>\n\t\t<h2><a href=\"\/pt\/policy\/informing-policy\/\" target=\"_self\">Liderando a conversa sobre cuidados informados sobre traumas<\/a><\/h2><p>Como um grupo de impacto coletivo em todo o estado, a EFC define agendas pol\u00edticas com white papers derivados de especialistas l\u00edderes em pesquisas e pol\u00edticas baseadas em traumas.<\/p>\n<p>Este trabalho ajuda a moldar pol\u00edticas em Maryland que promovem um ambiente prop\u00edcio para crian\u00e7as e fam\u00edlias prosperarem. <\/p>\n\t\t\t<a href=\"\/pt\/policy\/informing-policy\/\"  target=\"_self\">\n\t\t\t\t\t\t\tLeia os White Papers da EFC\n\t\t\t\t\t<\/a>\n\t\t<h2><a href=\"\/pt\/get-involved\/\" target=\"_self\">Tome medidas com a EFC<\/a><\/h2><p>Share your email so we can work together on trauma-informed policies. We&#8217;ll also inform you of ways to bring ACE Interface trainings to your community and EFC events that bring together stakeholders for community dialgoue that promotes a brighter future for Maryland children and families. <\/p>\n\t\t\t<a href=\"\/pt\/get-involved\/\"  target=\"_self\">\n\t\t\t\t\t\t\tJunte-se ao esfor\u00e7o\n\t\t\t\t\t<\/a>\n<figure data-animation-delay=\"0\" data-animation-duration=\"1\" itemscope itemtype=\"https:\/\/schema.org\/ImageObject\">\n\t\t\t\t<img decoding=\"async\" src=\"https:\/\/marylandefc.org\/wp-content\/uploads\/2024\/02\/Maryland-Police-Officers-at-a-resilience-workshop.jpg\" alt=\"Maryland Police Officers at a resilience workshop\" height=\"800\" width=\"1200\" title=\"Policiais de Maryland em um workshop sobre resili\u00eancia\" onerror=\"this.style.display='none'\" loading=\"lazy\" \/>\n\t<\/figure>\n<figure data-animation-delay=\"0\" data-animation-duration=\"1\" itemscope itemtype=\"https:\/\/schema.org\/ImageObject\">\n\t\t\t\t<img decoding=\"async\" src=\"https:\/\/marylandefc.org\/wp-content\/uploads\/2024\/02\/Teacher-talking-to-students-about-digging-deeper.jpg\" alt=\"Teacher talking to students about digging deeper\" height=\"800\" width=\"1200\" title=\"Professora falando com alunos sobre cavar mais fundo\" onerror=\"this.style.display='none'\" loading=\"lazy\" \/>\n\t<\/figure>\n\t\t<h2><a href=\"\/pt\/dive-deeper-policy-makers\/\" target=\"_self\">Mergulhe mais fundo<\/a><\/h2><p>Veja o <a href=\"https:\/\/marylandefc.org\/pt\/partners\/meetings-reports\/\">Relat\u00f3rios anuais do SCCAN<\/a> ou uma lista selecionada de pesquisas, pol\u00edticas, white papers e podcasts e inspire-se a agir conosco.<\/p>\n\t\t\t<a href=\"\/pt\/dive-deeper-policy-makers\/\"  target=\"_self\">\n\t\t\t\t\t\t\tFique informado\n\t\t\t\t\t<\/a>","protected":false},"excerpt":{"rendered":"<p>POLICY MAKERS &amp; ADVOCATES Policies Impact Families Maryland Essentials for Childhood (EFC) understands that policy work matters. Legislative and executive action can positively impact the lives of Marylanders and have generational impacts in addressing and preventing trauma. Together with a broad coalition of organizations, advocates and community members, EFC provides a valued perspective to members&hellip;<\/p>","protected":false},"author":1,"featured_media":26720,"parent":0,"menu_order":0,"comment_status":"closed","ping_status":"closed","template":"","meta":{"footnotes":""},"class_list":["post-3255","page","type-page","status-publish","has-post-thumbnail","hentry"],"_links":{"self":[{"href":"https:\/\/marylandefc.org\/pt\/wp-json\/wp\/v2\/pages\/3255","targetHints":{"allow":["GET"]}}],"collection":[{"href":"https:\/\/marylandefc.org\/pt\/wp-json\/wp\/v2\/pages"}],"about":[{"href":"https:\/\/marylandefc.org\/pt\/wp-json\/wp\/v2\/types\/page"}],"author":[{"embeddable":true,"href":"https:\/\/marylandefc.org\/pt\/wp-json\/wp\/v2\/users\/1"}],"replies":[{"embeddable":true,"href":"https:\/\/marylandefc.org\/pt\/wp-json\/wp\/v2\/comments?post=3255"}],"version-history":[{"count":0,"href":"https:\/\/marylandefc.org\/pt\/wp-json\/wp\/v2\/pages\/3255\/revisions"}],"wp:featuredmedia":[{"embeddable":true,"href":"https:\/\/marylandefc.org\/pt\/wp-json\/wp\/v2\/media\/26720"}],"wp:attachment":[{"href":"https:\/\/marylandefc.org\/pt\/wp-json\/wp\/v2\/media?parent=3255"}],"curies":[{"name":"wp","href":"https:\/\/api.w.org\/{rel}","templated":true}]}}